{"id":3151,"date":"2024-11-18T15:18:58","date_gmt":"2024-11-18T14:18:58","guid":{"rendered":"https:\/\/uvethc.com\/alaskahotel\/?page_id=3151"},"modified":"2025-02-27T17:13:20","modified_gmt":"2025-02-27T16:13:20","slug":"visiter-cortina-dampezzo","status":"publish","type":"page","link":"https:\/\/uvethotels.com\/alaskahotel\/fr\/visiter-cortina-dampezzo\/","title":{"rendered":"Cortina"},"content":{"rendered":"\t\t<div data-elementor-type=\"wp-page\" data-elementor-id=\"3151\" class=\"elementor elementor-3151\" data-elementor-post-type=\"page\">\n\t\t\t\t<div class=\"elementor-element elementor-element-14e42542 e-con-full e-flex e-con e-parent\" data-id=\"14e42542\" data-element_type=\"container\" data-e-type=\"container\" data-settings=\"{&quot;background_background&quot;:&quot;classic&quot;}\">\n\t\t\t\t<div class=\"elementor-element elementor-element-226f2218 elementor-widget elementor-widget-patara-banner-image\" data-id=\"226f2218\" data-element_type=\"widget\" data-e-type=\"widget\" data-widget_type=\"patara-banner-image.default\">\n\t\t\t\t<div class=\"elementor-widget-container\">\n\t\t\t\t\t\t\t\n\t<!-- Header Banner -->\n\t<header class=\"header\">\n\n\t\t\t\t<div class=\"banner-header full-height valign bg-img bg-fixed text-center\" data-overlay-dark=\"4\" data-background=\"https:\/\/uvethotels.com\/wp-content\/uploads\/sites\/8\/2024\/11\/Cortina-2.webp\">\n\t\t\t\t\t\t\t\t\t\t\t\t<div class=\"container\">\n\t\t\t\t\t<div class=\"row\">\n\t\t\t\t\t\t<div class=\"col-md-12 offset-0\">\n\t\t\t\t\t\t\t<div class=\"caption\">\n\n\t\t\t\t\t\t\t\t\t\t\t\t\t\t\t\t\n\t\t\t\t\t\t\t\t\n\t\t\t\t\t\t\t\t\t\t\t\t\t\t\t\t<h4 class=\"pt-slider-title1-class\">Cortina D&#039;Ampezzo<\/h4>\n\t\t\t\t\t\t\t\t\t\t\t\t\t\t\t\t\t\t\t\t\t\t\t\t<h1 class=\"pt-slider-title2-class\">La perle des Dolomites<\/h1>\n\t\t\t\t\t\t\t\t\t\t\t\t\t\t\t\t\t\t\t\t\t\t\t<\/div>\t\t\t\t\t\t\n\t\t\t\t\t\t<\/div>\t\t\t\t\t\t\n\t\t\t\t\t<\/div>\n\t\t\t\t<\/div>\n\t\t\t\t\t\t\t\t<!-- button scroll -->\n\t\t\t\t<a href=\"#about\" data-scroll-nav=\"1\" class=\"mouse smoothscroll\">\n\t\t\t\t\t<span class=\"mouse-icon\">\n\t\t\t\t\t\t<span class=\"mouse-wheel\"><\/span>\n\t\t\t\t\t<\/span>\n\t\t\t\t<\/a>\t\n\t\t\t\t\t\t\t\t\t\n\t\t\t\t\t\t\n        <\/div>\t\t\t\n\t<\/header>\t\t\n\t\t\t\n    \t\t\t\t<\/div>\n\t\t\t\t<\/div>\n\t\t\t\t<\/div>\n\t\t<div class=\"elementor-element elementor-element-d67a3d1 e-flex e-con-boxed e-con e-parent\" data-id=\"d67a3d1\" data-element_type=\"container\" data-e-type=\"container\" id=\"about\" data-settings=\"{&quot;background_background&quot;:&quot;classic&quot;}\">\n\t\t\t\t\t<div class=\"e-con-inner\">\n\t\t<div class=\"elementor-element elementor-element-182e28ef e-flex e-con-boxed e-con e-child\" data-id=\"182e28ef\" data-element_type=\"container\" data-e-type=\"container\">\n\t\t\t\t\t<div class=\"e-con-inner\">\n\t\t<div class=\"elementor-element elementor-element-413f2e32 e-con-full e-flex e-con e-child\" data-id=\"413f2e32\" data-element_type=\"container\" data-e-type=\"container\">\n\t\t\t\t<div class=\"elementor-element elementor-element-24412d44 elementor-widget elementor-widget-patara-title\" data-id=\"24412d44\" data-element_type=\"widget\" data-e-type=\"widget\" data-widget_type=\"patara-title.default\">\n\t\t\t\t<div class=\"elementor-widget-container\">\n\t\t\t\t\t\t\t\n\t\t\n\t\t\t\t\t\t\t\n\t\t\t<div class=\"section-title black text-left\">La perle des Dolomites: Cortina D'Ampezzo<\/div>\t\t\t\t\n\t\t\t\n        \n\t\t\t\n        \t\t\t\t<\/div>\n\t\t\t\t<\/div>\n\t\t\t\t<div class=\"elementor-element elementor-element-fd9c975 elementor-widget-divider--view-line elementor-widget elementor-widget-divider\" data-id=\"fd9c975\" data-element_type=\"widget\" data-e-type=\"widget\" data-widget_type=\"divider.default\">\n\t\t\t\t<div class=\"elementor-widget-container\">\n\t\t\t\t\t\t\t<div class=\"elementor-divider\">\n\t\t\t<span class=\"elementor-divider-separator\">\n\t\t\t\t\t\t<\/span>\n\t\t<\/div>\n\t\t\t\t\t\t<\/div>\n\t\t\t\t<\/div>\n\t\t\t\t<div class=\"elementor-element elementor-element-1de12747 elementor-widget elementor-widget-patara-text\" data-id=\"1de12747\" data-element_type=\"widget\" data-e-type=\"widget\" data-widget_type=\"patara-text.default\">\n\t\t\t\t<div class=\"elementor-widget-container\">\n\t\t\t\t\t\t\t\n\t\t<div class=\"section-text text-left black\">Cortina, d\u00e9finie, pas par hasard, comme la perle des Dolomites, se trouve au centre d\u2019une des zones montagneuses les plus exclusives et fascinantes d\u2019Europe.\nUn s\u00e9jour \u00e0 Cortina ne veut pas seulement dire sport et relax, mais aussi vie mondaine et divertissement. Le centre de la petite ville offre des occasions infinies de d\u00e9tente, allant du shopping aux douces pauses dans les nombreux caf\u00e9s. Tout l\u2019environnement naturel est d\u2019un int\u00e9r\u00eat particulier, d\u00fb \u00e0 sa richesse et \u00e0 sa beaut\u00e9. Les Faloria, Cristallo et Tofane sont des parcours de pistes pour skieurs de tout niveaux. En \u00e9t\u00e9 les escaladeurs peuvent se divertir parmi les centaines d\u2019itin\u00e9raires diff\u00e9rents dans un contexte environnemental unique.<\/div>\n\t\t\n\t\t\t\n        \t\t\t\t<\/div>\n\t\t\t\t<\/div>\n\t\t\t\t<\/div>\n\t\t<div class=\"elementor-element elementor-element-3e9de937 e-con-full e-flex e-con e-child\" data-id=\"3e9de937\" data-element_type=\"container\" data-e-type=\"container\">\n\t\t\t\t<div class=\"elementor-element elementor-element-fd8d08f elementor-widget elementor-widget-patara-image\" data-id=\"fd8d08f\" data-element_type=\"widget\" data-e-type=\"widget\" data-widget_type=\"patara-image.default\">\n\t\t\t\t<div class=\"elementor-widget-container\">\n\t\t\t\t\t\t\t\n\t\t\t\t    \t\t\t<div class=\"sec-img\">\n\t\t\t\t<div class=\"row g-3\">\n\t\t\t\t\t<div class=\"col-6 text-end\"> <img decoding=\"async\" class=\"img-fluid rounded w-75 wow zoomIn\" data-wow-delay=\"0.1s\" src=\"https:\/\/uvethotels.com\/wp-content\/uploads\/sites\/8\/2024\/11\/ES-0035-1-scaled-e1730974869945.webp\" alt=\"\" style=\"margin-top: 25%;\"> <\/div>\n\t\t\t\t\t\t\t\t\t\t<div class=\"col-6 text-start\"> <img decoding=\"async\" class=\"img-fluid rounded w-100 wow zoomIn\" data-wow-delay=\"0.3s\" src=\"https:\/\/uvethotels.com\/wp-content\/uploads\/sites\/8\/2024\/11\/Loghi-Hotel-1-1-e1730975052291.webp\" alt=\"\"> <\/div>\n\t\t\t\t\t\t\n\t\t\t\t\t\t\t\t\t\t<div class=\"col-6 text-end\"> <img decoding=\"async\" class=\"img-fluid rounded w-50 wow zoomIn\" data-wow-delay=\"0.5s\" src=\"https:\/\/uvethotels.com\/wp-content\/uploads\/sites\/8\/2024\/11\/CM-0066-scaled.webp\" alt=\"\"> <\/div>\n\t\t\t\t\t\t\n\t\t\t\t\t\t\t\t\t\t<div class=\"col-6 text-start\"> <img decoding=\"async\" class=\"img-fluid rounded w-75 wow zoomIn\" data-wow-delay=\"0.7s\" src=\"https:\/\/uvethotels.com\/wp-content\/uploads\/sites\/8\/2024\/11\/Loghi-Hotel-2-e1730975198889.webp\" alt=\"\"> <\/div>\n\t\t\t\t\t\t\n\t\t\t\t<\/div>\t\t\t\n\t\t\t\t\n\t\t<\/div>\n\t\t\t\t\t\n\t\t\n\t\t\t\n        \t\t\t\t<\/div>\n\t\t\t\t<\/div>\n\t\t\t\t<\/div>\n\t\t\t\t\t<\/div>\n\t\t\t\t<\/div>\n\t\t\t\t\t<\/div>\n\t\t\t\t<\/div>\n\t\t<div class=\"elementor-element elementor-element-2d64454c e-flex e-con-boxed e-con e-parent\" data-id=\"2d64454c\" data-element_type=\"container\" data-e-type=\"container\" data-settings=\"{&quot;background_background&quot;:&quot;classic&quot;}\">\n\t\t\t\t\t<div class=\"e-con-inner\">\n\t\t\t\t<div class=\"elementor-element elementor-element-23732666 elementor-widget elementor-widget-patara-title\" data-id=\"23732666\" data-element_type=\"widget\" data-e-type=\"widget\" data-widget_type=\"patara-title.default\">\n\t\t\t\t<div class=\"elementor-widget-container\">\n\t\t\t\t\t\t\t\n\t\t\n\t\t\t<div class=\"section-subtitle white text-center\">Hotel<\/div>\t\t\t\t\n\t\t\t<div class=\"section-title white text-center\">Alaska<\/div>\t\t\t\t\n\t\t\t\n        \n\t\t\t\n        \t\t\t\t<\/div>\n\t\t\t\t<\/div>\n\t\t\t\t\t<\/div>\n\t\t\t\t<\/div>\n\t\t<div class=\"elementor-element elementor-element-96d690a e-flex e-con-boxed e-con e-parent\" data-id=\"96d690a\" data-element_type=\"container\" data-e-type=\"container\" data-settings=\"{&quot;background_background&quot;:&quot;classic&quot;}\">\n\t\t\t\t\t<div class=\"e-con-inner\">\n\t\t<div class=\"elementor-element elementor-element-1d86d02 e-flex e-con-boxed e-con e-child\" data-id=\"1d86d02\" data-element_type=\"container\" data-e-type=\"container\">\n\t\t\t\t\t<div class=\"e-con-inner\">\n\t\t<div class=\"elementor-element elementor-element-e054c8d e-con-full e-flex e-con e-child\" data-id=\"e054c8d\" data-element_type=\"container\" data-e-type=\"container\">\n\t\t\t\t<div class=\"elementor-element elementor-element-b321ba9 elementor-widget elementor-widget-patara-title\" data-id=\"b321ba9\" data-element_type=\"widget\" data-e-type=\"widget\" data-widget_type=\"patara-title.default\">\n\t\t\t\t<div class=\"elementor-widget-container\">\n\t\t\t\t\t\t\t\n\t\t\n\t\t\t\t\t\t\t\n\t\t\t<div class=\"section-title black text-left\">Beaucoup d'activit\u00e9s en \u00e9t\u00e9 et en hiver<\/div>\t\t\t\t\n\t\t\t\n        \n\t\t\t\n        \t\t\t\t<\/div>\n\t\t\t\t<\/div>\n\t\t\t\t<div class=\"elementor-element elementor-element-f12e49d elementor-widget-divider--view-line elementor-widget elementor-widget-divider\" data-id=\"f12e49d\" data-element_type=\"widget\" data-e-type=\"widget\" data-widget_type=\"divider.default\">\n\t\t\t\t<div class=\"elementor-widget-container\">\n\t\t\t\t\t\t\t<div class=\"elementor-divider\">\n\t\t\t<span class=\"elementor-divider-separator\">\n\t\t\t\t\t\t<\/span>\n\t\t<\/div>\n\t\t\t\t\t\t<\/div>\n\t\t\t\t<\/div>\n\t\t\t\t<div class=\"elementor-element elementor-element-0036caa elementor-widget elementor-widget-patara-text\" data-id=\"0036caa\" data-element_type=\"widget\" data-e-type=\"widget\" data-widget_type=\"patara-text.default\">\n\t\t\t\t<div class=\"elementor-widget-container\">\n\t\t\t\t\t\t\t\n\t\t<div class=\"section-text text-left black\">Le Stade Olympique de la Glace est ouvert aussi bien en hiver qu\u2019en \u00e9t\u00e9 avec sa piste de patinage sur glace, son bar, son solarium et son terrain de jeux pour enfants. Et pour ceux qui d\u00e9sirent prendre des le\u00e7ons priv\u00e9es de patinage, il y a \u00e0 leur disposition des enseignants et des instructeurs.\n\nAlpinisme, ski alpin, ski de fond, freeride, snowboard, hockey sur glace, la seule ville italienne de 12 destinations dans le meilleur des Alpes s\u2019impose avec une gamme d\u2019activit\u00e9s \u00ab active \u00bb et  \u00bb lente \u00bb qui se caract\u00e9risent par richesse et la vari\u00e9t\u00e9, et avec un certain nombre de grands \u00e9v\u00e9nements internationaux.<\/div>\n\t\t\n\t\t\t\n        \t\t\t\t<\/div>\n\t\t\t\t<\/div>\n\t\t\t\t<\/div>\n\t\t<div class=\"elementor-element elementor-element-3ad8911 e-con-full e-flex e-con e-child\" data-id=\"3ad8911\" data-element_type=\"container\" data-e-type=\"container\">\n\t\t\t\t<div class=\"elementor-element elementor-element-30060e1 elementor-widget elementor-widget-patara-image\" data-id=\"30060e1\" data-element_type=\"widget\" data-e-type=\"widget\" data-widget_type=\"patara-image.default\">\n\t\t\t\t<div class=\"elementor-widget-container\">\n\t\t\t\t\t\t\t\n\t\t\t\t\n\n\t\t\t<div class=\"sec-img\">\n\t\t\t\t\t\t\t\t\t\n\t\t\t\t <img decoding=\"async\" src=\"https:\/\/uvethotels.com\/wp-content\/uploads\/sites\/8\/2024\/11\/Loghi-Hotel-4-e1730976215437.webp\" class=\"img-fluid\" alt=\"\"> \n\t\t\t\t\t\n\t\t\t<\/div>\t\t\t\t\t\n\n\t    \t\t\t\n\t\t\n\t\t\t\n        \t\t\t\t<\/div>\n\t\t\t\t<\/div>\n\t\t\t\t<\/div>\n\t\t\t\t\t<\/div>\n\t\t\t\t<\/div>\n\t\t\t\t\t<\/div>\n\t\t\t\t<\/div>\n\t\t<div class=\"elementor-element elementor-element-239ea5c elementor-hidden-mobile e-flex e-con-boxed e-con e-parent\" data-id=\"239ea5c\" data-element_type=\"container\" data-e-type=\"container\" data-settings=\"{&quot;background_background&quot;:&quot;classic&quot;}\">\n\t\t\t\t\t<div class=\"e-con-inner\">\n\t\t\t\t<div class=\"elementor-element elementor-element-2ee87d9 elementor-align-center prenota elementor-widget elementor-widget-button\" data-id=\"2ee87d9\" data-element_type=\"widget\" data-e-type=\"widget\" data-widget_type=\"button.default\">\n\t\t\t\t<div class=\"elementor-widget-container\">\n\t\t\t\t\t\t\t\t\t<div class=\"elementor-button-wrapper\">\n\t\t\t\t\t<a class=\"elementor-button elementor-button-link elementor-size-sm elementor-animation-sink\" href=\"https:\/\/reservations.verticalbooking.com\/premium\/index.html?id_albergo=28381&#038;dc=4822&#038;id_stile=21239&#038;lingua_int=fra\" target=\"_blank\">\n\t\t\t\t\t\t<span class=\"elementor-button-content-wrapper\">\n\t\t\t\t\t\t\t\t\t<span class=\"elementor-button-text\">v\u00e9rifier la disponibilit\u00e9<\/span>\n\t\t\t\t\t<\/span>\n\t\t\t\t\t<\/a>\n\t\t\t\t<\/div>\n\t\t\t\t\t\t\t\t<\/div>\n\t\t\t\t<\/div>\n\t\t\t\t\t<\/div>\n\t\t\t\t<\/div>\n\t\t\t\t<\/div>\n\t\t","protected":false},"excerpt":{"rendered":"<p>Cortina D&#8217;Ampezzo La perle des Dolomites La perle des Dolomites: Cortina D&#8217;Ampezzo Cortina, d\u00e9finie, pas par hasard, comme la perle des Dolomites, se trouve au centre d\u2019une des zones montagneuses les plus exclusives et fascinantes d\u2019Europe. Un s\u00e9jour \u00e0 Cortina ne veut pas seulement dire sport et relax, mais aussi vie mondaine et divertissement. Le centre de la petite ville<\/p>\n","protected":false},"author":1,"featured_media":0,"parent":0,"menu_order":0,"comment_status":"closed","ping_status":"closed","template":"","meta":{"_acf_changed":false,"footnotes":"","_links_to":"","_links_to_target":""},"class_list":["post-3151","page","type-page","status-publish","hentry"],"acf":[],"yoast_head":"<!-- This site is optimized with the Yoast SEO plugin v27.0 - https:\/\/yoast.com\/product\/yoast-seo-wordpress\/ -->\n<title>Cortina d&#039;Ampezzo - Hotel Alaska<\/title>\n<meta name=\"robots\" content=\"index, follow, max-snippet:-1, max-image-preview:large, max-video-preview:-1\" \/>\n<link rel=\"canonical\" href=\"https:\/\/uvethotels.com\/alaskahotel\/fr\/visiter-cortina-dampezzo\/\" \/>\n<meta property=\"og:locale\" content=\"it_IT\" \/>\n<meta property=\"og:type\" content=\"article\" \/>\n<meta property=\"og:title\" content=\"Cortina d&#039;Ampezzo - Hotel Alaska\" \/>\n<meta property=\"og:description\" content=\"Cortina D&#8217;Ampezzo La perle des Dolomites La perle des Dolomites: Cortina D&#8217;Ampezzo Cortina, d\u00e9finie, pas par hasard, comme la perle des Dolomites, se trouve au centre d\u2019une des zones montagneuses les plus exclusives et fascinantes d\u2019Europe. Un s\u00e9jour \u00e0 Cortina ne veut pas seulement dire sport et relax, mais aussi vie mondaine et divertissement. Le centre de la petite ville\" \/>\n<meta property=\"og:url\" content=\"https:\/\/uvethotels.com\/alaskahotel\/fr\/visiter-cortina-dampezzo\/\" \/>\n<meta property=\"og:site_name\" content=\"Alaska Hotel - Uvet Hotels\" \/>\n<meta property=\"article:publisher\" content=\"https:\/\/www.facebook.com\/profile.php?id=61568530824961\" \/>\n<meta property=\"article:modified_time\" content=\"2025-02-27T16:13:20+00:00\" \/>\n<meta property=\"og:image\" content=\"https:\/\/uvethotels.com\/wp-content\/uploads\/sites\/8\/2024\/11\/ES-0035-1-scaled-e1730974869945.webp\" \/>\n<meta name=\"twitter:card\" content=\"summary_large_image\" \/>\n<meta name=\"twitter:label1\" content=\"Tempo di lettura stimato\" \/>\n\t<meta name=\"twitter:data1\" content=\"3 minuti\" \/>\n<script type=\"application\/ld+json\" class=\"yoast-schema-graph\">{\"@context\":\"https:\/\/schema.org\",\"@graph\":[{\"@type\":\"WebPage\",\"@id\":\"https:\/\/uvethotels.com\/alaskahotel\/fr\/visiter-cortina-dampezzo\/\",\"url\":\"https:\/\/uvethotels.com\/alaskahotel\/fr\/visiter-cortina-dampezzo\/\",\"name\":\"Cortina d'Ampezzo - Hotel Alaska\",\"isPartOf\":{\"@id\":\"https:\/\/uvethotels.com\/alaskahotel\/#website\"},\"primaryImageOfPage\":{\"@id\":\"https:\/\/uvethotels.com\/alaskahotel\/fr\/visiter-cortina-dampezzo\/#primaryimage\"},\"image\":{\"@id\":\"https:\/\/uvethotels.com\/alaskahotel\/fr\/visiter-cortina-dampezzo\/#primaryimage\"},\"thumbnailUrl\":\"https:\/\/uvethotels.com\/wp-content\/uploads\/sites\/8\/2024\/11\/ES-0035-1-scaled-e1730974869945.webp\",\"datePublished\":\"2024-11-18T14:18:58+00:00\",\"dateModified\":\"2025-02-27T16:13:20+00:00\",\"breadcrumb\":{\"@id\":\"https:\/\/uvethotels.com\/alaskahotel\/fr\/visiter-cortina-dampezzo\/#breadcrumb\"},\"inLanguage\":\"it-IT\",\"potentialAction\":[{\"@type\":\"ReadAction\",\"target\":[\"https:\/\/uvethotels.com\/alaskahotel\/fr\/visiter-cortina-dampezzo\/\"]}]},{\"@type\":\"ImageObject\",\"inLanguage\":\"it-IT\",\"@id\":\"https:\/\/uvethotels.com\/alaskahotel\/fr\/visiter-cortina-dampezzo\/#primaryimage\",\"url\":\"https:\/\/uvethotels.com\/wp-content\/uploads\/sites\/8\/2024\/11\/ES-0035-1-scaled-e1730974869945.webp\",\"contentUrl\":\"https:\/\/uvethotels.com\/wp-content\/uploads\/sites\/8\/2024\/11\/ES-0035-1-scaled-e1730974869945.webp\"},{\"@type\":\"BreadcrumbList\",\"@id\":\"https:\/\/uvethotels.com\/alaskahotel\/fr\/visiter-cortina-dampezzo\/#breadcrumb\",\"itemListElement\":[{\"@type\":\"ListItem\",\"position\":1,\"name\":\"Home\",\"item\":\"https:\/\/uvethotels.com\/alaskahotel\/\"},{\"@type\":\"ListItem\",\"position\":2,\"name\":\"Cortina\"}]},{\"@type\":\"WebSite\",\"@id\":\"https:\/\/uvethotels.com\/alaskahotel\/#website\",\"url\":\"https:\/\/uvethotels.com\/alaskahotel\/\",\"name\":\"Alaska Hotel - Uvet Hotels\",\"description\":\"\",\"publisher\":{\"@id\":\"https:\/\/uvethotels.com\/alaskahotel\/#organization\"},\"potentialAction\":[{\"@type\":\"SearchAction\",\"target\":{\"@type\":\"EntryPoint\",\"urlTemplate\":\"https:\/\/uvethotels.com\/alaskahotel\/?s={search_term_string}\"},\"query-input\":{\"@type\":\"PropertyValueSpecification\",\"valueRequired\":true,\"valueName\":\"search_term_string\"}}],\"inLanguage\":\"it-IT\"},{\"@type\":\"Organization\",\"@id\":\"https:\/\/uvethotels.com\/alaskahotel\/#organization\",\"name\":\"Alaska Hotel - Uvet Hotels\",\"url\":\"https:\/\/uvethotels.com\/alaskahotel\/\",\"logo\":{\"@type\":\"ImageObject\",\"inLanguage\":\"it-IT\",\"@id\":\"https:\/\/uvethotels.com\/alaskahotel\/#\/schema\/logo\/image\/\",\"url\":\"https:\/\/uvethotels.com\/alaskahotel\/wp-content\/uploads\/sites\/8\/2025\/02\/UHC_logo_verticale_1200x1200.jpg\",\"contentUrl\":\"https:\/\/uvethotels.com\/alaskahotel\/wp-content\/uploads\/sites\/8\/2025\/02\/UHC_logo_verticale_1200x1200.jpg\",\"width\":1200,\"height\":1200,\"caption\":\"Alaska Hotel - Uvet Hotels\"},\"image\":{\"@id\":\"https:\/\/uvethotels.com\/alaskahotel\/#\/schema\/logo\/image\/\"},\"sameAs\":[\"https:\/\/www.facebook.com\/profile.php?id=61568530824961\",\"https:\/\/www.instagram.com\/hotel__alaska\/\"]}]}<\/script>\n<!-- \/ Yoast SEO plugin. -->","yoast_head_json":{"title":"Cortina d'Ampezzo - Hotel Alaska","robots":{"index":"index","follow":"follow","max-snippet":"max-snippet:-1","max-image-preview":"max-image-preview:large","max-video-preview":"max-video-preview:-1"},"canonical":"https:\/\/uvethotels.com\/alaskahotel\/fr\/visiter-cortina-dampezzo\/","og_locale":"it_IT","og_type":"article","og_title":"Cortina d'Ampezzo - Hotel Alaska","og_description":"Cortina D&#8217;Ampezzo La perle des Dolomites La perle des Dolomites: Cortina D&#8217;Ampezzo Cortina, d\u00e9finie, pas par hasard, comme la perle des Dolomites, se trouve au centre d\u2019une des zones montagneuses les plus exclusives et fascinantes d\u2019Europe. Un s\u00e9jour \u00e0 Cortina ne veut pas seulement dire sport et relax, mais aussi vie mondaine et divertissement. Le centre de la petite ville","og_url":"https:\/\/uvethotels.com\/alaskahotel\/fr\/visiter-cortina-dampezzo\/","og_site_name":"Alaska Hotel - Uvet Hotels","article_publisher":"https:\/\/www.facebook.com\/profile.php?id=61568530824961","article_modified_time":"2025-02-27T16:13:20+00:00","og_image":[{"url":"https:\/\/uvethotels.com\/wp-content\/uploads\/sites\/8\/2024\/11\/ES-0035-1-scaled-e1730974869945.webp","type":"","width":"","height":""}],"twitter_card":"summary_large_image","twitter_misc":{"Tempo di lettura stimato":"3 minuti"},"schema":{"@context":"https:\/\/schema.org","@graph":[{"@type":"WebPage","@id":"https:\/\/uvethotels.com\/alaskahotel\/fr\/visiter-cortina-dampezzo\/","url":"https:\/\/uvethotels.com\/alaskahotel\/fr\/visiter-cortina-dampezzo\/","name":"Cortina d'Ampezzo - Hotel Alaska","isPartOf":{"@id":"https:\/\/uvethotels.com\/alaskahotel\/#website"},"primaryImageOfPage":{"@id":"https:\/\/uvethotels.com\/alaskahotel\/fr\/visiter-cortina-dampezzo\/#primaryimage"},"image":{"@id":"https:\/\/uvethotels.com\/alaskahotel\/fr\/visiter-cortina-dampezzo\/#primaryimage"},"thumbnailUrl":"https:\/\/uvethotels.com\/wp-content\/uploads\/sites\/8\/2024\/11\/ES-0035-1-scaled-e1730974869945.webp","datePublished":"2024-11-18T14:18:58+00:00","dateModified":"2025-02-27T16:13:20+00:00","breadcrumb":{"@id":"https:\/\/uvethotels.com\/alaskahotel\/fr\/visiter-cortina-dampezzo\/#breadcrumb"},"inLanguage":"it-IT","potentialAction":[{"@type":"ReadAction","target":["https:\/\/uvethotels.com\/alaskahotel\/fr\/visiter-cortina-dampezzo\/"]}]},{"@type":"ImageObject","inLanguage":"it-IT","@id":"https:\/\/uvethotels.com\/alaskahotel\/fr\/visiter-cortina-dampezzo\/#primaryimage","url":"https:\/\/uvethotels.com\/wp-content\/uploads\/sites\/8\/2024\/11\/ES-0035-1-scaled-e1730974869945.webp","contentUrl":"https:\/\/uvethotels.com\/wp-content\/uploads\/sites\/8\/2024\/11\/ES-0035-1-scaled-e1730974869945.webp"},{"@type":"BreadcrumbList","@id":"https:\/\/uvethotels.com\/alaskahotel\/fr\/visiter-cortina-dampezzo\/#breadcrumb","itemListElement":[{"@type":"ListItem","position":1,"name":"Home","item":"https:\/\/uvethotels.com\/alaskahotel\/"},{"@type":"ListItem","position":2,"name":"Cortina"}]},{"@type":"WebSite","@id":"https:\/\/uvethotels.com\/alaskahotel\/#website","url":"https:\/\/uvethotels.com\/alaskahotel\/","name":"Alaska Hotel - Uvet Hotels","description":"","publisher":{"@id":"https:\/\/uvethotels.com\/alaskahotel\/#organization"},"potentialAction":[{"@type":"SearchAction","target":{"@type":"EntryPoint","urlTemplate":"https:\/\/uvethotels.com\/alaskahotel\/?s={search_term_string}"},"query-input":{"@type":"PropertyValueSpecification","valueRequired":true,"valueName":"search_term_string"}}],"inLanguage":"it-IT"},{"@type":"Organization","@id":"https:\/\/uvethotels.com\/alaskahotel\/#organization","name":"Alaska Hotel - Uvet Hotels","url":"https:\/\/uvethotels.com\/alaskahotel\/","logo":{"@type":"ImageObject","inLanguage":"it-IT","@id":"https:\/\/uvethotels.com\/alaskahotel\/#\/schema\/logo\/image\/","url":"https:\/\/uvethotels.com\/alaskahotel\/wp-content\/uploads\/sites\/8\/2025\/02\/UHC_logo_verticale_1200x1200.jpg","contentUrl":"https:\/\/uvethotels.com\/alaskahotel\/wp-content\/uploads\/sites\/8\/2025\/02\/UHC_logo_verticale_1200x1200.jpg","width":1200,"height":1200,"caption":"Alaska Hotel - Uvet Hotels"},"image":{"@id":"https:\/\/uvethotels.com\/alaskahotel\/#\/schema\/logo\/image\/"},"sameAs":["https:\/\/www.facebook.com\/profile.php?id=61568530824961","https:\/\/www.instagram.com\/hotel__alaska\/"]}]}},"_links":{"self":[{"href":"https:\/\/uvethotels.com\/alaskahotel\/wp-json\/wp\/v2\/pages\/3151","targetHints":{"allow":["GET"]}}],"collection":[{"href":"https:\/\/uvethotels.com\/alaskahotel\/wp-json\/wp\/v2\/pages"}],"about":[{"href":"https:\/\/uvethotels.com\/alaskahotel\/wp-json\/wp\/v2\/types\/page"}],"author":[{"embeddable":true,"href":"https:\/\/uvethotels.com\/alaskahotel\/wp-json\/wp\/v2\/users\/1"}],"replies":[{"embeddable":true,"href":"https:\/\/uvethotels.com\/alaskahotel\/wp-json\/wp\/v2\/comments?post=3151"}],"version-history":[{"count":9,"href":"https:\/\/uvethotels.com\/alaskahotel\/wp-json\/wp\/v2\/pages\/3151\/revisions"}],"predecessor-version":[{"id":3610,"href":"https:\/\/uvethotels.com\/alaskahotel\/wp-json\/wp\/v2\/pages\/3151\/revisions\/3610"}],"wp:attachment":[{"href":"https:\/\/uvethotels.com\/alaskahotel\/wp-json\/wp\/v2\/media?parent=3151"}],"curies":[{"name":"wp","href":"https:\/\/api.w.org\/{rel}","templated":true}]}}