{"id":3156,"date":"2024-11-18T15:22:12","date_gmt":"2024-11-18T14:22:12","guid":{"rendered":"https:\/\/uvethc.com\/alaskahotel\/?page_id=3156"},"modified":"2025-06-11T17:47:28","modified_gmt":"2025-06-11T15:47:28","slug":"services-exclusifs","status":"publish","type":"page","link":"https:\/\/uvethotels.com\/alaskahotel\/fr\/services-exclusifs\/","title":{"rendered":"Servizi"},"content":{"rendered":"\t\t<div data-elementor-type=\"wp-page\" data-elementor-id=\"3156\" class=\"elementor elementor-3156\" data-elementor-post-type=\"page\">\n\t\t\t\t<div class=\"elementor-element elementor-element-61ab61ed e-con-full e-flex e-con e-parent\" data-id=\"61ab61ed\" data-element_type=\"container\" data-e-type=\"container\" data-settings=\"{&quot;background_background&quot;:&quot;classic&quot;}\">\n\t\t\t\t<div class=\"elementor-element elementor-element-51effc66 elementor-widget elementor-widget-patara-banner-image\" data-id=\"51effc66\" data-element_type=\"widget\" data-e-type=\"widget\" data-widget_type=\"patara-banner-image.default\">\n\t\t\t\t<div class=\"elementor-widget-container\">\n\t\t\t\t\t\t\t\n\t<!-- Header Banner -->\n\t<header class=\"header\">\n\n\t\t\t\t<div class=\"banner-header full-height valign bg-img bg-fixed text-center\" data-overlay-dark=\"5\" data-background=\"https:\/\/uvethotels.com\/wp-content\/uploads\/sites\/8\/2024\/11\/ES-0039-scaled.webp\">\n\t\t\t\t\t\t\t\t\t\t\t\t<div class=\"container\">\n\t\t\t\t\t<div class=\"row\">\n\t\t\t\t\t\t<div class=\"col-md-12 offset-0\">\n\t\t\t\t\t\t\t<div class=\"caption\">\n\n\t\t\t\t\t\t\t\t\t\t\t\t\t\t\t\t\n\t\t\t\t\t\t\t\t\n\t\t\t\t\t\t\t\t\t\t\t\t\t\t\t\t\t\t\t\t\t\t\t\t<h1 class=\"pt-slider-title2-class\">Services<\/h1>\n\t\t\t\t\t\t\t\t\t\t\t\t\t\t\t\t\t\t\t\t\t\t\t<\/div>\t\t\t\t\t\t\n\t\t\t\t\t\t<\/div>\t\t\t\t\t\t\n\t\t\t\t\t<\/div>\n\t\t\t\t<\/div>\n\t\t\t\t\t\t\t\t<!-- button scroll -->\n\t\t\t\t<a href=\"#services\" data-scroll-nav=\"1\" class=\"mouse smoothscroll\">\n\t\t\t\t\t<span class=\"mouse-icon\">\n\t\t\t\t\t\t<span class=\"mouse-wheel\"><\/span>\n\t\t\t\t\t<\/span>\n\t\t\t\t<\/a>\t\n\t\t\t\t\t\t\t\t\t\n\t\t\t\t\t\t\n        <\/div>\t\t\t\n\t<\/header>\t\t\n\t\t\t\n    \t\t\t\t<\/div>\n\t\t\t\t<\/div>\n\t\t\t\t<\/div>\n\t\t<div class=\"elementor-element elementor-element-4db6243c e-flex e-con-boxed e-con e-parent\" data-id=\"4db6243c\" data-element_type=\"container\" data-e-type=\"container\" id=\"services\" data-settings=\"{&quot;background_background&quot;:&quot;classic&quot;}\">\n\t\t\t\t\t<div class=\"e-con-inner\">\n\t\t<div class=\"elementor-element elementor-element-cf8a31d e-con-full e-flex e-con e-child\" data-id=\"cf8a31d\" data-element_type=\"container\" data-e-type=\"container\">\n\t\t\t\t<div class=\"elementor-element elementor-element-940a3c6 elementor-widget elementor-widget-patara-services-grid\" data-id=\"940a3c6\" data-element_type=\"widget\" data-e-type=\"widget\" data-widget_type=\"patara-services-grid.default\">\n\t\t\t\t<div class=\"elementor-widget-container\">\n\t\t\t\t\t\t\t\n\t\t\t\t\n        \n\t\t\t<div class=\"sec-services services2\">\t\n\t\t\t\t\t\t\t\t<div class=\"services2 left\">\t\n\t\t\t\t\t<figure> <img decoding=\"async\" src=\"https:\/\/uvethotels.com\/alaskahotel\/wp-content\/uploads\/sites\/8\/2025\/06\/meeting-room-1-scaled.webp\" alt=\"\" class=\"img-fluid\" \/> <\/figure>\t\t\t\t\t\n\t\t\t\t\t<div class=\"caption padding-left\">\n\t\t\t\t\t\t\t\t\t\t\t\t<h4>Salle de r\u00e9union et d&#039;\u00e9v\u00e9nements<\/h4>\n\t\t\t\t\t\t\t\n\t\t\t\t\t\t\t\t\t\t\t\t<div class=\"section-text\"><p style=\"color: #f18a00;\">__________________<\/p><p>L'h\u00f4tel Alaska offre un service 4 \u00e9toiles remarquable.<br \/>Outre le restaurant, l'h\u00f4tel dispose d'une salle de r\u00e9union, qui peut \u00eatre am\u00e9nag\u00e9e de diff\u00e9rentes mani\u00e8res et constitue un lieu id\u00e9al pour les \u00e9v\u00e9nements d'une <strong>capacit\u00e9 maximale de 80 personnes<\/strong>.<\/p><\/div>\n\t\t\t\t\t\t\t\n\t\t\t\t\t\t\n\t\t\t\t\t\t\t\t\t\t\t\t\t\t\t\t\t\t    \n\t\t\t\t\t<\/div>\t\t\t\t\t\n\t\t\t\t<\/div>\t\t\t\t\t\n\t\t\t\t\t\t\t<\/div>\t\n\n        \t\t\n        \t\t\t\t<\/div>\n\t\t\t\t<\/div>\n\t\t\t\t<\/div>\n\t\t<div class=\"elementor-element elementor-element-01501cd e-con-full e-flex e-con e-child\" data-id=\"01501cd\" data-element_type=\"container\" data-e-type=\"container\">\n\t\t\t\t<div class=\"elementor-element elementor-element-64003f3 elementor-widget elementor-widget-patara-services-grid\" data-id=\"64003f3\" data-element_type=\"widget\" data-e-type=\"widget\" data-widget_type=\"patara-services-grid.default\">\n\t\t\t\t<div class=\"elementor-widget-container\">\n\t\t\t\t\t\t\t\n\t\t\t\t\n        \n\t\t\t<div class=\"sec-services services2\">\t\n\t\t\t\t\t\t\t\t<div class=\"services2 no-left\">\t\n\t\t\t\t\t<figure> <img decoding=\"async\" src=\"https:\/\/uvethotels.com\/wp-content\/uploads\/sites\/8\/2024\/11\/fitness-1-scaled.webp\" alt=\"\" class=\"img-fluid\" \/> <\/figure>\t\t\t\t\t\n\t\t\t\t\t<div class=\"caption padding-left\">\n\t\t\t\t\t\t\t\t\t\t\t\t<h4>Fitness et relaxation<\/h4>\n\t\t\t\t\t\t\t\n\t\t\t\t\t\t\t\t\t\t\t\t<div class=\"section-text\"><p style=\"color: #f18a00;\">__________________<\/p><p>Pour se pr\u00e9parer \u00e0 une semaine de ski ou de randonn\u00e9e, une <strong>salle de gym<\/strong> enti\u00e8rement \u00e9quip\u00e9e est \u00e0 la disposition des clients.<br \/>Si vous pr\u00e9f\u00e9rez vous d\u00e9tendre, une terrasse ensoleill\u00e9e exclusive avec <strong>vue panoramique sur les Dolomites<\/strong> est toujours \u00e0 votre disposition pour admirer le magnifique paysage de montagne.<\/p><\/div>\n\t\t\t\t\t\t\t\n\t\t\t\t\t\t\n\t\t\t\t\t\t\t\t\t\t\t\t\t\t\t\t\t\t    \n\t\t\t\t\t<\/div>\t\t\t\t\t\n\t\t\t\t<\/div>\t\t\t\t\t\n\t\t\t\t\t\t\t<\/div>\t\n\n        \t\t\n        \t\t\t\t<\/div>\n\t\t\t\t<\/div>\n\t\t\t\t<\/div>\n\t\t<div class=\"elementor-element elementor-element-0d2b3f6 e-con-full e-flex e-con e-child\" data-id=\"0d2b3f6\" data-element_type=\"container\" data-e-type=\"container\">\n\t\t\t\t<div class=\"elementor-element elementor-element-dbf7f50 elementor-widget elementor-widget-patara-services-grid\" data-id=\"dbf7f50\" data-element_type=\"widget\" data-e-type=\"widget\" data-widget_type=\"patara-services-grid.default\">\n\t\t\t\t<div class=\"elementor-widget-container\">\n\t\t\t\t\t\t\t\n\t\t\t\t\n        \n\t\t\t<div class=\"sec-services services2\">\t\n\t\t\t\t\t\t\t\t<div class=\"services2 left\">\t\n\t\t\t\t\t<figure> <img decoding=\"async\" src=\"https:\/\/uvethotels.com\/wp-content\/uploads\/sites\/8\/2024\/11\/Classic-Family-2-scaled.webp\" alt=\"\" class=\"img-fluid\" \/> <\/figure>\t\t\t\t\t\n\t\t\t\t\t<div class=\"caption padding-left\">\n\t\t\t\t\t\t\t\t\t\t\t\t<h4>Services et confort exclusifs<\/h4>\n\t\t\t\t\t\t\t\n\t\t\t\t\t\t\t\t\t\t\t\t<div class=\"section-text\"><p style=\"color: #f18a00;\">__________________<\/p><p>Parmi les principaux services que l\u2019H\u00f4tel Alaska met \u00e0 la disposition de ses clients, le local \u00e0 skis, le wifi gratuit dans toutes les zones de l\u2019h\u00f4tel (y compris les chambres), le room service et le service de blanchisserie m\u00e9ritent une mention et une valeur particuli\u00e8res.<br \/>Il y a un <strong>parking interne<\/strong> (garage) avec une hauteur maximale de 2,50 m et des places limit\u00e9es, donc sujettes \u00e0 disponibilit\u00e9 au co\u00fbt de 40 \u20ac par voiture et par jour.<\/p><\/div>\n\t\t\t\t\t\t\t\n\t\t\t\t\t\t\n\t\t\t\t\t\t\t\t\t\t\t\t\t\t\t\t\t\t    \n\t\t\t\t\t<\/div>\t\t\t\t\t\n\t\t\t\t<\/div>\t\t\t\t\t\n\t\t\t\t\t\t\t<\/div>\t\n\n        \t\t\n        \t\t\t\t<\/div>\n\t\t\t\t<\/div>\n\t\t\t\t<\/div>\n\t\t<div class=\"elementor-element elementor-element-5b48d34 e-con-full e-flex e-con e-child\" data-id=\"5b48d34\" data-element_type=\"container\" data-e-type=\"container\">\n\t\t\t\t<div class=\"elementor-element elementor-element-491e041 elementor-widget elementor-widget-patara-services-grid\" data-id=\"491e041\" data-element_type=\"widget\" data-e-type=\"widget\" data-widget_type=\"patara-services-grid.default\">\n\t\t\t\t<div class=\"elementor-widget-container\">\n\t\t\t\t\t\t\t\n\t\t\t\t\n        \n\t\t\t<div class=\"sec-services services2\">\t\n\t\t\t\t\t\t\t\t<div class=\"services2 no-left\">\t\n\t\t\t\t\t<figure> <img decoding=\"async\" src=\"https:\/\/uvethotels.com\/alaskahotel\/wp-content\/uploads\/sites\/8\/2025\/06\/Animali-Ammessi-scaled.webp\" alt=\"Hotel Alaska Cortina Small Pets Allowed\" class=\"img-fluid\" \/> <\/figure>\t\t\t\t\t\n\t\t\t\t\t<div class=\"caption padding-left\">\n\t\t\t\t\t\t\t\t\t\t\t\t<h4>Petits animaux autoris\u00e9s<\/h4>\n\t\t\t\t\t\t\t\n\t\t\t\t\t\t\t\t\t\t\t\t<div class=\"section-text\"><p style=\"color: #f18a00;\">__________________<\/p><p>Si vous voyagez avec des animaux de compagnie, veuillez noter qu\u2019il y a un suppl\u00e9ment de <strong>21 euros par animal<\/strong> et par nuit. Un maximum de 1 animal domestique est autoris\u00e9.<br \/>L\u2019h\u00f4tel ne peut admettre que les animaux domestiques d\u2019un poids maximum de 10 kilos.<\/p><\/div>\n\t\t\t\t\t\t\t\n\t\t\t\t\t\t\n\t\t\t\t\t\t\t\t\t\t\t\t\t\t\t\t\t\t    \n\t\t\t\t\t<\/div>\t\t\t\t\t\n\t\t\t\t<\/div>\t\t\t\t\t\n\t\t\t\t\t\t\t<\/div>\t\n\n        \t\t\n        \t\t\t\t<\/div>\n\t\t\t\t<\/div>\n\t\t\t\t<\/div>\n\t\t\t\t\t<\/div>\n\t\t\t\t<\/div>\n\t\t<div class=\"elementor-element elementor-element-d4a207f elementor-hidden-mobile e-flex e-con-boxed e-con e-parent\" data-id=\"d4a207f\" data-element_type=\"container\" data-e-type=\"container\" data-settings=\"{&quot;background_background&quot;:&quot;classic&quot;}\">\n\t\t\t\t\t<div class=\"e-con-inner\">\n\t\t\t\t<div class=\"elementor-element elementor-element-517eb3a elementor-align-center prenota elementor-widget elementor-widget-button\" data-id=\"517eb3a\" data-element_type=\"widget\" data-e-type=\"widget\" data-widget_type=\"button.default\">\n\t\t\t\t<div class=\"elementor-widget-container\">\n\t\t\t\t\t\t\t\t\t<div class=\"elementor-button-wrapper\">\n\t\t\t\t\t<a class=\"elementor-button elementor-button-link elementor-size-sm elementor-animation-sink\" href=\"https:\/\/reservations.verticalbooking.com\/premium\/index.html?id_albergo=28381&#038;dc=4822&#038;id_stile=21239&#038;lingua_int=fra\" target=\"_blank\">\n\t\t\t\t\t\t<span class=\"elementor-button-content-wrapper\">\n\t\t\t\t\t\t\t\t\t<span class=\"elementor-button-text\">v\u00e9rifier la disponibilit\u00e9<\/span>\n\t\t\t\t\t<\/span>\n\t\t\t\t\t<\/a>\n\t\t\t\t<\/div>\n\t\t\t\t\t\t\t\t<\/div>\n\t\t\t\t<\/div>\n\t\t\t\t\t<\/div>\n\t\t\t\t<\/div>\n\t\t\t\t<\/div>\n\t\t","protected":false},"excerpt":{"rendered":"<p>Services Salle de r\u00e9union et d&#039;\u00e9v\u00e9nements __________________ L&#8217;h\u00f4tel Alaska offre un service 4 \u00e9toiles remarquable.Outre le restaurant, l&#8217;h\u00f4tel dispose d&#8217;une salle de r\u00e9union, qui peut \u00eatre am\u00e9nag\u00e9e de diff\u00e9rentes mani\u00e8res et constitue un lieu id\u00e9al pour les \u00e9v\u00e9nements d&#8217;une capacit\u00e9 maximale de 80 personnes. Fitness et relaxation __________________ Pour se pr\u00e9parer \u00e0 une semaine de ski ou de randonn\u00e9e, une<\/p>\n","protected":false},"author":1,"featured_media":0,"parent":0,"menu_order":0,"comment_status":"closed","ping_status":"closed","template":"","meta":{"_acf_changed":false,"footnotes":"","_links_to":"","_links_to_target":""},"class_list":["post-3156","page","type-page","status-publish","hentry"],"acf":[],"yoast_head":"<!-- This site is optimized with the Yoast SEO plugin v27.4 - https:\/\/yoast.com\/product\/yoast-seo-wordpress\/ -->\n<title>Services Exclusifs - Hotel Alaska Cortina<\/title>\n<meta name=\"description\" content=\"L&#039;h\u00f4tel Alaska propose \u00e0 ses clients : un local \u00e0 skis, le wifi gratuit, un service de chambre et de blanchisserie, un parking interne.\" \/>\n<meta name=\"robots\" content=\"index, follow, max-snippet:-1, max-image-preview:large, max-video-preview:-1\" \/>\n<link rel=\"canonical\" href=\"https:\/\/uvethotels.com\/alaskahotel\/fr\/services-exclusifs\/\" \/>\n<meta property=\"og:locale\" content=\"it_IT\" \/>\n<meta property=\"og:type\" content=\"article\" \/>\n<meta property=\"og:title\" content=\"Services Exclusifs - Hotel Alaska Cortina\" \/>\n<meta property=\"og:description\" content=\"L&#039;h\u00f4tel Alaska propose \u00e0 ses clients : un local \u00e0 skis, le wifi gratuit, un service de chambre et de blanchisserie, un parking interne.\" \/>\n<meta property=\"og:url\" content=\"https:\/\/uvethotels.com\/alaskahotel\/fr\/services-exclusifs\/\" \/>\n<meta property=\"og:site_name\" content=\"Alaska Hotel - Uvet Hotels\" \/>\n<meta property=\"article:publisher\" content=\"https:\/\/www.facebook.com\/profile.php?id=61568530824961\" \/>\n<meta property=\"article:modified_time\" content=\"2025-06-11T15:47:28+00:00\" \/>\n<meta property=\"og:image\" content=\"https:\/\/uvethotels.com\/alaskahotel\/wp-content\/uploads\/sites\/8\/2025\/06\/meeting-room-1-scaled.webp\" \/>\n<meta name=\"twitter:card\" content=\"summary_large_image\" \/>\n<meta name=\"twitter:label1\" content=\"Tempo di lettura stimato\" \/>\n\t<meta name=\"twitter:data1\" content=\"3 minuti\" \/>\n<script type=\"application\/ld+json\" class=\"yoast-schema-graph\">{\"@context\":\"https:\\\/\\\/schema.org\",\"@graph\":[{\"@type\":\"WebPage\",\"@id\":\"https:\\\/\\\/uvethotels.com\\\/alaskahotel\\\/fr\\\/services-exclusifs\\\/\",\"url\":\"https:\\\/\\\/uvethotels.com\\\/alaskahotel\\\/fr\\\/services-exclusifs\\\/\",\"name\":\"Services Exclusifs - Hotel Alaska Cortina\",\"isPartOf\":{\"@id\":\"https:\\\/\\\/uvethotels.com\\\/alaskahotel\\\/#website\"},\"primaryImageOfPage\":{\"@id\":\"https:\\\/\\\/uvethotels.com\\\/alaskahotel\\\/fr\\\/services-exclusifs\\\/#primaryimage\"},\"image\":{\"@id\":\"https:\\\/\\\/uvethotels.com\\\/alaskahotel\\\/fr\\\/services-exclusifs\\\/#primaryimage\"},\"thumbnailUrl\":\"https:\\\/\\\/uvethotels.com\\\/alaskahotel\\\/wp-content\\\/uploads\\\/sites\\\/8\\\/2025\\\/06\\\/meeting-room-1-scaled.webp\",\"datePublished\":\"2024-11-18T14:22:12+00:00\",\"dateModified\":\"2025-06-11T15:47:28+00:00\",\"description\":\"L'h\u00f4tel Alaska propose \u00e0 ses clients : un local \u00e0 skis, le wifi gratuit, un service de chambre et de blanchisserie, un parking interne.\",\"breadcrumb\":{\"@id\":\"https:\\\/\\\/uvethotels.com\\\/alaskahotel\\\/fr\\\/services-exclusifs\\\/#breadcrumb\"},\"inLanguage\":\"it-IT\",\"potentialAction\":[{\"@type\":\"ReadAction\",\"target\":[\"https:\\\/\\\/uvethotels.com\\\/alaskahotel\\\/fr\\\/services-exclusifs\\\/\"]}]},{\"@type\":\"ImageObject\",\"inLanguage\":\"it-IT\",\"@id\":\"https:\\\/\\\/uvethotels.com\\\/alaskahotel\\\/fr\\\/services-exclusifs\\\/#primaryimage\",\"url\":\"https:\\\/\\\/uvethotels.com\\\/alaskahotel\\\/wp-content\\\/uploads\\\/sites\\\/8\\\/2025\\\/06\\\/meeting-room-1-scaled.webp\",\"contentUrl\":\"https:\\\/\\\/uvethotels.com\\\/alaskahotel\\\/wp-content\\\/uploads\\\/sites\\\/8\\\/2025\\\/06\\\/meeting-room-1-scaled.webp\",\"width\":2560,\"height\":1707},{\"@type\":\"BreadcrumbList\",\"@id\":\"https:\\\/\\\/uvethotels.com\\\/alaskahotel\\\/fr\\\/services-exclusifs\\\/#breadcrumb\",\"itemListElement\":[{\"@type\":\"ListItem\",\"position\":1,\"name\":\"Home\",\"item\":\"https:\\\/\\\/uvethotels.com\\\/alaskahotel\\\/\"},{\"@type\":\"ListItem\",\"position\":2,\"name\":\"Servizi\"}]},{\"@type\":\"WebSite\",\"@id\":\"https:\\\/\\\/uvethotels.com\\\/alaskahotel\\\/#website\",\"url\":\"https:\\\/\\\/uvethotels.com\\\/alaskahotel\\\/\",\"name\":\"Alaska Hotel - Uvet Hotels\",\"description\":\"\",\"publisher\":{\"@id\":\"https:\\\/\\\/uvethotels.com\\\/alaskahotel\\\/#organization\"},\"potentialAction\":[{\"@type\":\"SearchAction\",\"target\":{\"@type\":\"EntryPoint\",\"urlTemplate\":\"https:\\\/\\\/uvethotels.com\\\/alaskahotel\\\/?s={search_term_string}\"},\"query-input\":{\"@type\":\"PropertyValueSpecification\",\"valueRequired\":true,\"valueName\":\"search_term_string\"}}],\"inLanguage\":\"it-IT\"},{\"@type\":\"Organization\",\"@id\":\"https:\\\/\\\/uvethotels.com\\\/alaskahotel\\\/#organization\",\"name\":\"Alaska Hotel - Uvet Hotels\",\"url\":\"https:\\\/\\\/uvethotels.com\\\/alaskahotel\\\/\",\"logo\":{\"@type\":\"ImageObject\",\"inLanguage\":\"it-IT\",\"@id\":\"https:\\\/\\\/uvethotels.com\\\/alaskahotel\\\/#\\\/schema\\\/logo\\\/image\\\/\",\"url\":\"https:\\\/\\\/uvethotels.com\\\/alaskahotel\\\/wp-content\\\/uploads\\\/sites\\\/8\\\/2025\\\/02\\\/UHC_logo_verticale_1200x1200.jpg\",\"contentUrl\":\"https:\\\/\\\/uvethotels.com\\\/alaskahotel\\\/wp-content\\\/uploads\\\/sites\\\/8\\\/2025\\\/02\\\/UHC_logo_verticale_1200x1200.jpg\",\"width\":1200,\"height\":1200,\"caption\":\"Alaska Hotel - Uvet Hotels\"},\"image\":{\"@id\":\"https:\\\/\\\/uvethotels.com\\\/alaskahotel\\\/#\\\/schema\\\/logo\\\/image\\\/\"},\"sameAs\":[\"https:\\\/\\\/www.facebook.com\\\/profile.php?id=61568530824961\",\"https:\\\/\\\/www.instagram.com\\\/hotel__alaska\\\/\"]}]}<\/script>\n<!-- \/ Yoast SEO plugin. -->","yoast_head_json":{"title":"Services Exclusifs - Hotel Alaska Cortina","description":"L'h\u00f4tel Alaska propose \u00e0 ses clients : un local \u00e0 skis, le wifi gratuit, un service de chambre et de blanchisserie, un parking interne.","robots":{"index":"index","follow":"follow","max-snippet":"max-snippet:-1","max-image-preview":"max-image-preview:large","max-video-preview":"max-video-preview:-1"},"canonical":"https:\/\/uvethotels.com\/alaskahotel\/fr\/services-exclusifs\/","og_locale":"it_IT","og_type":"article","og_title":"Services Exclusifs - Hotel Alaska Cortina","og_description":"L'h\u00f4tel Alaska propose \u00e0 ses clients : un local \u00e0 skis, le wifi gratuit, un service de chambre et de blanchisserie, un parking interne.","og_url":"https:\/\/uvethotels.com\/alaskahotel\/fr\/services-exclusifs\/","og_site_name":"Alaska Hotel - Uvet Hotels","article_publisher":"https:\/\/www.facebook.com\/profile.php?id=61568530824961","article_modified_time":"2025-06-11T15:47:28+00:00","og_image":[{"url":"https:\/\/uvethotels.com\/alaskahotel\/wp-content\/uploads\/sites\/8\/2025\/06\/meeting-room-1-scaled.webp","type":"","width":"","height":""}],"twitter_card":"summary_large_image","twitter_misc":{"Tempo di lettura stimato":"3 minuti"},"schema":{"@context":"https:\/\/schema.org","@graph":[{"@type":"WebPage","@id":"https:\/\/uvethotels.com\/alaskahotel\/fr\/services-exclusifs\/","url":"https:\/\/uvethotels.com\/alaskahotel\/fr\/services-exclusifs\/","name":"Services Exclusifs - Hotel Alaska Cortina","isPartOf":{"@id":"https:\/\/uvethotels.com\/alaskahotel\/#website"},"primaryImageOfPage":{"@id":"https:\/\/uvethotels.com\/alaskahotel\/fr\/services-exclusifs\/#primaryimage"},"image":{"@id":"https:\/\/uvethotels.com\/alaskahotel\/fr\/services-exclusifs\/#primaryimage"},"thumbnailUrl":"https:\/\/uvethotels.com\/alaskahotel\/wp-content\/uploads\/sites\/8\/2025\/06\/meeting-room-1-scaled.webp","datePublished":"2024-11-18T14:22:12+00:00","dateModified":"2025-06-11T15:47:28+00:00","description":"L'h\u00f4tel Alaska propose \u00e0 ses clients : un local \u00e0 skis, le wifi gratuit, un service de chambre et de blanchisserie, un parking interne.","breadcrumb":{"@id":"https:\/\/uvethotels.com\/alaskahotel\/fr\/services-exclusifs\/#breadcrumb"},"inLanguage":"it-IT","potentialAction":[{"@type":"ReadAction","target":["https:\/\/uvethotels.com\/alaskahotel\/fr\/services-exclusifs\/"]}]},{"@type":"ImageObject","inLanguage":"it-IT","@id":"https:\/\/uvethotels.com\/alaskahotel\/fr\/services-exclusifs\/#primaryimage","url":"https:\/\/uvethotels.com\/alaskahotel\/wp-content\/uploads\/sites\/8\/2025\/06\/meeting-room-1-scaled.webp","contentUrl":"https:\/\/uvethotels.com\/alaskahotel\/wp-content\/uploads\/sites\/8\/2025\/06\/meeting-room-1-scaled.webp","width":2560,"height":1707},{"@type":"BreadcrumbList","@id":"https:\/\/uvethotels.com\/alaskahotel\/fr\/services-exclusifs\/#breadcrumb","itemListElement":[{"@type":"ListItem","position":1,"name":"Home","item":"https:\/\/uvethotels.com\/alaskahotel\/"},{"@type":"ListItem","position":2,"name":"Servizi"}]},{"@type":"WebSite","@id":"https:\/\/uvethotels.com\/alaskahotel\/#website","url":"https:\/\/uvethotels.com\/alaskahotel\/","name":"Alaska Hotel - Uvet Hotels","description":"","publisher":{"@id":"https:\/\/uvethotels.com\/alaskahotel\/#organization"},"potentialAction":[{"@type":"SearchAction","target":{"@type":"EntryPoint","urlTemplate":"https:\/\/uvethotels.com\/alaskahotel\/?s={search_term_string}"},"query-input":{"@type":"PropertyValueSpecification","valueRequired":true,"valueName":"search_term_string"}}],"inLanguage":"it-IT"},{"@type":"Organization","@id":"https:\/\/uvethotels.com\/alaskahotel\/#organization","name":"Alaska Hotel - Uvet Hotels","url":"https:\/\/uvethotels.com\/alaskahotel\/","logo":{"@type":"ImageObject","inLanguage":"it-IT","@id":"https:\/\/uvethotels.com\/alaskahotel\/#\/schema\/logo\/image\/","url":"https:\/\/uvethotels.com\/alaskahotel\/wp-content\/uploads\/sites\/8\/2025\/02\/UHC_logo_verticale_1200x1200.jpg","contentUrl":"https:\/\/uvethotels.com\/alaskahotel\/wp-content\/uploads\/sites\/8\/2025\/02\/UHC_logo_verticale_1200x1200.jpg","width":1200,"height":1200,"caption":"Alaska Hotel - Uvet Hotels"},"image":{"@id":"https:\/\/uvethotels.com\/alaskahotel\/#\/schema\/logo\/image\/"},"sameAs":["https:\/\/www.facebook.com\/profile.php?id=61568530824961","https:\/\/www.instagram.com\/hotel__alaska\/"]}]}},"_links":{"self":[{"href":"https:\/\/uvethotels.com\/alaskahotel\/wp-json\/wp\/v2\/pages\/3156","targetHints":{"allow":["GET"]}}],"collection":[{"href":"https:\/\/uvethotels.com\/alaskahotel\/wp-json\/wp\/v2\/pages"}],"about":[{"href":"https:\/\/uvethotels.com\/alaskahotel\/wp-json\/wp\/v2\/types\/page"}],"author":[{"embeddable":true,"href":"https:\/\/uvethotels.com\/alaskahotel\/wp-json\/wp\/v2\/users\/1"}],"replies":[{"embeddable":true,"href":"https:\/\/uvethotels.com\/alaskahotel\/wp-json\/wp\/v2\/comments?post=3156"}],"version-history":[{"count":12,"href":"https:\/\/uvethotels.com\/alaskahotel\/wp-json\/wp\/v2\/pages\/3156\/revisions"}],"predecessor-version":[{"id":3736,"href":"https:\/\/uvethotels.com\/alaskahotel\/wp-json\/wp\/v2\/pages\/3156\/revisions\/3736"}],"wp:attachment":[{"href":"https:\/\/uvethotels.com\/alaskahotel\/wp-json\/wp\/v2\/media?parent=3156"}],"curies":[{"name":"wp","href":"https:\/\/api.w.org\/{rel}","templated":true}]}}