{"id":3222,"date":"2024-11-18T16:46:01","date_gmt":"2024-11-18T15:46:01","guid":{"rendered":"https:\/\/uvethc.com\/alaskahotel\/?page_id=3222"},"modified":"2025-06-11T18:03:26","modified_gmt":"2025-06-11T16:03:26","slug":"dienstleistungen","status":"publish","type":"page","link":"https:\/\/uvethotels.com\/alaskahotel\/de\/dienstleistungen\/","title":{"rendered":"Servizi"},"content":{"rendered":"\t\t<div data-elementor-type=\"wp-page\" data-elementor-id=\"3222\" class=\"elementor elementor-3222\" data-elementor-post-type=\"page\">\n\t\t\t\t<div class=\"elementor-element elementor-element-61ab61ed e-con-full e-flex e-con e-parent\" data-id=\"61ab61ed\" data-element_type=\"container\" data-e-type=\"container\" data-settings=\"{&quot;background_background&quot;:&quot;classic&quot;}\">\n\t\t\t\t<div class=\"elementor-element elementor-element-51effc66 elementor-widget elementor-widget-patara-banner-image\" data-id=\"51effc66\" data-element_type=\"widget\" data-e-type=\"widget\" data-widget_type=\"patara-banner-image.default\">\n\t\t\t\t<div class=\"elementor-widget-container\">\n\t\t\t\t\t\t\t\n\t<!-- Header Banner -->\n\t<header class=\"header\">\n\n\t\t\t\t<div class=\"banner-header full-height valign bg-img bg-fixed text-center\" data-overlay-dark=\"5\" data-background=\"https:\/\/uvethotels.com\/wp-content\/uploads\/sites\/8\/2024\/11\/ES-0039-scaled.webp\">\n\t\t\t\t\t\t\t\t\t\t\t\t<div class=\"container\">\n\t\t\t\t\t<div class=\"row\">\n\t\t\t\t\t\t<div class=\"col-md-12 offset-0\">\n\t\t\t\t\t\t\t<div class=\"caption\">\n\n\t\t\t\t\t\t\t\t\t\t\t\t\t\t\t\t\n\t\t\t\t\t\t\t\t\n\t\t\t\t\t\t\t\t\t\t\t\t\t\t\t\t\t\t\t\t\t\t\t\t<h1 class=\"pt-slider-title2-class\">Dienstleistungen<\/h1>\n\t\t\t\t\t\t\t\t\t\t\t\t\t\t\t\t\t\t\t\t\t\t\t<\/div>\t\t\t\t\t\t\n\t\t\t\t\t\t<\/div>\t\t\t\t\t\t\n\t\t\t\t\t<\/div>\n\t\t\t\t<\/div>\n\t\t\t\t\t\t\t\t<!-- button scroll -->\n\t\t\t\t<a href=\"#services\" data-scroll-nav=\"1\" class=\"mouse smoothscroll\">\n\t\t\t\t\t<span class=\"mouse-icon\">\n\t\t\t\t\t\t<span class=\"mouse-wheel\"><\/span>\n\t\t\t\t\t<\/span>\n\t\t\t\t<\/a>\t\n\t\t\t\t\t\t\t\t\t\n\t\t\t\t\t\t\n        <\/div>\t\t\t\n\t<\/header>\t\t\n\t\t\t\n    \t\t\t\t<\/div>\n\t\t\t\t<\/div>\n\t\t\t\t<\/div>\n\t\t<div class=\"elementor-element elementor-element-4db6243c e-flex e-con-boxed e-con e-parent\" data-id=\"4db6243c\" data-element_type=\"container\" data-e-type=\"container\" id=\"services\" data-settings=\"{&quot;background_background&quot;:&quot;classic&quot;}\">\n\t\t\t\t\t<div class=\"e-con-inner\">\n\t\t<div class=\"elementor-element elementor-element-cf8a31d e-con-full e-flex e-con e-child\" data-id=\"cf8a31d\" data-element_type=\"container\" data-e-type=\"container\">\n\t\t\t\t<div class=\"elementor-element elementor-element-940a3c6 elementor-widget elementor-widget-patara-services-grid\" data-id=\"940a3c6\" data-element_type=\"widget\" data-e-type=\"widget\" data-widget_type=\"patara-services-grid.default\">\n\t\t\t\t<div class=\"elementor-widget-container\">\n\t\t\t\t\t\t\t\n\t\t\t\t\n        \n\t\t\t<div class=\"sec-services services2\">\t\n\t\t\t\t\t\t\t\t<div class=\"services2 left\">\t\n\t\t\t\t\t<figure> <img decoding=\"async\" src=\"https:\/\/uvethotels.com\/alaskahotel\/wp-content\/uploads\/sites\/8\/2025\/06\/meeting-room-1-scaled.webp\" alt=\"\" class=\"img-fluid\" \/> <\/figure>\t\t\t\t\t\n\t\t\t\t\t<div class=\"caption padding-left\">\n\t\t\t\t\t\t\t\t\t\t\t\t<h4>Konferenz- und Veranstaltungsraum<\/h4>\n\t\t\t\t\t\t\t\n\t\t\t\t\t\t\t\t\t\t\t\t<div class=\"section-text\"><p style=\"color: #f18a00;\">__________________<\/p><p>Das Hotel Alaska bietet einen bemerkenswerten 4-Sterne-Service.<br \/>Neben dem Restaurant verf\u00fcgt das Hotel \u00fcber einen Tagungsraum, der in verschiedenen Ausf\u00fchrungen zur Verf\u00fcgung steht und ein idealer Ort f\u00fcr Veranstaltungen mit einer maximalen Kapazit\u00e4t von bis zu <strong>80 Personen ist<\/strong>.<\/p><\/div>\n\t\t\t\t\t\t\t\n\t\t\t\t\t\t\n\t\t\t\t\t\t\t\t\t\t\t\t\t\t\t\t\t\t    \n\t\t\t\t\t<\/div>\t\t\t\t\t\n\t\t\t\t<\/div>\t\t\t\t\t\n\t\t\t\t\t\t\t<\/div>\t\n\n        \t\t\n        \t\t\t\t<\/div>\n\t\t\t\t<\/div>\n\t\t\t\t<\/div>\n\t\t<div class=\"elementor-element elementor-element-01501cd e-con-full e-flex e-con e-child\" data-id=\"01501cd\" data-element_type=\"container\" data-e-type=\"container\">\n\t\t\t\t<div class=\"elementor-element elementor-element-64003f3 elementor-widget elementor-widget-patara-services-grid\" data-id=\"64003f3\" data-element_type=\"widget\" data-e-type=\"widget\" data-widget_type=\"patara-services-grid.default\">\n\t\t\t\t<div class=\"elementor-widget-container\">\n\t\t\t\t\t\t\t\n\t\t\t\t\n        \n\t\t\t<div class=\"sec-services services2\">\t\n\t\t\t\t\t\t\t\t<div class=\"services2 no-left\">\t\n\t\t\t\t\t<figure> <img decoding=\"async\" src=\"https:\/\/uvethotels.com\/wp-content\/uploads\/sites\/8\/2024\/11\/fitness-1-scaled.webp\" alt=\"\" class=\"img-fluid\" \/> <\/figure>\t\t\t\t\t\n\t\t\t\t\t<div class=\"caption padding-left\">\n\t\t\t\t\t\t\t\t\t\t\t\t<h4>Wohlbefinden und Entspannung<\/h4>\n\t\t\t\t\t\t\t\n\t\t\t\t\t\t\t\t\t\t\t\t<div class=\"section-text\"><p style=\"color: #f18a00;\">__________________<\/p><p>Um sich f\u00fcr eine Ski- oder Wanderwoche fit zu machen, steht den G\u00e4sten ein voll ausgestatteter <strong>Fitnessraum<\/strong> zur Verf\u00fcgung.<br \/>Wenn Sie lieber entspannen m\u00f6chten, steht Ihnen eine exklusive <strong>Sonnenterrasse mit Blick auf die Dolomiten<\/strong> zur Verf\u00fcgung, von der aus Sie die wundersch\u00f6ne Berglandschaft bewundern k\u00f6nnen.<\/p><\/div>\n\t\t\t\t\t\t\t\n\t\t\t\t\t\t\n\t\t\t\t\t\t\t\t\t\t\t\t\t\t\t\t\t\t    \n\t\t\t\t\t<\/div>\t\t\t\t\t\n\t\t\t\t<\/div>\t\t\t\t\t\n\t\t\t\t\t\t\t<\/div>\t\n\n        \t\t\n        \t\t\t\t<\/div>\n\t\t\t\t<\/div>\n\t\t\t\t<\/div>\n\t\t<div class=\"elementor-element elementor-element-0d2b3f6 e-con-full e-flex e-con e-child\" data-id=\"0d2b3f6\" data-element_type=\"container\" data-e-type=\"container\">\n\t\t\t\t<div class=\"elementor-element elementor-element-dbf7f50 elementor-widget elementor-widget-patara-services-grid\" data-id=\"dbf7f50\" data-element_type=\"widget\" data-e-type=\"widget\" data-widget_type=\"patara-services-grid.default\">\n\t\t\t\t<div class=\"elementor-widget-container\">\n\t\t\t\t\t\t\t\n\t\t\t\t\n        \n\t\t\t<div class=\"sec-services services2\">\t\n\t\t\t\t\t\t\t\t<div class=\"services2 left\">\t\n\t\t\t\t\t<figure> <img decoding=\"async\" src=\"https:\/\/uvethotels.com\/wp-content\/uploads\/sites\/8\/2024\/11\/Classic-Family-2-scaled.webp\" alt=\"\" class=\"img-fluid\" \/> <\/figure>\t\t\t\t\t\n\t\t\t\t\t<div class=\"caption padding-left\">\n\t\t\t\t\t\t\t\t\t\t\t\t<h4>Exklusive Dienstleistungen und Komfort<\/h4>\n\t\t\t\t\t\t\t\n\t\t\t\t\t\t\t\t\t\t\t\t<div class=\"section-text\"><p style=\"color: #f18a00;\">__________________<\/p><p>Unter den wichtigsten dienstleistungen, die das Hotel Alaska seinen g\u00e4sten zur verf\u00fcgung stellt, verdienen der skiraum, das kostenlose WLAN in allen dereichen des hotels (einschlie\u00dflich der zimmer), der zimmerservice und der w\u00e4scheservice besondere erw\u00e4hnung und wertsch\u00e4tzung.<br \/>Es gibt einen <strong>internen Parkplatz<\/strong> (Garage) mit einer maximalen H\u00f6he von 2,50 m und begrenzten Pl\u00e4tzen, daher je nach Verf\u00fcgbarkeit zu einem Preis von 40 \u20ac pro Auto pro Tag.<\/p><\/div>\n\t\t\t\t\t\t\t\n\t\t\t\t\t\t\n\t\t\t\t\t\t\t\t\t\t\t\t\t\t\t\t\t\t    \n\t\t\t\t\t<\/div>\t\t\t\t\t\n\t\t\t\t<\/div>\t\t\t\t\t\n\t\t\t\t\t\t\t<\/div>\t\n\n        \t\t\n        \t\t\t\t<\/div>\n\t\t\t\t<\/div>\n\t\t\t\t<\/div>\n\t\t<div class=\"elementor-element elementor-element-5b48d34 e-con-full e-flex e-con e-child\" data-id=\"5b48d34\" data-element_type=\"container\" data-e-type=\"container\">\n\t\t\t\t<div class=\"elementor-element elementor-element-491e041 elementor-widget elementor-widget-patara-services-grid\" data-id=\"491e041\" data-element_type=\"widget\" data-e-type=\"widget\" data-widget_type=\"patara-services-grid.default\">\n\t\t\t\t<div class=\"elementor-widget-container\">\n\t\t\t\t\t\t\t\n\t\t\t\t\n        \n\t\t\t<div class=\"sec-services services2\">\t\n\t\t\t\t\t\t\t\t<div class=\"services2 no-left\">\t\n\t\t\t\t\t<figure> <img decoding=\"async\" src=\"https:\/\/uvethotels.com\/alaskahotel\/wp-content\/uploads\/sites\/8\/2025\/06\/Animali-Ammessi-scaled.webp\" alt=\"Hotel Alaska Cortina Small Pets Allowed\" class=\"img-fluid\" \/> <\/figure>\t\t\t\t\t\n\t\t\t\t\t<div class=\"caption padding-left\">\n\t\t\t\t\t\t\t\t\t\t\t\t<h4>Kleine Haustiere erlaubt<\/h4>\n\t\t\t\t\t\t\t\n\t\t\t\t\t\t\t\t\t\t\t\t<div class=\"section-text\"><p style=\"color: #f18a00;\">__________________<\/p><p>Wenn sie mit haustieren reisen, beachten sie bitte, dass pro tier undnNacht ein aufpreis von <strong>21euro<\/strong> anf\u00e4llt. Es ist maximal 1 haustier erlaubt.<br \/>Das Hotel kann nur haustiere mit einem h\u00f6chstgewicht von 10 kg zulassen.<\/p><\/div>\n\t\t\t\t\t\t\t\n\t\t\t\t\t\t\n\t\t\t\t\t\t\t\t\t\t\t\t\t\t\t\t\t\t    \n\t\t\t\t\t<\/div>\t\t\t\t\t\n\t\t\t\t<\/div>\t\t\t\t\t\n\t\t\t\t\t\t\t<\/div>\t\n\n        \t\t\n        \t\t\t\t<\/div>\n\t\t\t\t<\/div>\n\t\t\t\t<\/div>\n\t\t\t\t\t<\/div>\n\t\t\t\t<\/div>\n\t\t<div class=\"elementor-element elementor-element-d4a207f elementor-hidden-mobile e-flex e-con-boxed e-con e-parent\" data-id=\"d4a207f\" data-element_type=\"container\" data-e-type=\"container\" data-settings=\"{&quot;background_background&quot;:&quot;classic&quot;}\">\n\t\t\t\t\t<div class=\"e-con-inner\">\n\t\t\t\t<div class=\"elementor-element elementor-element-517eb3a elementor-align-center prenota elementor-widget elementor-widget-button\" data-id=\"517eb3a\" data-element_type=\"widget\" data-e-type=\"widget\" data-widget_type=\"button.default\">\n\t\t\t\t<div class=\"elementor-widget-container\">\n\t\t\t\t\t\t\t\t\t<div class=\"elementor-button-wrapper\">\n\t\t\t\t\t<a class=\"elementor-button elementor-button-link elementor-size-sm elementor-animation-sink\" href=\"https:\/\/reservations.verticalbooking.com\/premium\/index.html?id_albergo=28381&#038;dc=4822&#038;id_stile=21239&#038;lingua_int=deu\" target=\"_blank\">\n\t\t\t\t\t\t<span class=\"elementor-button-content-wrapper\">\n\t\t\t\t\t\t\t\t\t<span class=\"elementor-button-text\">JETZT BUCHEN<\/span>\n\t\t\t\t\t<\/span>\n\t\t\t\t\t<\/a>\n\t\t\t\t<\/div>\n\t\t\t\t\t\t\t\t<\/div>\n\t\t\t\t<\/div>\n\t\t\t\t\t<\/div>\n\t\t\t\t<\/div>\n\t\t\t\t<\/div>\n\t\t","protected":false},"excerpt":{"rendered":"<p>Dienstleistungen Konferenz- und Veranstaltungsraum __________________ Das Hotel Alaska bietet einen bemerkenswerten 4-Sterne-Service.Neben dem Restaurant verf\u00fcgt das Hotel \u00fcber einen Tagungsraum, der in verschiedenen Ausf\u00fchrungen zur Verf\u00fcgung steht und ein idealer Ort f\u00fcr Veranstaltungen mit einer maximalen Kapazit\u00e4t von bis zu 80 Personen ist. Wohlbefinden und Entspannung __________________ Um sich f\u00fcr eine Ski- oder Wanderwoche fit zu machen, steht den G\u00e4sten<\/p>\n","protected":false},"author":1,"featured_media":0,"parent":0,"menu_order":0,"comment_status":"closed","ping_status":"closed","template":"","meta":{"_acf_changed":false,"footnotes":"","_links_to":"","_links_to_target":""},"class_list":["post-3222","page","type-page","status-publish","hentry"],"acf":[],"yoast_head":"<!-- This site is optimized with the Yoast SEO plugin v27.5 - https:\/\/yoast.com\/product\/yoast-seo-wordpress\/ -->\n<title>Dienstleistungen - Hotel Alaska Cortina<\/title>\n<meta name=\"description\" content=\"Das Hotel Alaska bietet seinen G\u00e4sten: Skiraum, kostenloses WLAN, Zimmerservice und W\u00e4scheservice. Es gibt einen internen Parkplatz.\" \/>\n<meta name=\"robots\" content=\"index, follow, max-snippet:-1, max-image-preview:large, max-video-preview:-1\" \/>\n<link rel=\"canonical\" href=\"https:\/\/uvethotels.com\/alaskahotel\/de\/dienstleistungen\/\" \/>\n<meta property=\"og:locale\" content=\"it_IT\" \/>\n<meta property=\"og:type\" content=\"article\" \/>\n<meta property=\"og:title\" content=\"Dienstleistungen - Hotel Alaska Cortina\" \/>\n<meta property=\"og:description\" content=\"Das Hotel Alaska bietet seinen G\u00e4sten: Skiraum, kostenloses WLAN, Zimmerservice und W\u00e4scheservice. Es gibt einen internen Parkplatz.\" \/>\n<meta property=\"og:url\" content=\"https:\/\/uvethotels.com\/alaskahotel\/de\/dienstleistungen\/\" \/>\n<meta property=\"og:site_name\" content=\"Alaska Hotel - Uvet Hotels\" \/>\n<meta property=\"article:publisher\" content=\"https:\/\/www.facebook.com\/profile.php?id=61568530824961\" \/>\n<meta property=\"article:modified_time\" content=\"2025-06-11T16:03:26+00:00\" \/>\n<meta property=\"og:image\" content=\"https:\/\/uvethotels.com\/alaskahotel\/wp-content\/uploads\/sites\/8\/2025\/06\/meeting-room-1-scaled.webp\" \/>\n<meta name=\"twitter:card\" content=\"summary_large_image\" \/>\n<meta name=\"twitter:label1\" content=\"Tempo di lettura stimato\" \/>\n\t<meta name=\"twitter:data1\" content=\"2 minuti\" \/>\n<script type=\"application\/ld+json\" class=\"yoast-schema-graph\">{\"@context\":\"https:\\\/\\\/schema.org\",\"@graph\":[{\"@type\":\"WebPage\",\"@id\":\"https:\\\/\\\/uvethotels.com\\\/alaskahotel\\\/de\\\/dienstleistungen\\\/\",\"url\":\"https:\\\/\\\/uvethotels.com\\\/alaskahotel\\\/de\\\/dienstleistungen\\\/\",\"name\":\"Dienstleistungen - Hotel Alaska Cortina\",\"isPartOf\":{\"@id\":\"https:\\\/\\\/uvethotels.com\\\/alaskahotel\\\/#website\"},\"primaryImageOfPage\":{\"@id\":\"https:\\\/\\\/uvethotels.com\\\/alaskahotel\\\/de\\\/dienstleistungen\\\/#primaryimage\"},\"image\":{\"@id\":\"https:\\\/\\\/uvethotels.com\\\/alaskahotel\\\/de\\\/dienstleistungen\\\/#primaryimage\"},\"thumbnailUrl\":\"https:\\\/\\\/uvethotels.com\\\/alaskahotel\\\/wp-content\\\/uploads\\\/sites\\\/8\\\/2025\\\/06\\\/meeting-room-1-scaled.webp\",\"datePublished\":\"2024-11-18T15:46:01+00:00\",\"dateModified\":\"2025-06-11T16:03:26+00:00\",\"description\":\"Das Hotel Alaska bietet seinen G\u00e4sten: Skiraum, kostenloses WLAN, Zimmerservice und W\u00e4scheservice. Es gibt einen internen Parkplatz.\",\"breadcrumb\":{\"@id\":\"https:\\\/\\\/uvethotels.com\\\/alaskahotel\\\/de\\\/dienstleistungen\\\/#breadcrumb\"},\"inLanguage\":\"it-IT\",\"potentialAction\":[{\"@type\":\"ReadAction\",\"target\":[\"https:\\\/\\\/uvethotels.com\\\/alaskahotel\\\/de\\\/dienstleistungen\\\/\"]}]},{\"@type\":\"ImageObject\",\"inLanguage\":\"it-IT\",\"@id\":\"https:\\\/\\\/uvethotels.com\\\/alaskahotel\\\/de\\\/dienstleistungen\\\/#primaryimage\",\"url\":\"https:\\\/\\\/uvethotels.com\\\/alaskahotel\\\/wp-content\\\/uploads\\\/sites\\\/8\\\/2025\\\/06\\\/meeting-room-1-scaled.webp\",\"contentUrl\":\"https:\\\/\\\/uvethotels.com\\\/alaskahotel\\\/wp-content\\\/uploads\\\/sites\\\/8\\\/2025\\\/06\\\/meeting-room-1-scaled.webp\",\"width\":2560,\"height\":1707},{\"@type\":\"BreadcrumbList\",\"@id\":\"https:\\\/\\\/uvethotels.com\\\/alaskahotel\\\/de\\\/dienstleistungen\\\/#breadcrumb\",\"itemListElement\":[{\"@type\":\"ListItem\",\"position\":1,\"name\":\"Home\",\"item\":\"https:\\\/\\\/uvethotels.com\\\/alaskahotel\\\/\"},{\"@type\":\"ListItem\",\"position\":2,\"name\":\"Servizi\"}]},{\"@type\":\"WebSite\",\"@id\":\"https:\\\/\\\/uvethotels.com\\\/alaskahotel\\\/#website\",\"url\":\"https:\\\/\\\/uvethotels.com\\\/alaskahotel\\\/\",\"name\":\"Alaska Hotel - Uvet Hotels\",\"description\":\"\",\"publisher\":{\"@id\":\"https:\\\/\\\/uvethotels.com\\\/alaskahotel\\\/#organization\"},\"potentialAction\":[{\"@type\":\"SearchAction\",\"target\":{\"@type\":\"EntryPoint\",\"urlTemplate\":\"https:\\\/\\\/uvethotels.com\\\/alaskahotel\\\/?s={search_term_string}\"},\"query-input\":{\"@type\":\"PropertyValueSpecification\",\"valueRequired\":true,\"valueName\":\"search_term_string\"}}],\"inLanguage\":\"it-IT\"},{\"@type\":\"Organization\",\"@id\":\"https:\\\/\\\/uvethotels.com\\\/alaskahotel\\\/#organization\",\"name\":\"Alaska Hotel - Uvet Hotels\",\"url\":\"https:\\\/\\\/uvethotels.com\\\/alaskahotel\\\/\",\"logo\":{\"@type\":\"ImageObject\",\"inLanguage\":\"it-IT\",\"@id\":\"https:\\\/\\\/uvethotels.com\\\/alaskahotel\\\/#\\\/schema\\\/logo\\\/image\\\/\",\"url\":\"https:\\\/\\\/uvethotels.com\\\/alaskahotel\\\/wp-content\\\/uploads\\\/sites\\\/8\\\/2025\\\/02\\\/UHC_logo_verticale_1200x1200.jpg\",\"contentUrl\":\"https:\\\/\\\/uvethotels.com\\\/alaskahotel\\\/wp-content\\\/uploads\\\/sites\\\/8\\\/2025\\\/02\\\/UHC_logo_verticale_1200x1200.jpg\",\"width\":1200,\"height\":1200,\"caption\":\"Alaska Hotel - Uvet Hotels\"},\"image\":{\"@id\":\"https:\\\/\\\/uvethotels.com\\\/alaskahotel\\\/#\\\/schema\\\/logo\\\/image\\\/\"},\"sameAs\":[\"https:\\\/\\\/www.facebook.com\\\/profile.php?id=61568530824961\",\"https:\\\/\\\/www.instagram.com\\\/hotel__alaska\\\/\"]}]}<\/script>\n<!-- \/ Yoast SEO plugin. -->","yoast_head_json":{"title":"Dienstleistungen - Hotel Alaska Cortina","description":"Das Hotel Alaska bietet seinen G\u00e4sten: Skiraum, kostenloses WLAN, Zimmerservice und W\u00e4scheservice. Es gibt einen internen Parkplatz.","robots":{"index":"index","follow":"follow","max-snippet":"max-snippet:-1","max-image-preview":"max-image-preview:large","max-video-preview":"max-video-preview:-1"},"canonical":"https:\/\/uvethotels.com\/alaskahotel\/de\/dienstleistungen\/","og_locale":"it_IT","og_type":"article","og_title":"Dienstleistungen - Hotel Alaska Cortina","og_description":"Das Hotel Alaska bietet seinen G\u00e4sten: Skiraum, kostenloses WLAN, Zimmerservice und W\u00e4scheservice. Es gibt einen internen Parkplatz.","og_url":"https:\/\/uvethotels.com\/alaskahotel\/de\/dienstleistungen\/","og_site_name":"Alaska Hotel - Uvet Hotels","article_publisher":"https:\/\/www.facebook.com\/profile.php?id=61568530824961","article_modified_time":"2025-06-11T16:03:26+00:00","og_image":[{"url":"https:\/\/uvethotels.com\/alaskahotel\/wp-content\/uploads\/sites\/8\/2025\/06\/meeting-room-1-scaled.webp","type":"","width":"","height":""}],"twitter_card":"summary_large_image","twitter_misc":{"Tempo di lettura stimato":"2 minuti"},"schema":{"@context":"https:\/\/schema.org","@graph":[{"@type":"WebPage","@id":"https:\/\/uvethotels.com\/alaskahotel\/de\/dienstleistungen\/","url":"https:\/\/uvethotels.com\/alaskahotel\/de\/dienstleistungen\/","name":"Dienstleistungen - Hotel Alaska Cortina","isPartOf":{"@id":"https:\/\/uvethotels.com\/alaskahotel\/#website"},"primaryImageOfPage":{"@id":"https:\/\/uvethotels.com\/alaskahotel\/de\/dienstleistungen\/#primaryimage"},"image":{"@id":"https:\/\/uvethotels.com\/alaskahotel\/de\/dienstleistungen\/#primaryimage"},"thumbnailUrl":"https:\/\/uvethotels.com\/alaskahotel\/wp-content\/uploads\/sites\/8\/2025\/06\/meeting-room-1-scaled.webp","datePublished":"2024-11-18T15:46:01+00:00","dateModified":"2025-06-11T16:03:26+00:00","description":"Das Hotel Alaska bietet seinen G\u00e4sten: Skiraum, kostenloses WLAN, Zimmerservice und W\u00e4scheservice. Es gibt einen internen Parkplatz.","breadcrumb":{"@id":"https:\/\/uvethotels.com\/alaskahotel\/de\/dienstleistungen\/#breadcrumb"},"inLanguage":"it-IT","potentialAction":[{"@type":"ReadAction","target":["https:\/\/uvethotels.com\/alaskahotel\/de\/dienstleistungen\/"]}]},{"@type":"ImageObject","inLanguage":"it-IT","@id":"https:\/\/uvethotels.com\/alaskahotel\/de\/dienstleistungen\/#primaryimage","url":"https:\/\/uvethotels.com\/alaskahotel\/wp-content\/uploads\/sites\/8\/2025\/06\/meeting-room-1-scaled.webp","contentUrl":"https:\/\/uvethotels.com\/alaskahotel\/wp-content\/uploads\/sites\/8\/2025\/06\/meeting-room-1-scaled.webp","width":2560,"height":1707},{"@type":"BreadcrumbList","@id":"https:\/\/uvethotels.com\/alaskahotel\/de\/dienstleistungen\/#breadcrumb","itemListElement":[{"@type":"ListItem","position":1,"name":"Home","item":"https:\/\/uvethotels.com\/alaskahotel\/"},{"@type":"ListItem","position":2,"name":"Servizi"}]},{"@type":"WebSite","@id":"https:\/\/uvethotels.com\/alaskahotel\/#website","url":"https:\/\/uvethotels.com\/alaskahotel\/","name":"Alaska Hotel - Uvet Hotels","description":"","publisher":{"@id":"https:\/\/uvethotels.com\/alaskahotel\/#organization"},"potentialAction":[{"@type":"SearchAction","target":{"@type":"EntryPoint","urlTemplate":"https:\/\/uvethotels.com\/alaskahotel\/?s={search_term_string}"},"query-input":{"@type":"PropertyValueSpecification","valueRequired":true,"valueName":"search_term_string"}}],"inLanguage":"it-IT"},{"@type":"Organization","@id":"https:\/\/uvethotels.com\/alaskahotel\/#organization","name":"Alaska Hotel - Uvet Hotels","url":"https:\/\/uvethotels.com\/alaskahotel\/","logo":{"@type":"ImageObject","inLanguage":"it-IT","@id":"https:\/\/uvethotels.com\/alaskahotel\/#\/schema\/logo\/image\/","url":"https:\/\/uvethotels.com\/alaskahotel\/wp-content\/uploads\/sites\/8\/2025\/02\/UHC_logo_verticale_1200x1200.jpg","contentUrl":"https:\/\/uvethotels.com\/alaskahotel\/wp-content\/uploads\/sites\/8\/2025\/02\/UHC_logo_verticale_1200x1200.jpg","width":1200,"height":1200,"caption":"Alaska Hotel - Uvet Hotels"},"image":{"@id":"https:\/\/uvethotels.com\/alaskahotel\/#\/schema\/logo\/image\/"},"sameAs":["https:\/\/www.facebook.com\/profile.php?id=61568530824961","https:\/\/www.instagram.com\/hotel__alaska\/"]}]}},"_links":{"self":[{"href":"https:\/\/uvethotels.com\/alaskahotel\/wp-json\/wp\/v2\/pages\/3222","targetHints":{"allow":["GET"]}}],"collection":[{"href":"https:\/\/uvethotels.com\/alaskahotel\/wp-json\/wp\/v2\/pages"}],"about":[{"href":"https:\/\/uvethotels.com\/alaskahotel\/wp-json\/wp\/v2\/types\/page"}],"author":[{"embeddable":true,"href":"https:\/\/uvethotels.com\/alaskahotel\/wp-json\/wp\/v2\/users\/1"}],"replies":[{"embeddable":true,"href":"https:\/\/uvethotels.com\/alaskahotel\/wp-json\/wp\/v2\/comments?post=3222"}],"version-history":[{"count":9,"href":"https:\/\/uvethotels.com\/alaskahotel\/wp-json\/wp\/v2\/pages\/3222\/revisions"}],"predecessor-version":[{"id":3740,"href":"https:\/\/uvethotels.com\/alaskahotel\/wp-json\/wp\/v2\/pages\/3222\/revisions\/3740"}],"wp:attachment":[{"href":"https:\/\/uvethotels.com\/alaskahotel\/wp-json\/wp\/v2\/media?parent=3222"}],"curies":[{"name":"wp","href":"https:\/\/api.w.org\/{rel}","templated":true}]}}