{"id":714,"date":"2023-10-21T21:36:46","date_gmt":"2023-10-21T21:36:46","guid":{"rendered":"https:\/\/webredox.net\/demo\/wp\/patara\/?page_id=714"},"modified":"2025-10-13T16:18:57","modified_gmt":"2025-10-13T14:18:57","slug":"venezia","status":"publish","type":"page","link":"https:\/\/uvethotels.com\/cazustohotel\/venezia\/","title":{"rendered":"Venezia"},"content":{"rendered":"\t\t<div data-elementor-type=\"wp-page\" data-elementor-id=\"714\" class=\"elementor elementor-714\" data-elementor-post-type=\"page\">\n\t\t\t\t<div class=\"elementor-element elementor-element-14e42542 e-flex e-con-boxed e-con e-parent\" data-id=\"14e42542\" data-element_type=\"container\" data-e-type=\"container\" data-settings=\"{&quot;background_background&quot;:&quot;classic&quot;}\">\n\t\t\t\t\t<div class=\"e-con-inner\">\n\t\t\t\t<div class=\"elementor-element elementor-element-e6095b2 elementor-widget elementor-widget-heading\" data-id=\"e6095b2\" data-element_type=\"widget\" data-e-type=\"widget\" data-widget_type=\"heading.default\">\n\t\t\t\t<div class=\"elementor-widget-container\">\n\t\t\t\t\t<h2 class=\"elementor-heading-title elementor-size-default\">Un viaggio nel lusso e nella storia<\/h2>\t\t\t\t<\/div>\n\t\t\t\t<\/div>\n\t\t\t\t<div class=\"elementor-element elementor-element-a5e4924 elementor-widget elementor-widget-heading\" data-id=\"a5e4924\" data-element_type=\"widget\" data-e-type=\"widget\" data-widget_type=\"heading.default\">\n\t\t\t\t<div class=\"elementor-widget-container\">\n\t\t\t\t\t<h2 class=\"elementor-heading-title elementor-size-default\">Venezia<\/h2>\t\t\t\t<\/div>\n\t\t\t\t<\/div>\n\t\t\t\t\t<\/div>\n\t\t\t\t<\/div>\n\t\t<div class=\"elementor-element elementor-element-d67a3d1 e-flex e-con-boxed e-con e-parent\" data-id=\"d67a3d1\" data-element_type=\"container\" data-e-type=\"container\" id=\"about\" data-settings=\"{&quot;background_background&quot;:&quot;classic&quot;}\">\n\t\t\t\t\t<div class=\"e-con-inner\">\n\t\t<div class=\"elementor-element elementor-element-182e28ef e-flex e-con-boxed e-con e-child\" data-id=\"182e28ef\" data-element_type=\"container\" data-e-type=\"container\">\n\t\t\t\t\t<div class=\"e-con-inner\">\n\t\t<div class=\"elementor-element elementor-element-413f2e32 e-con-full e-flex e-con e-child\" data-id=\"413f2e32\" data-element_type=\"container\" data-e-type=\"container\">\n\t\t\t\t<div class=\"elementor-element elementor-element-3bc7878 elementor-widget elementor-widget-heading\" data-id=\"3bc7878\" data-element_type=\"widget\" data-e-type=\"widget\" data-widget_type=\"heading.default\">\n\t\t\t\t<div class=\"elementor-widget-container\">\n\t\t\t\t\t<h2 class=\"elementor-heading-title elementor-size-default\">Una citt\u00e0 unica, dalla storia millenaria\n<\/h2>\t\t\t\t<\/div>\n\t\t\t\t<\/div>\n\t\t\t\t<div class=\"elementor-element elementor-element-fd9c975 elementor-widget-divider--view-line elementor-widget elementor-widget-divider\" data-id=\"fd9c975\" data-element_type=\"widget\" data-e-type=\"widget\" data-widget_type=\"divider.default\">\n\t\t\t\t<div class=\"elementor-widget-container\">\n\t\t\t\t\t\t\t<div class=\"elementor-divider\">\n\t\t\t<span class=\"elementor-divider-separator\">\n\t\t\t\t\t\t<\/span>\n\t\t<\/div>\n\t\t\t\t\t\t<\/div>\n\t\t\t\t<\/div>\n\t\t\t\t<div class=\"elementor-element elementor-element-32c0725 elementor-widget elementor-widget-text-editor\" data-id=\"32c0725\" data-element_type=\"widget\" data-e-type=\"widget\" data-widget_type=\"text-editor.default\">\n\t\t\t\t<div class=\"elementor-widget-container\">\n\t\t\t\t\t\t\t\t\t<p>Situato a Campo Rielo, <strong>Santa Croce<\/strong>, nel cuore antico di Venezia e non lontano dal Canal Grande, il centro nevralgico della citt\u00e0. L\u2019hotel Ca\u2019 Zusto \u00e8 punto di partenza strategico per esplorare le meraviglie che si nascondono dietro ogni angolo di questa citt\u00e0.<\/p><p>Venezia \u00e8 grande, non solo perch\u00e9 \u00e8 costruita sull\u2019acqua, ma anche perch\u00e9 ha una storia millenaria. Nata secoli addietro su un raggruppamento di elementi fangosi di terra disposti disordinatamente in mezzo alla laguna. Nel corso della sua storia millenaria assurge al ruolo di potenza economica e commerciale meritandosi l\u2019appellativo di Serenissima per il potere e la fame acquista dai Dogi dell citt\u00e0, E\u2019 stato grazie alla sua posizione strategica, che in breve divenne una delle pi\u00f9 importanti citt\u00e0 d\u2019Europa.<br \/>Come nodo all\u2019interno dei fitti intrecci professionali e commerciali tra Oriente e Occidente. Venezia all\u2019apice della sua potenza ed autorevolezza assunse il controllo di un impero che si estendeva dalle Dolomiti fino all\u2019isola di Cipro, ed ancora fino alla punta estrema sud del Mediterraneo.<\/p>\t\t\t\t\t\t\t\t<\/div>\n\t\t\t\t<\/div>\n\t\t\t\t<\/div>\n\t\t<div class=\"elementor-element elementor-element-3e9de937 e-con-full elementor-hidden-mobile e-flex e-con e-child\" data-id=\"3e9de937\" data-element_type=\"container\" data-e-type=\"container\" data-settings=\"{&quot;background_background&quot;:&quot;classic&quot;}\">\n\t\t\t\t<\/div>\n\t\t\t\t\t<\/div>\n\t\t\t\t<\/div>\n\t\t\t\t\t<\/div>\n\t\t\t\t<\/div>\n\t\t<div class=\"elementor-element elementor-element-2d64454c e-flex e-con-boxed e-con e-parent\" data-id=\"2d64454c\" data-element_type=\"container\" data-e-type=\"container\" data-settings=\"{&quot;background_background&quot;:&quot;classic&quot;}\">\n\t\t\t\t\t<div class=\"e-con-inner\">\n\t\t<div class=\"elementor-element elementor-element-1d86d02 e-con-full animated-slow bg-blur e-flex elementor-invisible e-con e-child\" data-id=\"1d86d02\" data-element_type=\"container\" data-e-type=\"container\" data-settings=\"{&quot;background_background&quot;:&quot;classic&quot;,&quot;animation&quot;:&quot;fadeIn&quot;}\">\n\t\t\t\t<div class=\"elementor-element elementor-element-ba7b7af elementor-widget elementor-widget-heading\" data-id=\"ba7b7af\" data-element_type=\"widget\" data-e-type=\"widget\" data-widget_type=\"heading.default\">\n\t\t\t\t<div class=\"elementor-widget-container\">\n\t\t\t\t\t<h2 class=\"elementor-heading-title elementor-size-default\">Un panorama di offerte, culturali e gastronomiche<\/h2>\t\t\t\t<\/div>\n\t\t\t\t<\/div>\n\t\t\t\t<div class=\"elementor-element elementor-element-f12e49d elementor-widget-divider--view-line elementor-widget elementor-widget-divider\" data-id=\"f12e49d\" data-element_type=\"widget\" data-e-type=\"widget\" data-widget_type=\"divider.default\">\n\t\t\t\t<div class=\"elementor-widget-container\">\n\t\t\t\t\t\t\t<div class=\"elementor-divider\">\n\t\t\t<span class=\"elementor-divider-separator\">\n\t\t\t\t\t\t<\/span>\n\t\t<\/div>\n\t\t\t\t\t\t<\/div>\n\t\t\t\t<\/div>\n\t\t\t\t<div class=\"elementor-element elementor-element-70e769a elementor-widget elementor-widget-text-editor\" data-id=\"70e769a\" data-element_type=\"widget\" data-e-type=\"widget\" data-widget_type=\"text-editor.default\">\n\t\t\t\t<div class=\"elementor-widget-container\">\n\t\t\t\t\t\t\t\t\t<p>Il centro storico, composto da oltre un centinaio di piccole isole, porta i segni della sua storia lunga e prestigiosa. Circa\u00a0<strong>400 ponti<\/strong>\u00a0che collegano le isole. Questi sono gli elementi di contatto di un territorio grande suddiviso in sei distretti amministrativi chiamati\u00a0<strong>sestieri<\/strong>: tre su ogni lato del Canal Grande. Il \u201csestiere\u201d\u00a0<strong>San Marco<\/strong> \u00e8 quello in cui sono presenti le pi\u00f9 note attrazioni turistiche. A est si estende il sestiere <strong>Castello<\/strong> e a nord il sestiere di <strong>Cannaregio<\/strong>.<br \/>Le offerte culturali, i musei e palazzi sono di valore incommensurabile, e tramandati fino ai giorni nostri. Anche il panorama gastronomico \u00e8 altrettanto soddisfacente e prelibato, con i suoi numerosi piatti tipici, e vini tipici che si posso degustare nella caratteristiche taverne. Un\u00a0<strong>ricco calendario di eventi<\/strong>, mostre, spettacoli, e che si svolgono in ogni stagione, ogni anno accolgono i visitatori offrendo loro il meglio della cultura e del fascino di quest citt\u00e0.<br \/>Ma le pi\u00f9 belle esperienze che si possono vivere a Venezia, suggeriscono di perdersi nel labirinto di \u201ccalli\u201d e \u201ccampielli\u201d intersecati dall\u2019acqua che scorre millenarie lungo i canali offrendo colori, suoni e profumi che resteranno per sempre nella memoria come il pi\u00f9 profondo e suggestivo dei ricordi.<\/p>\t\t\t\t\t\t\t\t<\/div>\n\t\t\t\t<\/div>\n\t\t\t\t<\/div>\n\t\t\t\t\t<\/div>\n\t\t\t\t<\/div>\n\t\t<div class=\"elementor-element elementor-element-96d690a e-flex e-con-boxed e-con e-parent\" data-id=\"96d690a\" data-element_type=\"container\" data-e-type=\"container\" data-settings=\"{&quot;background_background&quot;:&quot;classic&quot;}\">\n\t\t\t\t\t<div class=\"e-con-inner\">\n\t\t<div class=\"elementor-element elementor-element-a66de99 e-con-full animated-slow e-flex elementor-invisible e-con e-child\" data-id=\"a66de99\" data-element_type=\"container\" data-e-type=\"container\" data-settings=\"{&quot;animation&quot;:&quot;fadeIn&quot;}\">\n\t\t\t\t<div class=\"elementor-element elementor-element-7bf6717 elementor-widget elementor-widget-heading\" data-id=\"7bf6717\" data-element_type=\"widget\" data-e-type=\"widget\" data-widget_type=\"heading.default\">\n\t\t\t\t<div class=\"elementor-widget-container\">\n\t\t\t\t\t<h2 class=\"elementor-heading-title elementor-size-default\">Contributo Accesso a Venezia<\/h2>\t\t\t\t<\/div>\n\t\t\t\t<\/div>\n\t\t\t\t<div class=\"elementor-element elementor-element-fe8a937 elementor-view-framed elementor-position-inline-start elementor-mobile-position-inline-start elementor-shape-circle elementor-widget elementor-widget-icon-box\" data-id=\"fe8a937\" data-element_type=\"widget\" data-e-type=\"widget\" data-widget_type=\"icon-box.default\">\n\t\t\t\t<div class=\"elementor-widget-container\">\n\t\t\t\t\t\t\t<div class=\"elementor-icon-box-wrapper\">\n\n\t\t\t\t\t\t<div class=\"elementor-icon-box-icon\">\n\t\t\t\t<span  class=\"elementor-icon\">\n\t\t\t\t<svg aria-hidden=\"true\" class=\"e-font-icon-svg e-fas-exclamation\" viewBox=\"0 0 192 512\" xmlns=\"http:\/\/www.w3.org\/2000\/svg\"><path d=\"M176 432c0 44.112-35.888 80-80 80s-80-35.888-80-80 35.888-80 80-80 80 35.888 80 80zM25.26 25.199l13.6 272C39.499 309.972 50.041 320 62.83 320h66.34c12.789 0 23.331-10.028 23.97-22.801l13.6-272C167.425 11.49 156.496 0 142.77 0H49.23C35.504 0 24.575 11.49 25.26 25.199z\"><\/path><\/svg>\t\t\t\t<\/span>\n\t\t\t<\/div>\n\t\t\t\n\t\t\t\t\t\t<div class=\"elementor-icon-box-content\">\n\n\t\t\t\t\n\t\t\t\t\t\t\t\t\t<p class=\"elementor-icon-box-description\">\n\t\t\t\t\t\tIl contributo di accesso per il 2025 partir\u00e0 dal 18 aprile.\t\t\t\t\t<\/p>\n\t\t\t\t\n\t\t\t<\/div>\n\t\t\t\n\t\t<\/div>\n\t\t\t\t\t\t<\/div>\n\t\t\t\t<\/div>\n\t\t\t\t<div class=\"elementor-element elementor-element-849a0cb elementor-widget-divider--view-line elementor-widget elementor-widget-divider\" data-id=\"849a0cb\" data-element_type=\"widget\" data-e-type=\"widget\" data-widget_type=\"divider.default\">\n\t\t\t\t<div class=\"elementor-widget-container\">\n\t\t\t\t\t\t\t<div class=\"elementor-divider\">\n\t\t\t<span class=\"elementor-divider-separator\">\n\t\t\t\t\t\t<\/span>\n\t\t<\/div>\n\t\t\t\t\t\t<\/div>\n\t\t\t\t<\/div>\n\t\t\t\t<div class=\"elementor-element elementor-element-258423b elementor-widget elementor-widget-text-editor\" data-id=\"258423b\" data-element_type=\"widget\" data-e-type=\"widget\" data-widget_type=\"text-editor.default\">\n\t\t\t\t<div class=\"elementor-widget-container\">\n\t\t\t\t\t\t\t\t\tNei giorni 25, 26, 27, 28, 29 e 30 aprile 2024, 1, 2, 3, 4, 5, 11, 12, 18, 19, 25, 26 maggio 2024, 8, 9, 15, 16, 22, 23, 29, 30 giugno 2024 e 6, 7, 13 e 14 luglio 2024 per l\u2019accesso a Venezia \u00e8 previsto il pagamento di un contributo di accesso qualora non si rientri nelle ipotesi che danno diritto all\u2019esenzione dal pagamento. Il contributo non \u00e8 dovuto dalle ore 16:00 alle ore 8:30.\n\nSono esenti dal pagamento del contributo di accesso i pernottanti in una struttura ricettiva sita nel Comune di Venezia. L\u2019esenzione vale dal giorno di arrivo al giorno di partenza.\n\nPer maggiori informazioni e richiedere l\u2019invio del QR code per acquisire il titolo di esenzione, vi preghiamo di contattare l\u2019hotel o visitare il <a href=\"https:\/\/cda.ve.it\/it\/\" target=\"_blank\" rel=\"noopener\" style=\"color:#F18A00\">sito web del Comune di Venezia<\/a>.\t\t\t\t\t\t\t\t<\/div>\n\t\t\t\t<\/div>\n\t\t\t\t<\/div>\n\t\t\t\t\t<\/div>\n\t\t\t\t<\/div>\n\t\t<div class=\"elementor-element elementor-element-edf86fe e-flex e-con-boxed e-con e-parent\" data-id=\"edf86fe\" data-element_type=\"container\" data-e-type=\"container\" data-settings=\"{&quot;background_background&quot;:&quot;classic&quot;}\">\n\t\t\t\t\t<div class=\"e-con-inner\">\n\t\t\t\t<div class=\"elementor-element elementor-element-41ee55d elementor-align-center prenota elementor-mobile-align-justify elementor-widget elementor-widget-button\" data-id=\"41ee55d\" data-element_type=\"widget\" data-e-type=\"widget\" data-widget_type=\"button.default\">\n\t\t\t\t<div class=\"elementor-widget-container\">\n\t\t\t\t\t\t\t\t\t<div class=\"elementor-button-wrapper\">\n\t\t\t\t\t<a class=\"elementor-button elementor-button-link elementor-size-sm elementor-animation-sink\" href=\"https:\/\/reservations.verticalbooking.com\/premium\/index.html?id_albergo=28382&#038;dc=2746&#038;id_stile=21240&#038;lingua_int=ita\" target=\"_blank\">\n\t\t\t\t\t\t<span class=\"elementor-button-content-wrapper\">\n\t\t\t\t\t\t\t\t\t<span class=\"elementor-button-text\">VERIFICA LA DISpONIBILIT\u00e0<\/span>\n\t\t\t\t\t<\/span>\n\t\t\t\t\t<\/a>\n\t\t\t\t<\/div>\n\t\t\t\t\t\t\t\t<\/div>\n\t\t\t\t<\/div>\n\t\t\t\t\t<\/div>\n\t\t\t\t<\/div>\n\t\t\t\t<\/div>\n\t\t","protected":false},"excerpt":{"rendered":"<p>Un viaggio nel lusso e nella storia Venezia Una citt\u00e0 unica, dalla storia millenaria Situato a Campo Rielo, Santa Croce, nel cuore antico di Venezia e non lontano dal Canal Grande, il centro nevralgico della citt\u00e0. L\u2019hotel Ca\u2019 Zusto \u00e8 punto di partenza strategico per esplorare le meraviglie che si nascondono dietro ogni angolo di [&hellip;]<\/p>\n","protected":false},"author":1,"featured_media":0,"parent":0,"menu_order":0,"comment_status":"closed","ping_status":"closed","template":"","meta":{"_acf_changed":false,"footnotes":""},"class_list":["post-714","page","type-page","status-publish","hentry"],"acf":[],"yoast_head":"<!-- This site is optimized with the Yoast SEO plugin v27.5 - https:\/\/yoast.com\/product\/yoast-seo-wordpress\/ -->\n<title>Venezia - Hotel Ca&#039; Zusto<\/title>\n<meta name=\"description\" content=\"Scopri Venezia e prenota un weekend all&#039;Hotel Ca&#039; Zusto nel sestiere di Santa Croce, all\u2019interno di un antico palazzo patrizio del XIV secolo.\" \/>\n<meta name=\"robots\" content=\"index, follow, max-snippet:-1, max-image-preview:large, max-video-preview:-1\" \/>\n<link rel=\"canonical\" href=\"https:\/\/uvethotels.com\/cazustohotel\/venezia\/\" \/>\n<meta property=\"og:locale\" content=\"it_IT\" \/>\n<meta property=\"og:type\" content=\"article\" \/>\n<meta property=\"og:title\" content=\"Venezia - Hotel Ca&#039; Zusto\" \/>\n<meta property=\"og:description\" content=\"Scopri Venezia e prenota un weekend all&#039;Hotel Ca&#039; Zusto nel sestiere di Santa Croce, all\u2019interno di un antico palazzo patrizio del XIV secolo.\" \/>\n<meta property=\"og:url\" content=\"https:\/\/uvethotels.com\/cazustohotel\/venezia\/\" \/>\n<meta property=\"og:site_name\" content=\"Hotel Ca&#039; Zusto - Uvet Hotels\" \/>\n<meta property=\"article:publisher\" content=\"https:\/\/www.facebook.com\/cazustovenezia\/\" \/>\n<meta property=\"article:modified_time\" content=\"2025-10-13T14:18:57+00:00\" \/>\n<meta name=\"twitter:card\" content=\"summary_large_image\" \/>\n<meta name=\"twitter:label1\" content=\"Tempo di lettura stimato\" \/>\n\t<meta name=\"twitter:data1\" content=\"3 minuti\" \/>\n<script type=\"application\/ld+json\" class=\"yoast-schema-graph\">{\"@context\":\"https:\\\/\\\/schema.org\",\"@graph\":[{\"@type\":\"WebPage\",\"@id\":\"https:\\\/\\\/uvethotels.com\\\/cazustohotel\\\/venezia\\\/\",\"url\":\"https:\\\/\\\/uvethotels.com\\\/cazustohotel\\\/venezia\\\/\",\"name\":\"Venezia - Hotel Ca' Zusto\",\"isPartOf\":{\"@id\":\"https:\\\/\\\/uvethotels.com\\\/cazustohotel\\\/#website\"},\"datePublished\":\"2023-10-21T21:36:46+00:00\",\"dateModified\":\"2025-10-13T14:18:57+00:00\",\"description\":\"Scopri Venezia e prenota un weekend all'Hotel Ca' Zusto nel sestiere di Santa Croce, all\u2019interno di un antico palazzo patrizio del XIV secolo.\",\"breadcrumb\":{\"@id\":\"https:\\\/\\\/uvethotels.com\\\/cazustohotel\\\/venezia\\\/#breadcrumb\"},\"inLanguage\":\"it-IT\",\"potentialAction\":[{\"@type\":\"ReadAction\",\"target\":[\"https:\\\/\\\/uvethotels.com\\\/cazustohotel\\\/venezia\\\/\"]}]},{\"@type\":\"BreadcrumbList\",\"@id\":\"https:\\\/\\\/uvethotels.com\\\/cazustohotel\\\/venezia\\\/#breadcrumb\",\"itemListElement\":[{\"@type\":\"ListItem\",\"position\":1,\"name\":\"Home\",\"item\":\"https:\\\/\\\/uvethotels.com\\\/cazustohotel\\\/\"},{\"@type\":\"ListItem\",\"position\":2,\"name\":\"Venezia\"}]},{\"@type\":\"WebSite\",\"@id\":\"https:\\\/\\\/uvethotels.com\\\/cazustohotel\\\/#website\",\"url\":\"https:\\\/\\\/uvethotels.com\\\/cazustohotel\\\/\",\"name\":\"Hotel Ca' Zusto - Uvet Hotels\",\"description\":\"\",\"publisher\":{\"@id\":\"https:\\\/\\\/uvethotels.com\\\/cazustohotel\\\/#organization\"},\"potentialAction\":[{\"@type\":\"SearchAction\",\"target\":{\"@type\":\"EntryPoint\",\"urlTemplate\":\"https:\\\/\\\/uvethotels.com\\\/cazustohotel\\\/?s={search_term_string}\"},\"query-input\":{\"@type\":\"PropertyValueSpecification\",\"valueRequired\":true,\"valueName\":\"search_term_string\"}}],\"inLanguage\":\"it-IT\"},{\"@type\":\"Organization\",\"@id\":\"https:\\\/\\\/uvethotels.com\\\/cazustohotel\\\/#organization\",\"name\":\"Hotel Ca' Zusto - Uvet Hotels\",\"url\":\"https:\\\/\\\/uvethotels.com\\\/cazustohotel\\\/\",\"logo\":{\"@type\":\"ImageObject\",\"inLanguage\":\"it-IT\",\"@id\":\"https:\\\/\\\/uvethotels.com\\\/cazustohotel\\\/#\\\/schema\\\/logo\\\/image\\\/\",\"url\":\"https:\\\/\\\/uvethotels.com\\\/cazustohotel\\\/wp-content\\\/uploads\\\/sites\\\/7\\\/2025\\\/03\\\/UHC_logo_verticale_1200x1200.jpg\",\"contentUrl\":\"https:\\\/\\\/uvethotels.com\\\/cazustohotel\\\/wp-content\\\/uploads\\\/sites\\\/7\\\/2025\\\/03\\\/UHC_logo_verticale_1200x1200.jpg\",\"width\":1200,\"height\":1200,\"caption\":\"Hotel Ca' Zusto - Uvet Hotels\"},\"image\":{\"@id\":\"https:\\\/\\\/uvethotels.com\\\/cazustohotel\\\/#\\\/schema\\\/logo\\\/image\\\/\"},\"sameAs\":[\"https:\\\/\\\/www.facebook.com\\\/cazustovenezia\\\/\",\"https:\\\/\\\/www.instagram.com\\\/hotel_cazusto\\\/\"]}]}<\/script>\n<!-- \/ Yoast SEO plugin. -->","yoast_head_json":{"title":"Venezia - Hotel Ca' Zusto","description":"Scopri Venezia e prenota un weekend all'Hotel Ca' Zusto nel sestiere di Santa Croce, all\u2019interno di un antico palazzo patrizio del XIV secolo.","robots":{"index":"index","follow":"follow","max-snippet":"max-snippet:-1","max-image-preview":"max-image-preview:large","max-video-preview":"max-video-preview:-1"},"canonical":"https:\/\/uvethotels.com\/cazustohotel\/venezia\/","og_locale":"it_IT","og_type":"article","og_title":"Venezia - Hotel Ca' Zusto","og_description":"Scopri Venezia e prenota un weekend all'Hotel Ca' Zusto nel sestiere di Santa Croce, all\u2019interno di un antico palazzo patrizio del XIV secolo.","og_url":"https:\/\/uvethotels.com\/cazustohotel\/venezia\/","og_site_name":"Hotel Ca&#039; Zusto - Uvet Hotels","article_publisher":"https:\/\/www.facebook.com\/cazustovenezia\/","article_modified_time":"2025-10-13T14:18:57+00:00","twitter_card":"summary_large_image","twitter_misc":{"Tempo di lettura stimato":"3 minuti"},"schema":{"@context":"https:\/\/schema.org","@graph":[{"@type":"WebPage","@id":"https:\/\/uvethotels.com\/cazustohotel\/venezia\/","url":"https:\/\/uvethotels.com\/cazustohotel\/venezia\/","name":"Venezia - Hotel Ca' Zusto","isPartOf":{"@id":"https:\/\/uvethotels.com\/cazustohotel\/#website"},"datePublished":"2023-10-21T21:36:46+00:00","dateModified":"2025-10-13T14:18:57+00:00","description":"Scopri Venezia e prenota un weekend all'Hotel Ca' Zusto nel sestiere di Santa Croce, all\u2019interno di un antico palazzo patrizio del XIV secolo.","breadcrumb":{"@id":"https:\/\/uvethotels.com\/cazustohotel\/venezia\/#breadcrumb"},"inLanguage":"it-IT","potentialAction":[{"@type":"ReadAction","target":["https:\/\/uvethotels.com\/cazustohotel\/venezia\/"]}]},{"@type":"BreadcrumbList","@id":"https:\/\/uvethotels.com\/cazustohotel\/venezia\/#breadcrumb","itemListElement":[{"@type":"ListItem","position":1,"name":"Home","item":"https:\/\/uvethotels.com\/cazustohotel\/"},{"@type":"ListItem","position":2,"name":"Venezia"}]},{"@type":"WebSite","@id":"https:\/\/uvethotels.com\/cazustohotel\/#website","url":"https:\/\/uvethotels.com\/cazustohotel\/","name":"Hotel Ca' Zusto - Uvet Hotels","description":"","publisher":{"@id":"https:\/\/uvethotels.com\/cazustohotel\/#organization"},"potentialAction":[{"@type":"SearchAction","target":{"@type":"EntryPoint","urlTemplate":"https:\/\/uvethotels.com\/cazustohotel\/?s={search_term_string}"},"query-input":{"@type":"PropertyValueSpecification","valueRequired":true,"valueName":"search_term_string"}}],"inLanguage":"it-IT"},{"@type":"Organization","@id":"https:\/\/uvethotels.com\/cazustohotel\/#organization","name":"Hotel Ca' Zusto - Uvet Hotels","url":"https:\/\/uvethotels.com\/cazustohotel\/","logo":{"@type":"ImageObject","inLanguage":"it-IT","@id":"https:\/\/uvethotels.com\/cazustohotel\/#\/schema\/logo\/image\/","url":"https:\/\/uvethotels.com\/cazustohotel\/wp-content\/uploads\/sites\/7\/2025\/03\/UHC_logo_verticale_1200x1200.jpg","contentUrl":"https:\/\/uvethotels.com\/cazustohotel\/wp-content\/uploads\/sites\/7\/2025\/03\/UHC_logo_verticale_1200x1200.jpg","width":1200,"height":1200,"caption":"Hotel Ca' Zusto - Uvet Hotels"},"image":{"@id":"https:\/\/uvethotels.com\/cazustohotel\/#\/schema\/logo\/image\/"},"sameAs":["https:\/\/www.facebook.com\/cazustovenezia\/","https:\/\/www.instagram.com\/hotel_cazusto\/"]}]}},"_links":{"self":[{"href":"https:\/\/uvethotels.com\/cazustohotel\/wp-json\/wp\/v2\/pages\/714","targetHints":{"allow":["GET"]}}],"collection":[{"href":"https:\/\/uvethotels.com\/cazustohotel\/wp-json\/wp\/v2\/pages"}],"about":[{"href":"https:\/\/uvethotels.com\/cazustohotel\/wp-json\/wp\/v2\/types\/page"}],"author":[{"embeddable":true,"href":"https:\/\/uvethotels.com\/cazustohotel\/wp-json\/wp\/v2\/users\/1"}],"replies":[{"embeddable":true,"href":"https:\/\/uvethotels.com\/cazustohotel\/wp-json\/wp\/v2\/comments?post=714"}],"version-history":[{"count":121,"href":"https:\/\/uvethotels.com\/cazustohotel\/wp-json\/wp\/v2\/pages\/714\/revisions"}],"predecessor-version":[{"id":5188,"href":"https:\/\/uvethotels.com\/cazustohotel\/wp-json\/wp\/v2\/pages\/714\/revisions\/5188"}],"wp:attachment":[{"href":"https:\/\/uvethotels.com\/cazustohotel\/wp-json\/wp\/v2\/media?parent=714"}],"curies":[{"name":"wp","href":"https:\/\/api.w.org\/{rel}","templated":true}]}}