{"id":5367,"date":"2024-11-29T09:42:11","date_gmt":"2024-11-29T08:42:11","guid":{"rendered":"https:\/\/uvethc.com\/palumbalzahotel\/?page_id=5367"},"modified":"2026-04-28T12:11:35","modified_gmt":"2026-04-28T10:11:35","slug":"servizi","status":"publish","type":"page","link":"https:\/\/uvethotels.com\/gangehiresort\/servizi\/","title":{"rendered":"Servizi"},"content":{"rendered":"\t\t<div data-elementor-type=\"wp-page\" data-elementor-id=\"5367\" class=\"elementor elementor-5367\" data-elementor-post-type=\"page\">\n\t\t\t\t<div class=\"elementor-element elementor-element-61ab61ed e-flex e-con-boxed e-con e-parent\" data-id=\"61ab61ed\" data-element_type=\"container\" data-e-type=\"container\" data-settings=\"{&quot;background_background&quot;:&quot;classic&quot;}\">\n\t\t\t\t\t<div class=\"e-con-inner\">\n\t\t\t\t<div class=\"elementor-element elementor-element-79a7c15 elementor-widget elementor-widget-heading\" data-id=\"79a7c15\" data-element_type=\"widget\" data-e-type=\"widget\" data-widget_type=\"heading.default\">\n\t\t\t\t<div class=\"elementor-widget-container\">\n\t\t\t\t\t<h2 class=\"elementor-heading-title elementor-size-default\">Servizi<\/h2>\t\t\t\t<\/div>\n\t\t\t\t<\/div>\n\t\t\t\t\t<\/div>\n\t\t\t\t<\/div>\n\t\t<div class=\"elementor-element elementor-element-133ff85 main-div e-flex e-con-boxed e-con e-parent\" data-id=\"133ff85\" data-element_type=\"container\" data-e-type=\"container\">\n\t\t\t\t\t<div class=\"e-con-inner\">\n\t\t<div class=\"elementor-element elementor-element-2b86b0b e-con-full e-flex e-con e-child\" data-id=\"2b86b0b\" data-element_type=\"container\" data-e-type=\"container\" data-settings=\"{&quot;background_background&quot;:&quot;classic&quot;}\">\n\t\t\t\t<\/div>\n\t\t<div class=\"elementor-element elementor-element-fa7c998 e-con-full e-transform e-flex e-con e-child\" data-id=\"fa7c998\" data-element_type=\"container\" data-e-type=\"container\" data-settings=\"{&quot;background_background&quot;:&quot;classic&quot;,&quot;_transform_translateX_effect_hover&quot;:{&quot;unit&quot;:&quot;px&quot;,&quot;size&quot;:5,&quot;sizes&quot;:[]},&quot;_transform_translateX_effect_hover_tablet&quot;:{&quot;unit&quot;:&quot;px&quot;,&quot;size&quot;:&quot;&quot;,&quot;sizes&quot;:[]},&quot;_transform_translateX_effect_hover_mobile&quot;:{&quot;unit&quot;:&quot;px&quot;,&quot;size&quot;:&quot;&quot;,&quot;sizes&quot;:[]},&quot;_transform_translateY_effect_hover&quot;:{&quot;unit&quot;:&quot;px&quot;,&quot;size&quot;:&quot;&quot;,&quot;sizes&quot;:[]},&quot;_transform_translateY_effect_hover_tablet&quot;:{&quot;unit&quot;:&quot;px&quot;,&quot;size&quot;:&quot;&quot;,&quot;sizes&quot;:[]},&quot;_transform_translateY_effect_hover_mobile&quot;:{&quot;unit&quot;:&quot;px&quot;,&quot;size&quot;:&quot;&quot;,&quot;sizes&quot;:[]}}\">\n\t\t\t\t<div class=\"elementor-element elementor-element-1b109d3 elementor-widget elementor-widget-heading\" data-id=\"1b109d3\" data-element_type=\"widget\" data-e-type=\"widget\" data-widget_type=\"heading.default\">\n\t\t\t\t<div class=\"elementor-widget-container\">\n\t\t\t\t\t<h2 class=\"elementor-heading-title elementor-size-default\">Wellness &amp; Spa<\/h2>\t\t\t\t<\/div>\n\t\t\t\t<\/div>\n\t\t\t\t<div class=\"elementor-element elementor-element-c67cf24 elementor-widget-divider--view-line elementor-widget elementor-widget-divider\" data-id=\"c67cf24\" data-element_type=\"widget\" data-e-type=\"widget\" data-widget_type=\"divider.default\">\n\t\t\t\t<div class=\"elementor-widget-container\">\n\t\t\t\t\t\t\t<div class=\"elementor-divider\">\n\t\t\t<span class=\"elementor-divider-separator\">\n\t\t\t\t\t\t<\/span>\n\t\t<\/div>\n\t\t\t\t\t\t<\/div>\n\t\t\t\t<\/div>\n\t\t\t\t<div class=\"elementor-element elementor-element-3327b3a elementor-widget elementor-widget-text-editor\" data-id=\"3327b3a\" data-element_type=\"widget\" data-e-type=\"widget\" data-widget_type=\"text-editor.default\">\n\t\t\t\t<div class=\"elementor-widget-container\">\n\t\t\t\t\t\t\t\t\t<p>Nel nostro resort, il benessere \u00e8 un&#8217;esperienza senza confini, pensata per rigenerare corpo e mente. Ogni trattamento \u00e8 pensato per offrire momenti di puro relax, grazie alla combinazione di tecniche esperte e prodotti di alta qualit\u00e0. Concediti una pausa esclusiva e lasciati coccolare dalle mani esperte, per riscoprire l&#8217;armonia e il piacere di sentirti in perfetta sintonia con te stesso.<\/p><p>Trattamenti offerti:<\/p><p>&#8211; Massaggi rilassanti e drenanti<br \/>&#8211; Trattamenti corpo personalizzati con argilla, sale nero e oli essenziali<br \/>&#8211; Trattamenti viso detox e alla Vitamina C<br \/>&#8211; Manicure, pedicure, scrub ed epilazioni<\/p>\t\t\t\t\t\t\t\t<\/div>\n\t\t\t\t<\/div>\n\t\t\t\t<div class=\"elementor-element elementor-element-43beac2 btn-discover elementor-hidden-desktop elementor-hidden-tablet elementor-hidden-mobile elementor-widget elementor-widget-button\" data-id=\"43beac2\" data-element_type=\"widget\" data-e-type=\"widget\" data-widget_type=\"button.default\">\n\t\t\t\t<div class=\"elementor-widget-container\">\n\t\t\t\t\t\t\t\t\t<div class=\"elementor-button-wrapper\">\n\t\t\t\t\t<a class=\"elementor-button elementor-button-link elementor-size-sm\" href=\"https:\/\/uvethotels.com\/gangehiresort\/camere\/\">\n\t\t\t\t\t\t<span class=\"elementor-button-content-wrapper\">\n\t\t\t\t\t\t\t\t\t<span class=\"elementor-button-text\">guarda tutte le camere<\/span>\n\t\t\t\t\t<\/span>\n\t\t\t\t\t<\/a>\n\t\t\t\t<\/div>\n\t\t\t\t\t\t\t\t<\/div>\n\t\t\t\t<\/div>\n\t\t\t\t<\/div>\n\t\t\t\t\t<\/div>\n\t\t\t\t<\/div>\n\t\t<div class=\"elementor-element elementor-element-9c9bfa2 main-div2 e-flex e-con-boxed e-con e-parent\" data-id=\"9c9bfa2\" data-element_type=\"container\" data-e-type=\"container\">\n\t\t\t\t\t<div class=\"e-con-inner\">\n\t\t<div class=\"elementor-element elementor-element-dc615e6 e-con-full e-transform e-flex e-con e-child\" data-id=\"dc615e6\" data-element_type=\"container\" data-e-type=\"container\" data-settings=\"{&quot;background_background&quot;:&quot;classic&quot;,&quot;_transform_translateX_effect_hover&quot;:{&quot;unit&quot;:&quot;px&quot;,&quot;size&quot;:5,&quot;sizes&quot;:[]},&quot;_transform_translateX_effect_hover_tablet&quot;:{&quot;unit&quot;:&quot;px&quot;,&quot;size&quot;:&quot;&quot;,&quot;sizes&quot;:[]},&quot;_transform_translateX_effect_hover_mobile&quot;:{&quot;unit&quot;:&quot;px&quot;,&quot;size&quot;:&quot;&quot;,&quot;sizes&quot;:[]},&quot;_transform_translateY_effect_hover&quot;:{&quot;unit&quot;:&quot;px&quot;,&quot;size&quot;:&quot;&quot;,&quot;sizes&quot;:[]},&quot;_transform_translateY_effect_hover_tablet&quot;:{&quot;unit&quot;:&quot;px&quot;,&quot;size&quot;:&quot;&quot;,&quot;sizes&quot;:[]},&quot;_transform_translateY_effect_hover_mobile&quot;:{&quot;unit&quot;:&quot;px&quot;,&quot;size&quot;:&quot;&quot;,&quot;sizes&quot;:[]}}\">\n\t\t\t\t<div class=\"elementor-element elementor-element-09e3c74 elementor-widget elementor-widget-heading\" data-id=\"09e3c74\" data-element_type=\"widget\" data-e-type=\"widget\" data-widget_type=\"heading.default\">\n\t\t\t\t<div class=\"elementor-widget-container\">\n\t\t\t\t\t<h2 class=\"elementor-heading-title elementor-size-default\">Palestra<\/h2>\t\t\t\t<\/div>\n\t\t\t\t<\/div>\n\t\t\t\t<div class=\"elementor-element elementor-element-f0c0ec4 elementor-widget-divider--view-line elementor-widget elementor-widget-divider\" data-id=\"f0c0ec4\" data-element_type=\"widget\" data-e-type=\"widget\" data-widget_type=\"divider.default\">\n\t\t\t\t<div class=\"elementor-widget-container\">\n\t\t\t\t\t\t\t<div class=\"elementor-divider\">\n\t\t\t<span class=\"elementor-divider-separator\">\n\t\t\t\t\t\t<\/span>\n\t\t<\/div>\n\t\t\t\t\t\t<\/div>\n\t\t\t\t<\/div>\n\t\t\t\t<div class=\"elementor-element elementor-element-cfe74c6 elementor-widget elementor-widget-text-editor\" data-id=\"cfe74c6\" data-element_type=\"widget\" data-e-type=\"widget\" data-widget_type=\"text-editor.default\">\n\t\t\t\t<div class=\"elementor-widget-container\">\n\t\t\t\t\t\t\t\t\t<p>Per chi desidera allenarsi anche in vacanza, offriamo una piccola palestra attrezzata con macchinari moderni, perfetta per allenamenti mirati. Il luogo ideale per soddisfare ogni esigenza fitness, in un ambiente tranquillo e stimolante. Un&#8217;opzione perfetta per integrare il relax con l&#8217;attivit\u00e0 fisica.<\/p>\t\t\t\t\t\t\t\t<\/div>\n\t\t\t\t<\/div>\n\t\t\t\t<div class=\"elementor-element elementor-element-d536f71 btn-discover2 elementor-hidden-desktop elementor-hidden-tablet elementor-hidden-mobile elementor-widget elementor-widget-button\" data-id=\"d536f71\" data-element_type=\"widget\" data-e-type=\"widget\" data-widget_type=\"button.default\">\n\t\t\t\t<div class=\"elementor-widget-container\">\n\t\t\t\t\t\t\t\t\t<div class=\"elementor-button-wrapper\">\n\t\t\t\t\t<a class=\"elementor-button elementor-button-link elementor-size-sm\" href=\"https:\/\/uvethotels.com\/gangehiresort\/camere\/\">\n\t\t\t\t\t\t<span class=\"elementor-button-content-wrapper\">\n\t\t\t\t\t\t\t\t\t<span class=\"elementor-button-text\">guarda tutte le camere<\/span>\n\t\t\t\t\t<\/span>\n\t\t\t\t\t<\/a>\n\t\t\t\t<\/div>\n\t\t\t\t\t\t\t\t<\/div>\n\t\t\t\t<\/div>\n\t\t\t\t<\/div>\n\t\t<div class=\"elementor-element elementor-element-7329fdc e-con-full e-flex e-con e-child\" data-id=\"7329fdc\" data-element_type=\"container\" data-e-type=\"container\" data-settings=\"{&quot;background_background&quot;:&quot;classic&quot;}\">\n\t\t\t\t<\/div>\n\t\t\t\t\t<\/div>\n\t\t\t\t<\/div>\n\t\t<div class=\"elementor-element elementor-element-21f5d9d main-div3 e-flex e-con-boxed e-con e-parent\" data-id=\"21f5d9d\" data-element_type=\"container\" data-e-type=\"container\">\n\t\t\t\t\t<div class=\"e-con-inner\">\n\t\t<div class=\"elementor-element elementor-element-18169eb e-con-full e-flex e-con e-child\" data-id=\"18169eb\" data-element_type=\"container\" data-e-type=\"container\" data-settings=\"{&quot;background_background&quot;:&quot;classic&quot;}\">\n\t\t\t\t<\/div>\n\t\t<div class=\"elementor-element elementor-element-a165233 e-con-full e-transform e-flex e-con e-child\" data-id=\"a165233\" data-element_type=\"container\" data-e-type=\"container\" data-settings=\"{&quot;background_background&quot;:&quot;classic&quot;,&quot;_transform_translateX_effect_hover&quot;:{&quot;unit&quot;:&quot;px&quot;,&quot;size&quot;:5,&quot;sizes&quot;:[]},&quot;_transform_translateX_effect_hover_tablet&quot;:{&quot;unit&quot;:&quot;px&quot;,&quot;size&quot;:&quot;&quot;,&quot;sizes&quot;:[]},&quot;_transform_translateX_effect_hover_mobile&quot;:{&quot;unit&quot;:&quot;px&quot;,&quot;size&quot;:&quot;&quot;,&quot;sizes&quot;:[]},&quot;_transform_translateY_effect_hover&quot;:{&quot;unit&quot;:&quot;px&quot;,&quot;size&quot;:&quot;&quot;,&quot;sizes&quot;:[]},&quot;_transform_translateY_effect_hover_tablet&quot;:{&quot;unit&quot;:&quot;px&quot;,&quot;size&quot;:&quot;&quot;,&quot;sizes&quot;:[]},&quot;_transform_translateY_effect_hover_mobile&quot;:{&quot;unit&quot;:&quot;px&quot;,&quot;size&quot;:&quot;&quot;,&quot;sizes&quot;:[]}}\">\n\t\t\t\t<div class=\"elementor-element elementor-element-b00eee1 elementor-widget elementor-widget-heading\" data-id=\"b00eee1\" data-element_type=\"widget\" data-e-type=\"widget\" data-widget_type=\"heading.default\">\n\t\t\t\t<div class=\"elementor-widget-container\">\n\t\t\t\t\t<h2 class=\"elementor-heading-title elementor-size-default\">Diving Center<\/h2>\t\t\t\t<\/div>\n\t\t\t\t<\/div>\n\t\t\t\t<div class=\"elementor-element elementor-element-bb4b015 elementor-widget-divider--view-line elementor-widget elementor-widget-divider\" data-id=\"bb4b015\" data-element_type=\"widget\" data-e-type=\"widget\" data-widget_type=\"divider.default\">\n\t\t\t\t<div class=\"elementor-widget-container\">\n\t\t\t\t\t\t\t<div class=\"elementor-divider\">\n\t\t\t<span class=\"elementor-divider-separator\">\n\t\t\t\t\t\t<\/span>\n\t\t<\/div>\n\t\t\t\t\t\t<\/div>\n\t\t\t\t<\/div>\n\t\t\t\t<div class=\"elementor-element elementor-element-dce673a elementor-widget elementor-widget-text-editor\" data-id=\"dce673a\" data-element_type=\"widget\" data-e-type=\"widget\" data-widget_type=\"text-editor.default\">\n\t\t\t\t<div class=\"elementor-widget-container\">\n\t\t\t\t\t\t\t\t\t<p>Grazie alla sua posizione privilegiata nell\u2019Atollo di Ari Nord, il Gangehi Island Resort \u00e8 il punto di partenza ideale per esplorare i numerosi siti di immersione, adatti sia ai principianti che ai subacquei pi\u00f9 esperti. Il nostro Dive Center SNSI, PADI e SSI \u00e8 un centro altamente certificato, che assicura la massima qualit\u00e0 e professionalit\u00e0, con istruttori multilingue pronti ad accompagnarti in ogni avventura subacquea.<\/p>\t\t\t\t\t\t\t\t<\/div>\n\t\t\t\t<\/div>\n\t\t\t\t<div class=\"elementor-element elementor-element-0a96960 btn-discover3 elementor-widget elementor-widget-button\" data-id=\"0a96960\" data-element_type=\"widget\" data-e-type=\"widget\" data-widget_type=\"button.default\">\n\t\t\t\t<div class=\"elementor-widget-container\">\n\t\t\t\t\t\t\t\t\t<div class=\"elementor-button-wrapper\">\n\t\t\t\t\t<a class=\"elementor-button elementor-button-link elementor-size-sm\" href=\"https:\/\/uvethotels.com\/gangehiresort\/diving-center\/\">\n\t\t\t\t\t\t<span class=\"elementor-button-content-wrapper\">\n\t\t\t\t\t\t\t\t\t<span class=\"elementor-button-text\">scopri il centro<\/span>\n\t\t\t\t\t<\/span>\n\t\t\t\t\t<\/a>\n\t\t\t\t<\/div>\n\t\t\t\t\t\t\t\t<\/div>\n\t\t\t\t<\/div>\n\t\t\t\t<\/div>\n\t\t\t\t\t<\/div>\n\t\t\t\t<\/div>\n\t\t<div class=\"elementor-element elementor-element-6dbdf1e e-flex e-con-boxed e-con e-parent\" data-id=\"6dbdf1e\" data-element_type=\"container\" data-e-type=\"container\" data-settings=\"{&quot;background_background&quot;:&quot;classic&quot;}\">\n\t\t\t\t\t<div class=\"e-con-inner\">\n\t\t\t\t<div class=\"elementor-element elementor-element-0f8ebd8 elementor-align-center prenota elementor-mobile-align-justify elementor-widget elementor-widget-button\" data-id=\"0f8ebd8\" data-element_type=\"widget\" data-e-type=\"widget\" data-widget_type=\"button.default\">\n\t\t\t\t<div class=\"elementor-widget-container\">\n\t\t\t\t\t\t\t\t\t<div class=\"elementor-button-wrapper\">\n\t\t\t\t\t<a class=\"elementor-button elementor-button-link elementor-size-sm elementor-animation-sink\" href=\"https:\/\/reservations.verticalbooking.com\/premium\/index.html?id_stile=22480&#038;lingua_int=ita&#038;id_albergo=26933&#038;dc=4578\" target=\"_blank\">\n\t\t\t\t\t\t<span class=\"elementor-button-content-wrapper\">\n\t\t\t\t\t\t\t\t\t<span class=\"elementor-button-text\">verifica disponibilit\u00e0<\/span>\n\t\t\t\t\t<\/span>\n\t\t\t\t\t<\/a>\n\t\t\t\t<\/div>\n\t\t\t\t\t\t\t\t<\/div>\n\t\t\t\t<\/div>\n\t\t\t\t\t<\/div>\n\t\t\t\t<\/div>\n\t\t\t\t<\/div>\n\t\t","protected":false},"excerpt":{"rendered":"<p>Servizi Wellness &amp; Spa Nel nostro resort, il benessere \u00e8 un&#8217;esperienza senza confini, pensata per rigenerare corpo e mente. Ogni trattamento \u00e8 pensato per offrire momenti di puro relax, grazie alla combinazione di tecniche esperte e prodotti di alta qualit\u00e0. Concediti una pausa esclusiva e lasciati coccolare dalle mani esperte, per riscoprire l&#8217;armonia e il [&hellip;]<\/p>\n","protected":false},"author":1,"featured_media":0,"parent":0,"menu_order":0,"comment_status":"closed","ping_status":"closed","template":"","meta":{"_acf_changed":false,"footnotes":""},"class_list":["post-5367","page","type-page","status-publish","hentry"],"acf":[],"yoast_head":"<!-- This site is optimized with the Yoast SEO plugin v27.5 - https:\/\/yoast.com\/product\/yoast-seo-wordpress\/ -->\n<title>Servizi - Gangehi Island Resort &amp; Spa - Maldive<\/title>\n<meta name=\"description\" content=\"Il nostro resort alle Maldive all inclusive offre servizi esclusivi tra cui una palestra, trattamenti wellness &amp; spa e un centro immersioni certificato.\" \/>\n<meta name=\"robots\" content=\"index, follow, max-snippet:-1, max-image-preview:large, max-video-preview:-1\" \/>\n<link rel=\"canonical\" href=\"https:\/\/uvethotels.com\/gangehiresort\/servizi\/\" \/>\n<meta property=\"og:locale\" content=\"it_IT\" \/>\n<meta property=\"og:type\" content=\"article\" \/>\n<meta property=\"og:title\" content=\"Servizi - Gangehi Island Resort &amp; Spa - Maldive\" \/>\n<meta property=\"og:description\" content=\"Il nostro resort alle Maldive all inclusive offre servizi esclusivi tra cui una palestra, trattamenti wellness &amp; spa e un centro immersioni certificato.\" \/>\n<meta property=\"og:url\" content=\"https:\/\/uvethotels.com\/gangehiresort\/servizi\/\" \/>\n<meta property=\"og:site_name\" content=\"Gangehi Resort - Uvet Hotels\" \/>\n<meta property=\"article:publisher\" content=\"https:\/\/www.facebook.com\/gangehiislandresort\/\" \/>\n<meta property=\"article:modified_time\" content=\"2026-04-28T10:11:35+00:00\" \/>\n<meta name=\"twitter:card\" content=\"summary_large_image\" \/>\n<meta name=\"twitter:label1\" content=\"Tempo di lettura stimato\" \/>\n\t<meta name=\"twitter:data1\" content=\"2 minuti\" \/>\n<script type=\"application\/ld+json\" class=\"yoast-schema-graph\">{\"@context\":\"https:\\\/\\\/schema.org\",\"@graph\":[{\"@type\":\"WebPage\",\"@id\":\"https:\\\/\\\/uvethotels.com\\\/gangehiresort\\\/servizi\\\/\",\"url\":\"https:\\\/\\\/uvethotels.com\\\/gangehiresort\\\/servizi\\\/\",\"name\":\"Servizi - Gangehi Island Resort & Spa - Maldive\",\"isPartOf\":{\"@id\":\"https:\\\/\\\/uvethotels.com\\\/gangehiresort\\\/#website\"},\"datePublished\":\"2024-11-29T08:42:11+00:00\",\"dateModified\":\"2026-04-28T10:11:35+00:00\",\"description\":\"Il nostro resort alle Maldive all inclusive offre servizi esclusivi tra cui una palestra, trattamenti wellness & spa e un centro immersioni certificato.\",\"breadcrumb\":{\"@id\":\"https:\\\/\\\/uvethotels.com\\\/gangehiresort\\\/servizi\\\/#breadcrumb\"},\"inLanguage\":\"it-IT\",\"potentialAction\":[{\"@type\":\"ReadAction\",\"target\":[\"https:\\\/\\\/uvethotels.com\\\/gangehiresort\\\/servizi\\\/\"]}]},{\"@type\":\"BreadcrumbList\",\"@id\":\"https:\\\/\\\/uvethotels.com\\\/gangehiresort\\\/servizi\\\/#breadcrumb\",\"itemListElement\":[{\"@type\":\"ListItem\",\"position\":1,\"name\":\"Home\",\"item\":\"https:\\\/\\\/uvethotels.com\\\/gangehiresort\\\/\"},{\"@type\":\"ListItem\",\"position\":2,\"name\":\"Servizi\"}]},{\"@type\":\"WebSite\",\"@id\":\"https:\\\/\\\/uvethotels.com\\\/gangehiresort\\\/#website\",\"url\":\"https:\\\/\\\/uvethotels.com\\\/gangehiresort\\\/\",\"name\":\"Gangehi Resort - Uvet Hotels\",\"description\":\"\",\"publisher\":{\"@id\":\"https:\\\/\\\/uvethotels.com\\\/gangehiresort\\\/#organization\"},\"potentialAction\":[{\"@type\":\"SearchAction\",\"target\":{\"@type\":\"EntryPoint\",\"urlTemplate\":\"https:\\\/\\\/uvethotels.com\\\/gangehiresort\\\/?s={search_term_string}\"},\"query-input\":{\"@type\":\"PropertyValueSpecification\",\"valueRequired\":true,\"valueName\":\"search_term_string\"}}],\"inLanguage\":\"it-IT\"},{\"@type\":\"Organization\",\"@id\":\"https:\\\/\\\/uvethotels.com\\\/gangehiresort\\\/#organization\",\"name\":\"Ganghei Island Resort & Spa - Uvet Hotels\",\"url\":\"https:\\\/\\\/uvethotels.com\\\/gangehiresort\\\/\",\"logo\":{\"@type\":\"ImageObject\",\"inLanguage\":\"it-IT\",\"@id\":\"https:\\\/\\\/uvethotels.com\\\/gangehiresort\\\/#\\\/schema\\\/logo\\\/image\\\/\",\"url\":\"https:\\\/\\\/uvethotels.com\\\/gangehiresort\\\/wp-content\\\/uploads\\\/sites\\\/14\\\/2025\\\/03\\\/UHC_logo_verticale_1200x1200.jpg\",\"contentUrl\":\"https:\\\/\\\/uvethotels.com\\\/gangehiresort\\\/wp-content\\\/uploads\\\/sites\\\/14\\\/2025\\\/03\\\/UHC_logo_verticale_1200x1200.jpg\",\"width\":1200,\"height\":1200,\"caption\":\"Ganghei Island Resort & Spa - Uvet Hotels\"},\"image\":{\"@id\":\"https:\\\/\\\/uvethotels.com\\\/gangehiresort\\\/#\\\/schema\\\/logo\\\/image\\\/\"},\"sameAs\":[\"https:\\\/\\\/www.facebook.com\\\/gangehiislandresort\\\/\",\"https:\\\/\\\/www.instagram.com\\\/gangehi_islandresort\\\/\"]}]}<\/script>\n<!-- \/ Yoast SEO plugin. -->","yoast_head_json":{"title":"Servizi - Gangehi Island Resort & Spa - Maldive","description":"Il nostro resort alle Maldive all inclusive offre servizi esclusivi tra cui una palestra, trattamenti wellness & spa e un centro immersioni certificato.","robots":{"index":"index","follow":"follow","max-snippet":"max-snippet:-1","max-image-preview":"max-image-preview:large","max-video-preview":"max-video-preview:-1"},"canonical":"https:\/\/uvethotels.com\/gangehiresort\/servizi\/","og_locale":"it_IT","og_type":"article","og_title":"Servizi - Gangehi Island Resort & Spa - Maldive","og_description":"Il nostro resort alle Maldive all inclusive offre servizi esclusivi tra cui una palestra, trattamenti wellness & spa e un centro immersioni certificato.","og_url":"https:\/\/uvethotels.com\/gangehiresort\/servizi\/","og_site_name":"Gangehi Resort - Uvet Hotels","article_publisher":"https:\/\/www.facebook.com\/gangehiislandresort\/","article_modified_time":"2026-04-28T10:11:35+00:00","twitter_card":"summary_large_image","twitter_misc":{"Tempo di lettura stimato":"2 minuti"},"schema":{"@context":"https:\/\/schema.org","@graph":[{"@type":"WebPage","@id":"https:\/\/uvethotels.com\/gangehiresort\/servizi\/","url":"https:\/\/uvethotels.com\/gangehiresort\/servizi\/","name":"Servizi - Gangehi Island Resort & Spa - Maldive","isPartOf":{"@id":"https:\/\/uvethotels.com\/gangehiresort\/#website"},"datePublished":"2024-11-29T08:42:11+00:00","dateModified":"2026-04-28T10:11:35+00:00","description":"Il nostro resort alle Maldive all inclusive offre servizi esclusivi tra cui una palestra, trattamenti wellness & spa e un centro immersioni certificato.","breadcrumb":{"@id":"https:\/\/uvethotels.com\/gangehiresort\/servizi\/#breadcrumb"},"inLanguage":"it-IT","potentialAction":[{"@type":"ReadAction","target":["https:\/\/uvethotels.com\/gangehiresort\/servizi\/"]}]},{"@type":"BreadcrumbList","@id":"https:\/\/uvethotels.com\/gangehiresort\/servizi\/#breadcrumb","itemListElement":[{"@type":"ListItem","position":1,"name":"Home","item":"https:\/\/uvethotels.com\/gangehiresort\/"},{"@type":"ListItem","position":2,"name":"Servizi"}]},{"@type":"WebSite","@id":"https:\/\/uvethotels.com\/gangehiresort\/#website","url":"https:\/\/uvethotels.com\/gangehiresort\/","name":"Gangehi Resort - Uvet Hotels","description":"","publisher":{"@id":"https:\/\/uvethotels.com\/gangehiresort\/#organization"},"potentialAction":[{"@type":"SearchAction","target":{"@type":"EntryPoint","urlTemplate":"https:\/\/uvethotels.com\/gangehiresort\/?s={search_term_string}"},"query-input":{"@type":"PropertyValueSpecification","valueRequired":true,"valueName":"search_term_string"}}],"inLanguage":"it-IT"},{"@type":"Organization","@id":"https:\/\/uvethotels.com\/gangehiresort\/#organization","name":"Ganghei Island Resort & Spa - Uvet Hotels","url":"https:\/\/uvethotels.com\/gangehiresort\/","logo":{"@type":"ImageObject","inLanguage":"it-IT","@id":"https:\/\/uvethotels.com\/gangehiresort\/#\/schema\/logo\/image\/","url":"https:\/\/uvethotels.com\/gangehiresort\/wp-content\/uploads\/sites\/14\/2025\/03\/UHC_logo_verticale_1200x1200.jpg","contentUrl":"https:\/\/uvethotels.com\/gangehiresort\/wp-content\/uploads\/sites\/14\/2025\/03\/UHC_logo_verticale_1200x1200.jpg","width":1200,"height":1200,"caption":"Ganghei Island Resort & Spa - Uvet Hotels"},"image":{"@id":"https:\/\/uvethotels.com\/gangehiresort\/#\/schema\/logo\/image\/"},"sameAs":["https:\/\/www.facebook.com\/gangehiislandresort\/","https:\/\/www.instagram.com\/gangehi_islandresort\/"]}]}},"_links":{"self":[{"href":"https:\/\/uvethotels.com\/gangehiresort\/wp-json\/wp\/v2\/pages\/5367","targetHints":{"allow":["GET"]}}],"collection":[{"href":"https:\/\/uvethotels.com\/gangehiresort\/wp-json\/wp\/v2\/pages"}],"about":[{"href":"https:\/\/uvethotels.com\/gangehiresort\/wp-json\/wp\/v2\/types\/page"}],"author":[{"embeddable":true,"href":"https:\/\/uvethotels.com\/gangehiresort\/wp-json\/wp\/v2\/users\/1"}],"replies":[{"embeddable":true,"href":"https:\/\/uvethotels.com\/gangehiresort\/wp-json\/wp\/v2\/comments?post=5367"}],"version-history":[{"count":83,"href":"https:\/\/uvethotels.com\/gangehiresort\/wp-json\/wp\/v2\/pages\/5367\/revisions"}],"predecessor-version":[{"id":7721,"href":"https:\/\/uvethotels.com\/gangehiresort\/wp-json\/wp\/v2\/pages\/5367\/revisions\/7721"}],"wp:attachment":[{"href":"https:\/\/uvethotels.com\/gangehiresort\/wp-json\/wp\/v2\/media?parent=5367"}],"curies":[{"name":"wp","href":"https:\/\/api.w.org\/{rel}","templated":true}]}}