{"id":4601,"date":"2024-12-03T11:46:36","date_gmt":"2024-12-03T10:46:36","guid":{"rendered":"https:\/\/uvethc.com\/giudeccahotel\/?page_id=4601"},"modified":"2025-02-13T15:44:19","modified_gmt":"2025-02-13T14:44:19","slug":"visiter-venise","status":"publish","type":"page","link":"https:\/\/uvethotels.com\/giudeccahotel\/fr\/visiter-venise\/","title":{"rendered":"Venise"},"content":{"rendered":"\t\t<div data-elementor-type=\"wp-page\" data-elementor-id=\"4601\" class=\"elementor elementor-4601\" data-elementor-post-type=\"page\">\n\t\t\t\t<div class=\"elementor-element elementor-element-14e42542 e-flex e-con-boxed e-con e-parent\" data-id=\"14e42542\" data-element_type=\"container\" data-e-type=\"container\" data-settings=\"{&quot;background_background&quot;:&quot;classic&quot;}\">\n\t\t\t\t\t<div class=\"e-con-inner\">\n\t\t\t\t<div class=\"elementor-element elementor-element-e6095b2 elementor-widget elementor-widget-heading\" data-id=\"e6095b2\" data-element_type=\"widget\" data-e-type=\"widget\" data-widget_type=\"heading.default\">\n\t\t\t\t<div class=\"elementor-widget-container\">\n\t\t\t\t\t<h2 class=\"elementor-heading-title elementor-size-default\">vivre la venise authentique<\/h2>\t\t\t\t<\/div>\n\t\t\t\t<\/div>\n\t\t\t\t<div class=\"elementor-element elementor-element-a5e4924 elementor-widget elementor-widget-heading\" data-id=\"a5e4924\" data-element_type=\"widget\" data-e-type=\"widget\" data-widget_type=\"heading.default\">\n\t\t\t\t<div class=\"elementor-widget-container\">\n\t\t\t\t\t<h2 class=\"elementor-heading-title elementor-size-default\">Venise<\/h2>\t\t\t\t<\/div>\n\t\t\t\t<\/div>\n\t\t\t\t\t<\/div>\n\t\t\t\t<\/div>\n\t\t<div class=\"elementor-element elementor-element-d67a3d1 e-flex e-con-boxed e-con e-parent\" data-id=\"d67a3d1\" data-element_type=\"container\" data-e-type=\"container\" id=\"about\" data-settings=\"{&quot;background_background&quot;:&quot;classic&quot;}\">\n\t\t\t\t\t<div class=\"e-con-inner\">\n\t\t<div class=\"elementor-element elementor-element-182e28ef e-flex e-con-boxed e-con e-child\" data-id=\"182e28ef\" data-element_type=\"container\" data-e-type=\"container\">\n\t\t\t\t\t<div class=\"e-con-inner\">\n\t\t<div class=\"elementor-element elementor-element-413f2e32 e-con-full e-flex e-con e-child\" data-id=\"413f2e32\" data-element_type=\"container\" data-e-type=\"container\">\n\t\t\t\t<div class=\"elementor-element elementor-element-3bc7878 elementor-widget elementor-widget-heading\" data-id=\"3bc7878\" data-element_type=\"widget\" data-e-type=\"widget\" data-widget_type=\"heading.default\">\n\t\t\t\t<div class=\"elementor-widget-container\">\n\t\t\t\t\t<h2 class=\"elementor-heading-title elementor-size-default\">Une histoire tr\u00e8s ancienne\n<\/h2>\t\t\t\t<\/div>\n\t\t\t\t<\/div>\n\t\t\t\t<div class=\"elementor-element elementor-element-fd9c975 elementor-widget-divider--view-line elementor-widget elementor-widget-divider\" data-id=\"fd9c975\" data-element_type=\"widget\" data-e-type=\"widget\" data-widget_type=\"divider.default\">\n\t\t\t\t<div class=\"elementor-widget-container\">\n\t\t\t\t\t\t\t<div class=\"elementor-divider\">\n\t\t\t<span class=\"elementor-divider-separator\">\n\t\t\t\t\t\t<\/span>\n\t\t<\/div>\n\t\t\t\t\t\t<\/div>\n\t\t\t\t<\/div>\n\t\t\t\t<div class=\"elementor-element elementor-element-32c0725 elementor-widget elementor-widget-text-editor\" data-id=\"32c0725\" data-element_type=\"widget\" data-e-type=\"widget\" data-widget_type=\"text-editor.default\">\n\t\t\t\t<div class=\"elementor-widget-container\">\n\t\t\t\t\t\t\t\t\t<p>H\u00f4tel Giudecca Venice est le point de d\u00e9part id\u00e9al pour d\u00e9couvrir les beaut\u00e9s cach\u00e9es de l\u2019\u00eele du m\u00eame nom, compos\u00e9e de huit \u00eelots mineurs, \u00e0 quelques minutes en bateau du c\u0153ur n\u00e9vralgique de Venise, Place San Marc. Nous nous trouvons dans ce qu\u2019on d\u00e9finit la zone aristocratique de Venise, la zone des salons boh\u00e9miens, des atmosph\u00e8res antiques qui arrivent jusqu\u2019\u00e0 nos jours, et qu\u2019on respire encore.<\/p><p>La superficie relativement r\u00e9duite de la ville de Venise permet de la parcourir \u00e0 pied. La fa\u00e7on la meilleure de la visiter, c\u2019est de se perdre dans ses \u00abcalli\u00bb, ses ponts, ses petits coins et ses \u00e9difices historiques.<br \/>En arrivant \u00e0 Place San Marco, un tour sur le Canal Grande est un must. Il s\u2019agit d\u2019une des \u00abrues\u00bb les plus belles au monde. Pour ceux<\/p>\t\t\t\t\t\t\t\t<\/div>\n\t\t\t\t<\/div>\n\t\t\t\t<\/div>\n\t\t<div class=\"elementor-element elementor-element-3e9de937 e-con-full e-flex e-con e-child\" data-id=\"3e9de937\" data-element_type=\"container\" data-e-type=\"container\" data-settings=\"{&quot;background_background&quot;:&quot;classic&quot;}\">\n\t\t\t\t<\/div>\n\t\t\t\t\t<\/div>\n\t\t\t\t<\/div>\n\t\t\t\t\t<\/div>\n\t\t\t\t<\/div>\n\t\t<div class=\"elementor-element elementor-element-2d64454c e-flex e-con-boxed e-con e-parent\" data-id=\"2d64454c\" data-element_type=\"container\" data-e-type=\"container\" data-settings=\"{&quot;background_background&quot;:&quot;classic&quot;}\">\n\t\t\t\t\t<div class=\"e-con-inner\">\n\t\t<div class=\"elementor-element elementor-element-1d86d02 e-con-full animated-slow bg-blur e-flex elementor-invisible e-con e-child\" data-id=\"1d86d02\" data-element_type=\"container\" data-e-type=\"container\" data-settings=\"{&quot;background_background&quot;:&quot;classic&quot;,&quot;animation&quot;:&quot;fadeIn&quot;}\">\n\t\t\t\t<div class=\"elementor-element elementor-element-ba7b7af elementor-widget elementor-widget-heading\" data-id=\"ba7b7af\" data-element_type=\"widget\" data-e-type=\"widget\" data-widget_type=\"heading.default\">\n\t\t\t\t<div class=\"elementor-widget-container\">\n\t\t\t\t\t<h2 class=\"elementor-heading-title elementor-size-default\">Perdre dans ses \u00abcalli\u00bb, ses ponts, ses petits coins et ses \u00e9difices historiques<\/h2>\t\t\t\t<\/div>\n\t\t\t\t<\/div>\n\t\t\t\t<div class=\"elementor-element elementor-element-f12e49d elementor-widget-divider--view-line elementor-widget elementor-widget-divider\" data-id=\"f12e49d\" data-element_type=\"widget\" data-e-type=\"widget\" data-widget_type=\"divider.default\">\n\t\t\t\t<div class=\"elementor-widget-container\">\n\t\t\t\t\t\t\t<div class=\"elementor-divider\">\n\t\t\t<span class=\"elementor-divider-separator\">\n\t\t\t\t\t\t<\/span>\n\t\t<\/div>\n\t\t\t\t\t\t<\/div>\n\t\t\t\t<\/div>\n\t\t\t\t<div class=\"elementor-element elementor-element-70e769a elementor-widget elementor-widget-text-editor\" data-id=\"70e769a\" data-element_type=\"widget\" data-e-type=\"widget\" data-widget_type=\"text-editor.default\">\n\t\t\t\t<div class=\"elementor-widget-container\">\n\t\t\t\t\t\t\t\t\t<p>Mais Venise ce n\u2019est pas seulement les \u00abgondoles\u00bb et les \u00abamoureux\u00bb. C\u2019est un lieu qui a une histoire tr\u00e8s ancienne, o\u00f9 l\u2019on conserve d\u2019extraordinaires \u0153uvres d\u2019art, et o\u00f9 l\u2019art, la culture et l\u2019architecture sont des rappels pour les visiteurs provenant du monde entier. En dehors de Place San Marco, il faut visiter \u00abLa Scuola Grande di San Rocco\u00bb, avec le cycle le plus vaste du peintre v\u00e9nitien Tintoret ; \u00abLa Chiesa di S. Maria Gloriosa dei Frari\u00bb, avec les tableaux extraordinaires de Tiziano; e C\u00e0 Rezzonico, o\u00f9 est conserv\u00e9e La Piet\u00e0 de Tiepolo.<\/p><p>Pour les passionn\u00e9s de l\u2019art contemporain, il ne faudra pas perdre le Mus\u00e9e Guggenheim, l\u2019un des plus importants en Italie pour ce qui concerne l\u2019art europ\u00e9en et am\u00e9ricain du 20\u00e8me si\u00e8cle, qui se trouve \u00e0 Palazzo Venier dei Leoni, sur le Canal Grande, dans ce qui fut l\u2019habitation de Peggy Guggenheim. A Punta della Dogana, ouverte en 2009, il est possible d\u2019admirer les \u0153uvres d\u2019autres g\u00e9ants de l\u2019art contemporain, comme Dan Flavin et Jeff Koons.<\/p><p>Per gli amanti dell\u2019arte contemporanea, da non perdere il <strong>Museo Guggenheim<\/strong>, uno dei pi\u00f9 importanti in Italia per l\u2019arte europea ed americana del XX secolo, che si trova a Palazzo Venier dei Leoni, sul Canal Grande, in quella che fu l\u2019abitazione di Peggy Guggenheim.\u00a0A\u00a0<strong>Punta della Dogana<\/strong>, aperta nel 2009, \u00e8 possibile ammirare le opere di altri giganti dell\u2019arte contemporanea, come Dan Flavin e Jeff Koons.<\/p>\t\t\t\t\t\t\t\t<\/div>\n\t\t\t\t<\/div>\n\t\t\t\t<\/div>\n\t\t\t\t\t<\/div>\n\t\t\t\t<\/div>\n\t\t<div class=\"elementor-element elementor-element-96d690a e-flex e-con-boxed e-con e-parent\" data-id=\"96d690a\" data-element_type=\"container\" data-e-type=\"container\" data-settings=\"{&quot;background_background&quot;:&quot;classic&quot;}\">\n\t\t\t\t\t<div class=\"e-con-inner\">\n\t\t<div class=\"elementor-element elementor-element-a66de99 e-con-full animated-slow e-flex elementor-invisible e-con e-child\" data-id=\"a66de99\" data-element_type=\"container\" data-e-type=\"container\" data-settings=\"{&quot;animation&quot;:&quot;fadeIn&quot;}\">\n\t\t\t\t<div class=\"elementor-element elementor-element-7bf6717 elementor-widget elementor-widget-heading\" data-id=\"7bf6717\" data-element_type=\"widget\" data-e-type=\"widget\" data-widget_type=\"heading.default\">\n\t\t\t\t<div class=\"elementor-widget-container\">\n\t\t\t\t\t<h2 class=\"elementor-heading-title elementor-size-default\">Frais d\u2019entr\u00e9e \u00e0 Venise<\/h2>\t\t\t\t<\/div>\n\t\t\t\t<\/div>\n\t\t\t\t<div class=\"elementor-element elementor-element-fe8a937 elementor-view-framed elementor-position-inline-start elementor-shape-circle elementor-mobile-position-block-start elementor-widget elementor-widget-icon-box\" data-id=\"fe8a937\" data-element_type=\"widget\" data-e-type=\"widget\" data-widget_type=\"icon-box.default\">\n\t\t\t\t<div class=\"elementor-widget-container\">\n\t\t\t\t\t\t\t<div class=\"elementor-icon-box-wrapper\">\n\n\t\t\t\t\t\t<div class=\"elementor-icon-box-icon\">\n\t\t\t\t<span  class=\"elementor-icon\">\n\t\t\t\t<svg aria-hidden=\"true\" class=\"e-font-icon-svg e-fas-exclamation\" viewBox=\"0 0 192 512\" xmlns=\"http:\/\/www.w3.org\/2000\/svg\"><path d=\"M176 432c0 44.112-35.888 80-80 80s-80-35.888-80-80 35.888-80 80-80 80 35.888 80 80zM25.26 25.199l13.6 272C39.499 309.972 50.041 320 62.83 320h66.34c12.789 0 23.331-10.028 23.97-22.801l13.6-272C167.425 11.49 156.496 0 142.77 0H49.23C35.504 0 24.575 11.49 25.26 25.199z\"><\/path><\/svg>\t\t\t\t<\/span>\n\t\t\t<\/div>\n\t\t\t\n\t\t\t\t\t\t<div class=\"elementor-icon-box-content\">\n\n\t\t\t\t\n\t\t\t\t\t\t\t\t\t<p class=\"elementor-icon-box-description\">\n\t\t\t\t\t\tLe droit d'acc\u00e8s pour 2025 d\u00e9butera le 18 avril.\t\t\t\t\t<\/p>\n\t\t\t\t\n\t\t\t<\/div>\n\t\t\t\n\t\t<\/div>\n\t\t\t\t\t\t<\/div>\n\t\t\t\t<\/div>\n\t\t\t\t<div class=\"elementor-element elementor-element-849a0cb elementor-widget-divider--view-line elementor-widget elementor-widget-divider\" data-id=\"849a0cb\" data-element_type=\"widget\" data-e-type=\"widget\" data-widget_type=\"divider.default\">\n\t\t\t\t<div class=\"elementor-widget-container\">\n\t\t\t\t\t\t\t<div class=\"elementor-divider\">\n\t\t\t<span class=\"elementor-divider-separator\">\n\t\t\t\t\t\t<\/span>\n\t\t<\/div>\n\t\t\t\t\t\t<\/div>\n\t\t\t\t<\/div>\n\t\t\t\t<div class=\"elementor-element elementor-element-258423b elementor-widget elementor-widget-text-editor\" data-id=\"258423b\" data-element_type=\"widget\" data-e-type=\"widget\" data-widget_type=\"text-editor.default\">\n\t\t\t\t<div class=\"elementor-widget-container\">\n\t\t\t\t\t\t\t\t\t<p>Les 25, 26, 27, 28, 29 et 30 avril 2024, 1, 2, 3, 4, 5, 11, 12, 18, 19, 25, 26 mai 2024, 8, 9, 15, 16, 22, 23 , 29, 30 juin 2024 et 6, 7, 13 et 14 juillet 2024 pour l\u2019acc\u00e8s \u00e0 Venise, le paiement d\u2019un droit d\u2019acc\u00e8s est exig\u00e9 si vous ne rentrez pas dans les hypoth\u00e8ses ouvrant droit \u00e0 l\u2019exon\u00e9ration de paiement. La cotisation n\u2019est pas due de 16h00 \u00e0 8h30. Les nuit\u00e9es dans un \u00e9tablissement d\u2019h\u00e9bergement situ\u00e9 dans la municipalit\u00e9 de Venise sont exon\u00e9r\u00e9es du paiement des frais d\u2019acc\u00e8s. La d\u00e9rogation est valable du jour de l\u2019arriv\u00e9e au jour du d\u00e9part. Pour plus d\u2019informations et pour demander l\u2019envoi du code QR pour acqu\u00e9rir le titre d\u2019exemption, veuillez contacter l\u2019h\u00f4tel ou visiter\u00a0<a href=\"https:\/\/cda.ve.it\/fr\/\" target=\"_blank\" rel=\"noopener\">le site Internet de la municipalit\u00e9 de Venise<\/a><\/p>\t\t\t\t\t\t\t\t<\/div>\n\t\t\t\t<\/div>\n\t\t\t\t<\/div>\n\t\t\t\t\t<\/div>\n\t\t\t\t<\/div>\n\t\t<div class=\"elementor-element elementor-element-edf86fe e-flex e-con-boxed e-con e-parent\" data-id=\"edf86fe\" data-element_type=\"container\" data-e-type=\"container\" data-settings=\"{&quot;background_background&quot;:&quot;classic&quot;}\">\n\t\t\t\t\t<div class=\"e-con-inner\">\n\t\t\t\t<div class=\"elementor-element elementor-element-41ee55d elementor-align-center prenota elementor-mobile-align-justify elementor-widget elementor-widget-button\" data-id=\"41ee55d\" data-element_type=\"widget\" data-e-type=\"widget\" data-widget_type=\"button.default\">\n\t\t\t\t<div class=\"elementor-widget-container\">\n\t\t\t\t\t\t\t\t\t<div class=\"elementor-button-wrapper\">\n\t\t\t\t\t<a class=\"elementor-button elementor-button-link elementor-size-sm elementor-animation-sink\" href=\"https:\/\/reservations.verticalbooking.com\/premium\/index.html?id_albergo=28383&#038;dc=3941&#038;id_stile=21241&#038;lingua_int=fra\" target=\"_blank\">\n\t\t\t\t\t\t<span class=\"elementor-button-content-wrapper\">\n\t\t\t\t\t\t\t\t\t<span class=\"elementor-button-text\">V\u00c9RIFIER LA DISPONIBILIT\u00c9<\/span>\n\t\t\t\t\t<\/span>\n\t\t\t\t\t<\/a>\n\t\t\t\t<\/div>\n\t\t\t\t\t\t\t\t<\/div>\n\t\t\t\t<\/div>\n\t\t\t\t\t<\/div>\n\t\t\t\t<\/div>\n\t\t\t\t<\/div>\n\t\t","protected":false},"excerpt":{"rendered":"<p>vivre la venise authentique Venise Une histoire tr\u00e8s ancienne H\u00f4tel Giudecca Venice est le point de d\u00e9part id\u00e9al pour d\u00e9couvrir les beaut\u00e9s cach\u00e9es de l\u2019\u00eele du m\u00eame nom, compos\u00e9e de huit \u00eelots mineurs, \u00e0 quelques minutes en bateau du c\u0153ur n\u00e9vralgique de Venise, Place San Marc. Nous nous trouvons dans ce qu\u2019on d\u00e9finit la zone [&hellip;]<\/p>\n","protected":false},"author":1,"featured_media":0,"parent":0,"menu_order":0,"comment_status":"closed","ping_status":"closed","template":"","meta":{"_acf_changed":false,"footnotes":""},"class_list":["post-4601","page","type-page","status-publish","hentry"],"acf":[],"yoast_head":"<!-- This site is optimized with the Yoast SEO plugin v27.0 - https:\/\/yoast.com\/product\/yoast-seo-wordpress\/ -->\n<title>Venise - Hotel Giudecca - Uvet Hotels<\/title>\n<meta name=\"robots\" content=\"index, follow, max-snippet:-1, max-image-preview:large, max-video-preview:-1\" \/>\n<link rel=\"canonical\" href=\"https:\/\/uvethotels.com\/giudeccahotel\/fr\/visiter-venise\/\" \/>\n<meta property=\"og:locale\" content=\"it_IT\" \/>\n<meta property=\"og:type\" content=\"article\" \/>\n<meta property=\"og:title\" content=\"Venise - Hotel Giudecca - Uvet Hotels\" \/>\n<meta property=\"og:description\" content=\"vivre la venise authentique Venise Une histoire tr\u00e8s ancienne H\u00f4tel Giudecca Venice est le point de d\u00e9part id\u00e9al pour d\u00e9couvrir les beaut\u00e9s cach\u00e9es de l\u2019\u00eele du m\u00eame nom, compos\u00e9e de huit \u00eelots mineurs, \u00e0 quelques minutes en bateau du c\u0153ur n\u00e9vralgique de Venise, Place San Marc. Nous nous trouvons dans ce qu\u2019on d\u00e9finit la zone [&hellip;]\" \/>\n<meta property=\"og:url\" content=\"https:\/\/uvethotels.com\/giudeccahotel\/fr\/visiter-venise\/\" \/>\n<meta property=\"og:site_name\" content=\"Hotel Giudecca - Uvet Hotels\" \/>\n<meta property=\"article:publisher\" content=\"https:\/\/www.facebook.com\/hotelgiudeccavenezia\" \/>\n<meta property=\"article:modified_time\" content=\"2025-02-13T14:44:19+00:00\" \/>\n<meta name=\"twitter:card\" content=\"summary_large_image\" \/>\n<meta name=\"twitter:label1\" content=\"Tempo di lettura stimato\" \/>\n\t<meta name=\"twitter:data1\" content=\"3 minuti\" \/>\n<script type=\"application\/ld+json\" class=\"yoast-schema-graph\">{\"@context\":\"https:\/\/schema.org\",\"@graph\":[{\"@type\":\"WebPage\",\"@id\":\"https:\/\/uvethotels.com\/giudeccahotel\/fr\/visiter-venise\/\",\"url\":\"https:\/\/uvethotels.com\/giudeccahotel\/fr\/visiter-venise\/\",\"name\":\"Venise - Hotel Giudecca - Uvet Hotels\",\"isPartOf\":{\"@id\":\"https:\/\/uvethotels.com\/giudeccahotel\/#website\"},\"datePublished\":\"2024-12-03T10:46:36+00:00\",\"dateModified\":\"2025-02-13T14:44:19+00:00\",\"breadcrumb\":{\"@id\":\"https:\/\/uvethotels.com\/giudeccahotel\/fr\/visiter-venise\/#breadcrumb\"},\"inLanguage\":\"it-IT\",\"potentialAction\":[{\"@type\":\"ReadAction\",\"target\":[\"https:\/\/uvethotels.com\/giudeccahotel\/fr\/visiter-venise\/\"]}]},{\"@type\":\"BreadcrumbList\",\"@id\":\"https:\/\/uvethotels.com\/giudeccahotel\/fr\/visiter-venise\/#breadcrumb\",\"itemListElement\":[{\"@type\":\"ListItem\",\"position\":1,\"name\":\"Home\",\"item\":\"https:\/\/uvethotels.com\/giudeccahotel\/\"},{\"@type\":\"ListItem\",\"position\":2,\"name\":\"Venise\"}]},{\"@type\":\"WebSite\",\"@id\":\"https:\/\/uvethotels.com\/giudeccahotel\/#website\",\"url\":\"https:\/\/uvethotels.com\/giudeccahotel\/\",\"name\":\"Hotel Giudecca - Uvet Hotels\",\"description\":\"\",\"publisher\":{\"@id\":\"https:\/\/uvethotels.com\/giudeccahotel\/#organization\"},\"potentialAction\":[{\"@type\":\"SearchAction\",\"target\":{\"@type\":\"EntryPoint\",\"urlTemplate\":\"https:\/\/uvethotels.com\/giudeccahotel\/?s={search_term_string}\"},\"query-input\":{\"@type\":\"PropertyValueSpecification\",\"valueRequired\":true,\"valueName\":\"search_term_string\"}}],\"inLanguage\":\"it-IT\"},{\"@type\":\"Organization\",\"@id\":\"https:\/\/uvethotels.com\/giudeccahotel\/#organization\",\"name\":\"Hotel Giudecca - Uvet Hotels\",\"url\":\"https:\/\/uvethotels.com\/giudeccahotel\/\",\"logo\":{\"@type\":\"ImageObject\",\"inLanguage\":\"it-IT\",\"@id\":\"https:\/\/uvethotels.com\/giudeccahotel\/#\/schema\/logo\/image\/\",\"url\":\"https:\/\/uvethotels.com\/giudeccahotel\/wp-content\/uploads\/sites\/6\/2025\/03\/UHC_logo_verticale_1200x1200.jpg\",\"contentUrl\":\"https:\/\/uvethotels.com\/giudeccahotel\/wp-content\/uploads\/sites\/6\/2025\/03\/UHC_logo_verticale_1200x1200.jpg\",\"width\":1200,\"height\":1200,\"caption\":\"Hotel Giudecca - Uvet Hotels\"},\"image\":{\"@id\":\"https:\/\/uvethotels.com\/giudeccahotel\/#\/schema\/logo\/image\/\"},\"sameAs\":[\"https:\/\/www.facebook.com\/hotelgiudeccavenezia\",\"https:\/\/www.instagram.com\/hotel_giudecca\/\"]}]}<\/script>\n<!-- \/ Yoast SEO plugin. -->","yoast_head_json":{"title":"Venise - Hotel Giudecca - Uvet Hotels","robots":{"index":"index","follow":"follow","max-snippet":"max-snippet:-1","max-image-preview":"max-image-preview:large","max-video-preview":"max-video-preview:-1"},"canonical":"https:\/\/uvethotels.com\/giudeccahotel\/fr\/visiter-venise\/","og_locale":"it_IT","og_type":"article","og_title":"Venise - Hotel Giudecca - Uvet Hotels","og_description":"vivre la venise authentique Venise Une histoire tr\u00e8s ancienne H\u00f4tel Giudecca Venice est le point de d\u00e9part id\u00e9al pour d\u00e9couvrir les beaut\u00e9s cach\u00e9es de l\u2019\u00eele du m\u00eame nom, compos\u00e9e de huit \u00eelots mineurs, \u00e0 quelques minutes en bateau du c\u0153ur n\u00e9vralgique de Venise, Place San Marc. Nous nous trouvons dans ce qu\u2019on d\u00e9finit la zone [&hellip;]","og_url":"https:\/\/uvethotels.com\/giudeccahotel\/fr\/visiter-venise\/","og_site_name":"Hotel Giudecca - Uvet Hotels","article_publisher":"https:\/\/www.facebook.com\/hotelgiudeccavenezia","article_modified_time":"2025-02-13T14:44:19+00:00","twitter_card":"summary_large_image","twitter_misc":{"Tempo di lettura stimato":"3 minuti"},"schema":{"@context":"https:\/\/schema.org","@graph":[{"@type":"WebPage","@id":"https:\/\/uvethotels.com\/giudeccahotel\/fr\/visiter-venise\/","url":"https:\/\/uvethotels.com\/giudeccahotel\/fr\/visiter-venise\/","name":"Venise - Hotel Giudecca - Uvet Hotels","isPartOf":{"@id":"https:\/\/uvethotels.com\/giudeccahotel\/#website"},"datePublished":"2024-12-03T10:46:36+00:00","dateModified":"2025-02-13T14:44:19+00:00","breadcrumb":{"@id":"https:\/\/uvethotels.com\/giudeccahotel\/fr\/visiter-venise\/#breadcrumb"},"inLanguage":"it-IT","potentialAction":[{"@type":"ReadAction","target":["https:\/\/uvethotels.com\/giudeccahotel\/fr\/visiter-venise\/"]}]},{"@type":"BreadcrumbList","@id":"https:\/\/uvethotels.com\/giudeccahotel\/fr\/visiter-venise\/#breadcrumb","itemListElement":[{"@type":"ListItem","position":1,"name":"Home","item":"https:\/\/uvethotels.com\/giudeccahotel\/"},{"@type":"ListItem","position":2,"name":"Venise"}]},{"@type":"WebSite","@id":"https:\/\/uvethotels.com\/giudeccahotel\/#website","url":"https:\/\/uvethotels.com\/giudeccahotel\/","name":"Hotel Giudecca - Uvet Hotels","description":"","publisher":{"@id":"https:\/\/uvethotels.com\/giudeccahotel\/#organization"},"potentialAction":[{"@type":"SearchAction","target":{"@type":"EntryPoint","urlTemplate":"https:\/\/uvethotels.com\/giudeccahotel\/?s={search_term_string}"},"query-input":{"@type":"PropertyValueSpecification","valueRequired":true,"valueName":"search_term_string"}}],"inLanguage":"it-IT"},{"@type":"Organization","@id":"https:\/\/uvethotels.com\/giudeccahotel\/#organization","name":"Hotel Giudecca - Uvet Hotels","url":"https:\/\/uvethotels.com\/giudeccahotel\/","logo":{"@type":"ImageObject","inLanguage":"it-IT","@id":"https:\/\/uvethotels.com\/giudeccahotel\/#\/schema\/logo\/image\/","url":"https:\/\/uvethotels.com\/giudeccahotel\/wp-content\/uploads\/sites\/6\/2025\/03\/UHC_logo_verticale_1200x1200.jpg","contentUrl":"https:\/\/uvethotels.com\/giudeccahotel\/wp-content\/uploads\/sites\/6\/2025\/03\/UHC_logo_verticale_1200x1200.jpg","width":1200,"height":1200,"caption":"Hotel Giudecca - Uvet Hotels"},"image":{"@id":"https:\/\/uvethotels.com\/giudeccahotel\/#\/schema\/logo\/image\/"},"sameAs":["https:\/\/www.facebook.com\/hotelgiudeccavenezia","https:\/\/www.instagram.com\/hotel_giudecca\/"]}]}},"_links":{"self":[{"href":"https:\/\/uvethotels.com\/giudeccahotel\/wp-json\/wp\/v2\/pages\/4601","targetHints":{"allow":["GET"]}}],"collection":[{"href":"https:\/\/uvethotels.com\/giudeccahotel\/wp-json\/wp\/v2\/pages"}],"about":[{"href":"https:\/\/uvethotels.com\/giudeccahotel\/wp-json\/wp\/v2\/types\/page"}],"author":[{"embeddable":true,"href":"https:\/\/uvethotels.com\/giudeccahotel\/wp-json\/wp\/v2\/users\/1"}],"replies":[{"embeddable":true,"href":"https:\/\/uvethotels.com\/giudeccahotel\/wp-json\/wp\/v2\/comments?post=4601"}],"version-history":[{"count":8,"href":"https:\/\/uvethotels.com\/giudeccahotel\/wp-json\/wp\/v2\/pages\/4601\/revisions"}],"predecessor-version":[{"id":4609,"href":"https:\/\/uvethotels.com\/giudeccahotel\/wp-json\/wp\/v2\/pages\/4601\/revisions\/4609"}],"wp:attachment":[{"href":"https:\/\/uvethotels.com\/giudeccahotel\/wp-json\/wp\/v2\/media?parent=4601"}],"curies":[{"name":"wp","href":"https:\/\/api.w.org\/{rel}","templated":true}]}}