{"id":4704,"date":"2024-12-04T15:52:20","date_gmt":"2024-12-04T14:52:20","guid":{"rendered":"https:\/\/uvethc.com\/giudeccahotel\/?page_id=4704"},"modified":"2025-06-17T12:16:22","modified_gmt":"2025-06-17T10:16:22","slug":"venedig-besuchen","status":"publish","type":"page","link":"https:\/\/uvethotels.com\/giudeccahotel\/de\/venedig-besuchen\/","title":{"rendered":"Venedig"},"content":{"rendered":"\t\t<div data-elementor-type=\"wp-page\" data-elementor-id=\"4704\" class=\"elementor elementor-4704\" data-elementor-post-type=\"page\">\n\t\t\t\t<div class=\"elementor-element elementor-element-14e42542 e-flex e-con-boxed e-con e-parent\" data-id=\"14e42542\" data-element_type=\"container\" data-e-type=\"container\" data-settings=\"{&quot;background_background&quot;:&quot;classic&quot;}\">\n\t\t\t\t\t<div class=\"e-con-inner\">\n\t\t\t\t<div class=\"elementor-element elementor-element-e6095b2 elementor-widget elementor-widget-heading\" data-id=\"e6095b2\" data-element_type=\"widget\" data-e-type=\"widget\" data-widget_type=\"heading.default\">\n\t\t\t\t<div class=\"elementor-widget-container\">\n\t\t\t\t\t<h2 class=\"elementor-heading-title elementor-size-default\">Das authentische Venedig erleben<\/h2>\t\t\t\t<\/div>\n\t\t\t\t<\/div>\n\t\t\t\t<div class=\"elementor-element elementor-element-a5e4924 elementor-widget elementor-widget-heading\" data-id=\"a5e4924\" data-element_type=\"widget\" data-e-type=\"widget\" data-widget_type=\"heading.default\">\n\t\t\t\t<div class=\"elementor-widget-container\">\n\t\t\t\t\t<h2 class=\"elementor-heading-title elementor-size-default\">Venedig<\/h2>\t\t\t\t<\/div>\n\t\t\t\t<\/div>\n\t\t\t\t\t<\/div>\n\t\t\t\t<\/div>\n\t\t<div class=\"elementor-element elementor-element-d67a3d1 e-flex e-con-boxed e-con e-parent\" data-id=\"d67a3d1\" data-element_type=\"container\" data-e-type=\"container\" id=\"about\" data-settings=\"{&quot;background_background&quot;:&quot;classic&quot;}\">\n\t\t\t\t\t<div class=\"e-con-inner\">\n\t\t<div class=\"elementor-element elementor-element-182e28ef e-flex e-con-boxed e-con e-child\" data-id=\"182e28ef\" data-element_type=\"container\" data-e-type=\"container\">\n\t\t\t\t\t<div class=\"e-con-inner\">\n\t\t<div class=\"elementor-element elementor-element-413f2e32 e-con-full e-flex e-con e-child\" data-id=\"413f2e32\" data-element_type=\"container\" data-e-type=\"container\">\n\t\t\t\t<div class=\"elementor-element elementor-element-3bc7878 elementor-widget elementor-widget-heading\" data-id=\"3bc7878\" data-element_type=\"widget\" data-e-type=\"widget\" data-widget_type=\"heading.default\">\n\t\t\t\t<div class=\"elementor-widget-container\">\n\t\t\t\t\t<h2 class=\"elementor-heading-title elementor-size-default\">Eine uralte geschichte<\/h2>\t\t\t\t<\/div>\n\t\t\t\t<\/div>\n\t\t\t\t<div class=\"elementor-element elementor-element-fd9c975 elementor-widget-divider--view-line elementor-widget elementor-widget-divider\" data-id=\"fd9c975\" data-element_type=\"widget\" data-e-type=\"widget\" data-widget_type=\"divider.default\">\n\t\t\t\t<div class=\"elementor-widget-container\">\n\t\t\t\t\t\t\t<div class=\"elementor-divider\">\n\t\t\t<span class=\"elementor-divider-separator\">\n\t\t\t\t\t\t<\/span>\n\t\t<\/div>\n\t\t\t\t\t\t<\/div>\n\t\t\t\t<\/div>\n\t\t\t\t<div class=\"elementor-element elementor-element-32c0725 elementor-widget elementor-widget-text-editor\" data-id=\"32c0725\" data-element_type=\"widget\" data-e-type=\"widget\" data-widget_type=\"text-editor.default\">\n\t\t\t\t<div class=\"elementor-widget-container\">\n\t\t\t\t\t\t\t\t\t<p>Hotel Giudecca Venezia ist der ideal ausgangspunkt zur erforschung der verborgenen sch\u00f6nheiten der gleichnamigen insel, nur wenige minuten bootsfahrt vom pulsierenden herzen Venedigs, der Piazza San Marco, entfernt. Wir befinden uns in dem, was seit jeher als die aristokratische zone Venedigs bekannt ist, die zone der k\u00fcnstlerkreise: antike atmosph\u00e4ren, die sich bis heute erhalten haben.<\/p><p>Die relativ kleine oberfl\u00e4che der stadt Venedig l\u00e4\u03b2t sich leicht zu fu\u00df durchqueren. Am besten besucht man n\u00e4mlich die stadt, indem man in den g\u00e4sschen, \u00fcber die br\u00fccken, an den eckchen und den historischen geb\u00e4uden vorbei spaziert.<\/p><p>Bei Piazza San Marco angekommen, darf man nicht auf eine tour am Canal Grande verzichten, eine der sch\u00f6nsten \u201eStra\u00dfen\u201c auf der welt. charakteristisch ist auch eine ausgelassene gondelfahrt auf den romantischen Kan\u00e4len, wenn man es nie vorher gemacht hat.<\/p>\t\t\t\t\t\t\t\t<\/div>\n\t\t\t\t<\/div>\n\t\t\t\t<\/div>\n\t\t<div class=\"elementor-element elementor-element-3e9de937 e-con-full e-flex e-con e-child\" data-id=\"3e9de937\" data-element_type=\"container\" data-e-type=\"container\" data-settings=\"{&quot;background_background&quot;:&quot;classic&quot;}\">\n\t\t\t\t<\/div>\n\t\t\t\t\t<\/div>\n\t\t\t\t<\/div>\n\t\t\t\t\t<\/div>\n\t\t\t\t<\/div>\n\t\t<div class=\"elementor-element elementor-element-2d64454c e-flex e-con-boxed e-con e-parent\" data-id=\"2d64454c\" data-element_type=\"container\" data-e-type=\"container\" data-settings=\"{&quot;background_background&quot;:&quot;classic&quot;}\">\n\t\t\t\t\t<div class=\"e-con-inner\">\n\t\t<div class=\"elementor-element elementor-element-1d86d02 e-con-full animated-slow bg-blur e-flex elementor-invisible e-con e-child\" data-id=\"1d86d02\" data-element_type=\"container\" data-e-type=\"container\" data-settings=\"{&quot;background_background&quot;:&quot;classic&quot;,&quot;animation&quot;:&quot;fadeIn&quot;}\">\n\t\t\t\t<div class=\"elementor-element elementor-element-ba7b7af elementor-widget elementor-widget-heading\" data-id=\"ba7b7af\" data-element_type=\"widget\" data-e-type=\"widget\" data-widget_type=\"heading.default\">\n\t\t\t\t<div class=\"elementor-widget-container\">\n\t\t\t\t\t<h2 class=\"elementor-heading-title elementor-size-default\">Am besten besucht man n\u00e4mlich die stadt, indem man in den g\u00e4sschen, \u00fcber die br\u00fccken, an den eckchen und den historischen geb\u00e4uden vorbei spaziert\n<\/h2>\t\t\t\t<\/div>\n\t\t\t\t<\/div>\n\t\t\t\t<div class=\"elementor-element elementor-element-f12e49d elementor-widget-divider--view-line elementor-widget elementor-widget-divider\" data-id=\"f12e49d\" data-element_type=\"widget\" data-e-type=\"widget\" data-widget_type=\"divider.default\">\n\t\t\t\t<div class=\"elementor-widget-container\">\n\t\t\t\t\t\t\t<div class=\"elementor-divider\">\n\t\t\t<span class=\"elementor-divider-separator\">\n\t\t\t\t\t\t<\/span>\n\t\t<\/div>\n\t\t\t\t\t\t<\/div>\n\t\t\t\t<\/div>\n\t\t\t\t<div class=\"elementor-element elementor-element-70e769a elementor-widget elementor-widget-text-editor\" data-id=\"70e769a\" data-element_type=\"widget\" data-e-type=\"widget\" data-widget_type=\"text-editor.default\">\n\t\t\t\t<div class=\"elementor-widget-container\">\n\t\t\t\t\t\t\t\t\t<p>Aber Venedig hei\u00dft nicht blo\u00df \u201eGondeln und Verliebte\u201c. Es hat eine uralte geschichte und besitzt gro\u00dfartige kunstwerke, und kunst, kultur und architektur haben hier eine gro\u00dfe anziehungskraft f\u00fcr besucher aus der ganzen welt.<\/p><p>Zu besuchen sind, au\u00dfer Piazza San Marco, auch die \u201eScuola Grande di San Rocco\u201c, mit der gr\u00f6\u00dften Sammlung des venezianischen malers Tintoretto; die kirche der Santa Maria Gloriosa die Frari, mit den gro\u00dfartigen gem\u00e4lden von Tiziano; C\u00e0 Rezzonico, wo die Piet\u00e0 von Tiepolo zu sehen ist. liebhaber der modernen kunst d\u00fcrfen auf keinen fall das museum Guggenheim verpassen, eines der wichtigsten in Italien, was die europ\u00e4ische und amerikanische kunst des 20, Jahrhunderts anbetrifft.<\/p><p>Es befindet sich im Palazzo Venier die leoni am Canal Grande da wo Peggy Guggenheim gelebt hat. In Punta della Dogana, er\u00f6ffnet im Jahre 2009, kann man die werke anderer riese der gleichzeitigen kunst bewundern, wie z.b. Dan Flavin und Jeff Koons.<\/p>\t\t\t\t\t\t\t\t<\/div>\n\t\t\t\t<\/div>\n\t\t\t\t<\/div>\n\t\t\t\t\t<\/div>\n\t\t\t\t<\/div>\n\t\t<div class=\"elementor-element elementor-element-96d690a e-flex e-con-boxed e-con e-parent\" data-id=\"96d690a\" data-element_type=\"container\" data-e-type=\"container\" data-settings=\"{&quot;background_background&quot;:&quot;classic&quot;}\">\n\t\t\t\t\t<div class=\"e-con-inner\">\n\t\t<div class=\"elementor-element elementor-element-a66de99 e-con-full animated-slow e-flex elementor-invisible e-con e-child\" data-id=\"a66de99\" data-element_type=\"container\" data-e-type=\"container\" data-settings=\"{&quot;animation&quot;:&quot;fadeIn&quot;}\">\n\t\t\t\t<div class=\"elementor-element elementor-element-7bf6717 elementor-widget elementor-widget-heading\" data-id=\"7bf6717\" data-element_type=\"widget\" data-e-type=\"widget\" data-widget_type=\"heading.default\">\n\t\t\t\t<div class=\"elementor-widget-container\">\n\t\t\t\t\t<h2 class=\"elementor-heading-title elementor-size-default\">Eintrittsgeb\u00fchr f\u00fcr Venedig<\/h2>\t\t\t\t<\/div>\n\t\t\t\t<\/div>\n\t\t\t\t<div class=\"elementor-element elementor-element-fe8a937 elementor-view-framed elementor-position-inline-start elementor-shape-circle elementor-mobile-position-block-start elementor-widget elementor-widget-icon-box\" data-id=\"fe8a937\" data-element_type=\"widget\" data-e-type=\"widget\" data-widget_type=\"icon-box.default\">\n\t\t\t\t<div class=\"elementor-widget-container\">\n\t\t\t\t\t\t\t<div class=\"elementor-icon-box-wrapper\">\n\n\t\t\t\t\t\t<div class=\"elementor-icon-box-icon\">\n\t\t\t\t<span  class=\"elementor-icon\">\n\t\t\t\t<svg aria-hidden=\"true\" class=\"e-font-icon-svg e-fas-exclamation\" viewBox=\"0 0 192 512\" xmlns=\"http:\/\/www.w3.org\/2000\/svg\"><path d=\"M176 432c0 44.112-35.888 80-80 80s-80-35.888-80-80 35.888-80 80-80 80 35.888 80 80zM25.26 25.199l13.6 272C39.499 309.972 50.041 320 62.83 320h66.34c12.789 0 23.331-10.028 23.97-22.801l13.6-272C167.425 11.49 156.496 0 142.77 0H49.23C35.504 0 24.575 11.49 25.26 25.199z\"><\/path><\/svg>\t\t\t\t<\/span>\n\t\t\t<\/div>\n\t\t\t\n\t\t\t\t\t\t<div class=\"elementor-icon-box-content\">\n\n\t\t\t\t\n\t\t\t\t\t\t\t\t\t<p class=\"elementor-icon-box-description\">\n\t\t\t\t\t\tDie Zugangsgeb\u00fchr f\u00fcr das Jahr 2025 wird am 18. April eingef\u00fchrt.\t\t\t\t\t<\/p>\n\t\t\t\t\n\t\t\t<\/div>\n\t\t\t\n\t\t<\/div>\n\t\t\t\t\t\t<\/div>\n\t\t\t\t<\/div>\n\t\t\t\t<div class=\"elementor-element elementor-element-849a0cb elementor-widget-divider--view-line elementor-widget elementor-widget-divider\" data-id=\"849a0cb\" data-element_type=\"widget\" data-e-type=\"widget\" data-widget_type=\"divider.default\">\n\t\t\t\t<div class=\"elementor-widget-container\">\n\t\t\t\t\t\t\t<div class=\"elementor-divider\">\n\t\t\t<span class=\"elementor-divider-separator\">\n\t\t\t\t\t\t<\/span>\n\t\t<\/div>\n\t\t\t\t\t\t<\/div>\n\t\t\t\t<\/div>\n\t\t\t\t<div class=\"elementor-element elementor-element-258423b elementor-widget elementor-widget-text-editor\" data-id=\"258423b\" data-element_type=\"widget\" data-e-type=\"widget\" data-widget_type=\"text-editor.default\">\n\t\t\t\t<div class=\"elementor-widget-container\">\n\t\t\t\t\t\t\t\t\tAm 25., 26., 27., 28., 29. und 30. April 2024, 1., 2., 3., 4., 5., 11., 12., 18., 19., 25., 26. Mai 2024, 8., 9., 15., 16., 22., 23 , 29., 30. Juni 2024 und 6., 7., 13. und 14. Juli 2024 f\u00fcr den Zugang nach Venedig ist die Zahlung einer Zugangsgeb\u00fchr erforderlich, wenn Sie nicht unter die Voraussetzungen fallen, die einen Anspruch auf Befreiung von der Zahlung begr\u00fcnden. Von 16.00 Uhr bis 8.30 Uhr ist der Beitrag nicht f\u00e4llig. \u00dcbernachtungen in einer Unterkunft in der Gemeinde Venedig sind von der Zahlung der Zugangsgeb\u00fchr befreit. Die Befreiung gilt vom Anreisetag bis zum Abreisetag. F\u00fcr weitere Informationen und um die Zusendung des QR-Codes zum Erwerb des Befreiungstitels anzufordern, wenden Sie sich bitte an das Hotel oder besuchen Sie\u00a0<a href=\"https:\/\/cda.ve.it\/de\/\" target=\"_blank\" rel=\"noopener\" style=\"color:#F18A00\">die Website der Gemeinde Venedig<\/a>.\t\t\t\t\t\t\t\t<\/div>\n\t\t\t\t<\/div>\n\t\t\t\t<\/div>\n\t\t\t\t\t<\/div>\n\t\t\t\t<\/div>\n\t\t<div class=\"elementor-element elementor-element-edf86fe e-flex e-con-boxed e-con e-parent\" data-id=\"edf86fe\" data-element_type=\"container\" data-e-type=\"container\" data-settings=\"{&quot;background_background&quot;:&quot;classic&quot;}\">\n\t\t\t\t\t<div class=\"e-con-inner\">\n\t\t\t\t<div class=\"elementor-element elementor-element-41ee55d elementor-align-center prenota elementor-mobile-align-justify elementor-widget elementor-widget-button\" data-id=\"41ee55d\" data-element_type=\"widget\" data-e-type=\"widget\" data-widget_type=\"button.default\">\n\t\t\t\t<div class=\"elementor-widget-container\">\n\t\t\t\t\t\t\t\t\t<div class=\"elementor-button-wrapper\">\n\t\t\t\t\t<a class=\"elementor-button elementor-button-link elementor-size-sm elementor-animation-sink\" href=\"https:\/\/reservations.verticalbooking.com\/premium\/index.html?id_albergo=28383&#038;dc=3941&#038;id_stile=21241&#038;lingua_int=deu\" target=\"_blank\">\n\t\t\t\t\t\t<span class=\"elementor-button-content-wrapper\">\n\t\t\t\t\t\t\t\t\t<span class=\"elementor-button-text\">jetzt buchen<\/span>\n\t\t\t\t\t<\/span>\n\t\t\t\t\t<\/a>\n\t\t\t\t<\/div>\n\t\t\t\t\t\t\t\t<\/div>\n\t\t\t\t<\/div>\n\t\t\t\t\t<\/div>\n\t\t\t\t<\/div>\n\t\t\t\t<\/div>\n\t\t","protected":false},"excerpt":{"rendered":"<p>Das authentische Venedig erleben Venedig Eine uralte geschichte Hotel Giudecca Venezia ist der ideal ausgangspunkt zur erforschung der verborgenen sch\u00f6nheiten der gleichnamigen insel, nur wenige minuten bootsfahrt vom pulsierenden herzen Venedigs, der Piazza San Marco, entfernt. Wir befinden uns in dem, was seit jeher als die aristokratische zone Venedigs bekannt ist, die zone der k\u00fcnstlerkreise: [&hellip;]<\/p>\n","protected":false},"author":1,"featured_media":0,"parent":0,"menu_order":0,"comment_status":"closed","ping_status":"closed","template":"","meta":{"_acf_changed":false,"footnotes":""},"class_list":["post-4704","page","type-page","status-publish","hentry"],"acf":[],"yoast_head":"<!-- This site is optimized with the Yoast SEO plugin v27.0 - https:\/\/yoast.com\/product\/yoast-seo-wordpress\/ -->\n<title>Venedig - Giudecca Insel - Hotel Giudecca<\/title>\n<meta name=\"description\" content=\"Wir befinden uns in Venedig, auf der Giudecca-Insel, der gr\u00f6\u00dften Insel in der venezianischen Lagune. Gesch\u00fctzt vor dem Touristenchaos des historischen Zentrums.\" \/>\n<meta name=\"robots\" content=\"index, follow, max-snippet:-1, max-image-preview:large, max-video-preview:-1\" \/>\n<link rel=\"canonical\" href=\"https:\/\/uvethotels.com\/giudeccahotel\/de\/venedig-besuchen\/\" \/>\n<meta property=\"og:locale\" content=\"it_IT\" \/>\n<meta property=\"og:type\" content=\"article\" \/>\n<meta property=\"og:title\" content=\"Venedig - Giudecca Insel - Hotel Giudecca\" \/>\n<meta property=\"og:description\" content=\"Wir befinden uns in Venedig, auf der Giudecca-Insel, der gr\u00f6\u00dften Insel in der venezianischen Lagune. Gesch\u00fctzt vor dem Touristenchaos des historischen Zentrums.\" \/>\n<meta property=\"og:url\" content=\"https:\/\/uvethotels.com\/giudeccahotel\/de\/venedig-besuchen\/\" \/>\n<meta property=\"og:site_name\" content=\"Hotel Giudecca - Uvet Hotels\" \/>\n<meta property=\"article:publisher\" content=\"https:\/\/www.facebook.com\/hotelgiudeccavenezia\" \/>\n<meta property=\"article:modified_time\" content=\"2025-06-17T10:16:22+00:00\" \/>\n<meta name=\"twitter:card\" content=\"summary_large_image\" \/>\n<meta name=\"twitter:label1\" content=\"Tempo di lettura stimato\" \/>\n\t<meta name=\"twitter:data1\" content=\"3 minuti\" \/>\n<script type=\"application\/ld+json\" class=\"yoast-schema-graph\">{\"@context\":\"https:\/\/schema.org\",\"@graph\":[{\"@type\":\"WebPage\",\"@id\":\"https:\/\/uvethotels.com\/giudeccahotel\/de\/venedig-besuchen\/\",\"url\":\"https:\/\/uvethotels.com\/giudeccahotel\/de\/venedig-besuchen\/\",\"name\":\"Venedig - Giudecca Insel - Hotel Giudecca\",\"isPartOf\":{\"@id\":\"https:\/\/uvethotels.com\/giudeccahotel\/#website\"},\"datePublished\":\"2024-12-04T14:52:20+00:00\",\"dateModified\":\"2025-06-17T10:16:22+00:00\",\"description\":\"Wir befinden uns in Venedig, auf der Giudecca-Insel, der gr\u00f6\u00dften Insel in der venezianischen Lagune. Gesch\u00fctzt vor dem Touristenchaos des historischen Zentrums.\",\"breadcrumb\":{\"@id\":\"https:\/\/uvethotels.com\/giudeccahotel\/de\/venedig-besuchen\/#breadcrumb\"},\"inLanguage\":\"it-IT\",\"potentialAction\":[{\"@type\":\"ReadAction\",\"target\":[\"https:\/\/uvethotels.com\/giudeccahotel\/de\/venedig-besuchen\/\"]}]},{\"@type\":\"BreadcrumbList\",\"@id\":\"https:\/\/uvethotels.com\/giudeccahotel\/de\/venedig-besuchen\/#breadcrumb\",\"itemListElement\":[{\"@type\":\"ListItem\",\"position\":1,\"name\":\"Home\",\"item\":\"https:\/\/uvethotels.com\/giudeccahotel\/\"},{\"@type\":\"ListItem\",\"position\":2,\"name\":\"Venedig\"}]},{\"@type\":\"WebSite\",\"@id\":\"https:\/\/uvethotels.com\/giudeccahotel\/#website\",\"url\":\"https:\/\/uvethotels.com\/giudeccahotel\/\",\"name\":\"Hotel Giudecca - Uvet Hotels\",\"description\":\"\",\"publisher\":{\"@id\":\"https:\/\/uvethotels.com\/giudeccahotel\/#organization\"},\"potentialAction\":[{\"@type\":\"SearchAction\",\"target\":{\"@type\":\"EntryPoint\",\"urlTemplate\":\"https:\/\/uvethotels.com\/giudeccahotel\/?s={search_term_string}\"},\"query-input\":{\"@type\":\"PropertyValueSpecification\",\"valueRequired\":true,\"valueName\":\"search_term_string\"}}],\"inLanguage\":\"it-IT\"},{\"@type\":\"Organization\",\"@id\":\"https:\/\/uvethotels.com\/giudeccahotel\/#organization\",\"name\":\"Hotel Giudecca - Uvet Hotels\",\"url\":\"https:\/\/uvethotels.com\/giudeccahotel\/\",\"logo\":{\"@type\":\"ImageObject\",\"inLanguage\":\"it-IT\",\"@id\":\"https:\/\/uvethotels.com\/giudeccahotel\/#\/schema\/logo\/image\/\",\"url\":\"https:\/\/uvethotels.com\/giudeccahotel\/wp-content\/uploads\/sites\/6\/2025\/03\/UHC_logo_verticale_1200x1200.jpg\",\"contentUrl\":\"https:\/\/uvethotels.com\/giudeccahotel\/wp-content\/uploads\/sites\/6\/2025\/03\/UHC_logo_verticale_1200x1200.jpg\",\"width\":1200,\"height\":1200,\"caption\":\"Hotel Giudecca - Uvet Hotels\"},\"image\":{\"@id\":\"https:\/\/uvethotels.com\/giudeccahotel\/#\/schema\/logo\/image\/\"},\"sameAs\":[\"https:\/\/www.facebook.com\/hotelgiudeccavenezia\",\"https:\/\/www.instagram.com\/hotel_giudecca\/\"]}]}<\/script>\n<!-- \/ Yoast SEO plugin. -->","yoast_head_json":{"title":"Venedig - Giudecca Insel - Hotel Giudecca","description":"Wir befinden uns in Venedig, auf der Giudecca-Insel, der gr\u00f6\u00dften Insel in der venezianischen Lagune. Gesch\u00fctzt vor dem Touristenchaos des historischen Zentrums.","robots":{"index":"index","follow":"follow","max-snippet":"max-snippet:-1","max-image-preview":"max-image-preview:large","max-video-preview":"max-video-preview:-1"},"canonical":"https:\/\/uvethotels.com\/giudeccahotel\/de\/venedig-besuchen\/","og_locale":"it_IT","og_type":"article","og_title":"Venedig - Giudecca Insel - Hotel Giudecca","og_description":"Wir befinden uns in Venedig, auf der Giudecca-Insel, der gr\u00f6\u00dften Insel in der venezianischen Lagune. Gesch\u00fctzt vor dem Touristenchaos des historischen Zentrums.","og_url":"https:\/\/uvethotels.com\/giudeccahotel\/de\/venedig-besuchen\/","og_site_name":"Hotel Giudecca - Uvet Hotels","article_publisher":"https:\/\/www.facebook.com\/hotelgiudeccavenezia","article_modified_time":"2025-06-17T10:16:22+00:00","twitter_card":"summary_large_image","twitter_misc":{"Tempo di lettura stimato":"3 minuti"},"schema":{"@context":"https:\/\/schema.org","@graph":[{"@type":"WebPage","@id":"https:\/\/uvethotels.com\/giudeccahotel\/de\/venedig-besuchen\/","url":"https:\/\/uvethotels.com\/giudeccahotel\/de\/venedig-besuchen\/","name":"Venedig - Giudecca Insel - Hotel Giudecca","isPartOf":{"@id":"https:\/\/uvethotels.com\/giudeccahotel\/#website"},"datePublished":"2024-12-04T14:52:20+00:00","dateModified":"2025-06-17T10:16:22+00:00","description":"Wir befinden uns in Venedig, auf der Giudecca-Insel, der gr\u00f6\u00dften Insel in der venezianischen Lagune. Gesch\u00fctzt vor dem Touristenchaos des historischen Zentrums.","breadcrumb":{"@id":"https:\/\/uvethotels.com\/giudeccahotel\/de\/venedig-besuchen\/#breadcrumb"},"inLanguage":"it-IT","potentialAction":[{"@type":"ReadAction","target":["https:\/\/uvethotels.com\/giudeccahotel\/de\/venedig-besuchen\/"]}]},{"@type":"BreadcrumbList","@id":"https:\/\/uvethotels.com\/giudeccahotel\/de\/venedig-besuchen\/#breadcrumb","itemListElement":[{"@type":"ListItem","position":1,"name":"Home","item":"https:\/\/uvethotels.com\/giudeccahotel\/"},{"@type":"ListItem","position":2,"name":"Venedig"}]},{"@type":"WebSite","@id":"https:\/\/uvethotels.com\/giudeccahotel\/#website","url":"https:\/\/uvethotels.com\/giudeccahotel\/","name":"Hotel Giudecca - Uvet Hotels","description":"","publisher":{"@id":"https:\/\/uvethotels.com\/giudeccahotel\/#organization"},"potentialAction":[{"@type":"SearchAction","target":{"@type":"EntryPoint","urlTemplate":"https:\/\/uvethotels.com\/giudeccahotel\/?s={search_term_string}"},"query-input":{"@type":"PropertyValueSpecification","valueRequired":true,"valueName":"search_term_string"}}],"inLanguage":"it-IT"},{"@type":"Organization","@id":"https:\/\/uvethotels.com\/giudeccahotel\/#organization","name":"Hotel Giudecca - Uvet Hotels","url":"https:\/\/uvethotels.com\/giudeccahotel\/","logo":{"@type":"ImageObject","inLanguage":"it-IT","@id":"https:\/\/uvethotels.com\/giudeccahotel\/#\/schema\/logo\/image\/","url":"https:\/\/uvethotels.com\/giudeccahotel\/wp-content\/uploads\/sites\/6\/2025\/03\/UHC_logo_verticale_1200x1200.jpg","contentUrl":"https:\/\/uvethotels.com\/giudeccahotel\/wp-content\/uploads\/sites\/6\/2025\/03\/UHC_logo_verticale_1200x1200.jpg","width":1200,"height":1200,"caption":"Hotel Giudecca - Uvet Hotels"},"image":{"@id":"https:\/\/uvethotels.com\/giudeccahotel\/#\/schema\/logo\/image\/"},"sameAs":["https:\/\/www.facebook.com\/hotelgiudeccavenezia","https:\/\/www.instagram.com\/hotel_giudecca\/"]}]}},"_links":{"self":[{"href":"https:\/\/uvethotels.com\/giudeccahotel\/wp-json\/wp\/v2\/pages\/4704","targetHints":{"allow":["GET"]}}],"collection":[{"href":"https:\/\/uvethotels.com\/giudeccahotel\/wp-json\/wp\/v2\/pages"}],"about":[{"href":"https:\/\/uvethotels.com\/giudeccahotel\/wp-json\/wp\/v2\/types\/page"}],"author":[{"embeddable":true,"href":"https:\/\/uvethotels.com\/giudeccahotel\/wp-json\/wp\/v2\/users\/1"}],"replies":[{"embeddable":true,"href":"https:\/\/uvethotels.com\/giudeccahotel\/wp-json\/wp\/v2\/comments?post=4704"}],"version-history":[{"count":8,"href":"https:\/\/uvethotels.com\/giudeccahotel\/wp-json\/wp\/v2\/pages\/4704\/revisions"}],"predecessor-version":[{"id":5025,"href":"https:\/\/uvethotels.com\/giudeccahotel\/wp-json\/wp\/v2\/pages\/4704\/revisions\/5025"}],"wp:attachment":[{"href":"https:\/\/uvethotels.com\/giudeccahotel\/wp-json\/wp\/v2\/media?parent=4704"}],"curies":[{"name":"wp","href":"https:\/\/api.w.org\/{rel}","templated":true}]}}