{"id":3306,"date":"2024-11-19T09:06:21","date_gmt":"2024-11-19T08:06:21","guid":{"rendered":"https:\/\/uvethc.com\/lesjumeauxhotel\/?page_id=3306"},"modified":"2025-09-02T17:06:55","modified_gmt":"2025-09-02T15:06:55","slug":"contactez-nous","status":"publish","type":"page","link":"https:\/\/uvethotels.com\/lesjumeauxhotel\/fr\/contactez-nous\/","title":{"rendered":"Contatti"},"content":{"rendered":"\t\t<div data-elementor-type=\"wp-page\" data-elementor-id=\"3306\" class=\"elementor elementor-3306\" data-elementor-post-type=\"page\">\n\t\t\t\t<div class=\"elementor-element elementor-element-7382885b e-con-full e-flex e-con e-parent\" data-id=\"7382885b\" data-element_type=\"container\" data-e-type=\"container\" data-settings=\"{&quot;background_background&quot;:&quot;classic&quot;}\">\n\t\t\t\t<div class=\"elementor-element elementor-element-6de1e63e elementor-widget elementor-widget-patara-banner-image\" data-id=\"6de1e63e\" data-element_type=\"widget\" data-e-type=\"widget\" data-widget_type=\"patara-banner-image.default\">\n\t\t\t\t<div class=\"elementor-widget-container\">\n\t\t\t\t\t\t\t\n\t<!-- Header Banner -->\n\t<header class=\"header\">\n\n\t\t\t\t<div class=\"banner-header full-height valign bg-img bg-fixed text-center\" data-overlay-dark=\"5\" data-background=\"https:\/\/uvethotels.com\/wp-content\/uploads\/sites\/9\/2024\/11\/6968-cc-scaled.webp\">\n\t\t\t\t\t\t\t\t\t\t\t\t<div class=\"container\">\n\t\t\t\t\t<div class=\"row\">\n\t\t\t\t\t\t<div class=\"col-md-12 offset-0\">\n\t\t\t\t\t\t\t<div class=\"caption\">\n\n\t\t\t\t\t\t\t\t\t\t\t\t\t\t\t\t\n\t\t\t\t\t\t\t\t\n\t\t\t\t\t\t\t\t\t\t\t\t\t\t\t\t\t\t\t\t\t\t\t\t<h1 class=\"pt-slider-title2-class\">Contactez-nous<\/h1>\n\t\t\t\t\t\t\t\t\t\t\t\t\t\t\t\t\t\t\t\t\t\t\t<\/div>\t\t\t\t\t\t\n\t\t\t\t\t\t<\/div>\t\t\t\t\t\t\n\t\t\t\t\t<\/div>\n\t\t\t\t<\/div>\n\t\t\t\t\t\t\t\t<!-- button scroll -->\n\t\t\t\t<a href=\"#contact\" data-scroll-nav=\"1\" class=\"mouse smoothscroll\">\n\t\t\t\t\t<span class=\"mouse-icon\">\n\t\t\t\t\t\t<span class=\"mouse-wheel\"><\/span>\n\t\t\t\t\t<\/span>\n\t\t\t\t<\/a>\t\n\t\t\t\t\t\t\t\t\t\n\t\t\t\t\t\t\n        <\/div>\t\t\t\n\t<\/header>\t\t\n\t\t\t\n    \t\t\t\t<\/div>\n\t\t\t\t<\/div>\n\t\t\t\t<\/div>\n\t\t<div class=\"elementor-element elementor-element-9334538 e-flex e-con-boxed e-con e-parent\" data-id=\"9334538\" data-element_type=\"container\" data-e-type=\"container\" id=\"contact\" data-settings=\"{&quot;background_background&quot;:&quot;classic&quot;}\">\n\t\t\t\t\t<div class=\"e-con-inner\">\n\t\t<div class=\"elementor-element elementor-element-1808a932 e-flex e-con-boxed e-con e-child\" data-id=\"1808a932\" data-element_type=\"container\" data-e-type=\"container\">\n\t\t\t\t\t<div class=\"e-con-inner\">\n\t\t<div class=\"elementor-element elementor-element-39f4d8a7 e-con-full e-flex e-con e-child\" data-id=\"39f4d8a7\" data-element_type=\"container\" data-e-type=\"container\">\n\t\t<div class=\"elementor-element elementor-element-72defd92 e-con-full e-flex e-con e-child\" data-id=\"72defd92\" data-element_type=\"container\" data-e-type=\"container\">\n\t\t\t\t<div class=\"elementor-element elementor-element-97de103 elementor-widget elementor-widget-patara-contact\" data-id=\"97de103\" data-element_type=\"widget\" data-e-type=\"widget\" data-widget_type=\"patara-contact.default\">\n\t\t\t\t<div class=\"elementor-widget-container\">\n\t\t\t\t\t        \t\t\n\t\t\n\t\t<div class=\"sec-contact-info sec-reservations\">\n\t\t    \n\t\t\t\t\t\t\n\t\t\t\t\t\t\t\t\t                        <div class=\"reservations mb-15\">\t\n \t\t\t\t\t\t    <div class=\"icon\">\n\t\t\t\t\t\t\t\t\t\t\n\t\t\t\t\t\t\t\t\t<span class=\"flaticon-call\"><\/span>\n\t\t\t\t\t\t\t\t\t\t\t\t\t\t\t\t\n\t\t\t\t\t\t\t<\/div>\n\t\t\t\t\t\t\t<div class=\"text\">\n\t\t\t\t\t\t        <p>T\u00e9l\u00e9phone<\/p> <a href=\"tel:+39 0165 846796\">+39 0165 846796<\/a>\n\t\t\t\t\t\t   <\/div>\n\t\t\t\t\t\t<\/div>\n\t\t\t\t\t\t \n\n\t\t\t\t\t\t\t\t\t\t\n                        <div class=\"reservations mb-15\">\t\n \t\t\t\t\t\t    <div class=\"icon\">\n\t\t\t\t\t\t\t\t\t\n\t\t\t\t\t\t\t\t\t<span class=\"flaticon-envelope\"><\/span>\n\t\t\t\t\t\t\t\t\t\t\t\t\t\t\t\t\n\t\t\t\t\t\t\t<\/div>\n\t\t\t\t\t\t\t<div class=\"text\">\n\t\t\t\t\t\t        <p>Email<\/p> <a href=\"mailto:reservation.lesjumeaux@uvethotels.com\">reservation.lesjumeaux@uvethotels.com<\/a>\n\t\t\t\t\t\t   <\/div>\n\t\t\t\t\t\t<\/div>\n\t\t\t\t\t\t \n\n\t\t\t\t\t\t\t\t\t                        <div class=\"reservations mb-15\">\t\n \t\t\t\t\t\t    <div class=\"icon\">\n\t\t\t\t\t\t\t\t\t\n\t\t\t\t\t\t\t\t\t<span class=\"flaticon-location-pin\"><\/span>\n\t\t\t\t\t\t\t\t\t\t\t\t\t\t\t\t\n\t\t\t\t\t\t\t<\/div>\n\t\t\t\t\t\t\t<div class=\"text\">\n\t\t\t\t\t\t        <p>Adresse<\/p> <a href=\"#\" target=\"_self\" rel=\"noopener noreferrer\">Strada Regionale, 35, Courmayeur (AO), 11013, Italy<\/a>\n\t\t\t\t\t\t   <\/div>\n\t\t\t\t\t\t<\/div>\t\t\t\t\t\t\t\t\t\t\t\n\t\t\t\t\t\t \n\n\t\t\t\t\t\t\t\t\n        <\/div>\t\t\n\n        \t\t\t\t<\/div>\n\t\t\t\t<\/div>\n\t\t\t\t<\/div>\n\t\t<div class=\"elementor-element elementor-element-47cfeeff e-con-full e-flex e-con e-child\" data-id=\"47cfeeff\" data-element_type=\"container\" data-e-type=\"container\">\n\t\t\t\t<div class=\"elementor-element elementor-element-e3a516e elementor-widget elementor-widget-patara-form\" data-id=\"e3a516e\" data-element_type=\"widget\" data-e-type=\"widget\" data-widget_type=\"patara-form.default\">\n\t\t\t\t<div class=\"elementor-widget-container\">\n\t\t\t\t\t\t\t\n\t\t<div class=\"sec-contact-form\">\t\t\t\n\t\t\t<div class=\"clearfix contact__form vc_template\">\t\t\n\t\t\t\t\n<div class=\"wpcf7 no-js\" id=\"wpcf7-f3675-o1\" lang=\"en-US\" dir=\"ltr\" data-wpcf7-id=\"3675\">\n<div class=\"screen-reader-response\"><p role=\"status\" aria-live=\"polite\" aria-atomic=\"true\"><\/p> <ul><\/ul><\/div>\n<form action=\"\/lesjumeauxhotel\/wp-json\/wp\/v2\/pages\/3306#wpcf7-f3675-o1\" method=\"post\" class=\"wpcf7-form init\" aria-label=\"Contact form\" novalidate=\"novalidate\" data-status=\"init\">\n<fieldset class=\"hidden-fields-container\"><input type=\"hidden\" name=\"_wpcf7\" value=\"3675\" \/><input type=\"hidden\" name=\"_wpcf7_version\" value=\"6.1.5\" \/><input type=\"hidden\" name=\"_wpcf7_locale\" value=\"en_US\" \/><input type=\"hidden\" name=\"_wpcf7_unit_tag\" value=\"wpcf7-f3675-o1\" \/><input type=\"hidden\" name=\"_wpcf7_container_post\" value=\"0\" \/><input type=\"hidden\" name=\"_wpcf7_posted_data_hash\" value=\"\" \/>\n<\/fieldset>\n<span class=\"wpcf7-form-control-wrap\" data-name=\"your-name\"><input size=\"40\" maxlength=\"400\" class=\"wpcf7-form-control wpcf7-text wpcf7-validates-as-required\" autocomplete=\"name\" aria-required=\"true\" aria-invalid=\"false\" placeholder=\"Nom e Pr\u00e9nom*\" value=\"\" type=\"text\" name=\"your-name\" \/><\/span> \n                  \n<span class=\"wpcf7-form-control-wrap\" data-name=\"your-email\"><input size=\"40\" maxlength=\"400\" class=\"wpcf7-form-control wpcf7-email wpcf7-validates-as-required wpcf7-text wpcf7-validates-as-email\" autocomplete=\"email\" aria-required=\"true\" aria-invalid=\"false\" placeholder=\"Email *\" value=\"\" type=\"email\" name=\"your-email\" \/><\/span>\n\n<span class=\"wpcf7-form-control-wrap\" data-name=\"tel-477\"><input size=\"40\" maxlength=\"400\" class=\"wpcf7-form-control wpcf7-tel wpcf7-text wpcf7-validates-as-tel\" aria-invalid=\"false\" placeholder=\"T\u00e9l\u00e9phone\" value=\"\" type=\"tel\" name=\"tel-477\" \/><\/span>\n  \n<span class=\"wpcf7-form-control-wrap\" data-name=\"your-subject\"><input size=\"40\" maxlength=\"400\" class=\"wpcf7-form-control wpcf7-text wpcf7-validates-as-required\" aria-required=\"true\" aria-invalid=\"false\" placeholder=\"Objet du Message*\" value=\"\" type=\"text\" name=\"your-subject\" \/><\/span>\n    \n<span class=\"wpcf7-form-control-wrap\" data-name=\"your-message\"><textarea cols=\"40\" rows=\"10\" maxlength=\"2000\" class=\"wpcf7-form-control wpcf7-textarea\" aria-invalid=\"false\" placeholder=\"Message*\" name=\"your-message\"><\/textarea><\/span>\n\n<span class=\"wpcf7-form-control-wrap\" data-name=\"privacy\"><span class=\"wpcf7-form-control wpcf7-acceptance\"><span class=\"wpcf7-list-item\"><label><input type=\"checkbox\" name=\"privacy\" value=\"1\" aria-invalid=\"false\" \/><span class=\"wpcf7-list-item-label\">Je d\u00e9clare avoir pris connaissance de la <a href=\"https:\/\/uvethc.com\/alaskahotel\/fr\/privacy-policy\/\" style=\"text-decoration: underline;\">politique de confidentialit\u00e9.<\/a><\/span><\/label><\/span><\/span><\/span>\n\n<span class=\"wpcf7-form-control-wrap\" data-name=\"marketing\"><span class=\"wpcf7-form-control wpcf7-acceptance optional\"><span class=\"wpcf7-list-item\"><label><input type=\"checkbox\" name=\"marketing\" value=\"1\" aria-invalid=\"false\" \/><span class=\"wpcf7-list-item-label\">Je consens au traitement de mes donn\u00e9es pour recevoir des promotions et des offres sp\u00e9ciales, des informations sur des projets, des \u00e9v\u00e9nements et des services li\u00e9s au monde du voyage et de l'h\u00f4tellerie, promus par le Groupe Uvet.<\/span><\/label><\/span><\/span><\/span>\n\n<span class=\"wpcf7-form-control-wrap\" data-name=\"newsletter\"><span class=\"wpcf7-form-control wpcf7-acceptance optional\"><span class=\"wpcf7-list-item\"><label><input type=\"checkbox\" name=\"newsletter\" value=\"1\" aria-invalid=\"false\" \/><span class=\"wpcf7-list-item-label\">Je souhaite m'inscrire \u00e0 la newsletter du programme client d'Uvet Hotels pour recevoir des informations, des promotions et des offres sp\u00e9ciales concernant les propri\u00e9t\u00e9s et les initiatives de la marque Uvet Hotels.<\/span><\/label><\/span><\/span><\/span>\n\n<div class=\"wpcf7-form-control has-spinner wpcf7-submit\"><button class=\"butn-dark2\"><span>Envoyer<\/span><\/button><\/div><input type=\"hidden\" id=\"ct_checkjs_cf7_b6f0479ae87d244975439c6124592772\" name=\"ct_checkjs_cf7\" value=\"0\" \/><script >setTimeout(function(){var ct_input_name = \"ct_checkjs_cf7_b6f0479ae87d244975439c6124592772\";if (document.getElementById(ct_input_name) !== null) {var ct_input_value = document.getElementById(ct_input_name).value;document.getElementById(ct_input_name).value = document.getElementById(ct_input_name).value.replace(ct_input_value, '1578660698');}}, 1000);<\/script><input\n                    class=\"apbct_special_field apbct_email_id__wp_contact_form_7\"\n                    name=\"apbct__email_id__wp_contact_form_7\"\n                    aria-label=\"apbct__label_id__wp_contact_form_7\"\n                    type=\"text\" size=\"30\" maxlength=\"200\" autocomplete=\"off\"\n                    value=\"\"\n                \/><p style=\"display: none !important;\" class=\"akismet-fields-container\" data-prefix=\"_wpcf7_ak_\"><label>&#916;<textarea name=\"_wpcf7_ak_hp_textarea\" cols=\"45\" rows=\"8\" maxlength=\"100\"><\/textarea><\/label><input type=\"hidden\" id=\"ak_js_1\" name=\"_wpcf7_ak_js\" value=\"18\"\/><script type=\"text\/javascript\">\n\/* <![CDATA[ *\/\ndocument.getElementById( \"ak_js_1\" ).setAttribute( \"value\", ( new Date() ).getTime() );\n\/* ]]> *\/\n<\/script>\n<\/p><div class=\"wpcf7-response-output\" aria-hidden=\"true\"><\/div>\n<input\n                    class=\"apbct_special_field apbct_email_id__elementor_form\"\n                    name=\"apbct__email_id__elementor_form\"\n                    aria-label=\"apbct__label_id__elementor_form\"\n                    type=\"text\" size=\"30\" maxlength=\"200\" autocomplete=\"off\"\n                    value=\"\"\n                \/><\/form>\n<\/div>\n\t\t\t<\/div>\t\t\t\t\t\n\t\t<\/div>\t\n\t\t\n        \t\t\t\t<\/div>\n\t\t\t\t<\/div>\n\t\t\t\t<\/div>\n\t\t\t\t<\/div>\n\t\t\t\t<div class=\"elementor-element elementor-element-175bdc2d elementor-widget elementor-widget-patara-title\" data-id=\"175bdc2d\" data-element_type=\"widget\" data-e-type=\"widget\" data-widget_type=\"patara-title.default\">\n\t\t\t\t<div class=\"elementor-widget-container\">\n\t\t\t\t\t\t\t\n\t\t\n\t\t\t\t\t\t\t\n\t\t\t<div class=\"section-title black text-left\">Comment nous joindre<\/div>\t\t\t\t\n\t\t\t<div class=\"section-text text-left black\"><p><p><strong>Service de transfert<\/strong><\/p><p>Un service de transfert est \u00e0 la disposition de nos clients. Veuillez contacter l'h\u00f4tel par t\u00e9l\u00e9phone pour obtenir plus d'informations et proc\u00e9der \u00e0 une r\u00e9servation.<\/p><p><strong>En voiture<\/strong><\/p><p>On rejoint facilement Courmayeur par l\u2019autoroute A5 Torino-Aoste-Morgex.<\/p><p><strong>En avion<\/strong><\/p><p>Les a\u00e9roports les plus proches sont aujourd\u2019hui ceux d\u2019Aoste, Torino Caselle et Milan Malpensa\/Linate. Courmayeur est \u00e0 40 minutes d\u2019Aoste, \u00e0 une heure et demie de voiture de Turin et \u00e0 un peu plus des a\u00e9roports de Milan. L\u2019a\u00e9roport d\u2019Aoste est reli\u00e9 aux a\u00e9roports de Rome, Olbia, Palerme, Reggio Calabria, Catania et Paris.<\/p><p><strong>En train et en autobus<\/strong><\/p><p>On peut \u00e9galement rejoindre Courmayeur en autobus par une ou plusieurs courses journali\u00e8res \u00e0 partir des principales villes du Nord de l\u2019Italie (Turin, Milan, G\u00eanes). Le voyage en train est conseill\u00e9 jusqu\u2019\u00e0 Aoste, o\u00f9 il y a une correspondance avec un autobus de ligne qui vous am\u00e8nera \u00e0 Courmayeur.<\/p><p><strong>Transports internes<\/strong><\/p><p>Courmayeur a son propre service publique de transports, ce qui facilite remarquablement les d\u00e9placements \u00e0 l\u2019int\u00e9rieur du village et entre les hameaux et le centre du village.<\/p><p><strong>Principales distances<\/strong><\/p><p>148 km \u00e0 Turin A\u00e9roport\/ TRN<br \/>243 km \u00e0 Milan Linate A\u00e9roport\/ LIN<br \/>202 km \u00e0 Milan Malpensa A\u00e9roport\/ MXP<br \/>1 km de l\u2019autoroute A5<br \/>4 km de la gare de Pr\u00e9-Saint Didier<br \/>10 km \u00e0 la fronti\u00e8re fran\u00e7aise italienne<\/p><\/p><\/div>\n        \n\t\t\t\n        \t\t\t\t<\/div>\n\t\t\t\t<\/div>\n\t\t\t\t\t<\/div>\n\t\t\t\t<\/div>\n\t\t\t\t\t<\/div>\n\t\t\t\t<\/div>\n\t\t<div class=\"elementor-element elementor-element-1b805570 e-con-full e-flex e-con e-parent\" data-id=\"1b805570\" data-element_type=\"container\" data-e-type=\"container\">\n\t\t\t\t<div class=\"elementor-element elementor-element-5007f6d elementor-widget elementor-widget-google_maps\" data-id=\"5007f6d\" data-element_type=\"widget\" data-e-type=\"widget\" data-widget_type=\"google_maps.default\">\n\t\t\t\t<div class=\"elementor-widget-container\">\n\t\t\t\t\t\t\t<div class=\"elementor-custom-embed\">\n\t\t\t<iframe loading=\"lazy\"\n\t\t\t\t\tsrc=\"https:\/\/maps.google.com\/maps?q=Strada%20Regionale%2C%2035%2C%20Courmayeur%20%28AO%29%2C%2011013%2C%20Italy&#038;t=m&#038;z=15&#038;output=embed&#038;iwloc=near\"\n\t\t\t\t\ttitle=\"Strada Regionale, 35, Courmayeur (AO), 11013, Italy\"\n\t\t\t\t\taria-label=\"Strada Regionale, 35, Courmayeur (AO), 11013, Italy\"\n\t\t\t><\/iframe>\n\t\t<\/div>\n\t\t\t\t\t\t<\/div>\n\t\t\t\t<\/div>\n\t\t\t\t<\/div>\n\t\t\t\t<\/div>\n\t\t","protected":false},"excerpt":{"rendered":"<p>Contactez-nous T\u00e9l\u00e9phone +39 0165 846796 Email reservation.lesjumeaux@uvethotels.com Adresse Strada Regionale, 35, Courmayeur (AO), 11013, Italy Je d\u00e9clare avoir pris connaissance de la politique de confidentialit\u00e9. Je consens au traitement de mes donn\u00e9es pour recevoir des promotions et des offres sp\u00e9ciales, des informations sur des projets, des \u00e9v\u00e9nements et des services li\u00e9s au monde du voyage et de l&#8217;h\u00f4tellerie, promus par<\/p>\n","protected":false},"author":1,"featured_media":0,"parent":0,"menu_order":0,"comment_status":"closed","ping_status":"closed","template":"","meta":{"_acf_changed":false,"footnotes":"","_links_to":"","_links_to_target":""},"class_list":["post-3306","page","type-page","status-publish","hentry"],"acf":[],"yoast_head":"<!-- This site is optimized with the Yoast SEO plugin v27.5 - https:\/\/yoast.com\/product\/yoast-seo-wordpress\/ -->\n<title>Contactez-nous - Hotel Les Jumeaux<\/title>\n<meta name=\"description\" content=\"D\u00e9couvrez comment joindre l&#039;H\u00f4tel Les Jumeaux Courmayeur ou envoyez-nous un message via le formulaire de contact. Tel: +39 0165846796.\" \/>\n<meta name=\"robots\" content=\"index, follow, max-snippet:-1, max-image-preview:large, max-video-preview:-1\" \/>\n<link rel=\"canonical\" href=\"https:\/\/uvethotels.com\/lesjumeauxhotel\/fr\/contactez-nous\/\" \/>\n<meta property=\"og:locale\" content=\"it_IT\" \/>\n<meta property=\"og:type\" content=\"article\" \/>\n<meta property=\"og:title\" content=\"Contactez-nous - Hotel Les Jumeaux\" \/>\n<meta property=\"og:description\" content=\"D\u00e9couvrez comment joindre l&#039;H\u00f4tel Les Jumeaux Courmayeur ou envoyez-nous un message via le formulaire de contact. Tel: +39 0165846796.\" \/>\n<meta property=\"og:url\" content=\"https:\/\/uvethotels.com\/lesjumeauxhotel\/fr\/contactez-nous\/\" \/>\n<meta property=\"og:site_name\" content=\"Les Jumeaux - Uvet Hotels\" \/>\n<meta property=\"article:publisher\" content=\"https:\/\/www.facebook.com\/hotellesjumeaux\" \/>\n<meta property=\"article:modified_time\" content=\"2025-09-02T15:06:55+00:00\" \/>\n<meta name=\"twitter:card\" content=\"summary_large_image\" \/>\n<meta name=\"twitter:label1\" content=\"Tempo di lettura stimato\" \/>\n\t<meta name=\"twitter:data1\" content=\"2 minuti\" \/>\n<script type=\"application\/ld+json\" class=\"yoast-schema-graph\">{\"@context\":\"https:\\\/\\\/schema.org\",\"@graph\":[{\"@type\":\"WebPage\",\"@id\":\"https:\\\/\\\/uvethotels.com\\\/lesjumeauxhotel\\\/fr\\\/contactez-nous\\\/\",\"url\":\"https:\\\/\\\/uvethotels.com\\\/lesjumeauxhotel\\\/fr\\\/contactez-nous\\\/\",\"name\":\"Contactez-nous - Hotel Les Jumeaux\",\"isPartOf\":{\"@id\":\"https:\\\/\\\/uvethotels.com\\\/lesjumeauxhotel\\\/#website\"},\"datePublished\":\"2024-11-19T08:06:21+00:00\",\"dateModified\":\"2025-09-02T15:06:55+00:00\",\"description\":\"D\u00e9couvrez comment joindre l'H\u00f4tel Les Jumeaux Courmayeur ou envoyez-nous un message via le formulaire de contact. Tel: +39 0165846796.\",\"breadcrumb\":{\"@id\":\"https:\\\/\\\/uvethotels.com\\\/lesjumeauxhotel\\\/fr\\\/contactez-nous\\\/#breadcrumb\"},\"inLanguage\":\"it-IT\",\"potentialAction\":[{\"@type\":\"ReadAction\",\"target\":[\"https:\\\/\\\/uvethotels.com\\\/lesjumeauxhotel\\\/fr\\\/contactez-nous\\\/\"]}]},{\"@type\":\"BreadcrumbList\",\"@id\":\"https:\\\/\\\/uvethotels.com\\\/lesjumeauxhotel\\\/fr\\\/contactez-nous\\\/#breadcrumb\",\"itemListElement\":[{\"@type\":\"ListItem\",\"position\":1,\"name\":\"Home\",\"item\":\"https:\\\/\\\/uvethotels.com\\\/lesjumeauxhotel\\\/\"},{\"@type\":\"ListItem\",\"position\":2,\"name\":\"Contatti\"}]},{\"@type\":\"WebSite\",\"@id\":\"https:\\\/\\\/uvethotels.com\\\/lesjumeauxhotel\\\/#website\",\"url\":\"https:\\\/\\\/uvethotels.com\\\/lesjumeauxhotel\\\/\",\"name\":\"Hotel Les Jumeaux Courmayeur - Uvet Hotels\",\"description\":\"\",\"publisher\":{\"@id\":\"https:\\\/\\\/uvethotels.com\\\/lesjumeauxhotel\\\/#organization\"},\"alternateName\":\"Hotel Les Jumeaux Courmayeur\",\"potentialAction\":[{\"@type\":\"SearchAction\",\"target\":{\"@type\":\"EntryPoint\",\"urlTemplate\":\"https:\\\/\\\/uvethotels.com\\\/lesjumeauxhotel\\\/?s={search_term_string}\"},\"query-input\":{\"@type\":\"PropertyValueSpecification\",\"valueRequired\":true,\"valueName\":\"search_term_string\"}}],\"inLanguage\":\"it-IT\"},{\"@type\":\"Organization\",\"@id\":\"https:\\\/\\\/uvethotels.com\\\/lesjumeauxhotel\\\/#organization\",\"name\":\"Hotel Les Jumeaux - Uvet Hotels\",\"url\":\"https:\\\/\\\/uvethotels.com\\\/lesjumeauxhotel\\\/\",\"logo\":{\"@type\":\"ImageObject\",\"inLanguage\":\"it-IT\",\"@id\":\"https:\\\/\\\/uvethotels.com\\\/lesjumeauxhotel\\\/#\\\/schema\\\/logo\\\/image\\\/\",\"url\":\"https:\\\/\\\/uvethotels.com\\\/lesjumeauxhotel\\\/wp-content\\\/uploads\\\/sites\\\/9\\\/2025\\\/03\\\/UHC_logo_verticale_1200x1200.jpg\",\"contentUrl\":\"https:\\\/\\\/uvethotels.com\\\/lesjumeauxhotel\\\/wp-content\\\/uploads\\\/sites\\\/9\\\/2025\\\/03\\\/UHC_logo_verticale_1200x1200.jpg\",\"width\":1200,\"height\":1200,\"caption\":\"Hotel Les Jumeaux - Uvet Hotels\"},\"image\":{\"@id\":\"https:\\\/\\\/uvethotels.com\\\/lesjumeauxhotel\\\/#\\\/schema\\\/logo\\\/image\\\/\"},\"sameAs\":[\"https:\\\/\\\/www.facebook.com\\\/hotellesjumeaux\",\"https:\\\/\\\/www.instagram.com\\\/hotel_lesjumeaux\\\/\"]}]}<\/script>\n<!-- \/ Yoast SEO plugin. -->","yoast_head_json":{"title":"Contactez-nous - Hotel Les Jumeaux","description":"D\u00e9couvrez comment joindre l'H\u00f4tel Les Jumeaux Courmayeur ou envoyez-nous un message via le formulaire de contact. Tel: +39 0165846796.","robots":{"index":"index","follow":"follow","max-snippet":"max-snippet:-1","max-image-preview":"max-image-preview:large","max-video-preview":"max-video-preview:-1"},"canonical":"https:\/\/uvethotels.com\/lesjumeauxhotel\/fr\/contactez-nous\/","og_locale":"it_IT","og_type":"article","og_title":"Contactez-nous - Hotel Les Jumeaux","og_description":"D\u00e9couvrez comment joindre l'H\u00f4tel Les Jumeaux Courmayeur ou envoyez-nous un message via le formulaire de contact. Tel: +39 0165846796.","og_url":"https:\/\/uvethotels.com\/lesjumeauxhotel\/fr\/contactez-nous\/","og_site_name":"Les Jumeaux - Uvet Hotels","article_publisher":"https:\/\/www.facebook.com\/hotellesjumeaux","article_modified_time":"2025-09-02T15:06:55+00:00","twitter_card":"summary_large_image","twitter_misc":{"Tempo di lettura stimato":"2 minuti"},"schema":{"@context":"https:\/\/schema.org","@graph":[{"@type":"WebPage","@id":"https:\/\/uvethotels.com\/lesjumeauxhotel\/fr\/contactez-nous\/","url":"https:\/\/uvethotels.com\/lesjumeauxhotel\/fr\/contactez-nous\/","name":"Contactez-nous - Hotel Les Jumeaux","isPartOf":{"@id":"https:\/\/uvethotels.com\/lesjumeauxhotel\/#website"},"datePublished":"2024-11-19T08:06:21+00:00","dateModified":"2025-09-02T15:06:55+00:00","description":"D\u00e9couvrez comment joindre l'H\u00f4tel Les Jumeaux Courmayeur ou envoyez-nous un message via le formulaire de contact. Tel: +39 0165846796.","breadcrumb":{"@id":"https:\/\/uvethotels.com\/lesjumeauxhotel\/fr\/contactez-nous\/#breadcrumb"},"inLanguage":"it-IT","potentialAction":[{"@type":"ReadAction","target":["https:\/\/uvethotels.com\/lesjumeauxhotel\/fr\/contactez-nous\/"]}]},{"@type":"BreadcrumbList","@id":"https:\/\/uvethotels.com\/lesjumeauxhotel\/fr\/contactez-nous\/#breadcrumb","itemListElement":[{"@type":"ListItem","position":1,"name":"Home","item":"https:\/\/uvethotels.com\/lesjumeauxhotel\/"},{"@type":"ListItem","position":2,"name":"Contatti"}]},{"@type":"WebSite","@id":"https:\/\/uvethotels.com\/lesjumeauxhotel\/#website","url":"https:\/\/uvethotels.com\/lesjumeauxhotel\/","name":"Hotel Les Jumeaux Courmayeur - Uvet Hotels","description":"","publisher":{"@id":"https:\/\/uvethotels.com\/lesjumeauxhotel\/#organization"},"alternateName":"Hotel Les Jumeaux Courmayeur","potentialAction":[{"@type":"SearchAction","target":{"@type":"EntryPoint","urlTemplate":"https:\/\/uvethotels.com\/lesjumeauxhotel\/?s={search_term_string}"},"query-input":{"@type":"PropertyValueSpecification","valueRequired":true,"valueName":"search_term_string"}}],"inLanguage":"it-IT"},{"@type":"Organization","@id":"https:\/\/uvethotels.com\/lesjumeauxhotel\/#organization","name":"Hotel Les Jumeaux - Uvet Hotels","url":"https:\/\/uvethotels.com\/lesjumeauxhotel\/","logo":{"@type":"ImageObject","inLanguage":"it-IT","@id":"https:\/\/uvethotels.com\/lesjumeauxhotel\/#\/schema\/logo\/image\/","url":"https:\/\/uvethotels.com\/lesjumeauxhotel\/wp-content\/uploads\/sites\/9\/2025\/03\/UHC_logo_verticale_1200x1200.jpg","contentUrl":"https:\/\/uvethotels.com\/lesjumeauxhotel\/wp-content\/uploads\/sites\/9\/2025\/03\/UHC_logo_verticale_1200x1200.jpg","width":1200,"height":1200,"caption":"Hotel Les Jumeaux - Uvet Hotels"},"image":{"@id":"https:\/\/uvethotels.com\/lesjumeauxhotel\/#\/schema\/logo\/image\/"},"sameAs":["https:\/\/www.facebook.com\/hotellesjumeaux","https:\/\/www.instagram.com\/hotel_lesjumeaux\/"]}]}},"_links":{"self":[{"href":"https:\/\/uvethotels.com\/lesjumeauxhotel\/wp-json\/wp\/v2\/pages\/3306","targetHints":{"allow":["GET"]}}],"collection":[{"href":"https:\/\/uvethotels.com\/lesjumeauxhotel\/wp-json\/wp\/v2\/pages"}],"about":[{"href":"https:\/\/uvethotels.com\/lesjumeauxhotel\/wp-json\/wp\/v2\/types\/page"}],"author":[{"embeddable":true,"href":"https:\/\/uvethotels.com\/lesjumeauxhotel\/wp-json\/wp\/v2\/users\/1"}],"replies":[{"embeddable":true,"href":"https:\/\/uvethotels.com\/lesjumeauxhotel\/wp-json\/wp\/v2\/comments?post=3306"}],"version-history":[{"count":12,"href":"https:\/\/uvethotels.com\/lesjumeauxhotel\/wp-json\/wp\/v2\/pages\/3306\/revisions"}],"predecessor-version":[{"id":4058,"href":"https:\/\/uvethotels.com\/lesjumeauxhotel\/wp-json\/wp\/v2\/pages\/3306\/revisions\/4058"}],"wp:attachment":[{"href":"https:\/\/uvethotels.com\/lesjumeauxhotel\/wp-json\/wp\/v2\/media?parent=3306"}],"curies":[{"name":"wp","href":"https:\/\/api.w.org\/{rel}","templated":true}]}}