{"id":3328,"date":"2024-11-19T09:24:15","date_gmt":"2024-11-19T08:24:15","guid":{"rendered":"https:\/\/uvethc.com\/lesjumeauxhotel\/?page_id=3328"},"modified":"2025-06-19T16:59:20","modified_gmt":"2025-06-19T14:59:20","slug":"services-exclusifs","status":"publish","type":"page","link":"https:\/\/uvethotels.com\/lesjumeauxhotel\/fr\/services-exclusifs\/","title":{"rendered":"Servizi"},"content":{"rendered":"\t\t<div data-elementor-type=\"wp-page\" data-elementor-id=\"3328\" class=\"elementor elementor-3328\" data-elementor-post-type=\"page\">\n\t\t\t\t<div class=\"elementor-element elementor-element-61ab61ed e-con-full e-flex e-con e-parent\" data-id=\"61ab61ed\" data-element_type=\"container\" data-e-type=\"container\" data-settings=\"{&quot;background_background&quot;:&quot;classic&quot;}\">\n\t\t\t\t<div class=\"elementor-element elementor-element-51effc66 elementor-widget elementor-widget-patara-banner-image\" data-id=\"51effc66\" data-element_type=\"widget\" data-e-type=\"widget\" data-widget_type=\"patara-banner-image.default\">\n\t\t\t\t<div class=\"elementor-widget-container\">\n\t\t\t\t\t\t\t\n\t<!-- Header Banner -->\n\t<header class=\"header\">\n\n\t\t\t\t<div class=\"banner-header full-height valign bg-img bg-fixed text-center\" data-overlay-dark=\"5\" data-background=\"https:\/\/uvethotels.com\/wp-content\/uploads\/sites\/9\/2024\/11\/Les-Jumeaux-7.webp\">\n\t\t\t\t\t\t\t\t\t\t\t\t<div class=\"container\">\n\t\t\t\t\t<div class=\"row\">\n\t\t\t\t\t\t<div class=\"col-md-12 offset-0\">\n\t\t\t\t\t\t\t<div class=\"caption\">\n\n\t\t\t\t\t\t\t\t\t\t\t\t\t\t\t\t\n\t\t\t\t\t\t\t\t\n\t\t\t\t\t\t\t\t\t\t\t\t\t\t\t\t<h4 class=\"pt-slider-title1-class\">\u00c1 l&#039;h\u00f4tel Les Jumeaux les occasions de se relaxer ne manquent pas<\/h4>\n\t\t\t\t\t\t\t\t\t\t\t\t\t\t\t\t\t\t\t\t\t\t\t\t<h1 class=\"pt-slider-title2-class\">Services<\/h1>\n\t\t\t\t\t\t\t\t\t\t\t\t\t\t\t\t\t\t\t\t\t\t\t<\/div>\t\t\t\t\t\t\n\t\t\t\t\t\t<\/div>\t\t\t\t\t\t\n\t\t\t\t\t<\/div>\n\t\t\t\t<\/div>\n\t\t\t\t\t\t\t\t<!-- button scroll -->\n\t\t\t\t<a href=\"#services\" data-scroll-nav=\"1\" class=\"mouse smoothscroll\">\n\t\t\t\t\t<span class=\"mouse-icon\">\n\t\t\t\t\t\t<span class=\"mouse-wheel\"><\/span>\n\t\t\t\t\t<\/span>\n\t\t\t\t<\/a>\t\n\t\t\t\t\t\t\t\t\t\n\t\t\t\t\t\t\n        <\/div>\t\t\t\n\t<\/header>\t\t\n\t\t\t\n    \t\t\t\t<\/div>\n\t\t\t\t<\/div>\n\t\t\t\t<\/div>\n\t\t<div class=\"elementor-element elementor-element-4db6243c e-flex e-con-boxed e-con e-parent\" data-id=\"4db6243c\" data-element_type=\"container\" data-e-type=\"container\" id=\"services\" data-settings=\"{&quot;background_background&quot;:&quot;classic&quot;}\">\n\t\t\t\t\t<div class=\"e-con-inner\">\n\t\t<div class=\"elementor-element elementor-element-cf8a31d e-con-full e-flex e-con e-child\" data-id=\"cf8a31d\" data-element_type=\"container\" data-e-type=\"container\">\n\t\t\t\t<div class=\"elementor-element elementor-element-940a3c6 elementor-widget elementor-widget-patara-services-grid\" data-id=\"940a3c6\" data-element_type=\"widget\" data-e-type=\"widget\" data-widget_type=\"patara-services-grid.default\">\n\t\t\t\t<div class=\"elementor-widget-container\">\n\t\t\t\t\t\t\t\n\t\t\t\t\n        \n\t\t\t<div class=\"sec-services services2\">\t\n\t\t\t\t\t\t\t\t<div class=\"services2 left\">\t\n\t\t\t\t\t<figure> <img decoding=\"async\" src=\"https:\/\/uvethotels.com\/wp-content\/uploads\/sites\/9\/2024\/11\/6962-sala-lettura-1-scaled.webp\" alt=\"\" class=\"img-fluid\" \/> <\/figure>\t\t\t\t\t\n\t\t\t\t\t<div class=\"caption padding-left\">\n\t\t\t\t\t\t\t\t\t\t\t\t<h4>Le confort au c\u0153ur de la nature<\/h4>\n\t\t\t\t\t\t\t\n\t\t\t\t\t\t\t\t\t\t\t\t<div class=\"section-text\"><p style=\"color: #f18a00;\">__________________<\/p>\nTous les espaces de l\u2019h\u00f4tel, des zones communes aux chambres, sont structur\u00e9s de mani\u00e8re \u00e0 garantir un confort maximal et \u00e0 accueillir en leur sein la beaut\u00e9 de la nature environnante, avec ses for\u00eats et ses majestueux sommets enneig\u00e9s.<\/div>\n\t\t\t\t\t\t\t\n\t\t\t\t\t\t\n\t\t\t\t\t\t\t\t\t\t\t\t\t\t\t\t\t\t    \n\t\t\t\t\t<\/div>\t\t\t\t\t\n\t\t\t\t<\/div>\t\t\t\t\t\n\t\t\t\t\t\t\t<\/div>\t\n\n        \t\t\n        \t\t\t\t<\/div>\n\t\t\t\t<\/div>\n\t\t\t\t<\/div>\n\t\t<div class=\"elementor-element elementor-element-01501cd e-con-full e-flex e-con e-child\" data-id=\"01501cd\" data-element_type=\"container\" data-e-type=\"container\">\n\t\t\t\t<div class=\"elementor-element elementor-element-64003f3 elementor-widget elementor-widget-patara-services-grid\" data-id=\"64003f3\" data-element_type=\"widget\" data-e-type=\"widget\" data-widget_type=\"patara-services-grid.default\">\n\t\t\t\t<div class=\"elementor-widget-container\">\n\t\t\t\t\t\t\t\n\t\t\t\t\n        \n\t\t\t<div class=\"sec-services services2\">\t\n\t\t\t\t\t\t\t\t<div class=\"services2 no-left\">\t\n\t\t\t\t\t<figure> <img decoding=\"async\" src=\"https:\/\/uvethotels.com\/wp-content\/uploads\/sites\/9\/2024\/11\/6976-cc-scaled.webp\" alt=\"\" class=\"img-fluid\" \/> <\/figure>\t\t\t\t\t\n\t\t\t\t\t<div class=\"caption padding-left\">\n\t\t\t\t\t\t\t\t\t\t\t\t<h4>Tradition et bien-\u00eatre<\/h4>\n\t\t\t\t\t\t\t\n\t\t\t\t\t\t\t\t\t\t\t\t<div class=\"section-text\"><p style=\"color: #f18a00;\">__________________<\/p>\nIl suffit de regarder depuis la terrasse de sa chambre, ou de s\u2019asseoir \u00e0 la table pour d\u00e9guster un plat typique de la tradition locale, pour sentir une sensation infinie de bien-\u00eatre envahir le corps et l\u2019\u00e2me. En hiver, Les Jumeaux organisent pour ses h\u00f4tes d\u2019agr\u00e9ables soir\u00e9es accompagn\u00e9es de la musique du piano-bar, tandis qu\u2019un mini-club est disponible pour ceux qui voyagent en famille.\n\n<\/div>\n\t\t\t\t\t\t\t\n\t\t\t\t\t\t\n\t\t\t\t\t\t\t\t\t\t\t\t\t\t\t\t\t\t    \n\t\t\t\t\t<\/div>\t\t\t\t\t\n\t\t\t\t<\/div>\t\t\t\t\t\n\t\t\t\t\t\t\t<\/div>\t\n\n        \t\t\n        \t\t\t\t<\/div>\n\t\t\t\t<\/div>\n\t\t\t\t<\/div>\n\t\t<div class=\"elementor-element elementor-element-0d2b3f6 e-con-full e-flex e-con e-child\" data-id=\"0d2b3f6\" data-element_type=\"container\" data-e-type=\"container\">\n\t\t\t\t<div class=\"elementor-element elementor-element-dbf7f50 elementor-widget elementor-widget-patara-services-grid\" data-id=\"dbf7f50\" data-element_type=\"widget\" data-e-type=\"widget\" data-widget_type=\"patara-services-grid.default\">\n\t\t\t\t<div class=\"elementor-widget-container\">\n\t\t\t\t\t\t\t\n\t\t\t\t\n        \n\t\t\t<div class=\"sec-services services2\">\t\n\t\t\t\t\t\t\t\t<div class=\"services2 left\">\t\n\t\t\t\t\t<figure> <img decoding=\"async\" src=\"https:\/\/uvethotels.com\/wp-content\/uploads\/sites\/9\/2024\/11\/6922-dependance-TPL-1-scaled.webp\" alt=\"\" class=\"img-fluid\" \/> <\/figure>\t\t\t\t\t\n\t\t\t\t\t<div class=\"caption padding-left\">\n\t\t\t\t\t\t\t\t\t\t\t\t<h4>Services et confort exclusifs<\/h4>\n\t\t\t\t\t\t\t\n\t\t\t\t\t\t\t\t\t\t\t\t<div class=\"section-text\"><p style=\"color: #f18a00;\">__________________<\/p>\nL\u2019H\u00f4tel propose \u00e0 ses clients deux types de places de parking, un garage \u00e0 plusieurs niveaux dans le corps central de l\u2019H\u00f4tel au prix de 30 euros par jour, et un parking ext\u00e9rieur en correspondance avec la D\u00e9pendance (b\u00e2timent secondaire) au prix de 20 euros par jour, \u00e0 la fois sans surveillance et avec des places limit\u00e9es et non r\u00e9servables.<\/div>\n\t\t\t\t\t\t\t\n\t\t\t\t\t\t\n\t\t\t\t\t\t\t\t\t\t\t\t\t\t\t\t\t\t    \n\t\t\t\t\t<\/div>\t\t\t\t\t\n\t\t\t\t<\/div>\t\t\t\t\t\n\t\t\t\t\t\t\t<\/div>\t\n\n        \t\t\n        \t\t\t\t<\/div>\n\t\t\t\t<\/div>\n\t\t\t\t<\/div>\n\t\t<div class=\"elementor-element elementor-element-5b48d34 e-con-full e-flex e-con e-child\" data-id=\"5b48d34\" data-element_type=\"container\" data-e-type=\"container\">\n\t\t\t\t<div class=\"elementor-element elementor-element-491e041 elementor-widget elementor-widget-patara-services-grid\" data-id=\"491e041\" data-element_type=\"widget\" data-e-type=\"widget\" data-widget_type=\"patara-services-grid.default\">\n\t\t\t\t<div class=\"elementor-widget-container\">\n\t\t\t\t\t\t\t\n\t\t\t\t\n        \n\t\t\t<div class=\"sec-services services2\">\t\n\t\t\t\t\t\t\t\t<div class=\"services2 no-left\">\t\n\t\t\t\t\t<figure> <img decoding=\"async\" src=\"https:\/\/uvethotels.com\/lesjumeauxhotel\/wp-content\/uploads\/sites\/9\/2025\/06\/Animali-Ammessi-scaled.webp\" alt=\"Animali Ammessi Uvet Hotels\" class=\"img-fluid\" \/> <\/figure>\t\t\t\t\t\n\t\t\t\t\t<div class=\"caption padding-left\">\n\t\t\t\t\t\t\t\t\t\t\t\t<h4>Petits animaux autoris\u00e9s<\/h4>\n\t\t\t\t\t\t\t\n\t\t\t\t\t\t\t\t\t\t\t\t<div class=\"section-text\"><p style=\"color: #f18a00;\">__________________<\/p><p>Si vous voyagez avec des animaux de compagnie, veuillez noter qu\u2019il y a un suppl\u00e9ment de 21 euros par animal et par nuit. Un maximum de 1 animal domestique est autoris\u00e9.<br \/>L\u2019h\u00f4tel ne peut admettre que les animaux domestiques d\u2019un poids maximum de 10 kilos.<\/p><\/div>\n\t\t\t\t\t\t\t\n\t\t\t\t\t\t\n\t\t\t\t\t\t\t\t\t\t\t\t\t\t\t\t\t\t    \n\t\t\t\t\t<\/div>\t\t\t\t\t\n\t\t\t\t<\/div>\t\t\t\t\t\n\t\t\t\t\t\t\t<\/div>\t\n\n        \t\t\n        \t\t\t\t<\/div>\n\t\t\t\t<\/div>\n\t\t\t\t<\/div>\n\t\t\t\t\t<\/div>\n\t\t\t\t<\/div>\n\t\t<div class=\"elementor-element elementor-element-e0bea7d elementor-hidden-mobile e-flex e-con-boxed e-con e-parent\" data-id=\"e0bea7d\" data-element_type=\"container\" data-e-type=\"container\" data-settings=\"{&quot;background_background&quot;:&quot;classic&quot;}\">\n\t\t\t\t\t<div class=\"e-con-inner\">\n\t\t\t\t<div class=\"elementor-element elementor-element-807d874 elementor-align-center prenota elementor-widget elementor-widget-button\" data-id=\"807d874\" data-element_type=\"widget\" data-e-type=\"widget\" data-widget_type=\"button.default\">\n\t\t\t\t<div class=\"elementor-widget-container\">\n\t\t\t\t\t\t\t\t\t<div class=\"elementor-button-wrapper\">\n\t\t\t\t\t<a class=\"elementor-button elementor-button-link elementor-size-sm elementor-animation-sink\" href=\"https:\/\/reservations.verticalbooking.com\/premium\/index.html?id_albergo=28384&#038;dc=5062&#038;id_stile=21242&#038;lingua_int=fra\" target=\"_blank\">\n\t\t\t\t\t\t<span class=\"elementor-button-content-wrapper\">\n\t\t\t\t\t\t\t\t\t<span class=\"elementor-button-text\">V\u00c9RIFIER LA DISPONIBILIT\u00c9<\/span>\n\t\t\t\t\t<\/span>\n\t\t\t\t\t<\/a>\n\t\t\t\t<\/div>\n\t\t\t\t\t\t\t\t<\/div>\n\t\t\t\t<\/div>\n\t\t\t\t\t<\/div>\n\t\t\t\t<\/div>\n\t\t\t\t<\/div>\n\t\t","protected":false},"excerpt":{"rendered":"<p>\u00c1 l&#039;h\u00f4tel Les Jumeaux les occasions de se relaxer ne manquent pas Services Le confort au c\u0153ur de la nature __________________ Tous les espaces de l\u2019h\u00f4tel, des zones communes aux chambres, sont structur\u00e9s de mani\u00e8re \u00e0 garantir un confort maximal et \u00e0 accueillir en leur sein la beaut\u00e9 de la nature environnante, avec ses for\u00eats et ses majestueux sommets enneig\u00e9s.<\/p>\n","protected":false},"author":1,"featured_media":0,"parent":0,"menu_order":0,"comment_status":"closed","ping_status":"closed","template":"","meta":{"_acf_changed":false,"footnotes":"","_links_to":"","_links_to_target":""},"class_list":["post-3328","page","type-page","status-publish","hentry"],"acf":[],"yoast_head":"<!-- This site is optimized with the Yoast SEO plugin v27.4 - https:\/\/yoast.com\/product\/yoast-seo-wordpress\/ -->\n<title>Services Exclusifs - Hotel Les Jumeaux<\/title>\n<meta name=\"description\" content=\"L&#039;h\u00f4tel Les Jumeaux propose \u00e0 ses clients un local \u00e0 skis, le wifi gratuit, le service en chambre et un bar-salon. Il y a un parking interne.\" \/>\n<meta name=\"robots\" content=\"index, follow, max-snippet:-1, max-image-preview:large, max-video-preview:-1\" \/>\n<link rel=\"canonical\" href=\"https:\/\/uvethotels.com\/lesjumeauxhotel\/fr\/services-exclusifs\/\" \/>\n<meta property=\"og:locale\" content=\"it_IT\" \/>\n<meta property=\"og:type\" content=\"article\" \/>\n<meta property=\"og:title\" content=\"Services Exclusifs - Hotel Les Jumeaux\" \/>\n<meta property=\"og:description\" content=\"L&#039;h\u00f4tel Les Jumeaux propose \u00e0 ses clients un local \u00e0 skis, le wifi gratuit, le service en chambre et un bar-salon. Il y a un parking interne.\" \/>\n<meta property=\"og:url\" content=\"https:\/\/uvethotels.com\/lesjumeauxhotel\/fr\/services-exclusifs\/\" \/>\n<meta property=\"og:site_name\" content=\"Les Jumeaux - Uvet Hotels\" \/>\n<meta property=\"article:publisher\" content=\"https:\/\/www.facebook.com\/hotellesjumeaux\" \/>\n<meta property=\"article:modified_time\" content=\"2025-06-19T14:59:20+00:00\" \/>\n<meta property=\"og:image\" content=\"https:\/\/uvethotels.com\/wp-content\/uploads\/sites\/9\/2024\/11\/6962-sala-lettura-1-scaled.webp\" \/>\n<meta name=\"twitter:card\" content=\"summary_large_image\" \/>\n<meta name=\"twitter:label1\" content=\"Tempo di lettura stimato\" \/>\n\t<meta name=\"twitter:data1\" content=\"3 minuti\" \/>\n<script type=\"application\/ld+json\" class=\"yoast-schema-graph\">{\"@context\":\"https:\\\/\\\/schema.org\",\"@graph\":[{\"@type\":\"WebPage\",\"@id\":\"https:\\\/\\\/uvethotels.com\\\/lesjumeauxhotel\\\/fr\\\/services-exclusifs\\\/\",\"url\":\"https:\\\/\\\/uvethotels.com\\\/lesjumeauxhotel\\\/fr\\\/services-exclusifs\\\/\",\"name\":\"Services Exclusifs - Hotel Les Jumeaux\",\"isPartOf\":{\"@id\":\"https:\\\/\\\/uvethotels.com\\\/lesjumeauxhotel\\\/#website\"},\"primaryImageOfPage\":{\"@id\":\"https:\\\/\\\/uvethotels.com\\\/lesjumeauxhotel\\\/fr\\\/services-exclusifs\\\/#primaryimage\"},\"image\":{\"@id\":\"https:\\\/\\\/uvethotels.com\\\/lesjumeauxhotel\\\/fr\\\/services-exclusifs\\\/#primaryimage\"},\"thumbnailUrl\":\"https:\\\/\\\/uvethotels.com\\\/wp-content\\\/uploads\\\/sites\\\/9\\\/2024\\\/11\\\/6962-sala-lettura-1-scaled.webp\",\"datePublished\":\"2024-11-19T08:24:15+00:00\",\"dateModified\":\"2025-06-19T14:59:20+00:00\",\"description\":\"L'h\u00f4tel Les Jumeaux propose \u00e0 ses clients un local \u00e0 skis, le wifi gratuit, le service en chambre et un bar-salon. Il y a un parking interne.\",\"breadcrumb\":{\"@id\":\"https:\\\/\\\/uvethotels.com\\\/lesjumeauxhotel\\\/fr\\\/services-exclusifs\\\/#breadcrumb\"},\"inLanguage\":\"it-IT\",\"potentialAction\":[{\"@type\":\"ReadAction\",\"target\":[\"https:\\\/\\\/uvethotels.com\\\/lesjumeauxhotel\\\/fr\\\/services-exclusifs\\\/\"]}]},{\"@type\":\"ImageObject\",\"inLanguage\":\"it-IT\",\"@id\":\"https:\\\/\\\/uvethotels.com\\\/lesjumeauxhotel\\\/fr\\\/services-exclusifs\\\/#primaryimage\",\"url\":\"https:\\\/\\\/uvethotels.com\\\/wp-content\\\/uploads\\\/sites\\\/9\\\/2024\\\/11\\\/6962-sala-lettura-1-scaled.webp\",\"contentUrl\":\"https:\\\/\\\/uvethotels.com\\\/wp-content\\\/uploads\\\/sites\\\/9\\\/2024\\\/11\\\/6962-sala-lettura-1-scaled.webp\"},{\"@type\":\"BreadcrumbList\",\"@id\":\"https:\\\/\\\/uvethotels.com\\\/lesjumeauxhotel\\\/fr\\\/services-exclusifs\\\/#breadcrumb\",\"itemListElement\":[{\"@type\":\"ListItem\",\"position\":1,\"name\":\"Home\",\"item\":\"https:\\\/\\\/uvethotels.com\\\/lesjumeauxhotel\\\/\"},{\"@type\":\"ListItem\",\"position\":2,\"name\":\"Servizi\"}]},{\"@type\":\"WebSite\",\"@id\":\"https:\\\/\\\/uvethotels.com\\\/lesjumeauxhotel\\\/#website\",\"url\":\"https:\\\/\\\/uvethotels.com\\\/lesjumeauxhotel\\\/\",\"name\":\"Hotel Les Jumeaux Courmayeur - Uvet Hotels\",\"description\":\"\",\"publisher\":{\"@id\":\"https:\\\/\\\/uvethotels.com\\\/lesjumeauxhotel\\\/#organization\"},\"alternateName\":\"Hotel Les Jumeaux Courmayeur\",\"potentialAction\":[{\"@type\":\"SearchAction\",\"target\":{\"@type\":\"EntryPoint\",\"urlTemplate\":\"https:\\\/\\\/uvethotels.com\\\/lesjumeauxhotel\\\/?s={search_term_string}\"},\"query-input\":{\"@type\":\"PropertyValueSpecification\",\"valueRequired\":true,\"valueName\":\"search_term_string\"}}],\"inLanguage\":\"it-IT\"},{\"@type\":\"Organization\",\"@id\":\"https:\\\/\\\/uvethotels.com\\\/lesjumeauxhotel\\\/#organization\",\"name\":\"Hotel Les Jumeaux - Uvet Hotels\",\"url\":\"https:\\\/\\\/uvethotels.com\\\/lesjumeauxhotel\\\/\",\"logo\":{\"@type\":\"ImageObject\",\"inLanguage\":\"it-IT\",\"@id\":\"https:\\\/\\\/uvethotels.com\\\/lesjumeauxhotel\\\/#\\\/schema\\\/logo\\\/image\\\/\",\"url\":\"https:\\\/\\\/uvethotels.com\\\/lesjumeauxhotel\\\/wp-content\\\/uploads\\\/sites\\\/9\\\/2025\\\/03\\\/UHC_logo_verticale_1200x1200.jpg\",\"contentUrl\":\"https:\\\/\\\/uvethotels.com\\\/lesjumeauxhotel\\\/wp-content\\\/uploads\\\/sites\\\/9\\\/2025\\\/03\\\/UHC_logo_verticale_1200x1200.jpg\",\"width\":1200,\"height\":1200,\"caption\":\"Hotel Les Jumeaux - Uvet Hotels\"},\"image\":{\"@id\":\"https:\\\/\\\/uvethotels.com\\\/lesjumeauxhotel\\\/#\\\/schema\\\/logo\\\/image\\\/\"},\"sameAs\":[\"https:\\\/\\\/www.facebook.com\\\/hotellesjumeaux\",\"https:\\\/\\\/www.instagram.com\\\/hotel_lesjumeaux\\\/\"]}]}<\/script>\n<!-- \/ Yoast SEO plugin. -->","yoast_head_json":{"title":"Services Exclusifs - Hotel Les Jumeaux","description":"L'h\u00f4tel Les Jumeaux propose \u00e0 ses clients un local \u00e0 skis, le wifi gratuit, le service en chambre et un bar-salon. Il y a un parking interne.","robots":{"index":"index","follow":"follow","max-snippet":"max-snippet:-1","max-image-preview":"max-image-preview:large","max-video-preview":"max-video-preview:-1"},"canonical":"https:\/\/uvethotels.com\/lesjumeauxhotel\/fr\/services-exclusifs\/","og_locale":"it_IT","og_type":"article","og_title":"Services Exclusifs - Hotel Les Jumeaux","og_description":"L'h\u00f4tel Les Jumeaux propose \u00e0 ses clients un local \u00e0 skis, le wifi gratuit, le service en chambre et un bar-salon. Il y a un parking interne.","og_url":"https:\/\/uvethotels.com\/lesjumeauxhotel\/fr\/services-exclusifs\/","og_site_name":"Les Jumeaux - Uvet Hotels","article_publisher":"https:\/\/www.facebook.com\/hotellesjumeaux","article_modified_time":"2025-06-19T14:59:20+00:00","og_image":[{"url":"https:\/\/uvethotels.com\/wp-content\/uploads\/sites\/9\/2024\/11\/6962-sala-lettura-1-scaled.webp","type":"","width":"","height":""}],"twitter_card":"summary_large_image","twitter_misc":{"Tempo di lettura stimato":"3 minuti"},"schema":{"@context":"https:\/\/schema.org","@graph":[{"@type":"WebPage","@id":"https:\/\/uvethotels.com\/lesjumeauxhotel\/fr\/services-exclusifs\/","url":"https:\/\/uvethotels.com\/lesjumeauxhotel\/fr\/services-exclusifs\/","name":"Services Exclusifs - Hotel Les Jumeaux","isPartOf":{"@id":"https:\/\/uvethotels.com\/lesjumeauxhotel\/#website"},"primaryImageOfPage":{"@id":"https:\/\/uvethotels.com\/lesjumeauxhotel\/fr\/services-exclusifs\/#primaryimage"},"image":{"@id":"https:\/\/uvethotels.com\/lesjumeauxhotel\/fr\/services-exclusifs\/#primaryimage"},"thumbnailUrl":"https:\/\/uvethotels.com\/wp-content\/uploads\/sites\/9\/2024\/11\/6962-sala-lettura-1-scaled.webp","datePublished":"2024-11-19T08:24:15+00:00","dateModified":"2025-06-19T14:59:20+00:00","description":"L'h\u00f4tel Les Jumeaux propose \u00e0 ses clients un local \u00e0 skis, le wifi gratuit, le service en chambre et un bar-salon. Il y a un parking interne.","breadcrumb":{"@id":"https:\/\/uvethotels.com\/lesjumeauxhotel\/fr\/services-exclusifs\/#breadcrumb"},"inLanguage":"it-IT","potentialAction":[{"@type":"ReadAction","target":["https:\/\/uvethotels.com\/lesjumeauxhotel\/fr\/services-exclusifs\/"]}]},{"@type":"ImageObject","inLanguage":"it-IT","@id":"https:\/\/uvethotels.com\/lesjumeauxhotel\/fr\/services-exclusifs\/#primaryimage","url":"https:\/\/uvethotels.com\/wp-content\/uploads\/sites\/9\/2024\/11\/6962-sala-lettura-1-scaled.webp","contentUrl":"https:\/\/uvethotels.com\/wp-content\/uploads\/sites\/9\/2024\/11\/6962-sala-lettura-1-scaled.webp"},{"@type":"BreadcrumbList","@id":"https:\/\/uvethotels.com\/lesjumeauxhotel\/fr\/services-exclusifs\/#breadcrumb","itemListElement":[{"@type":"ListItem","position":1,"name":"Home","item":"https:\/\/uvethotels.com\/lesjumeauxhotel\/"},{"@type":"ListItem","position":2,"name":"Servizi"}]},{"@type":"WebSite","@id":"https:\/\/uvethotels.com\/lesjumeauxhotel\/#website","url":"https:\/\/uvethotels.com\/lesjumeauxhotel\/","name":"Hotel Les Jumeaux Courmayeur - Uvet Hotels","description":"","publisher":{"@id":"https:\/\/uvethotels.com\/lesjumeauxhotel\/#organization"},"alternateName":"Hotel Les Jumeaux Courmayeur","potentialAction":[{"@type":"SearchAction","target":{"@type":"EntryPoint","urlTemplate":"https:\/\/uvethotels.com\/lesjumeauxhotel\/?s={search_term_string}"},"query-input":{"@type":"PropertyValueSpecification","valueRequired":true,"valueName":"search_term_string"}}],"inLanguage":"it-IT"},{"@type":"Organization","@id":"https:\/\/uvethotels.com\/lesjumeauxhotel\/#organization","name":"Hotel Les Jumeaux - Uvet Hotels","url":"https:\/\/uvethotels.com\/lesjumeauxhotel\/","logo":{"@type":"ImageObject","inLanguage":"it-IT","@id":"https:\/\/uvethotels.com\/lesjumeauxhotel\/#\/schema\/logo\/image\/","url":"https:\/\/uvethotels.com\/lesjumeauxhotel\/wp-content\/uploads\/sites\/9\/2025\/03\/UHC_logo_verticale_1200x1200.jpg","contentUrl":"https:\/\/uvethotels.com\/lesjumeauxhotel\/wp-content\/uploads\/sites\/9\/2025\/03\/UHC_logo_verticale_1200x1200.jpg","width":1200,"height":1200,"caption":"Hotel Les Jumeaux - Uvet Hotels"},"image":{"@id":"https:\/\/uvethotels.com\/lesjumeauxhotel\/#\/schema\/logo\/image\/"},"sameAs":["https:\/\/www.facebook.com\/hotellesjumeaux","https:\/\/www.instagram.com\/hotel_lesjumeaux\/"]}]}},"_links":{"self":[{"href":"https:\/\/uvethotels.com\/lesjumeauxhotel\/wp-json\/wp\/v2\/pages\/3328","targetHints":{"allow":["GET"]}}],"collection":[{"href":"https:\/\/uvethotels.com\/lesjumeauxhotel\/wp-json\/wp\/v2\/pages"}],"about":[{"href":"https:\/\/uvethotels.com\/lesjumeauxhotel\/wp-json\/wp\/v2\/types\/page"}],"author":[{"embeddable":true,"href":"https:\/\/uvethotels.com\/lesjumeauxhotel\/wp-json\/wp\/v2\/users\/1"}],"replies":[{"embeddable":true,"href":"https:\/\/uvethotels.com\/lesjumeauxhotel\/wp-json\/wp\/v2\/comments?post=3328"}],"version-history":[{"count":15,"href":"https:\/\/uvethotels.com\/lesjumeauxhotel\/wp-json\/wp\/v2\/pages\/3328\/revisions"}],"predecessor-version":[{"id":4038,"href":"https:\/\/uvethotels.com\/lesjumeauxhotel\/wp-json\/wp\/v2\/pages\/3328\/revisions\/4038"}],"wp:attachment":[{"href":"https:\/\/uvethotels.com\/lesjumeauxhotel\/wp-json\/wp\/v2\/media?parent=3328"}],"curies":[{"name":"wp","href":"https:\/\/api.w.org\/{rel}","templated":true}]}}