{"id":3395,"date":"2024-11-19T11:01:18","date_gmt":"2024-11-19T10:01:18","guid":{"rendered":"https:\/\/uvethc.com\/lesjumeauxhotel\/?page_id=3395"},"modified":"2025-06-19T16:57:11","modified_gmt":"2025-06-19T14:57:11","slug":"dienstleistungen","status":"publish","type":"page","link":"https:\/\/uvethotels.com\/lesjumeauxhotel\/de\/dienstleistungen\/","title":{"rendered":"Servizi"},"content":{"rendered":"\t\t<div data-elementor-type=\"wp-page\" data-elementor-id=\"3395\" class=\"elementor elementor-3395\" data-elementor-post-type=\"page\">\n\t\t\t\t<div class=\"elementor-element elementor-element-61ab61ed e-con-full e-flex e-con e-parent\" data-id=\"61ab61ed\" data-element_type=\"container\" data-e-type=\"container\" data-settings=\"{&quot;background_background&quot;:&quot;classic&quot;}\">\n\t\t\t\t<div class=\"elementor-element elementor-element-51effc66 elementor-widget elementor-widget-patara-banner-image\" data-id=\"51effc66\" data-element_type=\"widget\" data-e-type=\"widget\" data-widget_type=\"patara-banner-image.default\">\n\t\t\t\t<div class=\"elementor-widget-container\">\n\t\t\t\t\t\t\t\n\t<!-- Header Banner -->\n\t<header class=\"header\">\n\n\t\t\t\t<div class=\"banner-header full-height valign bg-img bg-fixed text-center\" data-overlay-dark=\"5\" data-background=\"https:\/\/uvethotels.com\/wp-content\/uploads\/sites\/9\/2024\/11\/Les-Jumeaux-7.webp\">\n\t\t\t\t\t\t\t\t\t\t\t\t<div class=\"container\">\n\t\t\t\t\t<div class=\"row\">\n\t\t\t\t\t\t<div class=\"col-md-12 offset-0\">\n\t\t\t\t\t\t\t<div class=\"caption\">\n\n\t\t\t\t\t\t\t\t\t\t\t\t\t\t\t\t\n\t\t\t\t\t\t\t\t\n\t\t\t\t\t\t\t\t\t\t\t\t\t\t\t\t<h4 class=\"pt-slider-title1-class\">Im Hotel Les Jumeaux gibt es gen\u00fcgend gelegenheiten zur entspannung<\/h4>\n\t\t\t\t\t\t\t\t\t\t\t\t\t\t\t\t\t\t\t\t\t\t\t\t<h1 class=\"pt-slider-title2-class\">Dienstleistungen<\/h1>\n\t\t\t\t\t\t\t\t\t\t\t\t\t\t\t\t\t\t\t\t\t\t\t<\/div>\t\t\t\t\t\t\n\t\t\t\t\t\t<\/div>\t\t\t\t\t\t\n\t\t\t\t\t<\/div>\n\t\t\t\t<\/div>\n\t\t\t\t\t\t\t\t<!-- button scroll -->\n\t\t\t\t<a href=\"#services\" data-scroll-nav=\"1\" class=\"mouse smoothscroll\">\n\t\t\t\t\t<span class=\"mouse-icon\">\n\t\t\t\t\t\t<span class=\"mouse-wheel\"><\/span>\n\t\t\t\t\t<\/span>\n\t\t\t\t<\/a>\t\n\t\t\t\t\t\t\t\t\t\n\t\t\t\t\t\t\n        <\/div>\t\t\t\n\t<\/header>\t\t\n\t\t\t\n    \t\t\t\t<\/div>\n\t\t\t\t<\/div>\n\t\t\t\t<\/div>\n\t\t<div class=\"elementor-element elementor-element-4db6243c e-flex e-con-boxed e-con e-parent\" data-id=\"4db6243c\" data-element_type=\"container\" data-e-type=\"container\" id=\"services\" data-settings=\"{&quot;background_background&quot;:&quot;classic&quot;}\">\n\t\t\t\t\t<div class=\"e-con-inner\">\n\t\t<div class=\"elementor-element elementor-element-cf8a31d e-con-full e-flex e-con e-child\" data-id=\"cf8a31d\" data-element_type=\"container\" data-e-type=\"container\">\n\t\t\t\t<div class=\"elementor-element elementor-element-940a3c6 elementor-widget elementor-widget-patara-services-grid\" data-id=\"940a3c6\" data-element_type=\"widget\" data-e-type=\"widget\" data-widget_type=\"patara-services-grid.default\">\n\t\t\t\t<div class=\"elementor-widget-container\">\n\t\t\t\t\t\t\t\n\t\t\t\t\n        \n\t\t\t<div class=\"sec-services services2\">\t\n\t\t\t\t\t\t\t\t<div class=\"services2 left\">\t\n\t\t\t\t\t<figure> <img decoding=\"async\" src=\"https:\/\/uvethotels.com\/wp-content\/uploads\/sites\/9\/2024\/11\/6962-sala-lettura-1-scaled.webp\" alt=\"\" class=\"img-fluid\" \/> <\/figure>\t\t\t\t\t\n\t\t\t\t\t<div class=\"caption padding-left\">\n\t\t\t\t\t\t\t\t\t\t\t\t<h4>Komfort inmitten der Natur<\/h4>\n\t\t\t\t\t\t\t\n\t\t\t\t\t\t\t\t\t\t\t\t<div class=\"section-text\"><p style=\"color: #f18a00;\">__________________<\/p>\nAlle R\u00e4ume des Hotels, von den Gemeinschaftsbereichen bis zu den Zimmern, sind so strukturiert, dass sie maximalen Komfort garantieren und die Sch\u00f6nheit der umliegenden Natur mit ihren W\u00e4ldern und majest\u00e4tischen schneebedeckten Gipfeln in sich aufnehmen.<\/div>\n\t\t\t\t\t\t\t\n\t\t\t\t\t\t\n\t\t\t\t\t\t\t\t\t\t\t\t\t\t\t\t\t\t    \n\t\t\t\t\t<\/div>\t\t\t\t\t\n\t\t\t\t<\/div>\t\t\t\t\t\n\t\t\t\t\t\t\t<\/div>\t\n\n        \t\t\n        \t\t\t\t<\/div>\n\t\t\t\t<\/div>\n\t\t\t\t<\/div>\n\t\t<div class=\"elementor-element elementor-element-01501cd e-con-full e-flex e-con e-child\" data-id=\"01501cd\" data-element_type=\"container\" data-e-type=\"container\">\n\t\t\t\t<div class=\"elementor-element elementor-element-64003f3 elementor-widget elementor-widget-patara-services-grid\" data-id=\"64003f3\" data-element_type=\"widget\" data-e-type=\"widget\" data-widget_type=\"patara-services-grid.default\">\n\t\t\t\t<div class=\"elementor-widget-container\">\n\t\t\t\t\t\t\t\n\t\t\t\t\n        \n\t\t\t<div class=\"sec-services services2\">\t\n\t\t\t\t\t\t\t\t<div class=\"services2 no-left\">\t\n\t\t\t\t\t<figure> <img decoding=\"async\" src=\"https:\/\/uvethotels.com\/wp-content\/uploads\/sites\/9\/2024\/11\/6976-cc-scaled.webp\" alt=\"\" class=\"img-fluid\" \/> <\/figure>\t\t\t\t\t\n\t\t\t\t\t<div class=\"caption padding-left\">\n\t\t\t\t\t\t\t\t\t\t\t\t<h4>Tradition und Wohlbefinden<\/h4>\n\t\t\t\t\t\t\t\n\t\t\t\t\t\t\t\t\t\t\t\t<div class=\"section-text\"><p style=\"color: #f18a00;\">__________________<\/p>\nEs gen\u00fcgt, von der Terrasse Ihres Zimmers aus zu schauen oder sich an den Tisch zu setzen, um ein typisches Gericht der lokalen Tradition zu genie\u00dfen, um zu sp\u00fcren, wie ein unendliches Gef\u00fchl des Wohlbefindens K\u00f6rper und Seele \u00fcberkommt. Im Winter organisiert das Les Jumeaux angenehme Abende f\u00fcr seine G\u00e4ste, begleitet von der Musik der Pianobar, w\u00e4hrend ein Miniclub f\u00fcr diejenigen zur Verf\u00fcgung steht, die mit der Familie anreisen.<\/div>\n\t\t\t\t\t\t\t\n\t\t\t\t\t\t\n\t\t\t\t\t\t\t\t\t\t\t\t\t\t\t\t\t\t    \n\t\t\t\t\t<\/div>\t\t\t\t\t\n\t\t\t\t<\/div>\t\t\t\t\t\n\t\t\t\t\t\t\t<\/div>\t\n\n        \t\t\n        \t\t\t\t<\/div>\n\t\t\t\t<\/div>\n\t\t\t\t<\/div>\n\t\t<div class=\"elementor-element elementor-element-0d2b3f6 e-con-full e-flex e-con e-child\" data-id=\"0d2b3f6\" data-element_type=\"container\" data-e-type=\"container\">\n\t\t\t\t<div class=\"elementor-element elementor-element-dbf7f50 elementor-widget elementor-widget-patara-services-grid\" data-id=\"dbf7f50\" data-element_type=\"widget\" data-e-type=\"widget\" data-widget_type=\"patara-services-grid.default\">\n\t\t\t\t<div class=\"elementor-widget-container\">\n\t\t\t\t\t\t\t\n\t\t\t\t\n        \n\t\t\t<div class=\"sec-services services2\">\t\n\t\t\t\t\t\t\t\t<div class=\"services2 left\">\t\n\t\t\t\t\t<figure> <img decoding=\"async\" src=\"https:\/\/uvethotels.com\/wp-content\/uploads\/sites\/9\/2024\/11\/6922-dependance-TPL-1-scaled.webp\" alt=\"\" class=\"img-fluid\" \/> <\/figure>\t\t\t\t\t\n\t\t\t\t\t<div class=\"caption padding-left\">\n\t\t\t\t\t\t\t\t\t\t\t\t<h4>Exklusive Dienstleistungen und Komfort<\/h4>\n\t\t\t\t\t\t\t\n\t\t\t\t\t\t\t\t\t\t\t\t<div class=\"section-text\"><p style=\"color: #f18a00;\">__________________<\/p>\nDas Hotel bietet seinen kunden zwei arten von parkpl\u00e4tzen an, eine mehrst\u00f6ckige Garage im hauptgeb\u00e4ude des hotels zum rreis von 30 euro pro tag und einen nicht \u00fcberdachten Parkplatz in korrespondenz mit der D\u00e9pendance (nebengeb\u00e4ude) zum preis von 20 euro pro tag. Sowohl unbemannt als auch mit begrenzten und nicht buchbaren pl\u00e4tzen.<\/div>\n\t\t\t\t\t\t\t\n\t\t\t\t\t\t\n\t\t\t\t\t\t\t\t\t\t\t\t\t\t\t\t\t\t    \n\t\t\t\t\t<\/div>\t\t\t\t\t\n\t\t\t\t<\/div>\t\t\t\t\t\n\t\t\t\t\t\t\t<\/div>\t\n\n        \t\t\n        \t\t\t\t<\/div>\n\t\t\t\t<\/div>\n\t\t\t\t<\/div>\n\t\t<div class=\"elementor-element elementor-element-5b48d34 e-con-full e-flex e-con e-child\" data-id=\"5b48d34\" data-element_type=\"container\" data-e-type=\"container\">\n\t\t\t\t<div class=\"elementor-element elementor-element-491e041 elementor-widget elementor-widget-patara-services-grid\" data-id=\"491e041\" data-element_type=\"widget\" data-e-type=\"widget\" data-widget_type=\"patara-services-grid.default\">\n\t\t\t\t<div class=\"elementor-widget-container\">\n\t\t\t\t\t\t\t\n\t\t\t\t\n        \n\t\t\t<div class=\"sec-services services2\">\t\n\t\t\t\t\t\t\t\t<div class=\"services2 no-left\">\t\n\t\t\t\t\t<figure> <img decoding=\"async\" src=\"https:\/\/uvethotels.com\/lesjumeauxhotel\/wp-content\/uploads\/sites\/9\/2025\/06\/Animali-Ammessi-scaled.webp\" alt=\"Animali Ammessi Uvet Hotels\" class=\"img-fluid\" \/> <\/figure>\t\t\t\t\t\n\t\t\t\t\t<div class=\"caption padding-left\">\n\t\t\t\t\t\t\t\t\t\t\t\t<h4>Kleine Haustiere erlaubt<\/h4>\n\t\t\t\t\t\t\t\n\t\t\t\t\t\t\t\t\t\t\t\t<div class=\"section-text\"><p style=\"color: #f18a00;\">__________________<\/p>\nWenn sie mit haustieren reisen, beachten sie bitte, dass pro tier undnNacht ein aufpreis von 21euro anf\u00e4llt. Es ist maximal 1 haustier erlaubt.\nDas Hotel kann nur haustiere mit einem h\u00f6chstgewicht von 10 kg zulassen.<\/div>\n\t\t\t\t\t\t\t\n\t\t\t\t\t\t\n\t\t\t\t\t\t\t\t\t\t\t\t\t\t\t\t\t\t    \n\t\t\t\t\t<\/div>\t\t\t\t\t\n\t\t\t\t<\/div>\t\t\t\t\t\n\t\t\t\t\t\t\t<\/div>\t\n\n        \t\t\n        \t\t\t\t<\/div>\n\t\t\t\t<\/div>\n\t\t\t\t<\/div>\n\t\t\t\t\t<\/div>\n\t\t\t\t<\/div>\n\t\t<div class=\"elementor-element elementor-element-e0bea7d elementor-hidden-mobile e-flex e-con-boxed e-con e-parent\" data-id=\"e0bea7d\" data-element_type=\"container\" data-e-type=\"container\" data-settings=\"{&quot;background_background&quot;:&quot;classic&quot;}\">\n\t\t\t\t\t<div class=\"e-con-inner\">\n\t\t\t\t<div class=\"elementor-element elementor-element-807d874 elementor-align-center prenota elementor-widget elementor-widget-button\" data-id=\"807d874\" data-element_type=\"widget\" data-e-type=\"widget\" data-widget_type=\"button.default\">\n\t\t\t\t<div class=\"elementor-widget-container\">\n\t\t\t\t\t\t\t\t\t<div class=\"elementor-button-wrapper\">\n\t\t\t\t\t<a class=\"elementor-button elementor-button-link elementor-size-sm elementor-animation-sink\" href=\"https:\/\/reservations.verticalbooking.com\/premium\/index.html?id_albergo=28384&#038;dc=5062&#038;id_stile=21242&#038;lingua_int=deu\" target=\"_blank\">\n\t\t\t\t\t\t<span class=\"elementor-button-content-wrapper\">\n\t\t\t\t\t\t\t\t\t<span class=\"elementor-button-text\">jetzt buchen<\/span>\n\t\t\t\t\t<\/span>\n\t\t\t\t\t<\/a>\n\t\t\t\t<\/div>\n\t\t\t\t\t\t\t\t<\/div>\n\t\t\t\t<\/div>\n\t\t\t\t\t<\/div>\n\t\t\t\t<\/div>\n\t\t\t\t<\/div>\n\t\t","protected":false},"excerpt":{"rendered":"<p>Im Hotel Les Jumeaux gibt es gen\u00fcgend gelegenheiten zur entspannung Dienstleistungen Komfort inmitten der Natur __________________ Alle R\u00e4ume des Hotels, von den Gemeinschaftsbereichen bis zu den Zimmern, sind so strukturiert, dass sie maximalen Komfort garantieren und die Sch\u00f6nheit der umliegenden Natur mit ihren W\u00e4ldern und majest\u00e4tischen schneebedeckten Gipfeln in sich aufnehmen. Tradition und Wohlbefinden __________________ Es gen\u00fcgt, von der Terrasse<\/p>\n","protected":false},"author":1,"featured_media":0,"parent":0,"menu_order":0,"comment_status":"closed","ping_status":"closed","template":"","meta":{"_acf_changed":false,"footnotes":"","_links_to":"","_links_to_target":""},"class_list":["post-3395","page","type-page","status-publish","hentry"],"acf":[],"yoast_head":"<!-- This site is optimized with the Yoast SEO plugin v27.0 - https:\/\/yoast.com\/product\/yoast-seo-wordpress\/ -->\n<title>Dienstleistungen - Hotel Les Jumeaux<\/title>\n<meta name=\"description\" content=\"Das Hotel Les Jumeaux bietet seinen G\u00e4sten: Skiaufbewahrung, kostenloses WLAN und eine Lounge-Bar. Es gibt einen internen Parkplatz.\" \/>\n<meta name=\"robots\" content=\"index, follow, max-snippet:-1, max-image-preview:large, max-video-preview:-1\" \/>\n<link rel=\"canonical\" href=\"https:\/\/uvethotels.com\/lesjumeauxhotel\/de\/dienstleistungen\/\" \/>\n<meta property=\"og:locale\" content=\"it_IT\" \/>\n<meta property=\"og:type\" content=\"article\" \/>\n<meta property=\"og:title\" content=\"Dienstleistungen - Hotel Les Jumeaux\" \/>\n<meta property=\"og:description\" content=\"Das Hotel Les Jumeaux bietet seinen G\u00e4sten: Skiaufbewahrung, kostenloses WLAN und eine Lounge-Bar. Es gibt einen internen Parkplatz.\" \/>\n<meta property=\"og:url\" content=\"https:\/\/uvethotels.com\/lesjumeauxhotel\/de\/dienstleistungen\/\" \/>\n<meta property=\"og:site_name\" content=\"Les Jumeaux - Uvet Hotels\" \/>\n<meta property=\"article:publisher\" content=\"https:\/\/www.facebook.com\/hotellesjumeaux\" \/>\n<meta property=\"article:modified_time\" content=\"2025-06-19T14:57:11+00:00\" \/>\n<meta property=\"og:image\" content=\"https:\/\/uvethotels.com\/wp-content\/uploads\/sites\/9\/2024\/11\/6962-sala-lettura-1-scaled.webp\" \/>\n<meta name=\"twitter:card\" content=\"summary_large_image\" \/>\n<meta name=\"twitter:label1\" content=\"Tempo di lettura stimato\" \/>\n\t<meta name=\"twitter:data1\" content=\"2 minuti\" \/>\n<script type=\"application\/ld+json\" class=\"yoast-schema-graph\">{\"@context\":\"https:\/\/schema.org\",\"@graph\":[{\"@type\":\"WebPage\",\"@id\":\"https:\/\/uvethotels.com\/lesjumeauxhotel\/de\/dienstleistungen\/\",\"url\":\"https:\/\/uvethotels.com\/lesjumeauxhotel\/de\/dienstleistungen\/\",\"name\":\"Dienstleistungen - Hotel Les Jumeaux\",\"isPartOf\":{\"@id\":\"https:\/\/uvethotels.com\/lesjumeauxhotel\/#website\"},\"primaryImageOfPage\":{\"@id\":\"https:\/\/uvethotels.com\/lesjumeauxhotel\/de\/dienstleistungen\/#primaryimage\"},\"image\":{\"@id\":\"https:\/\/uvethotels.com\/lesjumeauxhotel\/de\/dienstleistungen\/#primaryimage\"},\"thumbnailUrl\":\"https:\/\/uvethotels.com\/wp-content\/uploads\/sites\/9\/2024\/11\/6962-sala-lettura-1-scaled.webp\",\"datePublished\":\"2024-11-19T10:01:18+00:00\",\"dateModified\":\"2025-06-19T14:57:11+00:00\",\"description\":\"Das Hotel Les Jumeaux bietet seinen G\u00e4sten: Skiaufbewahrung, kostenloses WLAN und eine Lounge-Bar. Es gibt einen internen Parkplatz.\",\"breadcrumb\":{\"@id\":\"https:\/\/uvethotels.com\/lesjumeauxhotel\/de\/dienstleistungen\/#breadcrumb\"},\"inLanguage\":\"it-IT\",\"potentialAction\":[{\"@type\":\"ReadAction\",\"target\":[\"https:\/\/uvethotels.com\/lesjumeauxhotel\/de\/dienstleistungen\/\"]}]},{\"@type\":\"ImageObject\",\"inLanguage\":\"it-IT\",\"@id\":\"https:\/\/uvethotels.com\/lesjumeauxhotel\/de\/dienstleistungen\/#primaryimage\",\"url\":\"https:\/\/uvethotels.com\/wp-content\/uploads\/sites\/9\/2024\/11\/6962-sala-lettura-1-scaled.webp\",\"contentUrl\":\"https:\/\/uvethotels.com\/wp-content\/uploads\/sites\/9\/2024\/11\/6962-sala-lettura-1-scaled.webp\"},{\"@type\":\"BreadcrumbList\",\"@id\":\"https:\/\/uvethotels.com\/lesjumeauxhotel\/de\/dienstleistungen\/#breadcrumb\",\"itemListElement\":[{\"@type\":\"ListItem\",\"position\":1,\"name\":\"Home\",\"item\":\"https:\/\/uvethotels.com\/lesjumeauxhotel\/\"},{\"@type\":\"ListItem\",\"position\":2,\"name\":\"Servizi\"}]},{\"@type\":\"WebSite\",\"@id\":\"https:\/\/uvethotels.com\/lesjumeauxhotel\/#website\",\"url\":\"https:\/\/uvethotels.com\/lesjumeauxhotel\/\",\"name\":\"Hotel Les Jumeaux Courmayeur - Uvet Hotels\",\"description\":\"\",\"publisher\":{\"@id\":\"https:\/\/uvethotels.com\/lesjumeauxhotel\/#organization\"},\"alternateName\":\"Hotel Les Jumeaux Courmayeur\",\"potentialAction\":[{\"@type\":\"SearchAction\",\"target\":{\"@type\":\"EntryPoint\",\"urlTemplate\":\"https:\/\/uvethotels.com\/lesjumeauxhotel\/?s={search_term_string}\"},\"query-input\":{\"@type\":\"PropertyValueSpecification\",\"valueRequired\":true,\"valueName\":\"search_term_string\"}}],\"inLanguage\":\"it-IT\"},{\"@type\":\"Organization\",\"@id\":\"https:\/\/uvethotels.com\/lesjumeauxhotel\/#organization\",\"name\":\"Hotel Les Jumeaux - Uvet Hotels\",\"url\":\"https:\/\/uvethotels.com\/lesjumeauxhotel\/\",\"logo\":{\"@type\":\"ImageObject\",\"inLanguage\":\"it-IT\",\"@id\":\"https:\/\/uvethotels.com\/lesjumeauxhotel\/#\/schema\/logo\/image\/\",\"url\":\"https:\/\/uvethotels.com\/lesjumeauxhotel\/wp-content\/uploads\/sites\/9\/2025\/03\/UHC_logo_verticale_1200x1200.jpg\",\"contentUrl\":\"https:\/\/uvethotels.com\/lesjumeauxhotel\/wp-content\/uploads\/sites\/9\/2025\/03\/UHC_logo_verticale_1200x1200.jpg\",\"width\":1200,\"height\":1200,\"caption\":\"Hotel Les Jumeaux - Uvet Hotels\"},\"image\":{\"@id\":\"https:\/\/uvethotels.com\/lesjumeauxhotel\/#\/schema\/logo\/image\/\"},\"sameAs\":[\"https:\/\/www.facebook.com\/hotellesjumeaux\",\"https:\/\/www.instagram.com\/hotel_lesjumeaux\/\"]}]}<\/script>\n<!-- \/ Yoast SEO plugin. -->","yoast_head_json":{"title":"Dienstleistungen - Hotel Les Jumeaux","description":"Das Hotel Les Jumeaux bietet seinen G\u00e4sten: Skiaufbewahrung, kostenloses WLAN und eine Lounge-Bar. Es gibt einen internen Parkplatz.","robots":{"index":"index","follow":"follow","max-snippet":"max-snippet:-1","max-image-preview":"max-image-preview:large","max-video-preview":"max-video-preview:-1"},"canonical":"https:\/\/uvethotels.com\/lesjumeauxhotel\/de\/dienstleistungen\/","og_locale":"it_IT","og_type":"article","og_title":"Dienstleistungen - Hotel Les Jumeaux","og_description":"Das Hotel Les Jumeaux bietet seinen G\u00e4sten: Skiaufbewahrung, kostenloses WLAN und eine Lounge-Bar. Es gibt einen internen Parkplatz.","og_url":"https:\/\/uvethotels.com\/lesjumeauxhotel\/de\/dienstleistungen\/","og_site_name":"Les Jumeaux - Uvet Hotels","article_publisher":"https:\/\/www.facebook.com\/hotellesjumeaux","article_modified_time":"2025-06-19T14:57:11+00:00","og_image":[{"url":"https:\/\/uvethotels.com\/wp-content\/uploads\/sites\/9\/2024\/11\/6962-sala-lettura-1-scaled.webp","type":"","width":"","height":""}],"twitter_card":"summary_large_image","twitter_misc":{"Tempo di lettura stimato":"2 minuti"},"schema":{"@context":"https:\/\/schema.org","@graph":[{"@type":"WebPage","@id":"https:\/\/uvethotels.com\/lesjumeauxhotel\/de\/dienstleistungen\/","url":"https:\/\/uvethotels.com\/lesjumeauxhotel\/de\/dienstleistungen\/","name":"Dienstleistungen - Hotel Les Jumeaux","isPartOf":{"@id":"https:\/\/uvethotels.com\/lesjumeauxhotel\/#website"},"primaryImageOfPage":{"@id":"https:\/\/uvethotels.com\/lesjumeauxhotel\/de\/dienstleistungen\/#primaryimage"},"image":{"@id":"https:\/\/uvethotels.com\/lesjumeauxhotel\/de\/dienstleistungen\/#primaryimage"},"thumbnailUrl":"https:\/\/uvethotels.com\/wp-content\/uploads\/sites\/9\/2024\/11\/6962-sala-lettura-1-scaled.webp","datePublished":"2024-11-19T10:01:18+00:00","dateModified":"2025-06-19T14:57:11+00:00","description":"Das Hotel Les Jumeaux bietet seinen G\u00e4sten: Skiaufbewahrung, kostenloses WLAN und eine Lounge-Bar. Es gibt einen internen Parkplatz.","breadcrumb":{"@id":"https:\/\/uvethotels.com\/lesjumeauxhotel\/de\/dienstleistungen\/#breadcrumb"},"inLanguage":"it-IT","potentialAction":[{"@type":"ReadAction","target":["https:\/\/uvethotels.com\/lesjumeauxhotel\/de\/dienstleistungen\/"]}]},{"@type":"ImageObject","inLanguage":"it-IT","@id":"https:\/\/uvethotels.com\/lesjumeauxhotel\/de\/dienstleistungen\/#primaryimage","url":"https:\/\/uvethotels.com\/wp-content\/uploads\/sites\/9\/2024\/11\/6962-sala-lettura-1-scaled.webp","contentUrl":"https:\/\/uvethotels.com\/wp-content\/uploads\/sites\/9\/2024\/11\/6962-sala-lettura-1-scaled.webp"},{"@type":"BreadcrumbList","@id":"https:\/\/uvethotels.com\/lesjumeauxhotel\/de\/dienstleistungen\/#breadcrumb","itemListElement":[{"@type":"ListItem","position":1,"name":"Home","item":"https:\/\/uvethotels.com\/lesjumeauxhotel\/"},{"@type":"ListItem","position":2,"name":"Servizi"}]},{"@type":"WebSite","@id":"https:\/\/uvethotels.com\/lesjumeauxhotel\/#website","url":"https:\/\/uvethotels.com\/lesjumeauxhotel\/","name":"Hotel Les Jumeaux Courmayeur - Uvet Hotels","description":"","publisher":{"@id":"https:\/\/uvethotels.com\/lesjumeauxhotel\/#organization"},"alternateName":"Hotel Les Jumeaux Courmayeur","potentialAction":[{"@type":"SearchAction","target":{"@type":"EntryPoint","urlTemplate":"https:\/\/uvethotels.com\/lesjumeauxhotel\/?s={search_term_string}"},"query-input":{"@type":"PropertyValueSpecification","valueRequired":true,"valueName":"search_term_string"}}],"inLanguage":"it-IT"},{"@type":"Organization","@id":"https:\/\/uvethotels.com\/lesjumeauxhotel\/#organization","name":"Hotel Les Jumeaux - Uvet Hotels","url":"https:\/\/uvethotels.com\/lesjumeauxhotel\/","logo":{"@type":"ImageObject","inLanguage":"it-IT","@id":"https:\/\/uvethotels.com\/lesjumeauxhotel\/#\/schema\/logo\/image\/","url":"https:\/\/uvethotels.com\/lesjumeauxhotel\/wp-content\/uploads\/sites\/9\/2025\/03\/UHC_logo_verticale_1200x1200.jpg","contentUrl":"https:\/\/uvethotels.com\/lesjumeauxhotel\/wp-content\/uploads\/sites\/9\/2025\/03\/UHC_logo_verticale_1200x1200.jpg","width":1200,"height":1200,"caption":"Hotel Les Jumeaux - Uvet Hotels"},"image":{"@id":"https:\/\/uvethotels.com\/lesjumeauxhotel\/#\/schema\/logo\/image\/"},"sameAs":["https:\/\/www.facebook.com\/hotellesjumeaux","https:\/\/www.instagram.com\/hotel_lesjumeaux\/"]}]}},"_links":{"self":[{"href":"https:\/\/uvethotels.com\/lesjumeauxhotel\/wp-json\/wp\/v2\/pages\/3395","targetHints":{"allow":["GET"]}}],"collection":[{"href":"https:\/\/uvethotels.com\/lesjumeauxhotel\/wp-json\/wp\/v2\/pages"}],"about":[{"href":"https:\/\/uvethotels.com\/lesjumeauxhotel\/wp-json\/wp\/v2\/types\/page"}],"author":[{"embeddable":true,"href":"https:\/\/uvethotels.com\/lesjumeauxhotel\/wp-json\/wp\/v2\/users\/1"}],"replies":[{"embeddable":true,"href":"https:\/\/uvethotels.com\/lesjumeauxhotel\/wp-json\/wp\/v2\/comments?post=3395"}],"version-history":[{"count":9,"href":"https:\/\/uvethotels.com\/lesjumeauxhotel\/wp-json\/wp\/v2\/pages\/3395\/revisions"}],"predecessor-version":[{"id":4029,"href":"https:\/\/uvethotels.com\/lesjumeauxhotel\/wp-json\/wp\/v2\/pages\/3395\/revisions\/4029"}],"wp:attachment":[{"href":"https:\/\/uvethotels.com\/lesjumeauxhotel\/wp-json\/wp\/v2\/media?parent=3395"}],"curies":[{"name":"wp","href":"https:\/\/api.w.org\/{rel}","templated":true}]}}