{"id":714,"date":"2023-10-21T21:36:46","date_gmt":"2023-10-21T21:36:46","guid":{"rendered":"https:\/\/webredox.net\/demo\/wp\/patara\/?page_id=714"},"modified":"2025-08-19T16:14:34","modified_gmt":"2025-08-19T14:14:34","slug":"courmayeur","status":"publish","type":"page","link":"https:\/\/uvethotels.com\/lesjumeauxhotel\/courmayeur\/","title":{"rendered":"Courmayeur"},"content":{"rendered":"\t\t<div data-elementor-type=\"wp-page\" data-elementor-id=\"714\" class=\"elementor elementor-714\" data-elementor-post-type=\"page\">\n\t\t\t\t<div class=\"elementor-element elementor-element-14e42542 e-con-full e-flex e-con e-parent\" data-id=\"14e42542\" data-element_type=\"container\" data-e-type=\"container\" data-settings=\"{&quot;background_background&quot;:&quot;classic&quot;}\">\n\t\t\t\t<div class=\"elementor-element elementor-element-226f2218 elementor-widget elementor-widget-patara-banner-image\" data-id=\"226f2218\" data-element_type=\"widget\" data-e-type=\"widget\" data-widget_type=\"patara-banner-image.default\">\n\t\t\t\t<div class=\"elementor-widget-container\">\n\t\t\t\t\t\t\t\n\t<!-- Header Banner -->\n\t<header class=\"header\">\n\n\t\t\t\t<div class=\"banner-header full-height valign bg-img bg-fixed text-center\" data-overlay-dark=\"4\" data-background=\"https:\/\/uvethotels.com\/wp-content\/uploads\/sites\/9\/2024\/11\/Les-Jumeaux-3.webp\">\n\t\t\t\t\t\t\t\t\t\t\t\t<div class=\"container\">\n\t\t\t\t\t<div class=\"row\">\n\t\t\t\t\t\t<div class=\"col-md-12 offset-0\">\n\t\t\t\t\t\t\t<div class=\"caption\">\n\n\t\t\t\t\t\t\t\t\t\t\t\t\t\t\t\t\n\t\t\t\t\t\t\t\t\n\t\t\t\t\t\t\t\t\t\t\t\t\t\t\t\t<h4 class=\"pt-slider-title1-class\">Immerso nella natura incontaminata<\/h4>\n\t\t\t\t\t\t\t\t\t\t\t\t\t\t\t\t\t\t\t\t\t\t\t\t<h1 class=\"pt-slider-title2-class\">Courmayeur<\/h1>\n\t\t\t\t\t\t\t\t\t\t\t\t\t\t\t\t\t\t\t\t\t\t\t<\/div>\t\t\t\t\t\t\n\t\t\t\t\t\t<\/div>\t\t\t\t\t\t\n\t\t\t\t\t<\/div>\n\t\t\t\t<\/div>\n\t\t\t\t\t\t\t\t<!-- button scroll -->\n\t\t\t\t<a href=\"#about\" data-scroll-nav=\"1\" class=\"mouse smoothscroll\">\n\t\t\t\t\t<span class=\"mouse-icon\">\n\t\t\t\t\t\t<span class=\"mouse-wheel\"><\/span>\n\t\t\t\t\t<\/span>\n\t\t\t\t<\/a>\t\n\t\t\t\t\t\t\t\t\t\n\t\t\t\t\t\t\n        <\/div>\t\t\t\n\t<\/header>\t\t\n\t\t\t\n    \t\t\t\t<\/div>\n\t\t\t\t<\/div>\n\t\t\t\t<\/div>\n\t\t<div class=\"elementor-element elementor-element-d67a3d1 e-flex e-con-boxed e-con e-parent\" data-id=\"d67a3d1\" data-element_type=\"container\" data-e-type=\"container\" id=\"about\" data-settings=\"{&quot;background_background&quot;:&quot;classic&quot;}\">\n\t\t\t\t\t<div class=\"e-con-inner\">\n\t\t<div class=\"elementor-element elementor-element-182e28ef e-flex e-con-boxed e-con e-child\" data-id=\"182e28ef\" data-element_type=\"container\" data-e-type=\"container\">\n\t\t\t\t\t<div class=\"e-con-inner\">\n\t\t<div class=\"elementor-element elementor-element-413f2e32 e-con-full e-flex e-con e-child\" data-id=\"413f2e32\" data-element_type=\"container\" data-e-type=\"container\">\n\t\t\t\t<div class=\"elementor-element elementor-element-24412d44 elementor-widget elementor-widget-patara-title\" data-id=\"24412d44\" data-element_type=\"widget\" data-e-type=\"widget\" data-widget_type=\"patara-title.default\">\n\t\t\t\t<div class=\"elementor-widget-container\">\n\t\t\t\t\t\t\t\n\t\t\n\t\t\t\t\t\t\t\n\t\t\t<div class=\"section-title black text-left\">Panorami mozzafiato in una location ambita ed esclusiva<\/div>\t\t\t\t\n\t\t\t\n        \n\t\t\t\n        \t\t\t\t<\/div>\n\t\t\t\t<\/div>\n\t\t\t\t<div class=\"elementor-element elementor-element-fd9c975 elementor-widget-divider--view-line elementor-widget elementor-widget-divider\" data-id=\"fd9c975\" data-element_type=\"widget\" data-e-type=\"widget\" data-widget_type=\"divider.default\">\n\t\t\t\t<div class=\"elementor-widget-container\">\n\t\t\t\t\t\t\t<div class=\"elementor-divider\">\n\t\t\t<span class=\"elementor-divider-separator\">\n\t\t\t\t\t\t<\/span>\n\t\t<\/div>\n\t\t\t\t\t\t<\/div>\n\t\t\t\t<\/div>\n\t\t\t\t<div class=\"elementor-element elementor-element-1de12747 elementor-widget elementor-widget-patara-text\" data-id=\"1de12747\" data-element_type=\"widget\" data-e-type=\"widget\" data-widget_type=\"patara-text.default\">\n\t\t\t\t<div class=\"elementor-widget-container\">\n\t\t\t\t\t\t\t\n\t\t<div class=\"section-text text-left black\">Courmayeur sorge, elegante e discreta, in una magnifica insenatura ai piedi del Monte Bianco. Localit\u00e0 ambita ed esclusiva, \u00e8 considerata una delle stazioni sciistiche pi\u00f9 importanti d\u2019Europa e vanta un turismo d\u2019elite sin da inizio secolo.\nNegli anni non ha mai perso il suo fascino.<\/div>\n\t\t\n\t\t\t\n        \t\t\t\t<\/div>\n\t\t\t\t<\/div>\n\t\t\t\t<\/div>\n\t\t<div class=\"elementor-element elementor-element-3e9de937 e-con-full e-flex e-con e-child\" data-id=\"3e9de937\" data-element_type=\"container\" data-e-type=\"container\">\n\t\t\t\t<div class=\"elementor-element elementor-element-fd8d08f elementor-widget elementor-widget-patara-image\" data-id=\"fd8d08f\" data-element_type=\"widget\" data-e-type=\"widget\" data-widget_type=\"patara-image.default\">\n\t\t\t\t<div class=\"elementor-widget-container\">\n\t\t\t\t\t\t\t\n\t\t\t\t    \t\t\t<div class=\"sec-img\">\n\t\t\t\t<div class=\"row g-3\">\n\t\t\t\t\t<div class=\"col-6 text-end\"> <img decoding=\"async\" class=\"img-fluid rounded w-75 wow zoomIn\" data-wow-delay=\"0.1s\" src=\"https:\/\/uvethotels.com\/wp-content\/uploads\/sites\/9\/2024\/11\/8-e1731319667313.webp\" alt=\"\" style=\"margin-top: 25%;\"> <\/div>\n\t\t\t\t\t\t\t\t\t\t<div class=\"col-6 text-start\"> <img decoding=\"async\" class=\"img-fluid rounded w-100 wow zoomIn\" data-wow-delay=\"0.3s\" src=\"https:\/\/uvethotels.com\/wp-content\/uploads\/sites\/9\/2024\/11\/10-e1731319797438.webp\" alt=\"\"> <\/div>\n\t\t\t\t\t\t\n\t\t\t\t\t\t\t\t\t\t<div class=\"col-6 text-end\"> <img decoding=\"async\" class=\"img-fluid rounded w-50 wow zoomIn\" data-wow-delay=\"0.5s\" src=\"https:\/\/uvethotels.com\/wp-content\/uploads\/sites\/9\/2024\/11\/Superior-Family-2-scaled-e1731319924407.webp\" alt=\"\"> <\/div>\n\t\t\t\t\t\t\n\t\t\t\t\t\t\t\t\t\t<div class=\"col-6 text-start\"> <img decoding=\"async\" class=\"img-fluid rounded w-75 wow zoomIn\" data-wow-delay=\"0.7s\" src=\"https:\/\/uvethotels.com\/wp-content\/uploads\/sites\/9\/2024\/11\/Les-Jumeaux-5-e1731320062530.webp\" alt=\"\"> <\/div>\n\t\t\t\t\t\t\n\t\t\t\t<\/div>\t\t\t\n\t\t\t\t\n\t\t<\/div>\n\t\t\t\t\t\n\t\t\n\t\t\t\n        \t\t\t\t<\/div>\n\t\t\t\t<\/div>\n\t\t\t\t<\/div>\n\t\t\t\t\t<\/div>\n\t\t\t\t<\/div>\n\t\t\t\t\t<\/div>\n\t\t\t\t<\/div>\n\t\t<div class=\"elementor-element elementor-element-2d64454c e-flex e-con-boxed e-con e-parent\" data-id=\"2d64454c\" data-element_type=\"container\" data-e-type=\"container\" data-settings=\"{&quot;background_background&quot;:&quot;classic&quot;}\">\n\t\t\t\t\t<div class=\"e-con-inner\">\n\t\t\t\t<div class=\"elementor-element elementor-element-23732666 elementor-widget elementor-widget-patara-title\" data-id=\"23732666\" data-element_type=\"widget\" data-e-type=\"widget\" data-widget_type=\"patara-title.default\">\n\t\t\t\t<div class=\"elementor-widget-container\">\n\t\t\t\t\t\t\t\n\t\t\n\t\t\t<div class=\"section-subtitle white text-center\">Hotel<\/div>\t\t\t\t\n\t\t\t<div class=\"section-title white text-center\">Les Jumeaux<\/div>\t\t\t\t\n\t\t\t\n        \n\t\t\t\n        \t\t\t\t<\/div>\n\t\t\t\t<\/div>\n\t\t\t\t\t<\/div>\n\t\t\t\t<\/div>\n\t\t<div class=\"elementor-element elementor-element-96d690a e-flex e-con-boxed e-con e-parent\" data-id=\"96d690a\" data-element_type=\"container\" data-e-type=\"container\" data-settings=\"{&quot;background_background&quot;:&quot;classic&quot;}\">\n\t\t\t\t\t<div class=\"e-con-inner\">\n\t\t<div class=\"elementor-element elementor-element-1d86d02 e-flex e-con-boxed e-con e-child\" data-id=\"1d86d02\" data-element_type=\"container\" data-e-type=\"container\">\n\t\t\t\t\t<div class=\"e-con-inner\">\n\t\t<div class=\"elementor-element elementor-element-e054c8d e-con-full e-flex e-con e-child\" data-id=\"e054c8d\" data-element_type=\"container\" data-e-type=\"container\">\n\t\t\t\t<div class=\"elementor-element elementor-element-b321ba9 elementor-widget elementor-widget-patara-title\" data-id=\"b321ba9\" data-element_type=\"widget\" data-e-type=\"widget\" data-widget_type=\"patara-title.default\">\n\t\t\t\t<div class=\"elementor-widget-container\">\n\t\t\t\t\t\t\t\n\t\t\n\t\t\t\t\t\t\t\n\t\t\t<div class=\"section-title black text-left\">La location ideale per la tua settimana bianca\n<\/div>\t\t\t\t\n\t\t\t\n        \n\t\t\t\n        \t\t\t\t<\/div>\n\t\t\t\t<\/div>\n\t\t\t\t<div class=\"elementor-element elementor-element-f12e49d elementor-widget-divider--view-line elementor-widget elementor-widget-divider\" data-id=\"f12e49d\" data-element_type=\"widget\" data-e-type=\"widget\" data-widget_type=\"divider.default\">\n\t\t\t\t<div class=\"elementor-widget-container\">\n\t\t\t\t\t\t\t<div class=\"elementor-divider\">\n\t\t\t<span class=\"elementor-divider-separator\">\n\t\t\t\t\t\t<\/span>\n\t\t<\/div>\n\t\t\t\t\t\t<\/div>\n\t\t\t\t<\/div>\n\t\t\t\t<div class=\"elementor-element elementor-element-0036caa elementor-widget elementor-widget-patara-text\" data-id=\"0036caa\" data-element_type=\"widget\" data-e-type=\"widget\" data-widget_type=\"patara-text.default\">\n\t\t\t\t<div class=\"elementor-widget-container\">\n\t\t\t\t\t\t\t\n\t\t<div class=\"section-text text-left black\"><p>La professionalit\u00e0 dello staff, l\u2019ampia rosa dei servizi offert e, l\u2019atmosfera familiare fanno dell\u2019Hotel Les Jumeaux il luogo perfetto per una vacanza in totale relax e confort.<\/p><p>Al suo interno si possono trovare il Ristorante, dove la qualit\u00e0 e la freschezza delle materie prime esaltano il gusto e il sapore dei piatti; il Lounge Bar, ideale per un piccolo break, un caff\u00e8 o una merenda, per un aperitivo o un digestivo dopo cena; il Deposito sci e la Ski Room, per tutti gli amanti di questo sport invernale<\/p><p>Il wi-fi \u00e8 gratuito e presente in tutte le aree dell\u2019hotel.<\/p><\/div>\n\t\t\n\t\t\t\n        \t\t\t\t<\/div>\n\t\t\t\t<\/div>\n\t\t\t\t<\/div>\n\t\t<div class=\"elementor-element elementor-element-3ad8911 e-con-full e-flex e-con e-child\" data-id=\"3ad8911\" data-element_type=\"container\" data-e-type=\"container\">\n\t\t\t\t<div class=\"elementor-element elementor-element-30060e1 elementor-widget elementor-widget-patara-image\" data-id=\"30060e1\" data-element_type=\"widget\" data-e-type=\"widget\" data-widget_type=\"patara-image.default\">\n\t\t\t\t<div class=\"elementor-widget-container\">\n\t\t\t\t\t\t\t\n\t\t\t\t\n\n\t\t\t<div class=\"sec-img\">\n\t\t\t\t\t\t\t\t\t\n\t\t\t\t <img decoding=\"async\" src=\"https:\/\/uvethotels.com\/wp-content\/uploads\/sites\/9\/2024\/11\/Les-Jumeaux-6-e1731320329882.webp\" class=\"img-fluid\" alt=\"\"> \n\t\t\t\t\t\n\t\t\t<\/div>\t\t\t\t\t\n\n\t    \t\t\t\n\t\t\n\t\t\t\n        \t\t\t\t<\/div>\n\t\t\t\t<\/div>\n\t\t\t\t<\/div>\n\t\t\t\t\t<\/div>\n\t\t\t\t<\/div>\n\t\t\t\t\t<\/div>\n\t\t\t\t<\/div>\n\t\t<div class=\"elementor-element elementor-element-b0c6562 elementor-hidden-mobile e-flex e-con-boxed e-con e-parent\" data-id=\"b0c6562\" data-element_type=\"container\" data-e-type=\"container\" data-settings=\"{&quot;background_background&quot;:&quot;classic&quot;}\">\n\t\t\t\t\t<div class=\"e-con-inner\">\n\t\t\t\t<div class=\"elementor-element elementor-element-8aa3f84 elementor-align-center prenota elementor-widget elementor-widget-button\" data-id=\"8aa3f84\" data-element_type=\"widget\" data-e-type=\"widget\" data-widget_type=\"button.default\">\n\t\t\t\t<div class=\"elementor-widget-container\">\n\t\t\t\t\t\t\t\t\t<div class=\"elementor-button-wrapper\">\n\t\t\t\t\t<a class=\"elementor-button elementor-button-link elementor-size-sm elementor-animation-sink\" href=\"https:\/\/reservations.verticalbooking.com\/premium\/index.html?id_albergo=28384&#038;dc=5062&#038;id_stile=21242&#038;lingua_int=ita\" target=\"_blank\">\n\t\t\t\t\t\t<span class=\"elementor-button-content-wrapper\">\n\t\t\t\t\t\t\t\t\t<span class=\"elementor-button-text\">VERIFICA LA DISpONIBILIT\u00e0<\/span>\n\t\t\t\t\t<\/span>\n\t\t\t\t\t<\/a>\n\t\t\t\t<\/div>\n\t\t\t\t\t\t\t\t<\/div>\n\t\t\t\t<\/div>\n\t\t\t\t\t<\/div>\n\t\t\t\t<\/div>\n\t\t\t\t<\/div>\n\t\t","protected":false},"excerpt":{"rendered":"<p>Immerso nella natura incontaminata Courmayeur Panorami mozzafiato in una location ambita ed esclusiva Courmayeur sorge, elegante e discreta, in una magnifica insenatura ai piedi del Monte Bianco. Localit\u00e0 ambita ed esclusiva, \u00e8 considerata una delle stazioni sciistiche pi\u00f9 importanti d\u2019Europa e vanta un turismo d\u2019elite sin da inizio secolo. Negli anni non ha mai perso il suo fascino. Hotel Les<\/p>\n","protected":false},"author":1,"featured_media":0,"parent":0,"menu_order":0,"comment_status":"closed","ping_status":"closed","template":"","meta":{"_acf_changed":false,"footnotes":"","_links_to":"","_links_to_target":""},"class_list":["post-714","page","type-page","status-publish","hentry"],"acf":[],"yoast_head":"<!-- This site is optimized with the Yoast SEO plugin v27.0 - https:\/\/yoast.com\/product\/yoast-seo-wordpress\/ -->\n<title>Courmayeur - Hotel Les Jumeaux<\/title>\n<meta name=\"description\" content=\"Hotel Les Jumeaux Courmayeur si trova nel cuore di una delle stazioni sciistiche pi\u00f9 importanti d\u2019Europa, ai piedi del Monte Bianco.\" \/>\n<meta name=\"robots\" content=\"index, follow, max-snippet:-1, max-image-preview:large, max-video-preview:-1\" \/>\n<link rel=\"canonical\" href=\"https:\/\/uvethotels.com\/lesjumeauxhotel\/courmayeur\/\" \/>\n<meta property=\"og:locale\" content=\"it_IT\" \/>\n<meta property=\"og:type\" content=\"article\" \/>\n<meta property=\"og:title\" content=\"Courmayeur - Hotel Les Jumeaux\" \/>\n<meta property=\"og:description\" content=\"Hotel Les Jumeaux Courmayeur si trova nel cuore di una delle stazioni sciistiche pi\u00f9 importanti d\u2019Europa, ai piedi del Monte Bianco.\" \/>\n<meta property=\"og:url\" content=\"https:\/\/uvethotels.com\/lesjumeauxhotel\/courmayeur\/\" \/>\n<meta property=\"og:site_name\" content=\"Les Jumeaux - Uvet Hotels\" \/>\n<meta property=\"article:publisher\" content=\"https:\/\/www.facebook.com\/hotellesjumeaux\" \/>\n<meta property=\"article:modified_time\" content=\"2025-08-19T14:14:34+00:00\" \/>\n<meta property=\"og:image\" content=\"https:\/\/uvethotels.com\/wp-content\/uploads\/sites\/9\/2024\/11\/8-e1731319667313.webp\" \/>\n<meta name=\"twitter:card\" content=\"summary_large_image\" \/>\n<meta name=\"twitter:label1\" content=\"Tempo di lettura stimato\" \/>\n\t<meta name=\"twitter:data1\" content=\"2 minuti\" \/>\n<script type=\"application\/ld+json\" class=\"yoast-schema-graph\">{\"@context\":\"https:\/\/schema.org\",\"@graph\":[{\"@type\":\"WebPage\",\"@id\":\"https:\/\/uvethotels.com\/lesjumeauxhotel\/courmayeur\/\",\"url\":\"https:\/\/uvethotels.com\/lesjumeauxhotel\/courmayeur\/\",\"name\":\"Courmayeur - Hotel Les Jumeaux\",\"isPartOf\":{\"@id\":\"https:\/\/uvethotels.com\/lesjumeauxhotel\/#website\"},\"primaryImageOfPage\":{\"@id\":\"https:\/\/uvethotels.com\/lesjumeauxhotel\/courmayeur\/#primaryimage\"},\"image\":{\"@id\":\"https:\/\/uvethotels.com\/lesjumeauxhotel\/courmayeur\/#primaryimage\"},\"thumbnailUrl\":\"https:\/\/uvethotels.com\/wp-content\/uploads\/sites\/9\/2024\/11\/8-e1731319667313.webp\",\"datePublished\":\"2023-10-21T21:36:46+00:00\",\"dateModified\":\"2025-08-19T14:14:34+00:00\",\"description\":\"Hotel Les Jumeaux Courmayeur si trova nel cuore di una delle stazioni sciistiche pi\u00f9 importanti d\u2019Europa, ai piedi del Monte Bianco.\",\"breadcrumb\":{\"@id\":\"https:\/\/uvethotels.com\/lesjumeauxhotel\/courmayeur\/#breadcrumb\"},\"inLanguage\":\"it-IT\",\"potentialAction\":[{\"@type\":\"ReadAction\",\"target\":[\"https:\/\/uvethotels.com\/lesjumeauxhotel\/courmayeur\/\"]}]},{\"@type\":\"ImageObject\",\"inLanguage\":\"it-IT\",\"@id\":\"https:\/\/uvethotels.com\/lesjumeauxhotel\/courmayeur\/#primaryimage\",\"url\":\"https:\/\/uvethotels.com\/wp-content\/uploads\/sites\/9\/2024\/11\/8-e1731319667313.webp\",\"contentUrl\":\"https:\/\/uvethotels.com\/wp-content\/uploads\/sites\/9\/2024\/11\/8-e1731319667313.webp\"},{\"@type\":\"BreadcrumbList\",\"@id\":\"https:\/\/uvethotels.com\/lesjumeauxhotel\/courmayeur\/#breadcrumb\",\"itemListElement\":[{\"@type\":\"ListItem\",\"position\":1,\"name\":\"Home\",\"item\":\"https:\/\/uvethotels.com\/lesjumeauxhotel\/\"},{\"@type\":\"ListItem\",\"position\":2,\"name\":\"Courmayeur\"}]},{\"@type\":\"WebSite\",\"@id\":\"https:\/\/uvethotels.com\/lesjumeauxhotel\/#website\",\"url\":\"https:\/\/uvethotels.com\/lesjumeauxhotel\/\",\"name\":\"Hotel Les Jumeaux Courmayeur - Uvet Hotels\",\"description\":\"\",\"publisher\":{\"@id\":\"https:\/\/uvethotels.com\/lesjumeauxhotel\/#organization\"},\"alternateName\":\"Hotel Les Jumeaux Courmayeur\",\"potentialAction\":[{\"@type\":\"SearchAction\",\"target\":{\"@type\":\"EntryPoint\",\"urlTemplate\":\"https:\/\/uvethotels.com\/lesjumeauxhotel\/?s={search_term_string}\"},\"query-input\":{\"@type\":\"PropertyValueSpecification\",\"valueRequired\":true,\"valueName\":\"search_term_string\"}}],\"inLanguage\":\"it-IT\"},{\"@type\":\"Organization\",\"@id\":\"https:\/\/uvethotels.com\/lesjumeauxhotel\/#organization\",\"name\":\"Hotel Les Jumeaux - Uvet Hotels\",\"url\":\"https:\/\/uvethotels.com\/lesjumeauxhotel\/\",\"logo\":{\"@type\":\"ImageObject\",\"inLanguage\":\"it-IT\",\"@id\":\"https:\/\/uvethotels.com\/lesjumeauxhotel\/#\/schema\/logo\/image\/\",\"url\":\"https:\/\/uvethotels.com\/lesjumeauxhotel\/wp-content\/uploads\/sites\/9\/2025\/03\/UHC_logo_verticale_1200x1200.jpg\",\"contentUrl\":\"https:\/\/uvethotels.com\/lesjumeauxhotel\/wp-content\/uploads\/sites\/9\/2025\/03\/UHC_logo_verticale_1200x1200.jpg\",\"width\":1200,\"height\":1200,\"caption\":\"Hotel Les Jumeaux - Uvet Hotels\"},\"image\":{\"@id\":\"https:\/\/uvethotels.com\/lesjumeauxhotel\/#\/schema\/logo\/image\/\"},\"sameAs\":[\"https:\/\/www.facebook.com\/hotellesjumeaux\",\"https:\/\/www.instagram.com\/hotel_lesjumeaux\/\"]}]}<\/script>\n<!-- \/ Yoast SEO plugin. -->","yoast_head_json":{"title":"Courmayeur - Hotel Les Jumeaux","description":"Hotel Les Jumeaux Courmayeur si trova nel cuore di una delle stazioni sciistiche pi\u00f9 importanti d\u2019Europa, ai piedi del Monte Bianco.","robots":{"index":"index","follow":"follow","max-snippet":"max-snippet:-1","max-image-preview":"max-image-preview:large","max-video-preview":"max-video-preview:-1"},"canonical":"https:\/\/uvethotels.com\/lesjumeauxhotel\/courmayeur\/","og_locale":"it_IT","og_type":"article","og_title":"Courmayeur - Hotel Les Jumeaux","og_description":"Hotel Les Jumeaux Courmayeur si trova nel cuore di una delle stazioni sciistiche pi\u00f9 importanti d\u2019Europa, ai piedi del Monte Bianco.","og_url":"https:\/\/uvethotels.com\/lesjumeauxhotel\/courmayeur\/","og_site_name":"Les Jumeaux - Uvet Hotels","article_publisher":"https:\/\/www.facebook.com\/hotellesjumeaux","article_modified_time":"2025-08-19T14:14:34+00:00","og_image":[{"url":"https:\/\/uvethotels.com\/wp-content\/uploads\/sites\/9\/2024\/11\/8-e1731319667313.webp","type":"","width":"","height":""}],"twitter_card":"summary_large_image","twitter_misc":{"Tempo di lettura stimato":"2 minuti"},"schema":{"@context":"https:\/\/schema.org","@graph":[{"@type":"WebPage","@id":"https:\/\/uvethotels.com\/lesjumeauxhotel\/courmayeur\/","url":"https:\/\/uvethotels.com\/lesjumeauxhotel\/courmayeur\/","name":"Courmayeur - Hotel Les Jumeaux","isPartOf":{"@id":"https:\/\/uvethotels.com\/lesjumeauxhotel\/#website"},"primaryImageOfPage":{"@id":"https:\/\/uvethotels.com\/lesjumeauxhotel\/courmayeur\/#primaryimage"},"image":{"@id":"https:\/\/uvethotels.com\/lesjumeauxhotel\/courmayeur\/#primaryimage"},"thumbnailUrl":"https:\/\/uvethotels.com\/wp-content\/uploads\/sites\/9\/2024\/11\/8-e1731319667313.webp","datePublished":"2023-10-21T21:36:46+00:00","dateModified":"2025-08-19T14:14:34+00:00","description":"Hotel Les Jumeaux Courmayeur si trova nel cuore di una delle stazioni sciistiche pi\u00f9 importanti d\u2019Europa, ai piedi del Monte Bianco.","breadcrumb":{"@id":"https:\/\/uvethotels.com\/lesjumeauxhotel\/courmayeur\/#breadcrumb"},"inLanguage":"it-IT","potentialAction":[{"@type":"ReadAction","target":["https:\/\/uvethotels.com\/lesjumeauxhotel\/courmayeur\/"]}]},{"@type":"ImageObject","inLanguage":"it-IT","@id":"https:\/\/uvethotels.com\/lesjumeauxhotel\/courmayeur\/#primaryimage","url":"https:\/\/uvethotels.com\/wp-content\/uploads\/sites\/9\/2024\/11\/8-e1731319667313.webp","contentUrl":"https:\/\/uvethotels.com\/wp-content\/uploads\/sites\/9\/2024\/11\/8-e1731319667313.webp"},{"@type":"BreadcrumbList","@id":"https:\/\/uvethotels.com\/lesjumeauxhotel\/courmayeur\/#breadcrumb","itemListElement":[{"@type":"ListItem","position":1,"name":"Home","item":"https:\/\/uvethotels.com\/lesjumeauxhotel\/"},{"@type":"ListItem","position":2,"name":"Courmayeur"}]},{"@type":"WebSite","@id":"https:\/\/uvethotels.com\/lesjumeauxhotel\/#website","url":"https:\/\/uvethotels.com\/lesjumeauxhotel\/","name":"Hotel Les Jumeaux Courmayeur - Uvet Hotels","description":"","publisher":{"@id":"https:\/\/uvethotels.com\/lesjumeauxhotel\/#organization"},"alternateName":"Hotel Les Jumeaux Courmayeur","potentialAction":[{"@type":"SearchAction","target":{"@type":"EntryPoint","urlTemplate":"https:\/\/uvethotels.com\/lesjumeauxhotel\/?s={search_term_string}"},"query-input":{"@type":"PropertyValueSpecification","valueRequired":true,"valueName":"search_term_string"}}],"inLanguage":"it-IT"},{"@type":"Organization","@id":"https:\/\/uvethotels.com\/lesjumeauxhotel\/#organization","name":"Hotel Les Jumeaux - Uvet Hotels","url":"https:\/\/uvethotels.com\/lesjumeauxhotel\/","logo":{"@type":"ImageObject","inLanguage":"it-IT","@id":"https:\/\/uvethotels.com\/lesjumeauxhotel\/#\/schema\/logo\/image\/","url":"https:\/\/uvethotels.com\/lesjumeauxhotel\/wp-content\/uploads\/sites\/9\/2025\/03\/UHC_logo_verticale_1200x1200.jpg","contentUrl":"https:\/\/uvethotels.com\/lesjumeauxhotel\/wp-content\/uploads\/sites\/9\/2025\/03\/UHC_logo_verticale_1200x1200.jpg","width":1200,"height":1200,"caption":"Hotel Les Jumeaux - Uvet Hotels"},"image":{"@id":"https:\/\/uvethotels.com\/lesjumeauxhotel\/#\/schema\/logo\/image\/"},"sameAs":["https:\/\/www.facebook.com\/hotellesjumeaux","https:\/\/www.instagram.com\/hotel_lesjumeaux\/"]}]}},"_links":{"self":[{"href":"https:\/\/uvethotels.com\/lesjumeauxhotel\/wp-json\/wp\/v2\/pages\/714","targetHints":{"allow":["GET"]}}],"collection":[{"href":"https:\/\/uvethotels.com\/lesjumeauxhotel\/wp-json\/wp\/v2\/pages"}],"about":[{"href":"https:\/\/uvethotels.com\/lesjumeauxhotel\/wp-json\/wp\/v2\/types\/page"}],"author":[{"embeddable":true,"href":"https:\/\/uvethotels.com\/lesjumeauxhotel\/wp-json\/wp\/v2\/users\/1"}],"replies":[{"embeddable":true,"href":"https:\/\/uvethotels.com\/lesjumeauxhotel\/wp-json\/wp\/v2\/comments?post=714"}],"version-history":[{"count":67,"href":"https:\/\/uvethotels.com\/lesjumeauxhotel\/wp-json\/wp\/v2\/pages\/714\/revisions"}],"predecessor-version":[{"id":4046,"href":"https:\/\/uvethotels.com\/lesjumeauxhotel\/wp-json\/wp\/v2\/pages\/714\/revisions\/4046"}],"wp:attachment":[{"href":"https:\/\/uvethotels.com\/lesjumeauxhotel\/wp-json\/wp\/v2\/media?parent=714"}],"curies":[{"name":"wp","href":"https:\/\/api.w.org\/{rel}","templated":true}]}}