{"id":774,"date":"2023-10-21T22:05:12","date_gmt":"2023-10-21T22:05:12","guid":{"rendered":"https:\/\/webredox.net\/demo\/wp\/patara\/?page_id=774"},"modified":"2025-06-19T16:58:10","modified_gmt":"2025-06-19T14:58:10","slug":"servizi","status":"publish","type":"page","link":"https:\/\/uvethotels.com\/lesjumeauxhotel\/servizi\/","title":{"rendered":"Servizi"},"content":{"rendered":"\t\t<div data-elementor-type=\"wp-page\" data-elementor-id=\"774\" class=\"elementor elementor-774\" data-elementor-post-type=\"page\">\n\t\t\t\t<div class=\"elementor-element elementor-element-61ab61ed e-con-full e-flex e-con e-parent\" data-id=\"61ab61ed\" data-element_type=\"container\" data-e-type=\"container\" data-settings=\"{&quot;background_background&quot;:&quot;classic&quot;}\">\n\t\t\t\t<div class=\"elementor-element elementor-element-51effc66 elementor-widget elementor-widget-patara-banner-image\" data-id=\"51effc66\" data-element_type=\"widget\" data-e-type=\"widget\" data-widget_type=\"patara-banner-image.default\">\n\t\t\t\t<div class=\"elementor-widget-container\">\n\t\t\t\t\t\t\t\n\t<!-- Header Banner -->\n\t<header class=\"header\">\n\n\t\t\t\t<div class=\"banner-header full-height valign bg-img bg-fixed text-center\" data-overlay-dark=\"5\" data-background=\"https:\/\/uvethotels.com\/wp-content\/uploads\/sites\/9\/2024\/11\/Les-Jumeaux-7.webp\">\n\t\t\t\t\t\t\t\t\t\t\t\t<div class=\"container\">\n\t\t\t\t\t<div class=\"row\">\n\t\t\t\t\t\t<div class=\"col-md-12 offset-0\">\n\t\t\t\t\t\t\t<div class=\"caption\">\n\n\t\t\t\t\t\t\t\t\t\t\t\t\t\t\t\t\n\t\t\t\t\t\t\t\t\n\t\t\t\t\t\t\t\t\t\t\t\t\t\t\t\t<h4 class=\"pt-slider-title1-class\">All\u2019Hotel Les jumeaux Courmayeur non mancano le occasioni per rilassarsi<\/h4>\n\t\t\t\t\t\t\t\t\t\t\t\t\t\t\t\t\t\t\t\t\t\t\t\t<h1 class=\"pt-slider-title2-class\">Servizi<\/h1>\n\t\t\t\t\t\t\t\t\t\t\t\t\t\t\t\t\t\t\t\t\t\t\t<\/div>\t\t\t\t\t\t\n\t\t\t\t\t\t<\/div>\t\t\t\t\t\t\n\t\t\t\t\t<\/div>\n\t\t\t\t<\/div>\n\t\t\t\t\t\t\t\t<!-- button scroll -->\n\t\t\t\t<a href=\"#services\" data-scroll-nav=\"1\" class=\"mouse smoothscroll\">\n\t\t\t\t\t<span class=\"mouse-icon\">\n\t\t\t\t\t\t<span class=\"mouse-wheel\"><\/span>\n\t\t\t\t\t<\/span>\n\t\t\t\t<\/a>\t\n\t\t\t\t\t\t\t\t\t\n\t\t\t\t\t\t\n        <\/div>\t\t\t\n\t<\/header>\t\t\n\t\t\t\n    \t\t\t\t<\/div>\n\t\t\t\t<\/div>\n\t\t\t\t<\/div>\n\t\t<div class=\"elementor-element elementor-element-4db6243c e-flex e-con-boxed e-con e-parent\" data-id=\"4db6243c\" data-element_type=\"container\" data-e-type=\"container\" id=\"services\" data-settings=\"{&quot;background_background&quot;:&quot;classic&quot;}\">\n\t\t\t\t\t<div class=\"e-con-inner\">\n\t\t<div class=\"elementor-element elementor-element-cf8a31d e-con-full e-flex e-con e-child\" data-id=\"cf8a31d\" data-element_type=\"container\" data-e-type=\"container\">\n\t\t\t\t<div class=\"elementor-element elementor-element-940a3c6 elementor-widget elementor-widget-patara-services-grid\" data-id=\"940a3c6\" data-element_type=\"widget\" data-e-type=\"widget\" data-widget_type=\"patara-services-grid.default\">\n\t\t\t\t<div class=\"elementor-widget-container\">\n\t\t\t\t\t\t\t\n\t\t\t\t\n        \n\t\t\t<div class=\"sec-services services2\">\t\n\t\t\t\t\t\t\t\t<div class=\"services2 left\">\t\n\t\t\t\t\t<figure> <img decoding=\"async\" src=\"https:\/\/uvethotels.com\/wp-content\/uploads\/sites\/9\/2024\/11\/6962-sala-lettura-1-scaled.webp\" alt=\"\" class=\"img-fluid\" \/> <\/figure>\t\t\t\t\t\n\t\t\t\t\t<div class=\"caption padding-left\">\n\t\t\t\t\t\t\t\t\t\t\t\t<h4>Comfort immerso nella natura<\/h4>\n\t\t\t\t\t\t\t\n\t\t\t\t\t\t\t\t\t\t\t\t<div class=\"section-text\"><p style=\"color: #f18a00;\">__________________<\/p>\n\nTutti gli spazi dell\u2019hotel, dalle aree comuni alle camere, sono strutturati in modo tale da garantire il massimo comfort e accogliere al loro interno la bellezza della natura circostante, con le sue macchie boschive e le maestose cime innevate.<\/div>\n\t\t\t\t\t\t\t\n\t\t\t\t\t\t\n\t\t\t\t\t\t\t\t\t\t\t\t\t\t\t\t\t\t    \n\t\t\t\t\t<\/div>\t\t\t\t\t\n\t\t\t\t<\/div>\t\t\t\t\t\n\t\t\t\t\t\t\t<\/div>\t\n\n        \t\t\n        \t\t\t\t<\/div>\n\t\t\t\t<\/div>\n\t\t\t\t<\/div>\n\t\t<div class=\"elementor-element elementor-element-01501cd e-con-full e-flex e-con e-child\" data-id=\"01501cd\" data-element_type=\"container\" data-e-type=\"container\">\n\t\t\t\t<div class=\"elementor-element elementor-element-64003f3 elementor-widget elementor-widget-patara-services-grid\" data-id=\"64003f3\" data-element_type=\"widget\" data-e-type=\"widget\" data-widget_type=\"patara-services-grid.default\">\n\t\t\t\t<div class=\"elementor-widget-container\">\n\t\t\t\t\t\t\t\n\t\t\t\t\n        \n\t\t\t<div class=\"sec-services services2\">\t\n\t\t\t\t\t\t\t\t<div class=\"services2 no-left\">\t\n\t\t\t\t\t<figure> <img decoding=\"async\" src=\"https:\/\/uvethotels.com\/wp-content\/uploads\/sites\/9\/2024\/11\/6976-cc-scaled.webp\" alt=\"\" class=\"img-fluid\" \/> <\/figure>\t\t\t\t\t\n\t\t\t\t\t<div class=\"caption padding-left\">\n\t\t\t\t\t\t\t\t\t\t\t\t<h4>Tradizione e benessere<\/h4>\n\t\t\t\t\t\t\t\n\t\t\t\t\t\t\t\t\t\t\t\t<div class=\"section-text\"><p style=\"color: #f18a00;\">__________________<\/p>\nE\u2019 sufficiente affacciarsi dal terrazzo della propria stanza, o sedersi a tavola per gustare un piatto tipico della tradizione locale, per sentire un infinito senso di benessere invadere anima e corpo. Durante l\u2019inverno, Les Jumeaux organizza per i suoi clienti piacevoli serate accompagnate dalla musica del piano bar, mentre un mini-club \u00e8 a disposizione per chi viaggia in famiglia.<\/div>\n\t\t\t\t\t\t\t\n\t\t\t\t\t\t\n\t\t\t\t\t\t\t\t\t\t\t\t\t\t\t\t\t\t    \n\t\t\t\t\t<\/div>\t\t\t\t\t\n\t\t\t\t<\/div>\t\t\t\t\t\n\t\t\t\t\t\t\t<\/div>\t\n\n        \t\t\n        \t\t\t\t<\/div>\n\t\t\t\t<\/div>\n\t\t\t\t<\/div>\n\t\t<div class=\"elementor-element elementor-element-0d2b3f6 e-con-full e-flex e-con e-child\" data-id=\"0d2b3f6\" data-element_type=\"container\" data-e-type=\"container\">\n\t\t\t\t<div class=\"elementor-element elementor-element-dbf7f50 elementor-widget elementor-widget-patara-services-grid\" data-id=\"dbf7f50\" data-element_type=\"widget\" data-e-type=\"widget\" data-widget_type=\"patara-services-grid.default\">\n\t\t\t\t<div class=\"elementor-widget-container\">\n\t\t\t\t\t\t\t\n\t\t\t\t\n        \n\t\t\t<div class=\"sec-services services2\">\t\n\t\t\t\t\t\t\t\t<div class=\"services2 left\">\t\n\t\t\t\t\t<figure> <img decoding=\"async\" src=\"https:\/\/uvethotels.com\/wp-content\/uploads\/sites\/9\/2024\/11\/6922-dependance-TPL-1-scaled.webp\" alt=\"\" class=\"img-fluid\" \/> <\/figure>\t\t\t\t\t\n\t\t\t\t\t<div class=\"caption padding-left\">\n\t\t\t\t\t\t\t\t\t\t\t\t<h4>Servizi esclusivi e comfort<\/h4>\n\t\t\t\t\t\t\t\n\t\t\t\t\t\t\t\t\t\t\t\t<div class=\"section-text\"><p style=\"color: #f18a00;\">__________________<\/p>\n\nLa struttura mette a disposizione dei suoi ospiti due tipologie di posti auto, un garage multilivello nel corpo centrale dell\u2019Hotel al costo di 30euro al giorno, ed un parcheggio all\u2019aperto in corrispondenza della Dependance (edificio secondario) al costo di 20euro al giorno, entrambi non custoditi e con posti limitati e non prenotabili.<\/div>\n\t\t\t\t\t\t\t\n\t\t\t\t\t\t\n\t\t\t\t\t\t\t\t\t\t\t\t\t\t\t\t\t\t    \n\t\t\t\t\t<\/div>\t\t\t\t\t\n\t\t\t\t<\/div>\t\t\t\t\t\n\t\t\t\t\t\t\t<\/div>\t\n\n        \t\t\n        \t\t\t\t<\/div>\n\t\t\t\t<\/div>\n\t\t\t\t<\/div>\n\t\t<div class=\"elementor-element elementor-element-5b48d34 e-con-full e-flex e-con e-child\" data-id=\"5b48d34\" data-element_type=\"container\" data-e-type=\"container\">\n\t\t\t\t<div class=\"elementor-element elementor-element-491e041 elementor-widget elementor-widget-patara-services-grid\" data-id=\"491e041\" data-element_type=\"widget\" data-e-type=\"widget\" data-widget_type=\"patara-services-grid.default\">\n\t\t\t\t<div class=\"elementor-widget-container\">\n\t\t\t\t\t\t\t\n\t\t\t\t\n        \n\t\t\t<div class=\"sec-services services2\">\t\n\t\t\t\t\t\t\t\t<div class=\"services2 no-left\">\t\n\t\t\t\t\t<figure> <img decoding=\"async\" src=\"https:\/\/uvethotels.com\/lesjumeauxhotel\/wp-content\/uploads\/sites\/9\/2025\/06\/Animali-Ammessi-scaled.webp\" alt=\"Animali Ammessi Uvet Hotels\" class=\"img-fluid\" \/> <\/figure>\t\t\t\t\t\n\t\t\t\t\t<div class=\"caption padding-left\">\n\t\t\t\t\t\t\t\t\t\t\t\t<h4>Animali di piccola taglia ammessi<\/h4>\n\t\t\t\t\t\t\t\n\t\t\t\t\t\t\t\t\t\t\t\t<div class=\"section-text\"><p style=\"color: #f18a00;\">__________________<\/p><p>Se viaggiate con animali domestici, siete pregati di notare che \u00e8 previsto un supplemento di 21euro per animale, a notte. \u00c8 ammesso un massimo di 1 animale domestico. La struttura pu\u00f2 ammettere solo animali con un peso massimo di 10 chili.<\/p><\/div>\n\t\t\t\t\t\t\t\n\t\t\t\t\t\t\n\t\t\t\t\t\t\t\t\t\t\t\t\t\t\t\t\t\t    \n\t\t\t\t\t<\/div>\t\t\t\t\t\n\t\t\t\t<\/div>\t\t\t\t\t\n\t\t\t\t\t\t\t<\/div>\t\n\n        \t\t\n        \t\t\t\t<\/div>\n\t\t\t\t<\/div>\n\t\t\t\t<\/div>\n\t\t\t\t\t<\/div>\n\t\t\t\t<\/div>\n\t\t<div class=\"elementor-element elementor-element-e0bea7d elementor-hidden-mobile e-flex e-con-boxed e-con e-parent\" data-id=\"e0bea7d\" data-element_type=\"container\" data-e-type=\"container\" data-settings=\"{&quot;background_background&quot;:&quot;classic&quot;}\">\n\t\t\t\t\t<div class=\"e-con-inner\">\n\t\t\t\t<div class=\"elementor-element elementor-element-807d874 elementor-align-center prenota elementor-widget elementor-widget-button\" data-id=\"807d874\" data-element_type=\"widget\" data-e-type=\"widget\" data-widget_type=\"button.default\">\n\t\t\t\t<div class=\"elementor-widget-container\">\n\t\t\t\t\t\t\t\t\t<div class=\"elementor-button-wrapper\">\n\t\t\t\t\t<a class=\"elementor-button elementor-button-link elementor-size-sm elementor-animation-sink\" href=\"https:\/\/reservations.verticalbooking.com\/premium\/index.html?id_albergo=28384&#038;dc=5062&#038;id_stile=21242&#038;lingua_int=ita\" target=\"_blank\">\n\t\t\t\t\t\t<span class=\"elementor-button-content-wrapper\">\n\t\t\t\t\t\t\t\t\t<span class=\"elementor-button-text\">VERIFICA LA DISpONIBILIT\u00e0<\/span>\n\t\t\t\t\t<\/span>\n\t\t\t\t\t<\/a>\n\t\t\t\t<\/div>\n\t\t\t\t\t\t\t\t<\/div>\n\t\t\t\t<\/div>\n\t\t\t\t\t<\/div>\n\t\t\t\t<\/div>\n\t\t\t\t<\/div>\n\t\t","protected":false},"excerpt":{"rendered":"<p>All\u2019Hotel Les jumeaux Courmayeur non mancano le occasioni per rilassarsi Servizi Comfort immerso nella natura __________________ Tutti gli spazi dell\u2019hotel, dalle aree comuni alle camere, sono strutturati in modo tale da garantire il massimo comfort e accogliere al loro interno la bellezza della natura circostante, con le sue macchie boschive e le maestose cime innevate. Tradizione e benessere __________________ E\u2019<\/p>\n","protected":false},"author":1,"featured_media":0,"parent":0,"menu_order":0,"comment_status":"closed","ping_status":"closed","template":"","meta":{"_acf_changed":false,"footnotes":"","_links_to":"","_links_to_target":""},"class_list":["post-774","page","type-page","status-publish","hentry"],"acf":[],"yoast_head":"<!-- This site is optimized with the Yoast SEO plugin v27.0 - https:\/\/yoast.com\/product\/yoast-seo-wordpress\/ -->\n<title>Servizi - Hotel Les Jumeaux<\/title>\n<meta name=\"description\" content=\"L\u2019Hotel Les Jumeaux mette a disposizione dei suoi ospiti: deposito sci, wifi gratuito, servizio in camera e parcheggio interno.\" \/>\n<meta name=\"robots\" content=\"index, follow, max-snippet:-1, max-image-preview:large, max-video-preview:-1\" \/>\n<link rel=\"canonical\" href=\"https:\/\/uvethotels.com\/lesjumeauxhotel\/servizi\/\" \/>\n<meta property=\"og:locale\" content=\"it_IT\" \/>\n<meta property=\"og:type\" content=\"article\" \/>\n<meta property=\"og:title\" content=\"Servizi - Hotel Les Jumeaux\" \/>\n<meta property=\"og:description\" content=\"L\u2019Hotel Les Jumeaux mette a disposizione dei suoi ospiti: deposito sci, wifi gratuito, servizio in camera e parcheggio interno.\" \/>\n<meta property=\"og:url\" content=\"https:\/\/uvethotels.com\/lesjumeauxhotel\/servizi\/\" \/>\n<meta property=\"og:site_name\" content=\"Les Jumeaux - Uvet Hotels\" \/>\n<meta property=\"article:publisher\" content=\"https:\/\/www.facebook.com\/hotellesjumeaux\" \/>\n<meta property=\"article:modified_time\" content=\"2025-06-19T14:58:10+00:00\" \/>\n<meta property=\"og:image\" content=\"https:\/\/uvethotels.com\/wp-content\/uploads\/sites\/9\/2024\/11\/6962-sala-lettura-1-scaled.webp\" \/>\n<meta name=\"twitter:card\" content=\"summary_large_image\" \/>\n<meta name=\"twitter:label1\" content=\"Tempo di lettura stimato\" \/>\n\t<meta name=\"twitter:data1\" content=\"2 minuti\" \/>\n<script type=\"application\/ld+json\" class=\"yoast-schema-graph\">{\"@context\":\"https:\/\/schema.org\",\"@graph\":[{\"@type\":\"WebPage\",\"@id\":\"https:\/\/uvethotels.com\/lesjumeauxhotel\/servizi\/\",\"url\":\"https:\/\/uvethotels.com\/lesjumeauxhotel\/servizi\/\",\"name\":\"Servizi - Hotel Les Jumeaux\",\"isPartOf\":{\"@id\":\"https:\/\/uvethotels.com\/lesjumeauxhotel\/#website\"},\"primaryImageOfPage\":{\"@id\":\"https:\/\/uvethotels.com\/lesjumeauxhotel\/servizi\/#primaryimage\"},\"image\":{\"@id\":\"https:\/\/uvethotels.com\/lesjumeauxhotel\/servizi\/#primaryimage\"},\"thumbnailUrl\":\"https:\/\/uvethotels.com\/wp-content\/uploads\/sites\/9\/2024\/11\/6962-sala-lettura-1-scaled.webp\",\"datePublished\":\"2023-10-21T22:05:12+00:00\",\"dateModified\":\"2025-06-19T14:58:10+00:00\",\"description\":\"L\u2019Hotel Les Jumeaux mette a disposizione dei suoi ospiti: deposito sci, wifi gratuito, servizio in camera e parcheggio interno.\",\"breadcrumb\":{\"@id\":\"https:\/\/uvethotels.com\/lesjumeauxhotel\/servizi\/#breadcrumb\"},\"inLanguage\":\"it-IT\",\"potentialAction\":[{\"@type\":\"ReadAction\",\"target\":[\"https:\/\/uvethotels.com\/lesjumeauxhotel\/servizi\/\"]}]},{\"@type\":\"ImageObject\",\"inLanguage\":\"it-IT\",\"@id\":\"https:\/\/uvethotels.com\/lesjumeauxhotel\/servizi\/#primaryimage\",\"url\":\"https:\/\/uvethotels.com\/wp-content\/uploads\/sites\/9\/2024\/11\/6962-sala-lettura-1-scaled.webp\",\"contentUrl\":\"https:\/\/uvethotels.com\/wp-content\/uploads\/sites\/9\/2024\/11\/6962-sala-lettura-1-scaled.webp\"},{\"@type\":\"BreadcrumbList\",\"@id\":\"https:\/\/uvethotels.com\/lesjumeauxhotel\/servizi\/#breadcrumb\",\"itemListElement\":[{\"@type\":\"ListItem\",\"position\":1,\"name\":\"Home\",\"item\":\"https:\/\/uvethotels.com\/lesjumeauxhotel\/\"},{\"@type\":\"ListItem\",\"position\":2,\"name\":\"Servizi\"}]},{\"@type\":\"WebSite\",\"@id\":\"https:\/\/uvethotels.com\/lesjumeauxhotel\/#website\",\"url\":\"https:\/\/uvethotels.com\/lesjumeauxhotel\/\",\"name\":\"Hotel Les Jumeaux Courmayeur - Uvet Hotels\",\"description\":\"\",\"publisher\":{\"@id\":\"https:\/\/uvethotels.com\/lesjumeauxhotel\/#organization\"},\"alternateName\":\"Hotel Les Jumeaux Courmayeur\",\"potentialAction\":[{\"@type\":\"SearchAction\",\"target\":{\"@type\":\"EntryPoint\",\"urlTemplate\":\"https:\/\/uvethotels.com\/lesjumeauxhotel\/?s={search_term_string}\"},\"query-input\":{\"@type\":\"PropertyValueSpecification\",\"valueRequired\":true,\"valueName\":\"search_term_string\"}}],\"inLanguage\":\"it-IT\"},{\"@type\":\"Organization\",\"@id\":\"https:\/\/uvethotels.com\/lesjumeauxhotel\/#organization\",\"name\":\"Hotel Les Jumeaux - Uvet Hotels\",\"url\":\"https:\/\/uvethotels.com\/lesjumeauxhotel\/\",\"logo\":{\"@type\":\"ImageObject\",\"inLanguage\":\"it-IT\",\"@id\":\"https:\/\/uvethotels.com\/lesjumeauxhotel\/#\/schema\/logo\/image\/\",\"url\":\"https:\/\/uvethotels.com\/lesjumeauxhotel\/wp-content\/uploads\/sites\/9\/2025\/03\/UHC_logo_verticale_1200x1200.jpg\",\"contentUrl\":\"https:\/\/uvethotels.com\/lesjumeauxhotel\/wp-content\/uploads\/sites\/9\/2025\/03\/UHC_logo_verticale_1200x1200.jpg\",\"width\":1200,\"height\":1200,\"caption\":\"Hotel Les Jumeaux - Uvet Hotels\"},\"image\":{\"@id\":\"https:\/\/uvethotels.com\/lesjumeauxhotel\/#\/schema\/logo\/image\/\"},\"sameAs\":[\"https:\/\/www.facebook.com\/hotellesjumeaux\",\"https:\/\/www.instagram.com\/hotel_lesjumeaux\/\"]}]}<\/script>\n<!-- \/ Yoast SEO plugin. -->","yoast_head_json":{"title":"Servizi - Hotel Les Jumeaux","description":"L\u2019Hotel Les Jumeaux mette a disposizione dei suoi ospiti: deposito sci, wifi gratuito, servizio in camera e parcheggio interno.","robots":{"index":"index","follow":"follow","max-snippet":"max-snippet:-1","max-image-preview":"max-image-preview:large","max-video-preview":"max-video-preview:-1"},"canonical":"https:\/\/uvethotels.com\/lesjumeauxhotel\/servizi\/","og_locale":"it_IT","og_type":"article","og_title":"Servizi - Hotel Les Jumeaux","og_description":"L\u2019Hotel Les Jumeaux mette a disposizione dei suoi ospiti: deposito sci, wifi gratuito, servizio in camera e parcheggio interno.","og_url":"https:\/\/uvethotels.com\/lesjumeauxhotel\/servizi\/","og_site_name":"Les Jumeaux - Uvet Hotels","article_publisher":"https:\/\/www.facebook.com\/hotellesjumeaux","article_modified_time":"2025-06-19T14:58:10+00:00","og_image":[{"url":"https:\/\/uvethotels.com\/wp-content\/uploads\/sites\/9\/2024\/11\/6962-sala-lettura-1-scaled.webp","type":"","width":"","height":""}],"twitter_card":"summary_large_image","twitter_misc":{"Tempo di lettura stimato":"2 minuti"},"schema":{"@context":"https:\/\/schema.org","@graph":[{"@type":"WebPage","@id":"https:\/\/uvethotels.com\/lesjumeauxhotel\/servizi\/","url":"https:\/\/uvethotels.com\/lesjumeauxhotel\/servizi\/","name":"Servizi - Hotel Les Jumeaux","isPartOf":{"@id":"https:\/\/uvethotels.com\/lesjumeauxhotel\/#website"},"primaryImageOfPage":{"@id":"https:\/\/uvethotels.com\/lesjumeauxhotel\/servizi\/#primaryimage"},"image":{"@id":"https:\/\/uvethotels.com\/lesjumeauxhotel\/servizi\/#primaryimage"},"thumbnailUrl":"https:\/\/uvethotels.com\/wp-content\/uploads\/sites\/9\/2024\/11\/6962-sala-lettura-1-scaled.webp","datePublished":"2023-10-21T22:05:12+00:00","dateModified":"2025-06-19T14:58:10+00:00","description":"L\u2019Hotel Les Jumeaux mette a disposizione dei suoi ospiti: deposito sci, wifi gratuito, servizio in camera e parcheggio interno.","breadcrumb":{"@id":"https:\/\/uvethotels.com\/lesjumeauxhotel\/servizi\/#breadcrumb"},"inLanguage":"it-IT","potentialAction":[{"@type":"ReadAction","target":["https:\/\/uvethotels.com\/lesjumeauxhotel\/servizi\/"]}]},{"@type":"ImageObject","inLanguage":"it-IT","@id":"https:\/\/uvethotels.com\/lesjumeauxhotel\/servizi\/#primaryimage","url":"https:\/\/uvethotels.com\/wp-content\/uploads\/sites\/9\/2024\/11\/6962-sala-lettura-1-scaled.webp","contentUrl":"https:\/\/uvethotels.com\/wp-content\/uploads\/sites\/9\/2024\/11\/6962-sala-lettura-1-scaled.webp"},{"@type":"BreadcrumbList","@id":"https:\/\/uvethotels.com\/lesjumeauxhotel\/servizi\/#breadcrumb","itemListElement":[{"@type":"ListItem","position":1,"name":"Home","item":"https:\/\/uvethotels.com\/lesjumeauxhotel\/"},{"@type":"ListItem","position":2,"name":"Servizi"}]},{"@type":"WebSite","@id":"https:\/\/uvethotels.com\/lesjumeauxhotel\/#website","url":"https:\/\/uvethotels.com\/lesjumeauxhotel\/","name":"Hotel Les Jumeaux Courmayeur - Uvet Hotels","description":"","publisher":{"@id":"https:\/\/uvethotels.com\/lesjumeauxhotel\/#organization"},"alternateName":"Hotel Les Jumeaux Courmayeur","potentialAction":[{"@type":"SearchAction","target":{"@type":"EntryPoint","urlTemplate":"https:\/\/uvethotels.com\/lesjumeauxhotel\/?s={search_term_string}"},"query-input":{"@type":"PropertyValueSpecification","valueRequired":true,"valueName":"search_term_string"}}],"inLanguage":"it-IT"},{"@type":"Organization","@id":"https:\/\/uvethotels.com\/lesjumeauxhotel\/#organization","name":"Hotel Les Jumeaux - Uvet Hotels","url":"https:\/\/uvethotels.com\/lesjumeauxhotel\/","logo":{"@type":"ImageObject","inLanguage":"it-IT","@id":"https:\/\/uvethotels.com\/lesjumeauxhotel\/#\/schema\/logo\/image\/","url":"https:\/\/uvethotels.com\/lesjumeauxhotel\/wp-content\/uploads\/sites\/9\/2025\/03\/UHC_logo_verticale_1200x1200.jpg","contentUrl":"https:\/\/uvethotels.com\/lesjumeauxhotel\/wp-content\/uploads\/sites\/9\/2025\/03\/UHC_logo_verticale_1200x1200.jpg","width":1200,"height":1200,"caption":"Hotel Les Jumeaux - Uvet Hotels"},"image":{"@id":"https:\/\/uvethotels.com\/lesjumeauxhotel\/#\/schema\/logo\/image\/"},"sameAs":["https:\/\/www.facebook.com\/hotellesjumeaux","https:\/\/www.instagram.com\/hotel_lesjumeaux\/"]}]}},"_links":{"self":[{"href":"https:\/\/uvethotels.com\/lesjumeauxhotel\/wp-json\/wp\/v2\/pages\/774","targetHints":{"allow":["GET"]}}],"collection":[{"href":"https:\/\/uvethotels.com\/lesjumeauxhotel\/wp-json\/wp\/v2\/pages"}],"about":[{"href":"https:\/\/uvethotels.com\/lesjumeauxhotel\/wp-json\/wp\/v2\/types\/page"}],"author":[{"embeddable":true,"href":"https:\/\/uvethotels.com\/lesjumeauxhotel\/wp-json\/wp\/v2\/users\/1"}],"replies":[{"embeddable":true,"href":"https:\/\/uvethotels.com\/lesjumeauxhotel\/wp-json\/wp\/v2\/comments?post=774"}],"version-history":[{"count":70,"href":"https:\/\/uvethotels.com\/lesjumeauxhotel\/wp-json\/wp\/v2\/pages\/774\/revisions"}],"predecessor-version":[{"id":4032,"href":"https:\/\/uvethotels.com\/lesjumeauxhotel\/wp-json\/wp\/v2\/pages\/774\/revisions\/4032"}],"wp:attachment":[{"href":"https:\/\/uvethotels.com\/lesjumeauxhotel\/wp-json\/wp\/v2\/media?parent=774"}],"curies":[{"name":"wp","href":"https:\/\/api.w.org\/{rel}","templated":true}]}}