{"id":3505,"date":"2024-11-21T14:19:40","date_gmt":"2024-11-21T13:19:40","guid":{"rendered":"https:\/\/uvethc.com\/miramontihotel\/?page_id=3505"},"modified":"2025-09-02T17:19:32","modified_gmt":"2025-09-02T15:19:32","slug":"contactez-nous","status":"publish","type":"page","link":"https:\/\/uvethotels.com\/miramontihotel\/fr\/contactez-nous\/","title":{"rendered":"Contactez-nous"},"content":{"rendered":"\t\t<div data-elementor-type=\"wp-page\" data-elementor-id=\"3505\" class=\"elementor elementor-3505\" data-elementor-post-type=\"page\">\n\t\t\t\t<div class=\"elementor-element elementor-element-7382885b e-con-full e-flex e-con e-parent\" data-id=\"7382885b\" data-element_type=\"container\" data-e-type=\"container\" data-settings=\"{&quot;background_background&quot;:&quot;classic&quot;}\">\n\t\t\t\t<div class=\"elementor-element elementor-element-6de1e63e elementor-widget elementor-widget-patara-banner-image\" data-id=\"6de1e63e\" data-element_type=\"widget\" data-e-type=\"widget\" data-widget_type=\"patara-banner-image.default\">\n\t\t\t\t<div class=\"elementor-widget-container\">\n\t\t\t\t\t\t\t\n\t<!-- Header Banner -->\n\t<header class=\"header\">\n\n\t\t\t\t<div class=\"banner-header full-height valign bg-img bg-fixed text-center\" data-overlay-dark=\"5\" data-background=\"https:\/\/uvethotels.com\/wp-content\/uploads\/sites\/10\/2024\/11\/reception-2-scaled.webp\">\n\t\t\t\t\t\t\t\t\t\t\t\t<div class=\"container\">\n\t\t\t\t\t<div class=\"row\">\n\t\t\t\t\t\t<div class=\"col-md-12 offset-0\">\n\t\t\t\t\t\t\t<div class=\"caption\">\n\n\t\t\t\t\t\t\t\t\t\t\t\t\t\t\t\t\n\t\t\t\t\t\t\t\t\n\t\t\t\t\t\t\t\t\t\t\t\t\t\t\t\t\t\t\t\t\t\t\t\t<h1 class=\"pt-slider-title2-class\">Contactez-nous<\/h1>\n\t\t\t\t\t\t\t\t\t\t\t\t\t\t\t\t\t\t\t\t\t\t\t<\/div>\t\t\t\t\t\t\n\t\t\t\t\t\t<\/div>\t\t\t\t\t\t\n\t\t\t\t\t<\/div>\n\t\t\t\t<\/div>\n\t\t\t\t\t\t\t\t<!-- button scroll -->\n\t\t\t\t<a href=\"#contact\" data-scroll-nav=\"1\" class=\"mouse smoothscroll\">\n\t\t\t\t\t<span class=\"mouse-icon\">\n\t\t\t\t\t\t<span class=\"mouse-wheel\"><\/span>\n\t\t\t\t\t<\/span>\n\t\t\t\t<\/a>\t\n\t\t\t\t\t\t\t\t\t\n\t\t\t\t\t\t\n        <\/div>\t\t\t\n\t<\/header>\t\t\n\t\t\t\n    \t\t\t\t<\/div>\n\t\t\t\t<\/div>\n\t\t\t\t<\/div>\n\t\t<div class=\"elementor-element elementor-element-9334538 e-flex e-con-boxed e-con e-parent\" data-id=\"9334538\" data-element_type=\"container\" data-e-type=\"container\" id=\"contact\" data-settings=\"{&quot;background_background&quot;:&quot;classic&quot;}\">\n\t\t\t\t\t<div class=\"e-con-inner\">\n\t\t<div class=\"elementor-element elementor-element-1808a932 e-flex e-con-boxed e-con e-child\" data-id=\"1808a932\" data-element_type=\"container\" data-e-type=\"container\">\n\t\t\t\t\t<div class=\"e-con-inner\">\n\t\t<div class=\"elementor-element elementor-element-39f4d8a7 e-con-full e-flex e-con e-child\" data-id=\"39f4d8a7\" data-element_type=\"container\" data-e-type=\"container\">\n\t\t<div class=\"elementor-element elementor-element-72defd92 e-con-full e-flex e-con e-child\" data-id=\"72defd92\" data-element_type=\"container\" data-e-type=\"container\">\n\t\t\t\t<div class=\"elementor-element elementor-element-97de103 elementor-widget elementor-widget-patara-contact\" data-id=\"97de103\" data-element_type=\"widget\" data-e-type=\"widget\" data-widget_type=\"patara-contact.default\">\n\t\t\t\t<div class=\"elementor-widget-container\">\n\t\t\t\t\t        \t\t\n\t\t\n\t\t<div class=\"sec-contact-info sec-reservations\">\n\t\t    \n\t\t\t\t\t\t\n\t\t\t\t\t\t\t\t\t                        <div class=\"reservations mb-15\">\t\n \t\t\t\t\t\t    <div class=\"icon\">\n\t\t\t\t\t\t\t\t\t\t\n\t\t\t\t\t\t\t\t\t<span class=\"flaticon-call\"><\/span>\n\t\t\t\t\t\t\t\t\t\t\t\t\t\t\t\t\n\t\t\t\t\t\t\t<\/div>\n\t\t\t\t\t\t\t<div class=\"text\">\n\t\t\t\t\t\t        <p>T\u00e9l\u00e9phone<\/p> <a href=\"tel:+39 0471 836030\">+39 0471 836030<\/a>\n\t\t\t\t\t\t   <\/div>\n\t\t\t\t\t\t<\/div>\n\t\t\t\t\t\t \n\n\t\t\t\t\t\t\t\t\t\t\n                        <div class=\"reservations mb-15\">\t\n \t\t\t\t\t\t    <div class=\"icon\">\n\t\t\t\t\t\t\t\t\t\n\t\t\t\t\t\t\t\t\t<span class=\"flaticon-envelope\"><\/span>\n\t\t\t\t\t\t\t\t\t\t\t\t\t\t\t\t\n\t\t\t\t\t\t\t<\/div>\n\t\t\t\t\t\t\t<div class=\"text\">\n\t\t\t\t\t\t        <p>Email<\/p> <a href=\"mailto:reservation.miramonti@uvethotels.com\">reservation.miramonti@uvethotels.com<\/a>\n\t\t\t\t\t\t   <\/div>\n\t\t\t\t\t\t<\/div>\n\t\t\t\t\t\t \n\n\t\t\t\t\t\t\t\t\t                        <div class=\"reservations mb-15\">\t\n \t\t\t\t\t\t    <div class=\"icon\">\n\t\t\t\t\t\t\t\t\t\n\t\t\t\t\t\t\t\t\t<span class=\"flaticon-location-pin\"><\/span>\n\t\t\t\t\t\t\t\t\t\t\t\t\t\t\t\t\n\t\t\t\t\t\t\t<\/div>\n\t\t\t\t\t\t\t<div class=\"text\">\n\t\t\t\t\t\t        <p>Adresse<\/p> <a href=\"#\" target=\"_self\" rel=\"noopener noreferrer\">Strada Sassongher, 34, Corvara in Badia (BZ), 39033, Italy<\/a>\n\t\t\t\t\t\t   <\/div>\n\t\t\t\t\t\t<\/div>\t\t\t\t\t\t\t\t\t\t\t\n\t\t\t\t\t\t \n\n\t\t\t\t\t\t\t\t\n        <\/div>\t\t\n\n        \t\t\t\t<\/div>\n\t\t\t\t<\/div>\n\t\t\t\t<\/div>\n\t\t<div class=\"elementor-element elementor-element-47cfeeff e-con-full e-flex e-con e-child\" data-id=\"47cfeeff\" data-element_type=\"container\" data-e-type=\"container\">\n\t\t\t\t<div class=\"elementor-element elementor-element-2ddc610 elementor-widget elementor-widget-heading\" data-id=\"2ddc610\" data-element_type=\"widget\" data-e-type=\"widget\" data-widget_type=\"heading.default\">\n\t\t\t\t<div class=\"elementor-widget-container\">\n\t\t\t\t\t<h2 class=\"elementor-heading-title elementor-size-default\">Envoyer un message<\/h2>\t\t\t\t<\/div>\n\t\t\t\t<\/div>\n\t\t\t\t<div class=\"elementor-element elementor-element-e3a516e elementor-widget elementor-widget-patara-form\" data-id=\"e3a516e\" data-element_type=\"widget\" data-e-type=\"widget\" data-widget_type=\"patara-form.default\">\n\t\t\t\t<div class=\"elementor-widget-container\">\n\t\t\t\t\t\t\t\n\t\t<div class=\"sec-contact-form\">\t\t\t\n\t\t\t<div class=\"clearfix contact__form vc_template\">\t\t\n\t\t\t\t\n<div class=\"wpcf7 no-js\" id=\"wpcf7-f3800-o1\" lang=\"en-US\" dir=\"ltr\" data-wpcf7-id=\"3800\">\n<div class=\"screen-reader-response\"><p role=\"status\" aria-live=\"polite\" aria-atomic=\"true\"><\/p> <ul><\/ul><\/div>\n<form action=\"\/miramontihotel\/wp-json\/wp\/v2\/pages\/3505#wpcf7-f3800-o1\" method=\"post\" class=\"wpcf7-form init\" aria-label=\"Contact form\" novalidate=\"novalidate\" data-status=\"init\">\n<fieldset class=\"hidden-fields-container\"><input type=\"hidden\" name=\"_wpcf7\" value=\"3800\" \/><input type=\"hidden\" name=\"_wpcf7_version\" value=\"6.1.5\" \/><input type=\"hidden\" name=\"_wpcf7_locale\" value=\"en_US\" \/><input type=\"hidden\" name=\"_wpcf7_unit_tag\" value=\"wpcf7-f3800-o1\" \/><input type=\"hidden\" name=\"_wpcf7_container_post\" value=\"0\" \/><input type=\"hidden\" name=\"_wpcf7_posted_data_hash\" value=\"\" \/>\n<\/fieldset>\n<span class=\"wpcf7-form-control-wrap\" data-name=\"your-name\"><input size=\"40\" maxlength=\"400\" class=\"wpcf7-form-control wpcf7-text wpcf7-validates-as-required\" autocomplete=\"name\" aria-required=\"true\" aria-invalid=\"false\" placeholder=\"Nom e Pr\u00e9nom*\" value=\"\" type=\"text\" name=\"your-name\" \/><\/span> \n                  \n<span class=\"wpcf7-form-control-wrap\" data-name=\"your-email\"><input size=\"40\" maxlength=\"400\" class=\"wpcf7-form-control wpcf7-email wpcf7-validates-as-required wpcf7-text wpcf7-validates-as-email\" autocomplete=\"email\" aria-required=\"true\" aria-invalid=\"false\" placeholder=\"Email *\" value=\"\" type=\"email\" name=\"your-email\" \/><\/span>\n\n<span class=\"wpcf7-form-control-wrap\" data-name=\"tel-477\"><input size=\"40\" maxlength=\"400\" class=\"wpcf7-form-control wpcf7-tel wpcf7-text wpcf7-validates-as-tel\" aria-invalid=\"false\" placeholder=\"T\u00e9l\u00e9phone\" value=\"\" type=\"tel\" name=\"tel-477\" \/><\/span>\n  \n<span class=\"wpcf7-form-control-wrap\" data-name=\"your-subject\"><input size=\"40\" maxlength=\"400\" class=\"wpcf7-form-control wpcf7-text wpcf7-validates-as-required\" aria-required=\"true\" aria-invalid=\"false\" placeholder=\"Objet du Message*\" value=\"\" type=\"text\" name=\"your-subject\" \/><\/span>\n    \n<span class=\"wpcf7-form-control-wrap\" data-name=\"your-message\"><textarea cols=\"40\" rows=\"10\" maxlength=\"2000\" class=\"wpcf7-form-control wpcf7-textarea\" aria-invalid=\"false\" placeholder=\"Message*\" name=\"your-message\"><\/textarea><\/span>\n\n<span class=\"wpcf7-form-control-wrap\" data-name=\"privacy\"><span class=\"wpcf7-form-control wpcf7-acceptance\"><span class=\"wpcf7-list-item\"><label><input type=\"checkbox\" name=\"privacy\" value=\"1\" aria-invalid=\"false\" \/><span class=\"wpcf7-list-item-label\">Je d\u00e9clare avoir pris connaissance de la <a href=\"https:\/\/uvethc.com\/alaskahotel\/fr\/privacy-policy\/\" style=\"text-decoration: underline;\">politique de confidentialit\u00e9.<\/a><\/span><\/label><\/span><\/span><\/span>\n\n<span class=\"wpcf7-form-control-wrap\" data-name=\"marketing\"><span class=\"wpcf7-form-control wpcf7-acceptance optional\"><span class=\"wpcf7-list-item\"><label><input type=\"checkbox\" name=\"marketing\" value=\"1\" aria-invalid=\"false\" \/><span class=\"wpcf7-list-item-label\">Je consens au traitement de mes donn\u00e9es pour recevoir des promotions et des offres sp\u00e9ciales, des informations sur des projets, des \u00e9v\u00e9nements et des services li\u00e9s au monde du voyage et de l'h\u00f4tellerie, promus par le Groupe Uvet.<\/span><\/label><\/span><\/span><\/span>\n\n<span class=\"wpcf7-form-control-wrap\" data-name=\"newsletter\"><span class=\"wpcf7-form-control wpcf7-acceptance optional\"><span class=\"wpcf7-list-item\"><label><input type=\"checkbox\" name=\"newsletter\" value=\"1\" aria-invalid=\"false\" \/><span class=\"wpcf7-list-item-label\">Je souhaite m'inscrire \u00e0 la newsletter du programme client d'Uvet Hotels pour recevoir des informations, des promotions et des offres sp\u00e9ciales concernant les propri\u00e9t\u00e9s et les initiatives de la marque Uvet Hotels.<\/span><\/label><\/span><\/span><\/span>\n\n<div class=\"wpcf7-form-control has-spinner wpcf7-submit\"><button class=\"butn-dark2\"><span>Envoyer<\/span><\/button><\/div><input type=\"hidden\" id=\"ct_checkjs_cf7_362e80d4df43b03ae6d3f8540cd63626\" name=\"ct_checkjs_cf7\" value=\"0\" \/><script >setTimeout(function(){var ct_input_name = \"ct_checkjs_cf7_362e80d4df43b03ae6d3f8540cd63626\";if (document.getElementById(ct_input_name) !== null) {var ct_input_value = document.getElementById(ct_input_name).value;document.getElementById(ct_input_name).value = document.getElementById(ct_input_name).value.replace(ct_input_value, '236109946');}}, 1000);<\/script><input\n                    class=\"apbct_special_field apbct_email_id__wp_contact_form_7\"\n                    name=\"apbct__email_id__wp_contact_form_7\"\n                    aria-label=\"apbct__label_id__wp_contact_form_7\"\n                    type=\"text\" size=\"30\" maxlength=\"200\" autocomplete=\"off\"\n                    value=\"\"\n                \/><p style=\"display: none !important;\" class=\"akismet-fields-container\" data-prefix=\"_wpcf7_ak_\"><label>&#916;<textarea name=\"_wpcf7_ak_hp_textarea\" cols=\"45\" rows=\"8\" maxlength=\"100\"><\/textarea><\/label><input type=\"hidden\" id=\"ak_js_1\" name=\"_wpcf7_ak_js\" value=\"32\"\/><script>document.getElementById( \"ak_js_1\" ).setAttribute( \"value\", ( new Date() ).getTime() );<\/script><\/p><div class=\"wpcf7-response-output\" aria-hidden=\"true\"><\/div>\n<input\n                    class=\"apbct_special_field apbct_email_id__elementor_form\"\n                    name=\"apbct__email_id__elementor_form\"\n                    aria-label=\"apbct__label_id__elementor_form\"\n                    type=\"text\" size=\"30\" maxlength=\"200\" autocomplete=\"off\"\n                    value=\"\"\n                \/><\/form>\n<\/div>\n\t\t\t<\/div>\t\t\t\t\t\n\t\t<\/div>\t\n\t\t\n        \t\t\t\t<\/div>\n\t\t\t\t<\/div>\n\t\t\t\t<\/div>\n\t\t\t\t<\/div>\n\t\t\t\t<div class=\"elementor-element elementor-element-175bdc2d elementor-widget elementor-widget-patara-title\" data-id=\"175bdc2d\" data-element_type=\"widget\" data-e-type=\"widget\" data-widget_type=\"patara-title.default\">\n\t\t\t\t<div class=\"elementor-widget-container\">\n\t\t\t\t\t\t\t\n\t\t\n\t\t\t\t\t\t\t\n\t\t\t<div class=\"section-title black text-left\">Comment nous joindre<\/div>\t\t\t\t\n\t\t\t<div class=\"section-text text-left black\"><p><p><strong>Service de transfert<\/strong><\/p><p>Un service de transfert est \u00e0 la disposition de nos clients. Veuillez contacter l'h\u00f4tel par t\u00e9l\u00e9phone pour obtenir plus d'informations et proc\u00e9der \u00e0 une r\u00e9servation.<\/p><p><strong>En voiture<\/strong><\/p><p>Autoroute du Brennero A22 jusqu\u2019au p\u00e9age de Bressanone, route nationale SS49 de la Val Pusteria jusqu\u2019\u00e0 S.Lorenzo, d\u00e9partementale SS 244 de la Val Badia, ALTA BADIA. Autoroute du Brennero A22 jusqu\u2019au p\u00e9age de Chiusa, nationale A242 de la Val Gardena, Passo Gardena, ALTA BADIA. Autoroute A27 jusqu\u2019\u00e0 la sortie de Belluno, nationale SS203 de l\u2019Agordino, Caprile, Arabba, Passo Campolongo, ALTA BADIA. Autoroute A27 jusqu\u2019au dernier p\u00e9age, ; nationale SS51 pour Cortina d\u2019Ampezzo, Passo Falzarego et Valparola, ALTA BADIA<\/p><p><strong>En train et en autobus<\/strong><\/p><p>Les gares \u00e0 partir desquelles on peut rejoindre le village sont : Brunico \u00e0 38 km , Bressanone \u00e0 70 km, Bolzano \u00e0 72 km (via Passo Gardena). Des gares de Bolzano et Brunico des autobus de ligne qui relient l\u2019ALTA BADIA partent plusieurs fois par jour. En hiver il n\u2019y a pas de service direct Bolzano \u2013 Corvara via Val Gardena, on conseille donc de choisir comme destination finale la gare de Brunico. Autobus de ligne : SAD \u2013 t\u00e9l. 800 846047<\/p><p><strong>Principales distances<\/strong><\/p><p>Les gares \u00e0 partir desquelles on peut rejoindre le village sont : Brunico \u00e0 38 km , Bressanone \u00e0 70 km, Bolzano \u00e0 72 km (via Passo Gardena). Des gares de Bolzano et Brunico des autobus de ligne qui relient l\u2019ALTA BADIA partent plusieurs fois par jour. En hiver il n\u2019y a pas de service direct Bolzano \u2013 Corvara via Val Gardena, on conseille donc de choisir comme destination finale la gare de Brunico. Autobus de ligne : SAD \u2013 t\u00e9l. 800 846047<\/p><\/p><\/div>\n        \n\t\t\t\n        \t\t\t\t<\/div>\n\t\t\t\t<\/div>\n\t\t\t\t\t<\/div>\n\t\t\t\t<\/div>\n\t\t\t\t\t<\/div>\n\t\t\t\t<\/div>\n\t\t<div class=\"elementor-element elementor-element-1b805570 e-con-full e-flex e-con e-parent\" data-id=\"1b805570\" data-element_type=\"container\" data-e-type=\"container\">\n\t\t\t\t<div class=\"elementor-element elementor-element-5007f6d elementor-widget elementor-widget-google_maps\" data-id=\"5007f6d\" data-element_type=\"widget\" data-e-type=\"widget\" data-widget_type=\"google_maps.default\">\n\t\t\t\t<div class=\"elementor-widget-container\">\n\t\t\t\t\t\t\t<div class=\"elementor-custom-embed\">\n\t\t\t<iframe loading=\"lazy\"\n\t\t\t\t\tsrc=\"https:\/\/maps.google.com\/maps?q=Strada%20Sassongher%2C%2034%2C%20Corvara%20in%20Badia%20%28BZ%29%2C%2039033%2C%20Italy&#038;t=m&#038;z=15&#038;output=embed&#038;iwloc=near\"\n\t\t\t\t\ttitle=\"Strada Sassongher, 34, Corvara in Badia (BZ), 39033, Italy\"\n\t\t\t\t\taria-label=\"Strada Sassongher, 34, Corvara in Badia (BZ), 39033, Italy\"\n\t\t\t><\/iframe>\n\t\t<\/div>\n\t\t\t\t\t\t<\/div>\n\t\t\t\t<\/div>\n\t\t\t\t<\/div>\n\t\t\t\t<\/div>\n\t\t","protected":false},"excerpt":{"rendered":"<p>Contactez-nous T\u00e9l\u00e9phone +39 0471 836030 Email reservation.miramonti@uvethotels.com Adresse Strada Sassongher, 34, Corvara in Badia (BZ), 39033, Italy Envoyer un message Je d\u00e9clare avoir pris connaissance de la politique de confidentialit\u00e9. Je consens au traitement de mes donn\u00e9es pour recevoir des promotions et des offres sp\u00e9ciales, des informations sur des projets, des \u00e9v\u00e9nements et des services li\u00e9s au monde du voyage<\/p>\n","protected":false},"author":1,"featured_media":0,"parent":0,"menu_order":0,"comment_status":"closed","ping_status":"closed","template":"","meta":{"_acf_changed":false,"footnotes":"","_links_to":"","_links_to_target":""},"class_list":["post-3505","page","type-page","status-publish","hentry"],"acf":[],"yoast_head":"<!-- This site is optimized with the Yoast SEO plugin v27.0 - https:\/\/yoast.com\/product\/yoast-seo-wordpress\/ -->\n<title>Contactez-nous - Hotel Miramonti Corvara<\/title>\n<meta name=\"description\" content=\"\u00c9crivez-nous un message pour obtenir des informations ou contactez-nous \u00e0 l&#039;adresse reservation.miramonti@uvethotels.com. Tel : +39 0471 836030\" \/>\n<meta name=\"robots\" content=\"index, follow, max-snippet:-1, max-image-preview:large, max-video-preview:-1\" \/>\n<link rel=\"canonical\" href=\"https:\/\/uvethotels.com\/miramontihotel\/fr\/contactez-nous\/\" \/>\n<meta property=\"og:locale\" content=\"it_IT\" \/>\n<meta property=\"og:type\" content=\"article\" \/>\n<meta property=\"og:title\" content=\"Contactez-nous - Hotel Miramonti Corvara\" \/>\n<meta property=\"og:description\" content=\"\u00c9crivez-nous un message pour obtenir des informations ou contactez-nous \u00e0 l&#039;adresse reservation.miramonti@uvethotels.com. Tel : +39 0471 836030\" \/>\n<meta property=\"og:url\" content=\"https:\/\/uvethotels.com\/miramontihotel\/fr\/contactez-nous\/\" \/>\n<meta property=\"og:site_name\" content=\"Hotel Miramonti - Uvet Hotels\" \/>\n<meta property=\"article:publisher\" content=\"https:\/\/www.facebook.com\/hotelmiramonticorvara\/\" \/>\n<meta property=\"article:modified_time\" content=\"2025-09-02T15:19:32+00:00\" \/>\n<meta name=\"twitter:card\" content=\"summary_large_image\" \/>\n<meta name=\"twitter:label1\" content=\"Tempo di lettura stimato\" \/>\n\t<meta name=\"twitter:data1\" content=\"2 minuti\" \/>\n<script type=\"application\/ld+json\" class=\"yoast-schema-graph\">{\"@context\":\"https:\/\/schema.org\",\"@graph\":[{\"@type\":\"WebPage\",\"@id\":\"https:\/\/uvethotels.com\/miramontihotel\/fr\/contactez-nous\/\",\"url\":\"https:\/\/uvethotels.com\/miramontihotel\/fr\/contactez-nous\/\",\"name\":\"Contactez-nous - Hotel Miramonti Corvara\",\"isPartOf\":{\"@id\":\"https:\/\/uvethotels.com\/miramontihotel\/#website\"},\"datePublished\":\"2024-11-21T13:19:40+00:00\",\"dateModified\":\"2025-09-02T15:19:32+00:00\",\"description\":\"\u00c9crivez-nous un message pour obtenir des informations ou contactez-nous \u00e0 l'adresse reservation.miramonti@uvethotels.com. Tel : +39 0471 836030\",\"breadcrumb\":{\"@id\":\"https:\/\/uvethotels.com\/miramontihotel\/fr\/contactez-nous\/#breadcrumb\"},\"inLanguage\":\"it-IT\",\"potentialAction\":[{\"@type\":\"ReadAction\",\"target\":[\"https:\/\/uvethotels.com\/miramontihotel\/fr\/contactez-nous\/\"]}]},{\"@type\":\"BreadcrumbList\",\"@id\":\"https:\/\/uvethotels.com\/miramontihotel\/fr\/contactez-nous\/#breadcrumb\",\"itemListElement\":[{\"@type\":\"ListItem\",\"position\":1,\"name\":\"Home\",\"item\":\"https:\/\/uvethotels.com\/miramontihotel\/\"},{\"@type\":\"ListItem\",\"position\":2,\"name\":\"Contactez-nous\"}]},{\"@type\":\"WebSite\",\"@id\":\"https:\/\/uvethotels.com\/miramontihotel\/#website\",\"url\":\"https:\/\/uvethotels.com\/miramontihotel\/\",\"name\":\"Hotel Miramonti - Uvet Hotels\",\"description\":\"\",\"publisher\":{\"@id\":\"https:\/\/uvethotels.com\/miramontihotel\/#organization\"},\"potentialAction\":[{\"@type\":\"SearchAction\",\"target\":{\"@type\":\"EntryPoint\",\"urlTemplate\":\"https:\/\/uvethotels.com\/miramontihotel\/?s={search_term_string}\"},\"query-input\":{\"@type\":\"PropertyValueSpecification\",\"valueRequired\":true,\"valueName\":\"search_term_string\"}}],\"inLanguage\":\"it-IT\"},{\"@type\":\"Organization\",\"@id\":\"https:\/\/uvethotels.com\/miramontihotel\/#organization\",\"name\":\"Hotel Miramonti - Uvet Hotels\",\"url\":\"https:\/\/uvethotels.com\/miramontihotel\/\",\"logo\":{\"@type\":\"ImageObject\",\"inLanguage\":\"it-IT\",\"@id\":\"https:\/\/uvethotels.com\/miramontihotel\/#\/schema\/logo\/image\/\",\"url\":\"https:\/\/uvethotels.com\/miramontihotel\/wp-content\/uploads\/sites\/10\/2025\/03\/UHC_logo_verticale_1200x1200.jpg\",\"contentUrl\":\"https:\/\/uvethotels.com\/miramontihotel\/wp-content\/uploads\/sites\/10\/2025\/03\/UHC_logo_verticale_1200x1200.jpg\",\"width\":1200,\"height\":1200,\"caption\":\"Hotel Miramonti - Uvet Hotels\"},\"image\":{\"@id\":\"https:\/\/uvethotels.com\/miramontihotel\/#\/schema\/logo\/image\/\"},\"sameAs\":[\"https:\/\/www.facebook.com\/hotelmiramonticorvara\/\",\"https:\/\/www.instagram.com\/hotel__miramonti\/\"]}]}<\/script>\n<!-- \/ Yoast SEO plugin. -->","yoast_head_json":{"title":"Contactez-nous - Hotel Miramonti Corvara","description":"\u00c9crivez-nous un message pour obtenir des informations ou contactez-nous \u00e0 l'adresse reservation.miramonti@uvethotels.com. Tel : +39 0471 836030","robots":{"index":"index","follow":"follow","max-snippet":"max-snippet:-1","max-image-preview":"max-image-preview:large","max-video-preview":"max-video-preview:-1"},"canonical":"https:\/\/uvethotels.com\/miramontihotel\/fr\/contactez-nous\/","og_locale":"it_IT","og_type":"article","og_title":"Contactez-nous - Hotel Miramonti Corvara","og_description":"\u00c9crivez-nous un message pour obtenir des informations ou contactez-nous \u00e0 l'adresse reservation.miramonti@uvethotels.com. Tel : +39 0471 836030","og_url":"https:\/\/uvethotels.com\/miramontihotel\/fr\/contactez-nous\/","og_site_name":"Hotel Miramonti - Uvet Hotels","article_publisher":"https:\/\/www.facebook.com\/hotelmiramonticorvara\/","article_modified_time":"2025-09-02T15:19:32+00:00","twitter_card":"summary_large_image","twitter_misc":{"Tempo di lettura stimato":"2 minuti"},"schema":{"@context":"https:\/\/schema.org","@graph":[{"@type":"WebPage","@id":"https:\/\/uvethotels.com\/miramontihotel\/fr\/contactez-nous\/","url":"https:\/\/uvethotels.com\/miramontihotel\/fr\/contactez-nous\/","name":"Contactez-nous - Hotel Miramonti Corvara","isPartOf":{"@id":"https:\/\/uvethotels.com\/miramontihotel\/#website"},"datePublished":"2024-11-21T13:19:40+00:00","dateModified":"2025-09-02T15:19:32+00:00","description":"\u00c9crivez-nous un message pour obtenir des informations ou contactez-nous \u00e0 l'adresse reservation.miramonti@uvethotels.com. Tel : +39 0471 836030","breadcrumb":{"@id":"https:\/\/uvethotels.com\/miramontihotel\/fr\/contactez-nous\/#breadcrumb"},"inLanguage":"it-IT","potentialAction":[{"@type":"ReadAction","target":["https:\/\/uvethotels.com\/miramontihotel\/fr\/contactez-nous\/"]}]},{"@type":"BreadcrumbList","@id":"https:\/\/uvethotels.com\/miramontihotel\/fr\/contactez-nous\/#breadcrumb","itemListElement":[{"@type":"ListItem","position":1,"name":"Home","item":"https:\/\/uvethotels.com\/miramontihotel\/"},{"@type":"ListItem","position":2,"name":"Contactez-nous"}]},{"@type":"WebSite","@id":"https:\/\/uvethotels.com\/miramontihotel\/#website","url":"https:\/\/uvethotels.com\/miramontihotel\/","name":"Hotel Miramonti - Uvet Hotels","description":"","publisher":{"@id":"https:\/\/uvethotels.com\/miramontihotel\/#organization"},"potentialAction":[{"@type":"SearchAction","target":{"@type":"EntryPoint","urlTemplate":"https:\/\/uvethotels.com\/miramontihotel\/?s={search_term_string}"},"query-input":{"@type":"PropertyValueSpecification","valueRequired":true,"valueName":"search_term_string"}}],"inLanguage":"it-IT"},{"@type":"Organization","@id":"https:\/\/uvethotels.com\/miramontihotel\/#organization","name":"Hotel Miramonti - Uvet Hotels","url":"https:\/\/uvethotels.com\/miramontihotel\/","logo":{"@type":"ImageObject","inLanguage":"it-IT","@id":"https:\/\/uvethotels.com\/miramontihotel\/#\/schema\/logo\/image\/","url":"https:\/\/uvethotels.com\/miramontihotel\/wp-content\/uploads\/sites\/10\/2025\/03\/UHC_logo_verticale_1200x1200.jpg","contentUrl":"https:\/\/uvethotels.com\/miramontihotel\/wp-content\/uploads\/sites\/10\/2025\/03\/UHC_logo_verticale_1200x1200.jpg","width":1200,"height":1200,"caption":"Hotel Miramonti - Uvet Hotels"},"image":{"@id":"https:\/\/uvethotels.com\/miramontihotel\/#\/schema\/logo\/image\/"},"sameAs":["https:\/\/www.facebook.com\/hotelmiramonticorvara\/","https:\/\/www.instagram.com\/hotel__miramonti\/"]}]}},"_links":{"self":[{"href":"https:\/\/uvethotels.com\/miramontihotel\/wp-json\/wp\/v2\/pages\/3505","targetHints":{"allow":["GET"]}}],"collection":[{"href":"https:\/\/uvethotels.com\/miramontihotel\/wp-json\/wp\/v2\/pages"}],"about":[{"href":"https:\/\/uvethotels.com\/miramontihotel\/wp-json\/wp\/v2\/types\/page"}],"author":[{"embeddable":true,"href":"https:\/\/uvethotels.com\/miramontihotel\/wp-json\/wp\/v2\/users\/1"}],"replies":[{"embeddable":true,"href":"https:\/\/uvethotels.com\/miramontihotel\/wp-json\/wp\/v2\/comments?post=3505"}],"version-history":[{"count":11,"href":"https:\/\/uvethotels.com\/miramontihotel\/wp-json\/wp\/v2\/pages\/3505\/revisions"}],"predecessor-version":[{"id":4344,"href":"https:\/\/uvethotels.com\/miramontihotel\/wp-json\/wp\/v2\/pages\/3505\/revisions\/4344"}],"wp:attachment":[{"href":"https:\/\/uvethotels.com\/miramontihotel\/wp-json\/wp\/v2\/media?parent=3505"}],"curies":[{"name":"wp","href":"https:\/\/api.w.org\/{rel}","templated":true}]}}