{"id":3573,"date":"2024-11-21T15:22:10","date_gmt":"2024-11-21T14:22:10","guid":{"rendered":"https:\/\/uvethc.com\/miramontihotel\/?page_id=3573"},"modified":"2025-05-27T15:50:56","modified_gmt":"2025-05-27T13:50:56","slug":"corvara-besuchen","status":"publish","type":"page","link":"https:\/\/uvethotels.com\/miramontihotel\/de\/corvara-besuchen\/","title":{"rendered":"Corvara"},"content":{"rendered":"\t\t<div data-elementor-type=\"wp-page\" data-elementor-id=\"3573\" class=\"elementor elementor-3573\" data-elementor-post-type=\"page\">\n\t\t\t\t<div class=\"elementor-element elementor-element-14e42542 e-con-full e-flex e-con e-parent\" data-id=\"14e42542\" data-element_type=\"container\" data-e-type=\"container\" data-settings=\"{&quot;background_background&quot;:&quot;classic&quot;}\">\n\t\t\t\t<div class=\"elementor-element elementor-element-226f2218 elementor-widget elementor-widget-patara-banner-image\" data-id=\"226f2218\" data-element_type=\"widget\" data-e-type=\"widget\" data-widget_type=\"patara-banner-image.default\">\n\t\t\t\t<div class=\"elementor-widget-container\">\n\t\t\t\t\t\t\t\n\t<!-- Header Banner -->\n\t<header class=\"header\">\n\n\t\t\t\t<div class=\"banner-header full-height valign bg-img bg-fixed text-center\" data-overlay-dark=\"4\" data-background=\"https:\/\/uvethotels.com\/wp-content\/uploads\/sites\/10\/2024\/11\/Hotel-Miramonti-Edit-e-resize-2.webp\">\n\t\t\t\t\t\t\t\t\t\t\t\t<div class=\"container\">\n\t\t\t\t\t<div class=\"row\">\n\t\t\t\t\t\t<div class=\"col-md-12 offset-0\">\n\t\t\t\t\t\t\t<div class=\"caption\">\n\n\t\t\t\t\t\t\t\t\t\t\t\t\t\t\t\t\n\t\t\t\t\t\t\t\t\n\t\t\t\t\t\t\t\t\t\t\t\t\t\t\t\t<h4 class=\"pt-slider-title1-class\">Wiege des tourismus im S\u00fcdtirol<\/h4>\n\t\t\t\t\t\t\t\t\t\t\t\t\t\t\t\t\t\t\t\t\t\t\t\t<h1 class=\"pt-slider-title2-class\">Corvara<\/h1>\n\t\t\t\t\t\t\t\t\t\t\t\t\t\t\t\t\t\t\t\t\t\t\t<\/div>\t\t\t\t\t\t\n\t\t\t\t\t\t<\/div>\t\t\t\t\t\t\n\t\t\t\t\t<\/div>\n\t\t\t\t<\/div>\n\t\t\t\t\t\t\t\t<!-- button scroll -->\n\t\t\t\t<a href=\"#about\" data-scroll-nav=\"1\" class=\"mouse smoothscroll\">\n\t\t\t\t\t<span class=\"mouse-icon\">\n\t\t\t\t\t\t<span class=\"mouse-wheel\"><\/span>\n\t\t\t\t\t<\/span>\n\t\t\t\t<\/a>\t\n\t\t\t\t\t\t\t\t\t\n\t\t\t\t\t\t\n        <\/div>\t\t\t\n\t<\/header>\t\t\n\t\t\t\n    \t\t\t\t<\/div>\n\t\t\t\t<\/div>\n\t\t\t\t<\/div>\n\t\t<div class=\"elementor-element elementor-element-d67a3d1 e-flex e-con-boxed e-con e-parent\" data-id=\"d67a3d1\" data-element_type=\"container\" data-e-type=\"container\" id=\"about\" data-settings=\"{&quot;background_background&quot;:&quot;classic&quot;}\">\n\t\t\t\t\t<div class=\"e-con-inner\">\n\t\t<div class=\"elementor-element elementor-element-182e28ef e-flex e-con-boxed e-con e-child\" data-id=\"182e28ef\" data-element_type=\"container\" data-e-type=\"container\">\n\t\t\t\t\t<div class=\"e-con-inner\">\n\t\t<div class=\"elementor-element elementor-element-413f2e32 e-con-full e-flex e-con e-child\" data-id=\"413f2e32\" data-element_type=\"container\" data-e-type=\"container\">\n\t\t\t\t<div class=\"elementor-element elementor-element-24412d44 elementor-widget elementor-widget-patara-title\" data-id=\"24412d44\" data-element_type=\"widget\" data-e-type=\"widget\" data-widget_type=\"patara-title.default\">\n\t\t\t\t<div class=\"elementor-widget-container\">\n\t\t\t\t\t\t\t\n\t\t\n\t\t\t\t\t\t\t\n\t\t\t<div class=\"section-title black text-left\">Wiege des tourismus im S\u00fcdtirol\n<\/div>\t\t\t\t\n\t\t\t\n        \n\t\t\t\n        \t\t\t\t<\/div>\n\t\t\t\t<\/div>\n\t\t\t\t<div class=\"elementor-element elementor-element-fd9c975 elementor-widget-divider--view-line elementor-widget elementor-widget-divider\" data-id=\"fd9c975\" data-element_type=\"widget\" data-e-type=\"widget\" data-widget_type=\"divider.default\">\n\t\t\t\t<div class=\"elementor-widget-container\">\n\t\t\t\t\t\t\t<div class=\"elementor-divider\">\n\t\t\t<span class=\"elementor-divider-separator\">\n\t\t\t\t\t\t<\/span>\n\t\t<\/div>\n\t\t\t\t\t\t<\/div>\n\t\t\t\t<\/div>\n\t\t\t\t<div class=\"elementor-element elementor-element-1de12747 elementor-widget elementor-widget-patara-text\" data-id=\"1de12747\" data-element_type=\"widget\" data-e-type=\"widget\" data-widget_type=\"patara-text.default\">\n\t\t\t\t<div class=\"elementor-widget-container\">\n\t\t\t\t\t\t\t\n\t\t<div class=\"section-text text-left black\"><p>Corvara, wiege des tourismus im S\u00fcdtirol,\u00a0<strong>liegt 1.568 m<\/strong>. \u00fcber dem meeresniveau, in einer der besten lagen auf der welt zum skifahren, am fu\u00dfe der \u00fcberragenden\u00a0<strong>Sella-Gruppe<\/strong>. Wir befinden uns in der<strong>\u00a0Alta Badia<\/strong>, einem ladinischen tal, das im winter ber\u00fchmt ist wegen seiner tollen skipisten, und im sommer wegen der kilometer wanderwege, die zum teil mit aufzugseinrichtungen ausgestattetet sind.<\/p><p>Ein schauspiel der landschaft, das einzigartig ist in seiner sch\u00f6nheit und erhabenheit. Die felsen und die m\u00e4chtigen abh\u00e4nge nehmen zauberhafte farbt\u00f6ne an, vom rot zum gelb, und fangen die lichtreflexe ein je nach der tageszeit. Die profils dieser bergspitzen finden ihr gleiches im ganzen alpenbereich nicht.<\/p><\/div>\n\t\t\n\t\t\t\n        \t\t\t\t<\/div>\n\t\t\t\t<\/div>\n\t\t\t\t<\/div>\n\t\t<div class=\"elementor-element elementor-element-3e9de937 e-con-full e-flex e-con e-child\" data-id=\"3e9de937\" data-element_type=\"container\" data-e-type=\"container\">\n\t\t\t\t<div class=\"elementor-element elementor-element-fd8d08f elementor-widget elementor-widget-patara-image\" data-id=\"fd8d08f\" data-element_type=\"widget\" data-e-type=\"widget\" data-widget_type=\"patara-image.default\">\n\t\t\t\t<div class=\"elementor-widget-container\">\n\t\t\t\t\t\t\t\n\t\t\t\t    \t\t\t<div class=\"sec-img\">\n\t\t\t\t<div class=\"row g-3\">\n\t\t\t\t\t<div class=\"col-6 text-end\"> <img decoding=\"async\" class=\"img-fluid rounded w-75 wow zoomIn\" data-wow-delay=\"0.1s\" src=\"https:\/\/uvethotels.com\/wp-content\/uploads\/sites\/10\/2024\/11\/Hotel-Miramonti-Edit-e-resize-3-e1731424746170.webp\" alt=\"\" style=\"margin-top: 25%;\"> <\/div>\n\t\t\t\t\t\t\t\t\t\t<div class=\"col-6 text-start\"> <img decoding=\"async\" class=\"img-fluid rounded w-100 wow zoomIn\" data-wow-delay=\"0.3s\" src=\"https:\/\/uvethotels.com\/wp-content\/uploads\/sites\/10\/2024\/11\/Hotel-Miramonti-Edit-e-resize-5-e1731424960440.webp\" alt=\"\"> <\/div>\n\t\t\t\t\t\t\n\t\t\t\t\t\t\t\t\t\t<div class=\"col-6 text-end\"> <img decoding=\"async\" class=\"img-fluid rounded w-50 wow zoomIn\" data-wow-delay=\"0.5s\" src=\"https:\/\/uvethotels.com\/wp-content\/uploads\/sites\/10\/2024\/11\/Hotel-Miramonti-Edit-e-resize-4-e1731425028824.webp\" alt=\"\"> <\/div>\n\t\t\t\t\t\t\n\t\t\t\t\t\t\t\t\t\t<div class=\"col-6 text-start\"> <img decoding=\"async\" class=\"img-fluid rounded w-75 wow zoomIn\" data-wow-delay=\"0.7s\" src=\"https:\/\/uvethotels.com\/wp-content\/uploads\/sites\/10\/2024\/11\/Hotel-Miramonti-Edit-e-resize-6-e1731425177336.jpg\" alt=\"\"> <\/div>\n\t\t\t\t\t\t\n\t\t\t\t<\/div>\t\t\t\n\t\t\t\t\n\t\t<\/div>\n\t\t\t\t\t\n\t\t\n\t\t\t\n        \t\t\t\t<\/div>\n\t\t\t\t<\/div>\n\t\t\t\t<\/div>\n\t\t\t\t\t<\/div>\n\t\t\t\t<\/div>\n\t\t\t\t\t<\/div>\n\t\t\t\t<\/div>\n\t\t<div class=\"elementor-element elementor-element-2d64454c e-flex e-con-boxed e-con e-parent\" data-id=\"2d64454c\" data-element_type=\"container\" data-e-type=\"container\" data-settings=\"{&quot;background_background&quot;:&quot;classic&quot;}\">\n\t\t\t\t\t<div class=\"e-con-inner\">\n\t\t\t\t<div class=\"elementor-element elementor-element-23732666 elementor-widget elementor-widget-patara-title\" data-id=\"23732666\" data-element_type=\"widget\" data-e-type=\"widget\" data-widget_type=\"patara-title.default\">\n\t\t\t\t<div class=\"elementor-widget-container\">\n\t\t\t\t\t\t\t\n\t\t\n\t\t\t<div class=\"section-subtitle white text-center\">Hotel<\/div>\t\t\t\t\n\t\t\t<div class=\"section-title white text-center\">Miramonti<\/div>\t\t\t\t\n\t\t\t\n        \n\t\t\t\n        \t\t\t\t<\/div>\n\t\t\t\t<\/div>\n\t\t\t\t\t<\/div>\n\t\t\t\t<\/div>\n\t\t<div class=\"elementor-element elementor-element-96d690a e-flex e-con-boxed e-con e-parent\" data-id=\"96d690a\" data-element_type=\"container\" data-e-type=\"container\" data-settings=\"{&quot;background_background&quot;:&quot;classic&quot;}\">\n\t\t\t\t\t<div class=\"e-con-inner\">\n\t\t<div class=\"elementor-element elementor-element-1d86d02 e-flex e-con-boxed e-con e-child\" data-id=\"1d86d02\" data-element_type=\"container\" data-e-type=\"container\">\n\t\t\t\t\t<div class=\"e-con-inner\">\n\t\t<div class=\"elementor-element elementor-element-e054c8d e-con-full e-flex e-con e-child\" data-id=\"e054c8d\" data-element_type=\"container\" data-e-type=\"container\">\n\t\t\t\t<div class=\"elementor-element elementor-element-b321ba9 elementor-widget elementor-widget-patara-title\" data-id=\"b321ba9\" data-element_type=\"widget\" data-e-type=\"widget\" data-widget_type=\"patara-title.default\">\n\t\t\t\t<div class=\"elementor-widget-container\">\n\t\t\t\t\t\t\t\n\t\t\n\t\t\t\t\t\t\t\n\t\t\t<div class=\"section-title black text-left\">Ein schauspiel der landschaft\n<\/div>\t\t\t\t\n\t\t\t\n        \n\t\t\t\n        \t\t\t\t<\/div>\n\t\t\t\t<\/div>\n\t\t\t\t<div class=\"elementor-element elementor-element-f12e49d elementor-widget-divider--view-line elementor-widget elementor-widget-divider\" data-id=\"f12e49d\" data-element_type=\"widget\" data-e-type=\"widget\" data-widget_type=\"divider.default\">\n\t\t\t\t<div class=\"elementor-widget-container\">\n\t\t\t\t\t\t\t<div class=\"elementor-divider\">\n\t\t\t<span class=\"elementor-divider-separator\">\n\t\t\t\t\t\t<\/span>\n\t\t<\/div>\n\t\t\t\t\t\t<\/div>\n\t\t\t\t<\/div>\n\t\t\t\t<div class=\"elementor-element elementor-element-0036caa elementor-widget elementor-widget-patara-text\" data-id=\"0036caa\" data-element_type=\"widget\" data-e-type=\"widget\" data-widget_type=\"patara-text.default\">\n\t\t\t\t<div class=\"elementor-widget-container\">\n\t\t\t\t\t\t\t\n\t\t<div class=\"section-text text-left black\"><p>Die liebhaber der Ferien in den bergen machen jedes jahr eine art rituelle pilgerreise, um nach Corvara zu gelangen. Hierher kommt man haupts\u00e4chlich des\u00a0<strong>sportes<\/strong>\u00a0wegen, sowohl des\u00a0<strong>Winter<\/strong>, als auch des\u00a0<strong>sommersportes<\/strong>, von dem f\u00fcr die freizeitsportler zu dem anspruchsvolleren f\u00fcr profis.<\/p><p>Aber die ortschaft bietet auch alternativen im zusammenhang mit freizeit und relax. Ihre\u00a0<strong>gastronomie<\/strong>\u00a0und ihre kultur des\u00a0<strong>Wellness<\/strong>, ihre\u00a0<strong>konditoreien<\/strong>, ihre\u00a0<strong>nachtlokale<\/strong>\u00a0und die zahlreichen modegesch\u00e4fte bieten vergn\u00fcgungen und vielf\u00e4ltigkeit, ohne da\u03b2 sie die ruhe und den reiz des kleinen alpenst\u00e4dtchens st\u00f6ren.<\/p><\/div>\n\t\t\n\t\t\t\n        \t\t\t\t<\/div>\n\t\t\t\t<\/div>\n\t\t\t\t<\/div>\n\t\t<div class=\"elementor-element elementor-element-3ad8911 e-con-full e-flex e-con e-child\" data-id=\"3ad8911\" data-element_type=\"container\" data-e-type=\"container\">\n\t\t\t\t<div class=\"elementor-element elementor-element-30060e1 elementor-widget elementor-widget-patara-image\" data-id=\"30060e1\" data-element_type=\"widget\" data-e-type=\"widget\" data-widget_type=\"patara-image.default\">\n\t\t\t\t<div class=\"elementor-widget-container\">\n\t\t\t\t\t\t\t\n\t\t\t\t\n\n\t\t\t<div class=\"sec-img\">\n\t\t\t\t\t\t\t\t\t\n\t\t\t\t <img decoding=\"async\" src=\"https:\/\/uvethotels.com\/wp-content\/uploads\/sites\/10\/2024\/11\/Hotel-Miramonti-Edit-e-resize-8-e1731425483655.jpg\" class=\"img-fluid\" alt=\"\"> \n\t\t\t\t\t\n\t\t\t<\/div>\t\t\t\t\t\n\n\t    \t\t\t\n\t\t\n\t\t\t\n        \t\t\t\t<\/div>\n\t\t\t\t<\/div>\n\t\t\t\t<\/div>\n\t\t\t\t\t<\/div>\n\t\t\t\t<\/div>\n\t\t\t\t\t<\/div>\n\t\t\t\t<\/div>\n\t\t<div class=\"elementor-element elementor-element-edf86fe e-flex e-con-boxed e-con e-parent\" data-id=\"edf86fe\" data-element_type=\"container\" data-e-type=\"container\" data-settings=\"{&quot;background_background&quot;:&quot;classic&quot;}\">\n\t\t\t\t\t<div class=\"e-con-inner\">\n\t\t\t\t<div class=\"elementor-element elementor-element-41ee55d elementor-align-center prenota elementor-widget elementor-widget-button\" data-id=\"41ee55d\" data-element_type=\"widget\" data-e-type=\"widget\" data-widget_type=\"button.default\">\n\t\t\t\t<div class=\"elementor-widget-container\">\n\t\t\t\t\t\t\t\t\t<div class=\"elementor-button-wrapper\">\n\t\t\t\t\t<a class=\"elementor-button elementor-button-link elementor-size-sm elementor-animation-sink\" href=\"https:\/\/reservations.verticalbooking.com\/premium\/index.html?id_albergo=28385&#038;dc=1405&#038;id_stile=21243&#038;lingua_int=deu\">\n\t\t\t\t\t\t<span class=\"elementor-button-content-wrapper\">\n\t\t\t\t\t\t\t\t\t<span class=\"elementor-button-text\">JETZT BUCHEN<\/span>\n\t\t\t\t\t<\/span>\n\t\t\t\t\t<\/a>\n\t\t\t\t<\/div>\n\t\t\t\t\t\t\t\t<\/div>\n\t\t\t\t<\/div>\n\t\t\t\t\t<\/div>\n\t\t\t\t<\/div>\n\t\t\t\t<\/div>\n\t\t","protected":false},"excerpt":{"rendered":"<p>Wiege des tourismus im S\u00fcdtirol Corvara Wiege des tourismus im S\u00fcdtirol Corvara, wiege des tourismus im S\u00fcdtirol,\u00a0liegt 1.568 m. \u00fcber dem meeresniveau, in einer der besten lagen auf der welt zum skifahren, am fu\u00dfe der \u00fcberragenden\u00a0Sella-Gruppe. Wir befinden uns in der\u00a0Alta Badia, einem ladinischen tal, das im winter ber\u00fchmt ist wegen seiner tollen skipisten, und im sommer wegen der kilometer<\/p>\n","protected":false},"author":1,"featured_media":0,"parent":0,"menu_order":0,"comment_status":"closed","ping_status":"closed","template":"","meta":{"_acf_changed":false,"footnotes":"","_links_to":"","_links_to_target":""},"class_list":["post-3573","page","type-page","status-publish","hentry"],"acf":[],"yoast_head":"<!-- This site is optimized with the Yoast SEO plugin v27.5 - https:\/\/yoast.com\/product\/yoast-seo-wordpress\/ -->\n<title>Kurfar - S\u00fcdtirol - Hotel Miramonti Corvara<\/title>\n<meta name=\"description\" content=\"Kurfar, wiege des tourismus im S\u00fcdtirol, liegt 1.568 m. \u00fcber dem meeresniveau, in einer der besten lagen auf der welt zum skifahren, am fu\u00dfe der \u00fcberragenden Sella-Gruppe.\" \/>\n<meta name=\"robots\" content=\"index, follow, max-snippet:-1, max-image-preview:large, max-video-preview:-1\" \/>\n<link rel=\"canonical\" href=\"https:\/\/uvethotels.com\/miramontihotel\/de\/corvara-besuchen\/\" \/>\n<meta property=\"og:locale\" content=\"it_IT\" \/>\n<meta property=\"og:type\" content=\"article\" \/>\n<meta property=\"og:title\" content=\"Kurfar - S\u00fcdtirol - Hotel Miramonti Corvara\" \/>\n<meta property=\"og:description\" content=\"Kurfar, wiege des tourismus im S\u00fcdtirol, liegt 1.568 m. \u00fcber dem meeresniveau, in einer der besten lagen auf der welt zum skifahren, am fu\u00dfe der \u00fcberragenden Sella-Gruppe.\" \/>\n<meta property=\"og:url\" content=\"https:\/\/uvethotels.com\/miramontihotel\/de\/corvara-besuchen\/\" \/>\n<meta property=\"og:site_name\" content=\"Hotel Miramonti - Uvet Hotels\" \/>\n<meta property=\"article:publisher\" content=\"https:\/\/www.facebook.com\/hotelmiramonticorvara\/\" \/>\n<meta property=\"article:modified_time\" content=\"2025-05-27T13:50:56+00:00\" \/>\n<meta property=\"og:image\" content=\"https:\/\/uvethotels.com\/wp-content\/uploads\/sites\/10\/2024\/11\/Hotel-Miramonti-Edit-e-resize-3-e1731424746170.webp\" \/>\n<meta name=\"twitter:card\" content=\"summary_large_image\" \/>\n<meta name=\"twitter:label1\" content=\"Tempo di lettura stimato\" \/>\n\t<meta name=\"twitter:data1\" content=\"3 minuti\" \/>\n<script type=\"application\/ld+json\" class=\"yoast-schema-graph\">{\"@context\":\"https:\\\/\\\/schema.org\",\"@graph\":[{\"@type\":\"WebPage\",\"@id\":\"https:\\\/\\\/uvethotels.com\\\/miramontihotel\\\/de\\\/corvara-besuchen\\\/\",\"url\":\"https:\\\/\\\/uvethotels.com\\\/miramontihotel\\\/de\\\/corvara-besuchen\\\/\",\"name\":\"Kurfar - S\u00fcdtirol - Hotel Miramonti Corvara\",\"isPartOf\":{\"@id\":\"https:\\\/\\\/uvethotels.com\\\/miramontihotel\\\/#website\"},\"primaryImageOfPage\":{\"@id\":\"https:\\\/\\\/uvethotels.com\\\/miramontihotel\\\/de\\\/corvara-besuchen\\\/#primaryimage\"},\"image\":{\"@id\":\"https:\\\/\\\/uvethotels.com\\\/miramontihotel\\\/de\\\/corvara-besuchen\\\/#primaryimage\"},\"thumbnailUrl\":\"https:\\\/\\\/uvethotels.com\\\/wp-content\\\/uploads\\\/sites\\\/10\\\/2024\\\/11\\\/Hotel-Miramonti-Edit-e-resize-3-e1731424746170.webp\",\"datePublished\":\"2024-11-21T14:22:10+00:00\",\"dateModified\":\"2025-05-27T13:50:56+00:00\",\"description\":\"Kurfar, wiege des tourismus im S\u00fcdtirol, liegt 1.568 m. \u00fcber dem meeresniveau, in einer der besten lagen auf der welt zum skifahren, am fu\u00dfe der \u00fcberragenden Sella-Gruppe.\",\"breadcrumb\":{\"@id\":\"https:\\\/\\\/uvethotels.com\\\/miramontihotel\\\/de\\\/corvara-besuchen\\\/#breadcrumb\"},\"inLanguage\":\"it-IT\",\"potentialAction\":[{\"@type\":\"ReadAction\",\"target\":[\"https:\\\/\\\/uvethotels.com\\\/miramontihotel\\\/de\\\/corvara-besuchen\\\/\"]}]},{\"@type\":\"ImageObject\",\"inLanguage\":\"it-IT\",\"@id\":\"https:\\\/\\\/uvethotels.com\\\/miramontihotel\\\/de\\\/corvara-besuchen\\\/#primaryimage\",\"url\":\"https:\\\/\\\/uvethotels.com\\\/wp-content\\\/uploads\\\/sites\\\/10\\\/2024\\\/11\\\/Hotel-Miramonti-Edit-e-resize-3-e1731424746170.webp\",\"contentUrl\":\"https:\\\/\\\/uvethotels.com\\\/wp-content\\\/uploads\\\/sites\\\/10\\\/2024\\\/11\\\/Hotel-Miramonti-Edit-e-resize-3-e1731424746170.webp\"},{\"@type\":\"BreadcrumbList\",\"@id\":\"https:\\\/\\\/uvethotels.com\\\/miramontihotel\\\/de\\\/corvara-besuchen\\\/#breadcrumb\",\"itemListElement\":[{\"@type\":\"ListItem\",\"position\":1,\"name\":\"Home\",\"item\":\"https:\\\/\\\/uvethotels.com\\\/miramontihotel\\\/\"},{\"@type\":\"ListItem\",\"position\":2,\"name\":\"Corvara\"}]},{\"@type\":\"WebSite\",\"@id\":\"https:\\\/\\\/uvethotels.com\\\/miramontihotel\\\/#website\",\"url\":\"https:\\\/\\\/uvethotels.com\\\/miramontihotel\\\/\",\"name\":\"Hotel Miramonti - Uvet Hotels\",\"description\":\"\",\"publisher\":{\"@id\":\"https:\\\/\\\/uvethotels.com\\\/miramontihotel\\\/#organization\"},\"potentialAction\":[{\"@type\":\"SearchAction\",\"target\":{\"@type\":\"EntryPoint\",\"urlTemplate\":\"https:\\\/\\\/uvethotels.com\\\/miramontihotel\\\/?s={search_term_string}\"},\"query-input\":{\"@type\":\"PropertyValueSpecification\",\"valueRequired\":true,\"valueName\":\"search_term_string\"}}],\"inLanguage\":\"it-IT\"},{\"@type\":\"Organization\",\"@id\":\"https:\\\/\\\/uvethotels.com\\\/miramontihotel\\\/#organization\",\"name\":\"Hotel Miramonti - Uvet Hotels\",\"url\":\"https:\\\/\\\/uvethotels.com\\\/miramontihotel\\\/\",\"logo\":{\"@type\":\"ImageObject\",\"inLanguage\":\"it-IT\",\"@id\":\"https:\\\/\\\/uvethotels.com\\\/miramontihotel\\\/#\\\/schema\\\/logo\\\/image\\\/\",\"url\":\"https:\\\/\\\/uvethotels.com\\\/miramontihotel\\\/wp-content\\\/uploads\\\/sites\\\/10\\\/2025\\\/03\\\/UHC_logo_verticale_1200x1200.jpg\",\"contentUrl\":\"https:\\\/\\\/uvethotels.com\\\/miramontihotel\\\/wp-content\\\/uploads\\\/sites\\\/10\\\/2025\\\/03\\\/UHC_logo_verticale_1200x1200.jpg\",\"width\":1200,\"height\":1200,\"caption\":\"Hotel Miramonti - Uvet Hotels\"},\"image\":{\"@id\":\"https:\\\/\\\/uvethotels.com\\\/miramontihotel\\\/#\\\/schema\\\/logo\\\/image\\\/\"},\"sameAs\":[\"https:\\\/\\\/www.facebook.com\\\/hotelmiramonticorvara\\\/\",\"https:\\\/\\\/www.instagram.com\\\/hotel__miramonti\\\/\"]}]}<\/script>\n<!-- \/ Yoast SEO plugin. -->","yoast_head_json":{"title":"Kurfar - S\u00fcdtirol - Hotel Miramonti Corvara","description":"Kurfar, wiege des tourismus im S\u00fcdtirol, liegt 1.568 m. \u00fcber dem meeresniveau, in einer der besten lagen auf der welt zum skifahren, am fu\u00dfe der \u00fcberragenden Sella-Gruppe.","robots":{"index":"index","follow":"follow","max-snippet":"max-snippet:-1","max-image-preview":"max-image-preview:large","max-video-preview":"max-video-preview:-1"},"canonical":"https:\/\/uvethotels.com\/miramontihotel\/de\/corvara-besuchen\/","og_locale":"it_IT","og_type":"article","og_title":"Kurfar - S\u00fcdtirol - Hotel Miramonti Corvara","og_description":"Kurfar, wiege des tourismus im S\u00fcdtirol, liegt 1.568 m. \u00fcber dem meeresniveau, in einer der besten lagen auf der welt zum skifahren, am fu\u00dfe der \u00fcberragenden Sella-Gruppe.","og_url":"https:\/\/uvethotels.com\/miramontihotel\/de\/corvara-besuchen\/","og_site_name":"Hotel Miramonti - Uvet Hotels","article_publisher":"https:\/\/www.facebook.com\/hotelmiramonticorvara\/","article_modified_time":"2025-05-27T13:50:56+00:00","og_image":[{"url":"https:\/\/uvethotels.com\/wp-content\/uploads\/sites\/10\/2024\/11\/Hotel-Miramonti-Edit-e-resize-3-e1731424746170.webp","type":"","width":"","height":""}],"twitter_card":"summary_large_image","twitter_misc":{"Tempo di lettura stimato":"3 minuti"},"schema":{"@context":"https:\/\/schema.org","@graph":[{"@type":"WebPage","@id":"https:\/\/uvethotels.com\/miramontihotel\/de\/corvara-besuchen\/","url":"https:\/\/uvethotels.com\/miramontihotel\/de\/corvara-besuchen\/","name":"Kurfar - S\u00fcdtirol - Hotel Miramonti Corvara","isPartOf":{"@id":"https:\/\/uvethotels.com\/miramontihotel\/#website"},"primaryImageOfPage":{"@id":"https:\/\/uvethotels.com\/miramontihotel\/de\/corvara-besuchen\/#primaryimage"},"image":{"@id":"https:\/\/uvethotels.com\/miramontihotel\/de\/corvara-besuchen\/#primaryimage"},"thumbnailUrl":"https:\/\/uvethotels.com\/wp-content\/uploads\/sites\/10\/2024\/11\/Hotel-Miramonti-Edit-e-resize-3-e1731424746170.webp","datePublished":"2024-11-21T14:22:10+00:00","dateModified":"2025-05-27T13:50:56+00:00","description":"Kurfar, wiege des tourismus im S\u00fcdtirol, liegt 1.568 m. \u00fcber dem meeresniveau, in einer der besten lagen auf der welt zum skifahren, am fu\u00dfe der \u00fcberragenden Sella-Gruppe.","breadcrumb":{"@id":"https:\/\/uvethotels.com\/miramontihotel\/de\/corvara-besuchen\/#breadcrumb"},"inLanguage":"it-IT","potentialAction":[{"@type":"ReadAction","target":["https:\/\/uvethotels.com\/miramontihotel\/de\/corvara-besuchen\/"]}]},{"@type":"ImageObject","inLanguage":"it-IT","@id":"https:\/\/uvethotels.com\/miramontihotel\/de\/corvara-besuchen\/#primaryimage","url":"https:\/\/uvethotels.com\/wp-content\/uploads\/sites\/10\/2024\/11\/Hotel-Miramonti-Edit-e-resize-3-e1731424746170.webp","contentUrl":"https:\/\/uvethotels.com\/wp-content\/uploads\/sites\/10\/2024\/11\/Hotel-Miramonti-Edit-e-resize-3-e1731424746170.webp"},{"@type":"BreadcrumbList","@id":"https:\/\/uvethotels.com\/miramontihotel\/de\/corvara-besuchen\/#breadcrumb","itemListElement":[{"@type":"ListItem","position":1,"name":"Home","item":"https:\/\/uvethotels.com\/miramontihotel\/"},{"@type":"ListItem","position":2,"name":"Corvara"}]},{"@type":"WebSite","@id":"https:\/\/uvethotels.com\/miramontihotel\/#website","url":"https:\/\/uvethotels.com\/miramontihotel\/","name":"Hotel Miramonti - Uvet Hotels","description":"","publisher":{"@id":"https:\/\/uvethotels.com\/miramontihotel\/#organization"},"potentialAction":[{"@type":"SearchAction","target":{"@type":"EntryPoint","urlTemplate":"https:\/\/uvethotels.com\/miramontihotel\/?s={search_term_string}"},"query-input":{"@type":"PropertyValueSpecification","valueRequired":true,"valueName":"search_term_string"}}],"inLanguage":"it-IT"},{"@type":"Organization","@id":"https:\/\/uvethotels.com\/miramontihotel\/#organization","name":"Hotel Miramonti - Uvet Hotels","url":"https:\/\/uvethotels.com\/miramontihotel\/","logo":{"@type":"ImageObject","inLanguage":"it-IT","@id":"https:\/\/uvethotels.com\/miramontihotel\/#\/schema\/logo\/image\/","url":"https:\/\/uvethotels.com\/miramontihotel\/wp-content\/uploads\/sites\/10\/2025\/03\/UHC_logo_verticale_1200x1200.jpg","contentUrl":"https:\/\/uvethotels.com\/miramontihotel\/wp-content\/uploads\/sites\/10\/2025\/03\/UHC_logo_verticale_1200x1200.jpg","width":1200,"height":1200,"caption":"Hotel Miramonti - Uvet Hotels"},"image":{"@id":"https:\/\/uvethotels.com\/miramontihotel\/#\/schema\/logo\/image\/"},"sameAs":["https:\/\/www.facebook.com\/hotelmiramonticorvara\/","https:\/\/www.instagram.com\/hotel__miramonti\/"]}]}},"_links":{"self":[{"href":"https:\/\/uvethotels.com\/miramontihotel\/wp-json\/wp\/v2\/pages\/3573","targetHints":{"allow":["GET"]}}],"collection":[{"href":"https:\/\/uvethotels.com\/miramontihotel\/wp-json\/wp\/v2\/pages"}],"about":[{"href":"https:\/\/uvethotels.com\/miramontihotel\/wp-json\/wp\/v2\/types\/page"}],"author":[{"embeddable":true,"href":"https:\/\/uvethotels.com\/miramontihotel\/wp-json\/wp\/v2\/users\/1"}],"replies":[{"embeddable":true,"href":"https:\/\/uvethotels.com\/miramontihotel\/wp-json\/wp\/v2\/comments?post=3573"}],"version-history":[{"count":5,"href":"https:\/\/uvethotels.com\/miramontihotel\/wp-json\/wp\/v2\/pages\/3573\/revisions"}],"predecessor-version":[{"id":3887,"href":"https:\/\/uvethotels.com\/miramontihotel\/wp-json\/wp\/v2\/pages\/3573\/revisions\/3887"}],"wp:attachment":[{"href":"https:\/\/uvethotels.com\/miramontihotel\/wp-json\/wp\/v2\/media?parent=3573"}],"curies":[{"name":"wp","href":"https:\/\/api.w.org\/{rel}","templated":true}]}}