{"id":3583,"date":"2024-11-21T15:46:47","date_gmt":"2024-11-21T14:46:47","guid":{"rendered":"https:\/\/uvethc.com\/miramontihotel\/?page_id=3583"},"modified":"2025-06-19T16:46:55","modified_gmt":"2025-06-19T14:46:55","slug":"dienstleistungen","status":"publish","type":"page","link":"https:\/\/uvethotels.com\/miramontihotel\/de\/dienstleistungen\/","title":{"rendered":"Dienstleistungen"},"content":{"rendered":"\t\t<div data-elementor-type=\"wp-page\" data-elementor-id=\"3583\" class=\"elementor elementor-3583\" data-elementor-post-type=\"page\">\n\t\t\t\t<div class=\"elementor-element elementor-element-61ab61ed e-con-full e-flex e-con e-parent\" data-id=\"61ab61ed\" data-element_type=\"container\" data-e-type=\"container\" data-settings=\"{&quot;background_background&quot;:&quot;classic&quot;}\">\n\t\t\t\t<div class=\"elementor-element elementor-element-51effc66 elementor-widget elementor-widget-patara-banner-image\" data-id=\"51effc66\" data-element_type=\"widget\" data-e-type=\"widget\" data-widget_type=\"patara-banner-image.default\">\n\t\t\t\t<div class=\"elementor-widget-container\">\n\t\t\t\t\t\t\t\n\t<!-- Header Banner -->\n\t<header class=\"header\">\n\n\t\t\t\t<div class=\"banner-header full-height valign bg-img bg-fixed text-center\" data-overlay-dark=\"5\" data-background=\"https:\/\/uvethotels.com\/wp-content\/uploads\/sites\/10\/2024\/11\/sala-lettura-2-scaled.jpg\">\n\t\t\t\t\t\t\t\t\t\t\t\t<div class=\"container\">\n\t\t\t\t\t<div class=\"row\">\n\t\t\t\t\t\t<div class=\"col-md-12 offset-0\">\n\t\t\t\t\t\t\t<div class=\"caption\">\n\n\t\t\t\t\t\t\t\t\t\t\t\t\t\t\t\t\n\t\t\t\t\t\t\t\t\n\t\t\t\t\t\t\t\t\t\t\t\t\t\t\t\t\t\t\t\t\t\t\t\t<h1 class=\"pt-slider-title2-class\">Dienstleistungen\n<\/h1>\n\t\t\t\t\t\t\t\t\t\t\t\t\t\t\t\t\t\t\t\t\t\t\t<\/div>\t\t\t\t\t\t\n\t\t\t\t\t\t<\/div>\t\t\t\t\t\t\n\t\t\t\t\t<\/div>\n\t\t\t\t<\/div>\n\t\t\t\t\t\t\t\t<!-- button scroll -->\n\t\t\t\t<a href=\"#services\" data-scroll-nav=\"1\" class=\"mouse smoothscroll\">\n\t\t\t\t\t<span class=\"mouse-icon\">\n\t\t\t\t\t\t<span class=\"mouse-wheel\"><\/span>\n\t\t\t\t\t<\/span>\n\t\t\t\t<\/a>\t\n\t\t\t\t\t\t\t\t\t\n\t\t\t\t\t\t\n        <\/div>\t\t\t\n\t<\/header>\t\t\n\t\t\t\n    \t\t\t\t<\/div>\n\t\t\t\t<\/div>\n\t\t\t\t<\/div>\n\t\t<div class=\"elementor-element elementor-element-4db6243c e-flex e-con-boxed e-con e-parent\" data-id=\"4db6243c\" data-element_type=\"container\" data-e-type=\"container\" id=\"services\" data-settings=\"{&quot;background_background&quot;:&quot;classic&quot;}\">\n\t\t\t\t\t<div class=\"e-con-inner\">\n\t\t<div class=\"elementor-element elementor-element-cf8a31d e-con-full e-flex e-con e-child\" data-id=\"cf8a31d\" data-element_type=\"container\" data-e-type=\"container\">\n\t\t\t\t<div class=\"elementor-element elementor-element-940a3c6 elementor-widget elementor-widget-patara-services-grid\" data-id=\"940a3c6\" data-element_type=\"widget\" data-e-type=\"widget\" data-widget_type=\"patara-services-grid.default\">\n\t\t\t\t<div class=\"elementor-widget-container\">\n\t\t\t\t\t\t\t\n\t\t\t\t\n        \n\t\t\t<div class=\"sec-services services2\">\t\n\t\t\t\t\t\t\t\t<div class=\"services2 left\">\t\n\t\t\t\t\t<figure> <img decoding=\"async\" src=\"https:\/\/uvethotels.com\/wp-content\/uploads\/sites\/10\/2024\/11\/sala-lettura-scaled.jpg\" alt=\"\" class=\"img-fluid\" \/> <\/figure>\t\t\t\t\t\n\t\t\t\t\t<div class=\"caption padding-left\">\n\t\t\t\t\t\t\t\t\t\t\t\t<h4>Jeden Aufenthalt bequem und funktionell zu gestalten<\/h4>\n\t\t\t\t\t\t\t\n\t\t\t\t\t\t\t\t\t\t\t\t<div class=\"section-text\"><p style=\"color: #f18a00;\">__________________<\/p><p>Die Dienstleistungen des Hotels Miramonti sind so konzipiert, dass sie den individuellen Bed\u00fcrfnissen und Anforderungen gerecht werden, um jeden Aufenthalt bequem und funktionell zu gestalten, um den Aufenthalt der G\u00e4ste zu erleichtern und zu erheitern.<\/p><p>Es gibt ein Hauptrestaurant, in dem Sie typische regionale und nationale Gerichte probieren k\u00f6nnen, eine Tavernen-Bar f\u00fcr einen Aperitif nach der R\u00fcckkehr von den Skipisten oder einen angenehmen Drink nach dem Abendessen bei Live-Musik, einen Fernsehraum, ein Spielzimmer und einen Leseraum.<\/p><\/div>\n\t\t\t\t\t\t\t\n\t\t\t\t\t\t\n\t\t\t\t\t\t\t\t\t\t\t\t\t\t\t\t\t\t    \n\t\t\t\t\t<\/div>\t\t\t\t\t\n\t\t\t\t<\/div>\t\t\t\t\t\n\t\t\t\t\t\t\t<\/div>\t\n\n        \t\t\n        \t\t\t\t<\/div>\n\t\t\t\t<\/div>\n\t\t\t\t<\/div>\n\t\t<div class=\"elementor-element elementor-element-01501cd e-con-full e-flex e-con e-child\" data-id=\"01501cd\" data-element_type=\"container\" data-e-type=\"container\">\n\t\t\t\t<div class=\"elementor-element elementor-element-64003f3 elementor-widget elementor-widget-patara-services-grid\" data-id=\"64003f3\" data-element_type=\"widget\" data-e-type=\"widget\" data-widget_type=\"patara-services-grid.default\">\n\t\t\t\t<div class=\"elementor-widget-container\">\n\t\t\t\t\t\t\t\n\t\t\t\t\n        \n\t\t\t<div class=\"sec-services services2\">\t\n\t\t\t\t\t\t\t\t<div class=\"services2 no-left\">\t\n\t\t\t\t\t<figure> <img decoding=\"async\" src=\"https:\/\/uvethotels.com\/wp-content\/uploads\/sites\/10\/2024\/11\/mini-club-scaled.webp\" alt=\"\" class=\"img-fluid\" \/> <\/figure>\t\t\t\t\t\n\t\t\t\t\t<div class=\"caption padding-left\">\n\t\t\t\t\t\t\t\t\t\t\t\t<h4>Komfort und Spa\u00df f\u00fcr die ganze Familie<\/h4>\n\t\t\t\t\t\t\t\n\t\t\t\t\t\t\t\t\t\t\t\t<div class=\"section-text\"><p style=\"color: #f18a00;\">__________________<\/p><p>Dar\u00fcber hinaus bietet das Hotel seinen G\u00e4sten einen Kinderspielplatz und einen unbeaufsichtigten Parkplatz im Freien f\u00fcr 15 Euro pro Tag sowie einen \u00fcberdachten Parkplatz (Garage) f\u00fcr 30 Euro pro Tag und Auto. Beides nach verf\u00fcgbarkeit und nicht buchbar.<\/p><\/div>\n\t\t\t\t\t\t\t\n\t\t\t\t\t\t\n\t\t\t\t\t\t\t\t\t\t\t\t\t\t\t\t\t\t    \n\t\t\t\t\t<\/div>\t\t\t\t\t\n\t\t\t\t<\/div>\t\t\t\t\t\n\t\t\t\t\t\t\t<\/div>\t\n\n        \t\t\n        \t\t\t\t<\/div>\n\t\t\t\t<\/div>\n\t\t\t\t<\/div>\n\t\t<div class=\"elementor-element elementor-element-0d2b3f6 e-con-full e-flex e-con e-child\" data-id=\"0d2b3f6\" data-element_type=\"container\" data-e-type=\"container\">\n\t\t\t\t<div class=\"elementor-element elementor-element-dbf7f50 elementor-widget elementor-widget-patara-services-grid\" data-id=\"dbf7f50\" data-element_type=\"widget\" data-e-type=\"widget\" data-widget_type=\"patara-services-grid.default\">\n\t\t\t\t<div class=\"elementor-widget-container\">\n\t\t\t\t\t\t\t\n\t\t\t\t\n        \n\t\t\t<div class=\"sec-services services2\">\t\n\t\t\t\t\t\t\t\t<div class=\"services2 left\">\t\n\t\t\t\t\t<figure> <img decoding=\"async\" src=\"https:\/\/uvethotels.com\/wp-content\/uploads\/sites\/10\/2024\/11\/sauna-1-scaled.webp\" alt=\"\" class=\"img-fluid\" \/> <\/figure>\t\t\t\t\t\n\t\t\t\t\t<div class=\"caption padding-left\">\n\t\t\t\t\t\t\t\t\t\t\t\t<h4>Exklusive Dienstleistungen und Komfort<\/h4>\n\t\t\t\t\t\t\t\n\t\t\t\t\t\t\t\t\t\t\t\t<div class=\"section-text\"><p style=\"color: #f18a00;\">__________________<\/p>\nDas Angebot wird durch den Skiraum, einen kleinen Fitnessraum, ein kleines Wellness-Center mit Entspannungsbereich und Sauna, kostenloses WLAN in allen Bereichen des Hotels, Garage und Parkplatz und eine Sonnenterrasse, wo Sie die umliegende Landschaft bewundern k\u00f6nnen, erg\u00e4nzt.<\/div>\n\t\t\t\t\t\t\t\n\t\t\t\t\t\t\n\t\t\t\t\t\t\t\t\t\t\t\t\t\t\t\t\t\t    \n\t\t\t\t\t<\/div>\t\t\t\t\t\n\t\t\t\t<\/div>\t\t\t\t\t\n\t\t\t\t\t\t\t<\/div>\t\n\n        \t\t\n        \t\t\t\t<\/div>\n\t\t\t\t<\/div>\n\t\t\t\t<\/div>\n\t\t<div class=\"elementor-element elementor-element-5b48d34 e-con-full e-flex e-con e-child\" data-id=\"5b48d34\" data-element_type=\"container\" data-e-type=\"container\">\n\t\t\t\t<div class=\"elementor-element elementor-element-491e041 elementor-widget elementor-widget-patara-services-grid\" data-id=\"491e041\" data-element_type=\"widget\" data-e-type=\"widget\" data-widget_type=\"patara-services-grid.default\">\n\t\t\t\t<div class=\"elementor-widget-container\">\n\t\t\t\t\t\t\t\n\t\t\t\t\n        \n\t\t\t<div class=\"sec-services services2\">\t\n\t\t\t\t\t\t\t\t<div class=\"services2 no-left\">\t\n\t\t\t\t\t<figure> <img decoding=\"async\" src=\"https:\/\/uvethotels.com\/miramontihotel\/wp-content\/uploads\/sites\/10\/2025\/06\/Animali-Ammessi-scaled.webp\" alt=\"Animali ammessi - Uvet Hotels\" class=\"img-fluid\" \/> <\/figure>\t\t\t\t\t\n\t\t\t\t\t<div class=\"caption padding-left\">\n\t\t\t\t\t\t\t\t\t\t\t\t<h4>Kleintiere erlaubt<\/h4>\n\t\t\t\t\t\t\t\n\t\t\t\t\t\t\t\t\t\t\t\t<div class=\"section-text\"><p style=\"color: #f18a00;\">__________________<\/p><p>Wenn sie mit haustieren reisen, beachten sie bitte, dass pro tier undnNacht ein aufpreis von 21euro anf\u00e4llt. Es ist maximal 1 haustier erlaubt.<br \/>Das Hotel kann nur haustiere mit einem h\u00f6chstgewicht von 10 kg zulassen.<\/p><\/div>\n\t\t\t\t\t\t\t\n\t\t\t\t\t\t\n\t\t\t\t\t\t\t\t\t\t\t\t\t\t\t\t\t\t    \n\t\t\t\t\t<\/div>\t\t\t\t\t\n\t\t\t\t<\/div>\t\t\t\t\t\n\t\t\t\t\t\t\t<\/div>\t\n\n        \t\t\n        \t\t\t\t<\/div>\n\t\t\t\t<\/div>\n\t\t\t\t<\/div>\n\t\t\t\t\t<\/div>\n\t\t\t\t<\/div>\n\t\t<div class=\"elementor-element elementor-element-6dbdf1e e-flex e-con-boxed e-con e-parent\" data-id=\"6dbdf1e\" data-element_type=\"container\" data-e-type=\"container\" data-settings=\"{&quot;background_background&quot;:&quot;classic&quot;}\">\n\t\t\t\t\t<div class=\"e-con-inner\">\n\t\t\t\t<div class=\"elementor-element elementor-element-0f8ebd8 elementor-align-center prenota elementor-mobile-align-justify elementor-widget elementor-widget-button\" data-id=\"0f8ebd8\" data-element_type=\"widget\" data-e-type=\"widget\" data-widget_type=\"button.default\">\n\t\t\t\t<div class=\"elementor-widget-container\">\n\t\t\t\t\t\t\t\t\t<div class=\"elementor-button-wrapper\">\n\t\t\t\t\t<a class=\"elementor-button elementor-button-link elementor-size-sm elementor-animation-sink\" href=\"https:\/\/reservations.verticalbooking.com\/premium\/index.html?id_albergo=28385&#038;dc=1405&#038;id_stile=21243&#038;lingua_int=ita\" target=\"_blank\">\n\t\t\t\t\t\t<span class=\"elementor-button-content-wrapper\">\n\t\t\t\t\t\t\t\t\t<span class=\"elementor-button-text\">VERIFICA LA DISpONIBILIT\u00e0<\/span>\n\t\t\t\t\t<\/span>\n\t\t\t\t\t<\/a>\n\t\t\t\t<\/div>\n\t\t\t\t\t\t\t\t<\/div>\n\t\t\t\t<\/div>\n\t\t\t\t\t<\/div>\n\t\t\t\t<\/div>\n\t\t\t\t<\/div>\n\t\t","protected":false},"excerpt":{"rendered":"<p>Dienstleistungen Jeden Aufenthalt bequem und funktionell zu gestalten __________________ Die Dienstleistungen des Hotels Miramonti sind so konzipiert, dass sie den individuellen Bed\u00fcrfnissen und Anforderungen gerecht werden, um jeden Aufenthalt bequem und funktionell zu gestalten, um den Aufenthalt der G\u00e4ste zu erleichtern und zu erheitern. Es gibt ein Hauptrestaurant, in dem Sie typische regionale und nationale Gerichte probieren k\u00f6nnen, eine Tavernen-Bar<\/p>\n","protected":false},"author":1,"featured_media":0,"parent":0,"menu_order":0,"comment_status":"closed","ping_status":"closed","template":"","meta":{"_acf_changed":false,"footnotes":"","_links_to":"","_links_to_target":""},"class_list":["post-3583","page","type-page","status-publish","hentry"],"acf":[],"yoast_head":"<!-- This site is optimized with the Yoast SEO plugin v27.0 - https:\/\/yoast.com\/product\/yoast-seo-wordpress\/ -->\n<title>Dienstleistungen - Hotel Miramonti<\/title>\n<meta name=\"robots\" content=\"index, follow, max-snippet:-1, max-image-preview:large, max-video-preview:-1\" \/>\n<link rel=\"canonical\" href=\"https:\/\/uvethotels.com\/miramontihotel\/de\/dienstleistungen\/\" \/>\n<meta property=\"og:locale\" content=\"it_IT\" \/>\n<meta property=\"og:type\" content=\"article\" \/>\n<meta property=\"og:title\" content=\"Dienstleistungen - Hotel Miramonti\" \/>\n<meta property=\"og:description\" content=\"Dienstleistungen Jeden Aufenthalt bequem und funktionell zu gestalten __________________ Die Dienstleistungen des Hotels Miramonti sind so konzipiert, dass sie den individuellen Bed\u00fcrfnissen und Anforderungen gerecht werden, um jeden Aufenthalt bequem und funktionell zu gestalten, um den Aufenthalt der G\u00e4ste zu erleichtern und zu erheitern. Es gibt ein Hauptrestaurant, in dem Sie typische regionale und nationale Gerichte probieren k\u00f6nnen, eine Tavernen-Bar\" \/>\n<meta property=\"og:url\" content=\"https:\/\/uvethotels.com\/miramontihotel\/de\/dienstleistungen\/\" \/>\n<meta property=\"og:site_name\" content=\"Hotel Miramonti - Uvet Hotels\" \/>\n<meta property=\"article:publisher\" content=\"https:\/\/www.facebook.com\/hotelmiramonticorvara\/\" \/>\n<meta property=\"article:modified_time\" content=\"2025-06-19T14:46:55+00:00\" \/>\n<meta property=\"og:image\" content=\"https:\/\/uvethotels.com\/wp-content\/uploads\/sites\/10\/2024\/11\/sala-lettura-scaled.jpg\" \/>\n<meta name=\"twitter:card\" content=\"summary_large_image\" \/>\n<meta name=\"twitter:label1\" content=\"Tempo di lettura stimato\" \/>\n\t<meta name=\"twitter:data1\" content=\"2 minuti\" \/>\n<script type=\"application\/ld+json\" class=\"yoast-schema-graph\">{\"@context\":\"https:\/\/schema.org\",\"@graph\":[{\"@type\":\"WebPage\",\"@id\":\"https:\/\/uvethotels.com\/miramontihotel\/de\/dienstleistungen\/\",\"url\":\"https:\/\/uvethotels.com\/miramontihotel\/de\/dienstleistungen\/\",\"name\":\"Dienstleistungen - Hotel Miramonti\",\"isPartOf\":{\"@id\":\"https:\/\/uvethotels.com\/miramontihotel\/#website\"},\"primaryImageOfPage\":{\"@id\":\"https:\/\/uvethotels.com\/miramontihotel\/de\/dienstleistungen\/#primaryimage\"},\"image\":{\"@id\":\"https:\/\/uvethotels.com\/miramontihotel\/de\/dienstleistungen\/#primaryimage\"},\"thumbnailUrl\":\"https:\/\/uvethotels.com\/wp-content\/uploads\/sites\/10\/2024\/11\/sala-lettura-scaled.jpg\",\"datePublished\":\"2024-11-21T14:46:47+00:00\",\"dateModified\":\"2025-06-19T14:46:55+00:00\",\"breadcrumb\":{\"@id\":\"https:\/\/uvethotels.com\/miramontihotel\/de\/dienstleistungen\/#breadcrumb\"},\"inLanguage\":\"it-IT\",\"potentialAction\":[{\"@type\":\"ReadAction\",\"target\":[\"https:\/\/uvethotels.com\/miramontihotel\/de\/dienstleistungen\/\"]}]},{\"@type\":\"ImageObject\",\"inLanguage\":\"it-IT\",\"@id\":\"https:\/\/uvethotels.com\/miramontihotel\/de\/dienstleistungen\/#primaryimage\",\"url\":\"https:\/\/uvethotels.com\/wp-content\/uploads\/sites\/10\/2024\/11\/sala-lettura-scaled.jpg\",\"contentUrl\":\"https:\/\/uvethotels.com\/wp-content\/uploads\/sites\/10\/2024\/11\/sala-lettura-scaled.jpg\"},{\"@type\":\"BreadcrumbList\",\"@id\":\"https:\/\/uvethotels.com\/miramontihotel\/de\/dienstleistungen\/#breadcrumb\",\"itemListElement\":[{\"@type\":\"ListItem\",\"position\":1,\"name\":\"Home\",\"item\":\"https:\/\/uvethotels.com\/miramontihotel\/\"},{\"@type\":\"ListItem\",\"position\":2,\"name\":\"Dienstleistungen\"}]},{\"@type\":\"WebSite\",\"@id\":\"https:\/\/uvethotels.com\/miramontihotel\/#website\",\"url\":\"https:\/\/uvethotels.com\/miramontihotel\/\",\"name\":\"Hotel Miramonti - Uvet Hotels\",\"description\":\"\",\"publisher\":{\"@id\":\"https:\/\/uvethotels.com\/miramontihotel\/#organization\"},\"potentialAction\":[{\"@type\":\"SearchAction\",\"target\":{\"@type\":\"EntryPoint\",\"urlTemplate\":\"https:\/\/uvethotels.com\/miramontihotel\/?s={search_term_string}\"},\"query-input\":{\"@type\":\"PropertyValueSpecification\",\"valueRequired\":true,\"valueName\":\"search_term_string\"}}],\"inLanguage\":\"it-IT\"},{\"@type\":\"Organization\",\"@id\":\"https:\/\/uvethotels.com\/miramontihotel\/#organization\",\"name\":\"Hotel Miramonti - Uvet Hotels\",\"url\":\"https:\/\/uvethotels.com\/miramontihotel\/\",\"logo\":{\"@type\":\"ImageObject\",\"inLanguage\":\"it-IT\",\"@id\":\"https:\/\/uvethotels.com\/miramontihotel\/#\/schema\/logo\/image\/\",\"url\":\"https:\/\/uvethotels.com\/miramontihotel\/wp-content\/uploads\/sites\/10\/2025\/03\/UHC_logo_verticale_1200x1200.jpg\",\"contentUrl\":\"https:\/\/uvethotels.com\/miramontihotel\/wp-content\/uploads\/sites\/10\/2025\/03\/UHC_logo_verticale_1200x1200.jpg\",\"width\":1200,\"height\":1200,\"caption\":\"Hotel Miramonti - Uvet Hotels\"},\"image\":{\"@id\":\"https:\/\/uvethotels.com\/miramontihotel\/#\/schema\/logo\/image\/\"},\"sameAs\":[\"https:\/\/www.facebook.com\/hotelmiramonticorvara\/\",\"https:\/\/www.instagram.com\/hotel__miramonti\/\"]}]}<\/script>\n<!-- \/ Yoast SEO plugin. -->","yoast_head_json":{"title":"Dienstleistungen - Hotel Miramonti","robots":{"index":"index","follow":"follow","max-snippet":"max-snippet:-1","max-image-preview":"max-image-preview:large","max-video-preview":"max-video-preview:-1"},"canonical":"https:\/\/uvethotels.com\/miramontihotel\/de\/dienstleistungen\/","og_locale":"it_IT","og_type":"article","og_title":"Dienstleistungen - Hotel Miramonti","og_description":"Dienstleistungen Jeden Aufenthalt bequem und funktionell zu gestalten __________________ Die Dienstleistungen des Hotels Miramonti sind so konzipiert, dass sie den individuellen Bed\u00fcrfnissen und Anforderungen gerecht werden, um jeden Aufenthalt bequem und funktionell zu gestalten, um den Aufenthalt der G\u00e4ste zu erleichtern und zu erheitern. Es gibt ein Hauptrestaurant, in dem Sie typische regionale und nationale Gerichte probieren k\u00f6nnen, eine Tavernen-Bar","og_url":"https:\/\/uvethotels.com\/miramontihotel\/de\/dienstleistungen\/","og_site_name":"Hotel Miramonti - Uvet Hotels","article_publisher":"https:\/\/www.facebook.com\/hotelmiramonticorvara\/","article_modified_time":"2025-06-19T14:46:55+00:00","og_image":[{"url":"https:\/\/uvethotels.com\/wp-content\/uploads\/sites\/10\/2024\/11\/sala-lettura-scaled.jpg","type":"","width":"","height":""}],"twitter_card":"summary_large_image","twitter_misc":{"Tempo di lettura stimato":"2 minuti"},"schema":{"@context":"https:\/\/schema.org","@graph":[{"@type":"WebPage","@id":"https:\/\/uvethotels.com\/miramontihotel\/de\/dienstleistungen\/","url":"https:\/\/uvethotels.com\/miramontihotel\/de\/dienstleistungen\/","name":"Dienstleistungen - Hotel Miramonti","isPartOf":{"@id":"https:\/\/uvethotels.com\/miramontihotel\/#website"},"primaryImageOfPage":{"@id":"https:\/\/uvethotels.com\/miramontihotel\/de\/dienstleistungen\/#primaryimage"},"image":{"@id":"https:\/\/uvethotels.com\/miramontihotel\/de\/dienstleistungen\/#primaryimage"},"thumbnailUrl":"https:\/\/uvethotels.com\/wp-content\/uploads\/sites\/10\/2024\/11\/sala-lettura-scaled.jpg","datePublished":"2024-11-21T14:46:47+00:00","dateModified":"2025-06-19T14:46:55+00:00","breadcrumb":{"@id":"https:\/\/uvethotels.com\/miramontihotel\/de\/dienstleistungen\/#breadcrumb"},"inLanguage":"it-IT","potentialAction":[{"@type":"ReadAction","target":["https:\/\/uvethotels.com\/miramontihotel\/de\/dienstleistungen\/"]}]},{"@type":"ImageObject","inLanguage":"it-IT","@id":"https:\/\/uvethotels.com\/miramontihotel\/de\/dienstleistungen\/#primaryimage","url":"https:\/\/uvethotels.com\/wp-content\/uploads\/sites\/10\/2024\/11\/sala-lettura-scaled.jpg","contentUrl":"https:\/\/uvethotels.com\/wp-content\/uploads\/sites\/10\/2024\/11\/sala-lettura-scaled.jpg"},{"@type":"BreadcrumbList","@id":"https:\/\/uvethotels.com\/miramontihotel\/de\/dienstleistungen\/#breadcrumb","itemListElement":[{"@type":"ListItem","position":1,"name":"Home","item":"https:\/\/uvethotels.com\/miramontihotel\/"},{"@type":"ListItem","position":2,"name":"Dienstleistungen"}]},{"@type":"WebSite","@id":"https:\/\/uvethotels.com\/miramontihotel\/#website","url":"https:\/\/uvethotels.com\/miramontihotel\/","name":"Hotel Miramonti - Uvet Hotels","description":"","publisher":{"@id":"https:\/\/uvethotels.com\/miramontihotel\/#organization"},"potentialAction":[{"@type":"SearchAction","target":{"@type":"EntryPoint","urlTemplate":"https:\/\/uvethotels.com\/miramontihotel\/?s={search_term_string}"},"query-input":{"@type":"PropertyValueSpecification","valueRequired":true,"valueName":"search_term_string"}}],"inLanguage":"it-IT"},{"@type":"Organization","@id":"https:\/\/uvethotels.com\/miramontihotel\/#organization","name":"Hotel Miramonti - Uvet Hotels","url":"https:\/\/uvethotels.com\/miramontihotel\/","logo":{"@type":"ImageObject","inLanguage":"it-IT","@id":"https:\/\/uvethotels.com\/miramontihotel\/#\/schema\/logo\/image\/","url":"https:\/\/uvethotels.com\/miramontihotel\/wp-content\/uploads\/sites\/10\/2025\/03\/UHC_logo_verticale_1200x1200.jpg","contentUrl":"https:\/\/uvethotels.com\/miramontihotel\/wp-content\/uploads\/sites\/10\/2025\/03\/UHC_logo_verticale_1200x1200.jpg","width":1200,"height":1200,"caption":"Hotel Miramonti - Uvet Hotels"},"image":{"@id":"https:\/\/uvethotels.com\/miramontihotel\/#\/schema\/logo\/image\/"},"sameAs":["https:\/\/www.facebook.com\/hotelmiramonticorvara\/","https:\/\/www.instagram.com\/hotel__miramonti\/"]}]}},"_links":{"self":[{"href":"https:\/\/uvethotels.com\/miramontihotel\/wp-json\/wp\/v2\/pages\/3583","targetHints":{"allow":["GET"]}}],"collection":[{"href":"https:\/\/uvethotels.com\/miramontihotel\/wp-json\/wp\/v2\/pages"}],"about":[{"href":"https:\/\/uvethotels.com\/miramontihotel\/wp-json\/wp\/v2\/types\/page"}],"author":[{"embeddable":true,"href":"https:\/\/uvethotels.com\/miramontihotel\/wp-json\/wp\/v2\/users\/1"}],"replies":[{"embeddable":true,"href":"https:\/\/uvethotels.com\/miramontihotel\/wp-json\/wp\/v2\/comments?post=3583"}],"version-history":[{"count":11,"href":"https:\/\/uvethotels.com\/miramontihotel\/wp-json\/wp\/v2\/pages\/3583\/revisions"}],"predecessor-version":[{"id":4322,"href":"https:\/\/uvethotels.com\/miramontihotel\/wp-json\/wp\/v2\/pages\/3583\/revisions\/4322"}],"wp:attachment":[{"href":"https:\/\/uvethotels.com\/miramontihotel\/wp-json\/wp\/v2\/media?parent=3583"}],"curies":[{"name":"wp","href":"https:\/\/api.w.org\/{rel}","templated":true}]}}