{"id":5080,"date":"2024-12-05T11:20:59","date_gmt":"2024-12-05T10:20:59","guid":{"rendered":"https:\/\/uvethc.com\/piccolohotel\/?page_id=5080"},"modified":"2025-08-21T12:14:04","modified_gmt":"2025-08-21T10:14:04","slug":"visiter-portofino","status":"publish","type":"page","link":"https:\/\/uvethotels.com\/piccolohotel\/fr\/visiter-portofino\/","title":{"rendered":"Portofino"},"content":{"rendered":"\t\t<div data-elementor-type=\"wp-page\" data-elementor-id=\"5080\" class=\"elementor elementor-5080\" data-elementor-post-type=\"page\">\n\t\t\t\t<div class=\"elementor-element elementor-element-14e42542 e-con-full e-flex e-con e-parent\" data-id=\"14e42542\" data-element_type=\"container\" data-e-type=\"container\" data-settings=\"{&quot;background_background&quot;:&quot;classic&quot;}\">\n\t\t\t\t<div class=\"elementor-element elementor-element-e6095b2 elementor-widget elementor-widget-heading\" data-id=\"e6095b2\" data-element_type=\"widget\" data-e-type=\"widget\" data-widget_type=\"heading.default\">\n\t\t\t\t<div class=\"elementor-widget-container\">\n\t\t\t\t\t<h2 class=\"elementor-heading-title elementor-size-default\">un joyau cach\u00e9 \u00e0 chercher et \u00e0 d\u00e9couvrir<\/h2>\t\t\t\t<\/div>\n\t\t\t\t<\/div>\n\t\t\t\t<div class=\"elementor-element elementor-element-a5e4924 elementor-widget elementor-widget-heading\" data-id=\"a5e4924\" data-element_type=\"widget\" data-e-type=\"widget\" data-widget_type=\"heading.default\">\n\t\t\t\t<div class=\"elementor-widget-container\">\n\t\t\t\t\t<h2 class=\"elementor-heading-title elementor-size-default\">Portofino<\/h2>\t\t\t\t<\/div>\n\t\t\t\t<\/div>\n\t\t\t\t<\/div>\n\t\t<div class=\"elementor-element elementor-element-d67a3d1 e-flex e-con-boxed e-con e-parent\" data-id=\"d67a3d1\" data-element_type=\"container\" data-e-type=\"container\" id=\"about\" data-settings=\"{&quot;background_background&quot;:&quot;classic&quot;}\">\n\t\t\t\t\t<div class=\"e-con-inner\">\n\t\t<div class=\"elementor-element elementor-element-182e28ef e-flex e-con-boxed e-con e-child\" data-id=\"182e28ef\" data-element_type=\"container\" data-e-type=\"container\">\n\t\t\t\t\t<div class=\"e-con-inner\">\n\t\t<div class=\"elementor-element elementor-element-413f2e32 e-con-full e-flex e-con e-child\" data-id=\"413f2e32\" data-element_type=\"container\" data-e-type=\"container\">\n\t\t\t\t<div class=\"elementor-element elementor-element-3bc7878 elementor-widget elementor-widget-heading\" data-id=\"3bc7878\" data-element_type=\"widget\" data-e-type=\"widget\" data-widget_type=\"heading.default\">\n\t\t\t\t<div class=\"elementor-widget-container\">\n\t\t\t\t\t<h2 class=\"elementor-heading-title elementor-size-default\">Une v\u00e9ritable perle donnant sur la mer\n<\/h2>\t\t\t\t<\/div>\n\t\t\t\t<\/div>\n\t\t\t\t<div class=\"elementor-element elementor-element-fd9c975 elementor-widget-divider--view-line elementor-widget elementor-widget-divider\" data-id=\"fd9c975\" data-element_type=\"widget\" data-e-type=\"widget\" data-widget_type=\"divider.default\">\n\t\t\t\t<div class=\"elementor-widget-container\">\n\t\t\t\t\t\t\t<div class=\"elementor-divider\">\n\t\t\t<span class=\"elementor-divider-separator\">\n\t\t\t\t\t\t<\/span>\n\t\t<\/div>\n\t\t\t\t\t\t<\/div>\n\t\t\t\t<\/div>\n\t\t\t\t<div class=\"elementor-element elementor-element-32c0725 elementor-widget elementor-widget-text-editor\" data-id=\"32c0725\" data-element_type=\"widget\" data-e-type=\"widget\" data-widget_type=\"text-editor.default\">\n\t\t\t\t<div class=\"elementor-widget-container\">\n\t\t\t\t\t\t\t\t\t<p>L\u2019<strong>Hotel Piccolo Portofino<\/strong>\u00a0est situ\u00e9 dans une position privil\u00e9gi\u00e9e, perch\u00e9 sur les pentes qui caract\u00e9risent cet\u00a0<strong>exclusif trait de la c\u00f4te ligurienne<\/strong>\u00a0et donnant sur le<strong>\u00a0Golf du Tigullio<\/strong>.<br \/>Devenue fameuse dans les ann\u00e9es soixante, quand les protagonistes du star system, les nobles et les aristocrates, ont commenc\u00e9 \u00e0 peupler cette localit\u00e9 fascinante pour jouir de ses f\u00eates exclusives et pour ses paysages fantastiques, la localit\u00e9 de Portofino est rest\u00e9e inchang\u00e9e dans le temps, belle \u00e0 vivre et aussi \u00e0 voir.<\/p>\t\t\t\t\t\t\t\t<\/div>\n\t\t\t\t<\/div>\n\t\t\t\t<\/div>\n\t\t<div class=\"elementor-element elementor-element-3e9de937 e-con-full elementor-hidden-mobile e-flex e-con e-child\" data-id=\"3e9de937\" data-element_type=\"container\" data-e-type=\"container\" data-settings=\"{&quot;background_background&quot;:&quot;classic&quot;}\">\n\t\t\t\t<\/div>\n\t\t\t\t\t<\/div>\n\t\t\t\t<\/div>\n\t\t\t\t\t<\/div>\n\t\t\t\t<\/div>\n\t\t<div class=\"elementor-element elementor-element-2d64454c e-flex e-con-boxed e-con e-parent\" data-id=\"2d64454c\" data-element_type=\"container\" data-e-type=\"container\" data-settings=\"{&quot;background_background&quot;:&quot;classic&quot;}\">\n\t\t\t\t\t<div class=\"e-con-inner\">\n\t\t<div class=\"elementor-element elementor-element-1d86d02 e-con-full animated-slow bg-blur e-flex elementor-invisible e-con e-child\" data-id=\"1d86d02\" data-element_type=\"container\" data-e-type=\"container\" data-settings=\"{&quot;background_background&quot;:&quot;classic&quot;,&quot;animation&quot;:&quot;fadeIn&quot;}\">\n\t\t\t\t<div class=\"elementor-element elementor-element-ba7b7af elementor-widget elementor-widget-heading\" data-id=\"ba7b7af\" data-element_type=\"widget\" data-e-type=\"widget\" data-widget_type=\"heading.default\">\n\t\t\t\t<div class=\"elementor-widget-container\">\n\t\t\t\t\t<h2 class=\"elementor-heading-title elementor-size-default\">Salon en plein air<\/h2>\t\t\t\t<\/div>\n\t\t\t\t<\/div>\n\t\t\t\t<div class=\"elementor-element elementor-element-f12e49d elementor-widget-divider--view-line elementor-widget elementor-widget-divider\" data-id=\"f12e49d\" data-element_type=\"widget\" data-e-type=\"widget\" data-widget_type=\"divider.default\">\n\t\t\t\t<div class=\"elementor-widget-container\">\n\t\t\t\t\t\t\t<div class=\"elementor-divider\">\n\t\t\t<span class=\"elementor-divider-separator\">\n\t\t\t\t\t\t<\/span>\n\t\t<\/div>\n\t\t\t\t\t\t<\/div>\n\t\t\t\t<\/div>\n\t\t\t\t<div class=\"elementor-element elementor-element-70e769a elementor-widget elementor-widget-text-editor\" data-id=\"70e769a\" data-element_type=\"widget\" data-e-type=\"widget\" data-widget_type=\"text-editor.default\">\n\t\t\t\t<div class=\"elementor-widget-container\">\n\t\t\t\t\t\t\t\t\t<p>Mais la v\u00e9ritable \u00e2me de\u00a0<strong>Portofino<\/strong>\u00a0ne s\u2019\u00e9puise pas en yacht et vie mondaine. Pour la vivre et la comprendre jusqu\u2019au fond, il faut remonter \u00e0 ses origines d\u2019ancien bourg de p\u00eacheurs, aux rues \u00e9troites et aux maisonnettes color\u00e9es, aux\u00a0<strong>routes enchev\u00eatr\u00e9es et aux petites places aux cailloux polis<\/strong>. Complexe et simple \u00e0 la fois, Portofino repr\u00e9sente\u00a0<strong>une v\u00e9ritable perle donnant sur la mer<\/strong>. Destination id\u00e9ale pour ceux qui veulent se d\u00e9tendre et passer leurs journ\u00e9es dans ce \u00ab salon en plein air \u00bb, en s\u2019asseyant \u00e0 l\u2019un des bars de la petite place, en marchant sur la jet\u00e9e ou en jouissant des belles plages.<\/p>\t\t\t\t\t\t\t\t<\/div>\n\t\t\t\t<\/div>\n\t\t\t\t<\/div>\n\t\t\t\t\t<\/div>\n\t\t\t\t<\/div>\n\t\t<div class=\"elementor-element elementor-element-9071b67 e-flex e-con-boxed e-con e-parent\" data-id=\"9071b67\" data-element_type=\"container\" data-e-type=\"container\">\n\t\t\t\t\t<div class=\"e-con-inner\">\n\t\t\t\t<div class=\"elementor-element elementor-element-70052df elementor-widget elementor-widget-heading\" data-id=\"70052df\" data-element_type=\"widget\" data-e-type=\"widget\" data-widget_type=\"heading.default\">\n\t\t\t\t<div class=\"elementor-widget-container\">\n\t\t\t\t\t<h2 class=\"elementor-heading-title elementor-size-default\">Le parc de Portofino<\/h2>\t\t\t\t<\/div>\n\t\t\t\t<\/div>\n\t\t\t\t<div class=\"elementor-element elementor-element-2a28dbb elementor-widget-divider--view-line elementor-widget elementor-widget-divider\" data-id=\"2a28dbb\" data-element_type=\"widget\" data-e-type=\"widget\" data-widget_type=\"divider.default\">\n\t\t\t\t<div class=\"elementor-widget-container\">\n\t\t\t\t\t\t\t<div class=\"elementor-divider\">\n\t\t\t<span class=\"elementor-divider-separator\">\n\t\t\t\t\t\t<\/span>\n\t\t<\/div>\n\t\t\t\t\t\t<\/div>\n\t\t\t\t<\/div>\n\t\t\t\t<div class=\"elementor-element elementor-element-57c42da elementor-widget elementor-widget-text-editor\" data-id=\"57c42da\" data-element_type=\"widget\" data-e-type=\"widget\" data-widget_type=\"text-editor.default\">\n\t\t\t\t<div class=\"elementor-widget-container\">\n\t\t\t\t\t\t\t\t\t<p>Le parc de Portofino, la zone c\u00f4ti\u00e8re prot\u00e9g\u00e9e la plus septentrionale de la M\u00e9diterran\u00e9e occidentale, pr\u00e9sente des paysages parmi les plus c\u00e9l\u00e8bres du monde.<\/p><p>Constitu\u00e9 de gigantesques d\u00e9p\u00f4ts conglom\u00e9ratiques surmontant des bancs de calcaire, il pr\u00e9sente des caract\u00e9ristiques g\u00e9omorphologiques et microclimatiques telles qu&#8217;il offre, sur un territoire limit\u00e9, des environnements extr\u00eamement vari\u00e9s. En quelques pas, on passe de la fra\u00eecheur des bois des Apennins sur le versant nord au monde m\u00e9diterran\u00e9en ensoleill\u00e9 au-dessus des falaises, de la culture du ch\u00e2taignier \u00e0 celle de l&#8217;olivier, des traditions agricoles aux activit\u00e9s li\u00e9es \u00e0 la mer et \u00e0 la p\u00eache traditionnelle.<\/p><p>Prot\u00e9g\u00e9 depuis 1935, le parc abrite l&#8217;une des plus grandes concentrations de flore de la M\u00e9diterran\u00e9e, une remarquable vari\u00e9t\u00e9 d&#8217;oiseaux et d&#8217;invert\u00e9br\u00e9s ainsi que d&#8217;importants t\u00e9moignages historico-architecturaux.<\/p><p>Un r\u00e9seau de plus de 80 km de sentiers permet des promenades et des excursions de longueur et de difficult\u00e9 variables, avec la possibilit\u00e9 d&#8217;appr\u00e9cier pleinement les particularit\u00e9s de l&#8217;ensemble de la zone.<\/p>\t\t\t\t\t\t\t\t<\/div>\n\t\t\t\t<\/div>\n\t\t\t\t\t<\/div>\n\t\t\t\t<\/div>\n\t\t<div class=\"elementor-element elementor-element-edf86fe e-flex e-con-boxed e-con e-parent\" data-id=\"edf86fe\" data-element_type=\"container\" data-e-type=\"container\" data-settings=\"{&quot;background_background&quot;:&quot;classic&quot;}\">\n\t\t\t\t\t<div class=\"e-con-inner\">\n\t\t\t\t<div class=\"elementor-element elementor-element-41ee55d elementor-align-center prenota elementor-mobile-align-justify elementor-widget elementor-widget-button\" data-id=\"41ee55d\" data-element_type=\"widget\" data-e-type=\"widget\" data-widget_type=\"button.default\">\n\t\t\t\t<div class=\"elementor-widget-container\">\n\t\t\t\t\t\t\t\t\t<div class=\"elementor-button-wrapper\">\n\t\t\t\t\t<a class=\"elementor-button elementor-button-link elementor-size-sm elementor-animation-sink\" href=\"https:\/\/reservations.verticalbooking.com\/premium\/index.html?id_albergo=28387&#038;dc=3807&#038;id_stile=21245&#038;lingua_int=fra\" target=\"_blank\">\n\t\t\t\t\t\t<span class=\"elementor-button-content-wrapper\">\n\t\t\t\t\t\t\t\t\t<span class=\"elementor-button-text\">V\u00c9RIFIER LA DISPONIBILIT\u00c9<\/span>\n\t\t\t\t\t<\/span>\n\t\t\t\t\t<\/a>\n\t\t\t\t<\/div>\n\t\t\t\t\t\t\t\t<\/div>\n\t\t\t\t<\/div>\n\t\t\t\t\t<\/div>\n\t\t\t\t<\/div>\n\t\t\t\t<\/div>\n\t\t","protected":false},"excerpt":{"rendered":"<p>un joyau cach\u00e9 \u00e0 chercher et \u00e0 d\u00e9couvrir Portofino Une v\u00e9ritable perle donnant sur la mer L\u2019Hotel Piccolo Portofino\u00a0est situ\u00e9 dans une position privil\u00e9gi\u00e9e, perch\u00e9 sur les pentes qui caract\u00e9risent cet\u00a0exclusif trait de la c\u00f4te ligurienne\u00a0et donnant sur le\u00a0Golf du Tigullio. Devenue fameuse dans les ann\u00e9es soixante, quand les protagonistes du star system, les nobles [&hellip;]<\/p>\n","protected":false},"author":1,"featured_media":0,"parent":0,"menu_order":0,"comment_status":"closed","ping_status":"closed","template":"","meta":{"_acf_changed":false,"footnotes":""},"class_list":["post-5080","page","type-page","status-publish","hentry"],"acf":[],"yoast_head":"<!-- This site is optimized with the Yoast SEO plugin v27.0 - https:\/\/yoast.com\/product\/yoast-seo-wordpress\/ -->\n<title>Portofino, Italie - Hotel Piccolo<\/title>\n<meta name=\"description\" content=\"La ville est situ\u00e9e dans la baie du golfe du Tigullio, un ancien village de p\u00eacheurs et une partie exclusive de la c\u00f4te ligure. R\u00e9servez vos vacances \u00e0 Portofino.\" \/>\n<meta name=\"robots\" content=\"index, follow, max-snippet:-1, max-image-preview:large, max-video-preview:-1\" \/>\n<link rel=\"canonical\" href=\"https:\/\/uvethotels.com\/piccolohotel\/fr\/visiter-portofino\/\" \/>\n<meta property=\"og:locale\" content=\"it_IT\" \/>\n<meta property=\"og:type\" content=\"article\" \/>\n<meta property=\"og:title\" content=\"Portofino, Italie - Hotel Piccolo\" \/>\n<meta property=\"og:description\" content=\"La ville est situ\u00e9e dans la baie du golfe du Tigullio, un ancien village de p\u00eacheurs et une partie exclusive de la c\u00f4te ligure. R\u00e9servez vos vacances \u00e0 Portofino.\" \/>\n<meta property=\"og:url\" content=\"https:\/\/uvethotels.com\/piccolohotel\/fr\/visiter-portofino\/\" \/>\n<meta property=\"og:site_name\" content=\"Piccolo Hotel - Uvet Hotels\" \/>\n<meta property=\"article:publisher\" content=\"https:\/\/www.facebook.com\/hotelpiccoloportofino\/\" \/>\n<meta property=\"article:modified_time\" content=\"2025-08-21T10:14:04+00:00\" \/>\n<meta name=\"twitter:card\" content=\"summary_large_image\" \/>\n<meta name=\"twitter:label1\" content=\"Tempo di lettura stimato\" \/>\n\t<meta name=\"twitter:data1\" content=\"2 minuti\" \/>\n<script type=\"application\/ld+json\" class=\"yoast-schema-graph\">{\"@context\":\"https:\/\/schema.org\",\"@graph\":[{\"@type\":\"WebPage\",\"@id\":\"https:\/\/uvethotels.com\/piccolohotel\/fr\/visiter-portofino\/\",\"url\":\"https:\/\/uvethotels.com\/piccolohotel\/fr\/visiter-portofino\/\",\"name\":\"Portofino, Italie - Hotel Piccolo\",\"isPartOf\":{\"@id\":\"https:\/\/uvethotels.com\/piccolohotel\/#website\"},\"datePublished\":\"2024-12-05T10:20:59+00:00\",\"dateModified\":\"2025-08-21T10:14:04+00:00\",\"description\":\"La ville est situ\u00e9e dans la baie du golfe du Tigullio, un ancien village de p\u00eacheurs et une partie exclusive de la c\u00f4te ligure. R\u00e9servez vos vacances \u00e0 Portofino.\",\"breadcrumb\":{\"@id\":\"https:\/\/uvethotels.com\/piccolohotel\/fr\/visiter-portofino\/#breadcrumb\"},\"inLanguage\":\"it-IT\",\"potentialAction\":[{\"@type\":\"ReadAction\",\"target\":[\"https:\/\/uvethotels.com\/piccolohotel\/fr\/visiter-portofino\/\"]}]},{\"@type\":\"BreadcrumbList\",\"@id\":\"https:\/\/uvethotels.com\/piccolohotel\/fr\/visiter-portofino\/#breadcrumb\",\"itemListElement\":[{\"@type\":\"ListItem\",\"position\":1,\"name\":\"Home\",\"item\":\"https:\/\/uvethotels.com\/piccolohotel\/\"},{\"@type\":\"ListItem\",\"position\":2,\"name\":\"Portofino\"}]},{\"@type\":\"WebSite\",\"@id\":\"https:\/\/uvethotels.com\/piccolohotel\/#website\",\"url\":\"https:\/\/uvethotels.com\/piccolohotel\/\",\"name\":\"Piccolo Hotel - Uvet Hotels\",\"description\":\"\",\"publisher\":{\"@id\":\"https:\/\/uvethotels.com\/piccolohotel\/#organization\"},\"potentialAction\":[{\"@type\":\"SearchAction\",\"target\":{\"@type\":\"EntryPoint\",\"urlTemplate\":\"https:\/\/uvethotels.com\/piccolohotel\/?s={search_term_string}\"},\"query-input\":{\"@type\":\"PropertyValueSpecification\",\"valueRequired\":true,\"valueName\":\"search_term_string\"}}],\"inLanguage\":\"it-IT\"},{\"@type\":\"Organization\",\"@id\":\"https:\/\/uvethotels.com\/piccolohotel\/#organization\",\"name\":\"Piccolo Hotel - Uvet Hotels\",\"url\":\"https:\/\/uvethotels.com\/piccolohotel\/\",\"logo\":{\"@type\":\"ImageObject\",\"inLanguage\":\"it-IT\",\"@id\":\"https:\/\/uvethotels.com\/piccolohotel\/#\/schema\/logo\/image\/\",\"url\":\"https:\/\/uvethotels.com\/piccolohotel\/wp-content\/uploads\/sites\/5\/2025\/03\/UHC_logo_verticale_1200x1200.jpg\",\"contentUrl\":\"https:\/\/uvethotels.com\/piccolohotel\/wp-content\/uploads\/sites\/5\/2025\/03\/UHC_logo_verticale_1200x1200.jpg\",\"width\":1200,\"height\":1200,\"caption\":\"Piccolo Hotel - Uvet Hotels\"},\"image\":{\"@id\":\"https:\/\/uvethotels.com\/piccolohotel\/#\/schema\/logo\/image\/\"},\"sameAs\":[\"https:\/\/www.facebook.com\/hotelpiccoloportofino\/\",\"https:\/\/www.instagram.com\/hotel_piccolo_\/\"]}]}<\/script>\n<!-- \/ Yoast SEO plugin. -->","yoast_head_json":{"title":"Portofino, Italie - Hotel Piccolo","description":"La ville est situ\u00e9e dans la baie du golfe du Tigullio, un ancien village de p\u00eacheurs et une partie exclusive de la c\u00f4te ligure. R\u00e9servez vos vacances \u00e0 Portofino.","robots":{"index":"index","follow":"follow","max-snippet":"max-snippet:-1","max-image-preview":"max-image-preview:large","max-video-preview":"max-video-preview:-1"},"canonical":"https:\/\/uvethotels.com\/piccolohotel\/fr\/visiter-portofino\/","og_locale":"it_IT","og_type":"article","og_title":"Portofino, Italie - Hotel Piccolo","og_description":"La ville est situ\u00e9e dans la baie du golfe du Tigullio, un ancien village de p\u00eacheurs et une partie exclusive de la c\u00f4te ligure. R\u00e9servez vos vacances \u00e0 Portofino.","og_url":"https:\/\/uvethotels.com\/piccolohotel\/fr\/visiter-portofino\/","og_site_name":"Piccolo Hotel - Uvet Hotels","article_publisher":"https:\/\/www.facebook.com\/hotelpiccoloportofino\/","article_modified_time":"2025-08-21T10:14:04+00:00","twitter_card":"summary_large_image","twitter_misc":{"Tempo di lettura stimato":"2 minuti"},"schema":{"@context":"https:\/\/schema.org","@graph":[{"@type":"WebPage","@id":"https:\/\/uvethotels.com\/piccolohotel\/fr\/visiter-portofino\/","url":"https:\/\/uvethotels.com\/piccolohotel\/fr\/visiter-portofino\/","name":"Portofino, Italie - Hotel Piccolo","isPartOf":{"@id":"https:\/\/uvethotels.com\/piccolohotel\/#website"},"datePublished":"2024-12-05T10:20:59+00:00","dateModified":"2025-08-21T10:14:04+00:00","description":"La ville est situ\u00e9e dans la baie du golfe du Tigullio, un ancien village de p\u00eacheurs et une partie exclusive de la c\u00f4te ligure. R\u00e9servez vos vacances \u00e0 Portofino.","breadcrumb":{"@id":"https:\/\/uvethotels.com\/piccolohotel\/fr\/visiter-portofino\/#breadcrumb"},"inLanguage":"it-IT","potentialAction":[{"@type":"ReadAction","target":["https:\/\/uvethotels.com\/piccolohotel\/fr\/visiter-portofino\/"]}]},{"@type":"BreadcrumbList","@id":"https:\/\/uvethotels.com\/piccolohotel\/fr\/visiter-portofino\/#breadcrumb","itemListElement":[{"@type":"ListItem","position":1,"name":"Home","item":"https:\/\/uvethotels.com\/piccolohotel\/"},{"@type":"ListItem","position":2,"name":"Portofino"}]},{"@type":"WebSite","@id":"https:\/\/uvethotels.com\/piccolohotel\/#website","url":"https:\/\/uvethotels.com\/piccolohotel\/","name":"Piccolo Hotel - Uvet Hotels","description":"","publisher":{"@id":"https:\/\/uvethotels.com\/piccolohotel\/#organization"},"potentialAction":[{"@type":"SearchAction","target":{"@type":"EntryPoint","urlTemplate":"https:\/\/uvethotels.com\/piccolohotel\/?s={search_term_string}"},"query-input":{"@type":"PropertyValueSpecification","valueRequired":true,"valueName":"search_term_string"}}],"inLanguage":"it-IT"},{"@type":"Organization","@id":"https:\/\/uvethotels.com\/piccolohotel\/#organization","name":"Piccolo Hotel - Uvet Hotels","url":"https:\/\/uvethotels.com\/piccolohotel\/","logo":{"@type":"ImageObject","inLanguage":"it-IT","@id":"https:\/\/uvethotels.com\/piccolohotel\/#\/schema\/logo\/image\/","url":"https:\/\/uvethotels.com\/piccolohotel\/wp-content\/uploads\/sites\/5\/2025\/03\/UHC_logo_verticale_1200x1200.jpg","contentUrl":"https:\/\/uvethotels.com\/piccolohotel\/wp-content\/uploads\/sites\/5\/2025\/03\/UHC_logo_verticale_1200x1200.jpg","width":1200,"height":1200,"caption":"Piccolo Hotel - Uvet Hotels"},"image":{"@id":"https:\/\/uvethotels.com\/piccolohotel\/#\/schema\/logo\/image\/"},"sameAs":["https:\/\/www.facebook.com\/hotelpiccoloportofino\/","https:\/\/www.instagram.com\/hotel_piccolo_\/"]}]}},"_links":{"self":[{"href":"https:\/\/uvethotels.com\/piccolohotel\/wp-json\/wp\/v2\/pages\/5080","targetHints":{"allow":["GET"]}}],"collection":[{"href":"https:\/\/uvethotels.com\/piccolohotel\/wp-json\/wp\/v2\/pages"}],"about":[{"href":"https:\/\/uvethotels.com\/piccolohotel\/wp-json\/wp\/v2\/types\/page"}],"author":[{"embeddable":true,"href":"https:\/\/uvethotels.com\/piccolohotel\/wp-json\/wp\/v2\/users\/1"}],"replies":[{"embeddable":true,"href":"https:\/\/uvethotels.com\/piccolohotel\/wp-json\/wp\/v2\/comments?post=5080"}],"version-history":[{"count":8,"href":"https:\/\/uvethotels.com\/piccolohotel\/wp-json\/wp\/v2\/pages\/5080\/revisions"}],"predecessor-version":[{"id":5730,"href":"https:\/\/uvethotels.com\/piccolohotel\/wp-json\/wp\/v2\/pages\/5080\/revisions\/5730"}],"wp:attachment":[{"href":"https:\/\/uvethotels.com\/piccolohotel\/wp-json\/wp\/v2\/media?parent=5080"}],"curies":[{"name":"wp","href":"https:\/\/api.w.org\/{rel}","templated":true}]}}