{"id":5160,"date":"2024-12-05T14:38:09","date_gmt":"2024-12-05T13:38:09","guid":{"rendered":"https:\/\/uvethc.com\/piccolohotel\/?page_id=5160"},"modified":"2025-08-21T12:12:27","modified_gmt":"2025-08-21T10:12:27","slug":"portofino-besuchen","status":"publish","type":"page","link":"https:\/\/uvethotels.com\/piccolohotel\/de\/portofino-besuchen\/","title":{"rendered":"Portofino"},"content":{"rendered":"\t\t<div data-elementor-type=\"wp-page\" data-elementor-id=\"5160\" class=\"elementor elementor-5160\" data-elementor-post-type=\"page\">\n\t\t\t\t<div class=\"elementor-element elementor-element-14e42542 e-con-full e-flex e-con e-parent\" data-id=\"14e42542\" data-element_type=\"container\" data-e-type=\"container\" data-settings=\"{&quot;background_background&quot;:&quot;classic&quot;}\">\n\t\t\t\t<div class=\"elementor-element elementor-element-e6095b2 elementor-widget elementor-widget-heading\" data-id=\"e6095b2\" data-element_type=\"widget\" data-e-type=\"widget\" data-widget_type=\"heading.default\">\n\t\t\t\t<div class=\"elementor-widget-container\">\n\t\t\t\t\t<h2 class=\"elementor-heading-title elementor-size-default\">Ein verborgenes Juwel, das gesucht und entdeckt werden muss<\/h2>\t\t\t\t<\/div>\n\t\t\t\t<\/div>\n\t\t\t\t<div class=\"elementor-element elementor-element-a5e4924 elementor-widget elementor-widget-heading\" data-id=\"a5e4924\" data-element_type=\"widget\" data-e-type=\"widget\" data-widget_type=\"heading.default\">\n\t\t\t\t<div class=\"elementor-widget-container\">\n\t\t\t\t\t<h2 class=\"elementor-heading-title elementor-size-default\">Portofino<\/h2>\t\t\t\t<\/div>\n\t\t\t\t<\/div>\n\t\t\t\t<\/div>\n\t\t<div class=\"elementor-element elementor-element-d67a3d1 e-flex e-con-boxed e-con e-parent\" data-id=\"d67a3d1\" data-element_type=\"container\" data-e-type=\"container\" id=\"about\" data-settings=\"{&quot;background_background&quot;:&quot;classic&quot;}\">\n\t\t\t\t\t<div class=\"e-con-inner\">\n\t\t<div class=\"elementor-element elementor-element-182e28ef e-flex e-con-boxed e-con e-child\" data-id=\"182e28ef\" data-element_type=\"container\" data-e-type=\"container\">\n\t\t\t\t\t<div class=\"e-con-inner\">\n\t\t<div class=\"elementor-element elementor-element-413f2e32 e-con-full e-flex e-con e-child\" data-id=\"413f2e32\" data-element_type=\"container\" data-e-type=\"container\">\n\t\t\t\t<div class=\"elementor-element elementor-element-3bc7878 elementor-widget elementor-widget-heading\" data-id=\"3bc7878\" data-element_type=\"widget\" data-e-type=\"widget\" data-widget_type=\"heading.default\">\n\t\t\t\t<div class=\"elementor-widget-container\">\n\t\t\t\t\t<h2 class=\"elementor-heading-title elementor-size-default\">Tats\u00e4chlich eine perle am meer\n<\/h2>\t\t\t\t<\/div>\n\t\t\t\t<\/div>\n\t\t\t\t<div class=\"elementor-element elementor-element-fd9c975 elementor-widget-divider--view-line elementor-widget elementor-widget-divider\" data-id=\"fd9c975\" data-element_type=\"widget\" data-e-type=\"widget\" data-widget_type=\"divider.default\">\n\t\t\t\t<div class=\"elementor-widget-container\">\n\t\t\t\t\t\t\t<div class=\"elementor-divider\">\n\t\t\t<span class=\"elementor-divider-separator\">\n\t\t\t\t\t\t<\/span>\n\t\t<\/div>\n\t\t\t\t\t\t<\/div>\n\t\t\t\t<\/div>\n\t\t\t\t<div class=\"elementor-element elementor-element-32c0725 elementor-widget elementor-widget-text-editor\" data-id=\"32c0725\" data-element_type=\"widget\" data-e-type=\"widget\" data-widget_type=\"text-editor.default\">\n\t\t\t\t<div class=\"elementor-widget-container\">\n\t\t\t\t\t\t\t\t\t<p><strong>Hotel Piccolo Portofino<\/strong>\u00a0liegt in einer bevorzugten lage, an den h\u00e4ngen, die ein kennzeichen sind f\u00fcr diese<strong>\u00a0exklusive ligurische k\u00fcstenstrecke<\/strong>\u00a0und mit sicht auf den\u00a0<strong>Golfo del Tigullio<\/strong>.<br \/>In den sechziger jahren ber\u00fchmt geworden, als die hauptfiguren des star systems, Adelige und mitglieder des jet set begannen diese reizvolle ortschaft zu bev\u00f6lkern, um an ihren exklusiven festen teilzunehmen und ihre fantastischen landschaften genie\u00dfen zu k\u00f6nnen, ist Portofino seither unver\u00e4ndert geblieben, angenehm zum leben, aber auch zum anschauen.<\/p>\t\t\t\t\t\t\t\t<\/div>\n\t\t\t\t<\/div>\n\t\t\t\t<\/div>\n\t\t<div class=\"elementor-element elementor-element-3e9de937 e-con-full elementor-hidden-mobile e-flex e-con e-child\" data-id=\"3e9de937\" data-element_type=\"container\" data-e-type=\"container\" data-settings=\"{&quot;background_background&quot;:&quot;classic&quot;}\">\n\t\t\t\t<\/div>\n\t\t\t\t\t<\/div>\n\t\t\t\t<\/div>\n\t\t\t\t\t<\/div>\n\t\t\t\t<\/div>\n\t\t<div class=\"elementor-element elementor-element-2d64454c e-flex e-con-boxed e-con e-parent\" data-id=\"2d64454c\" data-element_type=\"container\" data-e-type=\"container\" data-settings=\"{&quot;background_background&quot;:&quot;classic&quot;}\">\n\t\t\t\t\t<div class=\"e-con-inner\">\n\t\t<div class=\"elementor-element elementor-element-1d86d02 e-con-full animated-slow bg-blur e-flex elementor-invisible e-con e-child\" data-id=\"1d86d02\" data-element_type=\"container\" data-e-type=\"container\" data-settings=\"{&quot;background_background&quot;:&quot;classic&quot;,&quot;animation&quot;:&quot;fadeIn&quot;}\">\n\t\t\t\t<div class=\"elementor-element elementor-element-ba7b7af elementor-widget elementor-widget-heading\" data-id=\"ba7b7af\" data-element_type=\"widget\" data-e-type=\"widget\" data-widget_type=\"heading.default\">\n\t\t\t\t<div class=\"elementor-widget-container\">\n\t\t\t\t\t<h2 class=\"elementor-heading-title elementor-size-default\">Salon unter freiem Himmel<\/h2>\t\t\t\t<\/div>\n\t\t\t\t<\/div>\n\t\t\t\t<div class=\"elementor-element elementor-element-f12e49d elementor-widget-divider--view-line elementor-widget elementor-widget-divider\" data-id=\"f12e49d\" data-element_type=\"widget\" data-e-type=\"widget\" data-widget_type=\"divider.default\">\n\t\t\t\t<div class=\"elementor-widget-container\">\n\t\t\t\t\t\t\t<div class=\"elementor-divider\">\n\t\t\t<span class=\"elementor-divider-separator\">\n\t\t\t\t\t\t<\/span>\n\t\t<\/div>\n\t\t\t\t\t\t<\/div>\n\t\t\t\t<\/div>\n\t\t\t\t<div class=\"elementor-element elementor-element-70e769a elementor-widget elementor-widget-text-editor\" data-id=\"70e769a\" data-element_type=\"widget\" data-e-type=\"widget\" data-widget_type=\"text-editor.default\">\n\t\t\t\t<div class=\"elementor-widget-container\">\n\t\t\t\t\t\t\t\t\t<p>Aber die wahre seele von\u00a0<strong>Portofino<\/strong>\u00a0ersch\u00f6pft nicht in den Yacht und im gesellschaftsleben. Um sie voll zu genie\u00dfen und zu verstehen, sollte man auf ihren ursprung zur\u00fcckgehen, als es ein antikes fischerdorf war, mit engen,\u00a0<strong>verworrenen g\u00e4sschen und bunten h\u00e4uschen, kleinen pl\u00e4tzen<\/strong>\u00a0mit glattem kieselgestein. vielschichtig und einfach zur selben zeit. Portofino ist tats\u00e4chlich eine perle am meer. Ideal f\u00fcr diejenigen, die entspannen, und die zeit in diesem \u201esalon unter freiem himmel\u201c verbringen m\u00f6chten, indem sie in einer der kleinen bars am platz sitzen, an der strandpromenade spazieren oder die sch\u00f6nen str\u00e4nde genie\u00dfen. Zum gro\u00dfen teil h\u00e4ngt der zauber dieser stadt von der geographischen lage ab: Portofino zieht sich aus in einer bucht des Golfo del Tigullio, am fu\u00dfe des gleichnamigen berges. Es handelt sich um ein antikes st\u00e4dtchen am meer, das von den r\u00f6mern unter dem namen Portus Delphini zu Ehren der zahlreichen in der gegend lebenden delphins gegr\u00fcndet wurde.<\/p>\t\t\t\t\t\t\t\t<\/div>\n\t\t\t\t<\/div>\n\t\t\t\t<\/div>\n\t\t\t\t\t<\/div>\n\t\t\t\t<\/div>\n\t\t<div class=\"elementor-element elementor-element-9071b67 e-flex e-con-boxed e-con e-parent\" data-id=\"9071b67\" data-element_type=\"container\" data-e-type=\"container\">\n\t\t\t\t\t<div class=\"e-con-inner\">\n\t\t\t\t<div class=\"elementor-element elementor-element-70052df elementor-widget elementor-widget-heading\" data-id=\"70052df\" data-element_type=\"widget\" data-e-type=\"widget\" data-widget_type=\"heading.default\">\n\t\t\t\t<div class=\"elementor-widget-container\">\n\t\t\t\t\t<h2 class=\"elementor-heading-title elementor-size-default\">Der Portofino-Park<\/h2>\t\t\t\t<\/div>\n\t\t\t\t<\/div>\n\t\t\t\t<div class=\"elementor-element elementor-element-2a28dbb elementor-widget-divider--view-line elementor-widget elementor-widget-divider\" data-id=\"2a28dbb\" data-element_type=\"widget\" data-e-type=\"widget\" data-widget_type=\"divider.default\">\n\t\t\t\t<div class=\"elementor-widget-container\">\n\t\t\t\t\t\t\t<div class=\"elementor-divider\">\n\t\t\t<span class=\"elementor-divider-separator\">\n\t\t\t\t\t\t<\/span>\n\t\t<\/div>\n\t\t\t\t\t\t<\/div>\n\t\t\t\t<\/div>\n\t\t\t\t<div class=\"elementor-element elementor-element-57c42da elementor-widget elementor-widget-text-editor\" data-id=\"57c42da\" data-element_type=\"widget\" data-e-type=\"widget\" data-widget_type=\"text-editor.default\">\n\t\t\t\t<div class=\"elementor-widget-container\">\n\t\t\t\t\t\t\t\t\t<p>Der Portofino-Park, das n\u00f6rdlichste K\u00fcstenschutzgebiet des westlichen Mittelmeers, bietet einige der ber\u00fchmtesten Landschaften der Welt.<\/p><p>Er besteht aus riesigen konglomeratischen Ablagerungen, die \u00fcber Kalksteinb\u00e4nken liegen, und weist solche geomorphologischen und mikroklimatischen Merkmale auf, dass er auf einem begrenzten Gebiet \u00e4u\u00dferst unterschiedliche Umgebungen bietet. In wenigen Schritten gelangt man von den k\u00fchlen Apenninw\u00e4ldern am Nordhang in die sonnige mediterrane Welt oberhalb der Klippen, von der Kastanien- zur Olivenbaumkultur, von den b\u00e4uerlichen Traditionen zu den mit dem Meer verbundenen T\u00e4tigkeiten und der traditionellen Fischerei.<\/p><p>Der seit 1935 gesch\u00fctzte Park beherbergt eine der gr\u00f6\u00dften Flora-Konzentrationen im Mittelmeerraum, eine bemerkenswerte Vielfalt an V\u00f6geln und wirbellosen Tieren sowie wichtige historisch-architektonische Zeugnisse.<\/p><p>Ein \u00fcber 80 km langes Netz von Wanderwegen erm\u00f6glicht Spazierg\u00e4nge und Ausfl\u00fcge von unterschiedlicher L\u00e4nge und Schwierigkeit, bei denen man die Besonderheiten des gesamten Gebiets voll und ganz genie\u00dfen kann.<\/p>\t\t\t\t\t\t\t\t<\/div>\n\t\t\t\t<\/div>\n\t\t\t\t\t<\/div>\n\t\t\t\t<\/div>\n\t\t<div class=\"elementor-element elementor-element-edf86fe e-flex e-con-boxed e-con e-parent\" data-id=\"edf86fe\" data-element_type=\"container\" data-e-type=\"container\" data-settings=\"{&quot;background_background&quot;:&quot;classic&quot;}\">\n\t\t\t\t\t<div class=\"e-con-inner\">\n\t\t\t\t<div class=\"elementor-element elementor-element-41ee55d elementor-align-center prenota elementor-mobile-align-justify elementor-widget elementor-widget-button\" data-id=\"41ee55d\" data-element_type=\"widget\" data-e-type=\"widget\" data-widget_type=\"button.default\">\n\t\t\t\t<div class=\"elementor-widget-container\">\n\t\t\t\t\t\t\t\t\t<div class=\"elementor-button-wrapper\">\n\t\t\t\t\t<a class=\"elementor-button elementor-button-link elementor-size-sm elementor-animation-sink\" href=\"https:\/\/reservations.verticalbooking.com\/premium\/index.html?id_albergo=28387&#038;dc=3807&#038;id_stile=21245&#038;lingua_int=deu\" target=\"_blank\">\n\t\t\t\t\t\t<span class=\"elementor-button-content-wrapper\">\n\t\t\t\t\t\t\t\t\t<span class=\"elementor-button-text\">jetzt buchen<\/span>\n\t\t\t\t\t<\/span>\n\t\t\t\t\t<\/a>\n\t\t\t\t<\/div>\n\t\t\t\t\t\t\t\t<\/div>\n\t\t\t\t<\/div>\n\t\t\t\t\t<\/div>\n\t\t\t\t<\/div>\n\t\t\t\t<\/div>\n\t\t","protected":false},"excerpt":{"rendered":"<p>Ein verborgenes Juwel, das gesucht und entdeckt werden muss Portofino Tats\u00e4chlich eine perle am meer Hotel Piccolo Portofino\u00a0liegt in einer bevorzugten lage, an den h\u00e4ngen, die ein kennzeichen sind f\u00fcr diese\u00a0exklusive ligurische k\u00fcstenstrecke\u00a0und mit sicht auf den\u00a0Golfo del Tigullio. In den sechziger jahren ber\u00fchmt geworden, als die hauptfiguren des star systems, Adelige und mitglieder des [&hellip;]<\/p>\n","protected":false},"author":1,"featured_media":0,"parent":0,"menu_order":0,"comment_status":"closed","ping_status":"closed","template":"","meta":{"_acf_changed":false,"footnotes":""},"class_list":["post-5160","page","type-page","status-publish","hentry"],"acf":[],"yoast_head":"<!-- This site is optimized with the Yoast SEO plugin v27.0 - https:\/\/yoast.com\/product\/yoast-seo-wordpress\/ -->\n<title>Portofino, Italien - Hotel Piccolo<\/title>\n<meta name=\"description\" content=\"Die Stadt liegt in der Bucht des Golfs von Tigullio, einem alten Fischerdorf und exklusiven Abschnitt der ligurischen K\u00fcste. Buchen Sie jetzt Ihren Urlaub in Portofino.\" \/>\n<meta name=\"robots\" content=\"index, follow, max-snippet:-1, max-image-preview:large, max-video-preview:-1\" \/>\n<link rel=\"canonical\" href=\"https:\/\/uvethotels.com\/piccolohotel\/de\/portofino-besuchen\/\" \/>\n<meta property=\"og:locale\" content=\"it_IT\" \/>\n<meta property=\"og:type\" content=\"article\" \/>\n<meta property=\"og:title\" content=\"Portofino, Italien - Hotel Piccolo\" \/>\n<meta property=\"og:description\" content=\"Die Stadt liegt in der Bucht des Golfs von Tigullio, einem alten Fischerdorf und exklusiven Abschnitt der ligurischen K\u00fcste. Buchen Sie jetzt Ihren Urlaub in Portofino.\" \/>\n<meta property=\"og:url\" content=\"https:\/\/uvethotels.com\/piccolohotel\/de\/portofino-besuchen\/\" \/>\n<meta property=\"og:site_name\" content=\"Piccolo Hotel - Uvet Hotels\" \/>\n<meta property=\"article:publisher\" content=\"https:\/\/www.facebook.com\/hotelpiccoloportofino\/\" \/>\n<meta property=\"article:modified_time\" content=\"2025-08-21T10:12:27+00:00\" \/>\n<meta name=\"twitter:card\" content=\"summary_large_image\" \/>\n<meta name=\"twitter:label1\" content=\"Tempo di lettura stimato\" \/>\n\t<meta name=\"twitter:data1\" content=\"3 minuti\" \/>\n<script type=\"application\/ld+json\" class=\"yoast-schema-graph\">{\"@context\":\"https:\/\/schema.org\",\"@graph\":[{\"@type\":\"WebPage\",\"@id\":\"https:\/\/uvethotels.com\/piccolohotel\/de\/portofino-besuchen\/\",\"url\":\"https:\/\/uvethotels.com\/piccolohotel\/de\/portofino-besuchen\/\",\"name\":\"Portofino, Italien - Hotel Piccolo\",\"isPartOf\":{\"@id\":\"https:\/\/uvethotels.com\/piccolohotel\/#website\"},\"datePublished\":\"2024-12-05T13:38:09+00:00\",\"dateModified\":\"2025-08-21T10:12:27+00:00\",\"description\":\"Die Stadt liegt in der Bucht des Golfs von Tigullio, einem alten Fischerdorf und exklusiven Abschnitt der ligurischen K\u00fcste. Buchen Sie jetzt Ihren Urlaub in Portofino.\",\"breadcrumb\":{\"@id\":\"https:\/\/uvethotels.com\/piccolohotel\/de\/portofino-besuchen\/#breadcrumb\"},\"inLanguage\":\"it-IT\",\"potentialAction\":[{\"@type\":\"ReadAction\",\"target\":[\"https:\/\/uvethotels.com\/piccolohotel\/de\/portofino-besuchen\/\"]}]},{\"@type\":\"BreadcrumbList\",\"@id\":\"https:\/\/uvethotels.com\/piccolohotel\/de\/portofino-besuchen\/#breadcrumb\",\"itemListElement\":[{\"@type\":\"ListItem\",\"position\":1,\"name\":\"Home\",\"item\":\"https:\/\/uvethotels.com\/piccolohotel\/\"},{\"@type\":\"ListItem\",\"position\":2,\"name\":\"Portofino\"}]},{\"@type\":\"WebSite\",\"@id\":\"https:\/\/uvethotels.com\/piccolohotel\/#website\",\"url\":\"https:\/\/uvethotels.com\/piccolohotel\/\",\"name\":\"Piccolo Hotel - Uvet Hotels\",\"description\":\"\",\"publisher\":{\"@id\":\"https:\/\/uvethotels.com\/piccolohotel\/#organization\"},\"potentialAction\":[{\"@type\":\"SearchAction\",\"target\":{\"@type\":\"EntryPoint\",\"urlTemplate\":\"https:\/\/uvethotels.com\/piccolohotel\/?s={search_term_string}\"},\"query-input\":{\"@type\":\"PropertyValueSpecification\",\"valueRequired\":true,\"valueName\":\"search_term_string\"}}],\"inLanguage\":\"it-IT\"},{\"@type\":\"Organization\",\"@id\":\"https:\/\/uvethotels.com\/piccolohotel\/#organization\",\"name\":\"Piccolo Hotel - Uvet Hotels\",\"url\":\"https:\/\/uvethotels.com\/piccolohotel\/\",\"logo\":{\"@type\":\"ImageObject\",\"inLanguage\":\"it-IT\",\"@id\":\"https:\/\/uvethotels.com\/piccolohotel\/#\/schema\/logo\/image\/\",\"url\":\"https:\/\/uvethotels.com\/piccolohotel\/wp-content\/uploads\/sites\/5\/2025\/03\/UHC_logo_verticale_1200x1200.jpg\",\"contentUrl\":\"https:\/\/uvethotels.com\/piccolohotel\/wp-content\/uploads\/sites\/5\/2025\/03\/UHC_logo_verticale_1200x1200.jpg\",\"width\":1200,\"height\":1200,\"caption\":\"Piccolo Hotel - Uvet Hotels\"},\"image\":{\"@id\":\"https:\/\/uvethotels.com\/piccolohotel\/#\/schema\/logo\/image\/\"},\"sameAs\":[\"https:\/\/www.facebook.com\/hotelpiccoloportofino\/\",\"https:\/\/www.instagram.com\/hotel_piccolo_\/\"]}]}<\/script>\n<!-- \/ Yoast SEO plugin. -->","yoast_head_json":{"title":"Portofino, Italien - Hotel Piccolo","description":"Die Stadt liegt in der Bucht des Golfs von Tigullio, einem alten Fischerdorf und exklusiven Abschnitt der ligurischen K\u00fcste. Buchen Sie jetzt Ihren Urlaub in Portofino.","robots":{"index":"index","follow":"follow","max-snippet":"max-snippet:-1","max-image-preview":"max-image-preview:large","max-video-preview":"max-video-preview:-1"},"canonical":"https:\/\/uvethotels.com\/piccolohotel\/de\/portofino-besuchen\/","og_locale":"it_IT","og_type":"article","og_title":"Portofino, Italien - Hotel Piccolo","og_description":"Die Stadt liegt in der Bucht des Golfs von Tigullio, einem alten Fischerdorf und exklusiven Abschnitt der ligurischen K\u00fcste. Buchen Sie jetzt Ihren Urlaub in Portofino.","og_url":"https:\/\/uvethotels.com\/piccolohotel\/de\/portofino-besuchen\/","og_site_name":"Piccolo Hotel - Uvet Hotels","article_publisher":"https:\/\/www.facebook.com\/hotelpiccoloportofino\/","article_modified_time":"2025-08-21T10:12:27+00:00","twitter_card":"summary_large_image","twitter_misc":{"Tempo di lettura stimato":"3 minuti"},"schema":{"@context":"https:\/\/schema.org","@graph":[{"@type":"WebPage","@id":"https:\/\/uvethotels.com\/piccolohotel\/de\/portofino-besuchen\/","url":"https:\/\/uvethotels.com\/piccolohotel\/de\/portofino-besuchen\/","name":"Portofino, Italien - Hotel Piccolo","isPartOf":{"@id":"https:\/\/uvethotels.com\/piccolohotel\/#website"},"datePublished":"2024-12-05T13:38:09+00:00","dateModified":"2025-08-21T10:12:27+00:00","description":"Die Stadt liegt in der Bucht des Golfs von Tigullio, einem alten Fischerdorf und exklusiven Abschnitt der ligurischen K\u00fcste. Buchen Sie jetzt Ihren Urlaub in Portofino.","breadcrumb":{"@id":"https:\/\/uvethotels.com\/piccolohotel\/de\/portofino-besuchen\/#breadcrumb"},"inLanguage":"it-IT","potentialAction":[{"@type":"ReadAction","target":["https:\/\/uvethotels.com\/piccolohotel\/de\/portofino-besuchen\/"]}]},{"@type":"BreadcrumbList","@id":"https:\/\/uvethotels.com\/piccolohotel\/de\/portofino-besuchen\/#breadcrumb","itemListElement":[{"@type":"ListItem","position":1,"name":"Home","item":"https:\/\/uvethotels.com\/piccolohotel\/"},{"@type":"ListItem","position":2,"name":"Portofino"}]},{"@type":"WebSite","@id":"https:\/\/uvethotels.com\/piccolohotel\/#website","url":"https:\/\/uvethotels.com\/piccolohotel\/","name":"Piccolo Hotel - Uvet Hotels","description":"","publisher":{"@id":"https:\/\/uvethotels.com\/piccolohotel\/#organization"},"potentialAction":[{"@type":"SearchAction","target":{"@type":"EntryPoint","urlTemplate":"https:\/\/uvethotels.com\/piccolohotel\/?s={search_term_string}"},"query-input":{"@type":"PropertyValueSpecification","valueRequired":true,"valueName":"search_term_string"}}],"inLanguage":"it-IT"},{"@type":"Organization","@id":"https:\/\/uvethotels.com\/piccolohotel\/#organization","name":"Piccolo Hotel - Uvet Hotels","url":"https:\/\/uvethotels.com\/piccolohotel\/","logo":{"@type":"ImageObject","inLanguage":"it-IT","@id":"https:\/\/uvethotels.com\/piccolohotel\/#\/schema\/logo\/image\/","url":"https:\/\/uvethotels.com\/piccolohotel\/wp-content\/uploads\/sites\/5\/2025\/03\/UHC_logo_verticale_1200x1200.jpg","contentUrl":"https:\/\/uvethotels.com\/piccolohotel\/wp-content\/uploads\/sites\/5\/2025\/03\/UHC_logo_verticale_1200x1200.jpg","width":1200,"height":1200,"caption":"Piccolo Hotel - Uvet Hotels"},"image":{"@id":"https:\/\/uvethotels.com\/piccolohotel\/#\/schema\/logo\/image\/"},"sameAs":["https:\/\/www.facebook.com\/hotelpiccoloportofino\/","https:\/\/www.instagram.com\/hotel_piccolo_\/"]}]}},"_links":{"self":[{"href":"https:\/\/uvethotels.com\/piccolohotel\/wp-json\/wp\/v2\/pages\/5160","targetHints":{"allow":["GET"]}}],"collection":[{"href":"https:\/\/uvethotels.com\/piccolohotel\/wp-json\/wp\/v2\/pages"}],"about":[{"href":"https:\/\/uvethotels.com\/piccolohotel\/wp-json\/wp\/v2\/types\/page"}],"author":[{"embeddable":true,"href":"https:\/\/uvethotels.com\/piccolohotel\/wp-json\/wp\/v2\/users\/1"}],"replies":[{"embeddable":true,"href":"https:\/\/uvethotels.com\/piccolohotel\/wp-json\/wp\/v2\/comments?post=5160"}],"version-history":[{"count":5,"href":"https:\/\/uvethotels.com\/piccolohotel\/wp-json\/wp\/v2\/pages\/5160\/revisions"}],"predecessor-version":[{"id":5729,"href":"https:\/\/uvethotels.com\/piccolohotel\/wp-json\/wp\/v2\/pages\/5160\/revisions\/5729"}],"wp:attachment":[{"href":"https:\/\/uvethotels.com\/piccolohotel\/wp-json\/wp\/v2\/media?parent=5160"}],"curies":[{"name":"wp","href":"https:\/\/api.w.org\/{rel}","templated":true}]}}