{"id":5255,"date":"2024-12-06T14:49:22","date_gmt":"2024-12-06T13:49:22","guid":{"rendered":"https:\/\/uvethc.com\/piccolohotel\/?page_id=5255"},"modified":"2025-03-04T17:38:28","modified_gmt":"2025-03-04T16:38:28","slug":"privacy-policy-3","status":"publish","type":"page","link":"https:\/\/uvethotels.com\/piccolohotel\/fr\/privacy-policy-3\/","title":{"rendered":"Privacy Policy"},"content":{"rendered":"\t\t<div data-elementor-type=\"wp-page\" data-elementor-id=\"5255\" class=\"elementor elementor-5255\" data-elementor-post-type=\"page\">\n\t\t\t\t<div class=\"elementor-element elementor-element-ea04e82 e-flex e-con-boxed e-con e-parent\" data-id=\"ea04e82\" data-element_type=\"container\" data-e-type=\"container\" data-settings=\"{&quot;background_background&quot;:&quot;classic&quot;}\">\n\t\t\t\t\t<div class=\"e-con-inner\">\n\t\t\t\t<div class=\"elementor-element elementor-element-c93775d elementor-widget elementor-widget-heading\" data-id=\"c93775d\" data-element_type=\"widget\" data-e-type=\"widget\" data-widget_type=\"heading.default\">\n\t\t\t\t<div class=\"elementor-widget-container\">\n\t\t\t\t\t<h2 class=\"elementor-heading-title elementor-size-default\">Privacy Policy<\/h2>\t\t\t\t<\/div>\n\t\t\t\t<\/div>\n\t\t\t\t<div class=\"elementor-element elementor-element-5116c76 elementor-widget elementor-widget-heading\" data-id=\"5116c76\" data-element_type=\"widget\" data-e-type=\"widget\" data-widget_type=\"heading.default\">\n\t\t\t\t<div class=\"elementor-widget-container\">\n\t\t\t\t\t<h2 class=\"elementor-heading-title elementor-size-default\">\nInformations conform\u00e9ment aux articles 12 et 13 du r\u00e8glement europ\u00e9en sur la protection des donn\u00e9es personnelles n\u00b0 2016\/679<\/h2>\t\t\t\t<\/div>\n\t\t\t\t<\/div>\n\t\t\t\t\t<\/div>\n\t\t\t\t<\/div>\n\t\t<div class=\"elementor-element elementor-element-2d19d579 e-flex e-con-boxed e-con e-parent\" data-id=\"2d19d579\" data-element_type=\"container\" data-e-type=\"container\">\n\t\t\t\t\t<div class=\"e-con-inner\">\n\t\t\t\t<div class=\"elementor-element elementor-element-4b6a81d5 elementor-widget elementor-widget-text-editor\" data-id=\"4b6a81d5\" data-element_type=\"widget\" data-e-type=\"widget\" data-widget_type=\"text-editor.default\">\n\t\t\t\t<div class=\"elementor-widget-container\">\n\t\t\t\t\t\t\t\t\t<p>Conform\u00e9ment \u00e0 l\u2019article 4, paragraphe 7, et 26 du RGPD, les co-responsables du traitement des donn\u00e9es personnelles sont : Uvet Hotel Company S.r.l. et Uvet Dyoniso S.r.l. (collectivement appel\u00e9es \u00ab\u00a0Uvet Hotels\u00a0\u00bb ou les \u00ab\u00a0Co-responsables\u00a0\u00bb), toutes deux situ\u00e9es \u00e0 Bastioni di Porta Volta 10, 20121 Milan, Italie.<br \/>Les co-responsables ont conjointement d\u00e9fini les objectifs et les moyens de traitement et ont pr\u00e9cis\u00e9, par un accord interne, leurs responsabilit\u00e9s respectives en mati\u00e8re de conformit\u00e9 avec les obligations du RGPD, dont le contenu est communiqu\u00e9 aux personnes concern\u00e9es comme suit.<\/p><p><strong>Objectifs du traitement<\/strong><\/p><p>Uvet Hotels informe que le traitement des donn\u00e9es personnelles collect\u00e9es directement via le site web vise \u00e0 :<\/p><ol><li><p>R\u00e9pondre \u00e0 la demande sp\u00e9cifique de l\u2019utilisateur en envoyant un message via le formulaire de contact. Cela peut inclure la collecte de l\u2019adresse de l\u2019exp\u00e9diteur, n\u00e9cessaire pour r\u00e9pondre aux demandes, ainsi que toute autre donn\u00e9e personnelle incluse dans le message.<\/p><\/li><li><p>Inscrire l\u2019utilisateur, avec son consentement, \u00e0 la newsletter d\u2019Uvet Hotels, afin de recevoir des informations, promotions et offres sp\u00e9ciales li\u00e9es aux propri\u00e9t\u00e9s et initiatives d\u2019Uvet Hotels.<\/p><\/li><li><p>G\u00e9rer les activit\u00e9s de contr\u00f4le et de gestion interne en transmettant les donn\u00e9es n\u00e9cessaires au sein du groupe Uvet, dont les co-responsables font partie.<\/p><\/li><li><p>Avec le consentement pr\u00e9alable de l\u2019utilisateur, utiliser l\u2019adresse e-mail pour envoyer des communications commerciales, promouvoir des \u00e9v\u00e9nements et des activit\u00e9s li\u00e9es au tourisme et aux voyages, promus par d\u2019autres entreprises du groupe Uvet.<\/p><\/li><\/ol><p><strong>Base l\u00e9gale du traitement et fourniture des donn\u00e9es<\/strong><\/p><p>Conform\u00e9ment \u00e0 l\u2019article 6 du r\u00e8glement (UE), le traitement est licite car il est n\u00e9cessaire \u00e0 l\u2019ex\u00e9cution correcte et compl\u00e8te de la demande formul\u00e9e par la personne concern\u00e9e ou \u00e0 l\u2019ex\u00e9cution correcte des obligations contractuelles ou pr\u00e9contractuelles envers la personne concern\u00e9e, et ne n\u00e9cessite pas de consentement pour le traitement des donn\u00e9es. Fournir les donn\u00e9es est n\u00e9cessaire pour r\u00e9pondre \u00e0 la demande initi\u00e9e par la personne concern\u00e9e.<br \/>Conform\u00e9ment \u00e0 l\u2019article 6, paragraphe 1, lettre f) du r\u00e8glement (UE), le traitement li\u00e9 \u00e0 l\u2019objectif 3 repose sur l\u2019int\u00e9r\u00eat l\u00e9gitime du responsable du traitement, qui, conform\u00e9ment au consid\u00e9rant 47 du r\u00e8glement (UE), a effectu\u00e9 un \u00e9quilibre entre ses int\u00e9r\u00eats et les droits et libert\u00e9s des personnes concern\u00e9es, en tenant compte de la relation entre la personne concern\u00e9e et les co-responsables. Le traitement est \u00e9galement effectu\u00e9 en vertu du consid\u00e9rant 48 du r\u00e8glement (UE), relatif \u00e0 l\u2019appartenance du responsable du traitement \u00e0 un groupe d\u2019entreprises.<\/p><p>Concernant les objectifs 2 et 4, en vertu de l\u2019article 6, paragraphe 1, lettre a) du r\u00e8glement (UE), le traitement repose sur le consentement de la personne concern\u00e9e. La fourniture de donn\u00e9es \u00e0 des fins de marketing est facultative et le refus de fournir ces donn\u00e9es n\u2019a pas de cons\u00e9quence, \u00e0 l\u2019exception de l\u2019impossibilit\u00e9 de recevoir des communications promotionnelles. Le consentement peut \u00eatre retir\u00e9 \u00e0 tout moment pour des fins promotionnelles.<\/p><p><strong>Types de donn\u00e9es personnelles collect\u00e9es<\/strong><\/p><p>Les donn\u00e9es personnelles collect\u00e9es via le site web comprennent sp\u00e9cifiquement des donn\u00e9es d\u2019identification (pr\u00e9nom et nom), des coordonn\u00e9es (adresse e-mail et num\u00e9ro de t\u00e9l\u00e9phone, \u00e9ventuellement fournies par l\u2019utilisateur), ainsi que toutes autres donn\u00e9es personnelles saisies dans le champ \u00ab\u00a0Message\u00a0\u00bb par l\u2019utilisateur via le formulaire de contact.<br \/>Outre les donn\u00e9es fournies directement et volontairement par l\u2019utilisateur, les syst\u00e8mes informatiques et logiciels utilis\u00e9s pour exploiter ce site web collectent, dans le cadre de leur fonctionnement normal, certaines donn\u00e9es de navigation dont la transmission est implicite dans l\u2019utilisation des protocoles de communication Internet.<br \/>Ces informations ne sont pas collect\u00e9es dans le but d\u2019associer une personne concern\u00e9e \u00e0 ces donn\u00e9es, mais peuvent, en raison de leur nature, permettre d\u2019identifier l\u2019utilisateur par traitement et association avec d\u2019autres donn\u00e9es d\u00e9tenues par des tiers. Ce type de donn\u00e9es comprend les adresses IP ou les noms de domaine des ordinateurs utilis\u00e9s par les utilisateurs qui se connectent au site, ainsi que d\u2019autres param\u00e8tres li\u00e9s au syst\u00e8me d\u2019exploitation et \u00e0 l\u2019environnement informatique de l\u2019utilisateur. Ces donn\u00e9es sont utilis\u00e9es uniquement pour obtenir des informations statistiques anonymes sur l\u2019utilisation du site et en v\u00e9rifier le bon fonctionnement. Ces donn\u00e9es peuvent \u00eatre utilis\u00e9es pour d\u00e9terminer la responsabilit\u00e9 en cas de crimes informatiques hypoth\u00e9tiques contre le site.<br \/>Pour plus d\u2019informations, consultez notre Politique de Cookies.<br \/>Les co-responsables ne collectent pas d\u00e9lib\u00e9r\u00e9ment de donn\u00e9es sensibles via ce site web.<\/p><p><strong>M\u00e9thodes de traitement<\/strong><\/p><p>Le traitement des donn\u00e9es personnelles implique leur collecte, enregistrement, organisation, stockage, traitement, modification, s\u00e9lection, extraction, comparaison, utilisation, interconnexion, verrouillage, communication, diffusion, suppression et destruction ou la combinaison de deux ou plusieurs de ces op\u00e9rations, y compris par des outils automatis\u00e9s utilis\u00e9s pour stocker, g\u00e9rer et transf\u00e9rer les donn\u00e9es, en utilisant des m\u00e9thodes garantissant la s\u00e9curit\u00e9 et la confidentialit\u00e9.<br \/>Concernant la s\u00e9curit\u00e9, nous vous informons que la base de donn\u00e9es est accessible uniquement au personnel autoris\u00e9 par le responsable du traitement, pour les op\u00e9rations susmentionn\u00e9es, et que le traitement de vos donn\u00e9es sera effectu\u00e9 avec des m\u00e9thodes et des outils garantissant la confidentialit\u00e9. Le traitement peut \u00eatre effectu\u00e9 par des moyens \u00e9lectroniques ou automatis\u00e9s, ainsi que non automatis\u00e9s (archives papier), avec des mesures de s\u00e9curit\u00e9 ad\u00e9quates, conform\u00e9ment \u00e0 la r\u00e8glementation (UE) 2016\/679 sur la protection des donn\u00e9es personnelles, pour \u00e9viter toute perte de donn\u00e9es, utilisation ill\u00e9gale ou incorrecte et tout acc\u00e8s non autoris\u00e9.<\/p><p><strong>Destinataires des donn\u00e9es<\/strong><\/p><p>Les entit\u00e9s qui peuvent avoir connaissance des donn\u00e9es personnelles, dans la mesure strictement n\u00e9cessaire pour accomplir les objectifs d\u00e9finis ci-dessus, sont les personnes autoris\u00e9es \u00e0 traiter les donn\u00e9es personnelles par Uvet Hotels.<br \/>Pour r\u00e9aliser les objectifs ci-dessus et effectuer certaines fonctions li\u00e9es \u00e0 la gestion de l\u2019entreprise, les co-responsables font appel \u00e0 des tiers et\/ou des entreprises auxquelles ils transmettent les donn\u00e9es n\u00e9cessaires, y compris :<\/p><ul><li>Entreprises tierces g\u00e9rant l\u2019infrastructure informatique du responsable du traitement.<\/li><li>Les \u00e9tablissements h\u00f4teliers, tels que demand\u00e9s dans le formulaire de contact par l\u2019utilisateur.<\/li><li>Les entreprises du groupe Uvet pour les activit\u00e9s li\u00e9es au contr\u00f4le du syst\u00e8me de gestion organisationnelle ou de l\u2019infrastructure technologique.<br \/>Une liste des responsables externes du traitement peut \u00eatre consult\u00e9e aupr\u00e8s du responsable du traitement.<\/li><\/ul><p><strong>Transfert des donn\u00e9es personnelles vers des pays tiers ou des organisations internationales<\/strong><\/p><p>Les co-responsables ne transf\u00e8rent pas de donn\u00e9es personnelles vers des pays tiers ou des organisations internationales. Cependant, Uvet Hotels garantit que les garanties appropri\u00e9es sont respect\u00e9es, telles que : le transfert de donn\u00e9es vers des pays jug\u00e9s ad\u00e9quats par la Commission europ\u00e9enne ; la signature de clauses contractuelles types pour le transfert de donn\u00e9es en dehors de l\u2019UE, telles que d\u00e9finies par la Commission europ\u00e9enne, pour garantir un transfert et un traitement s\u00e9curis\u00e9s et l\u00e9gaux des donn\u00e9es en dehors de l\u2019UE ; ou tout autre m\u00e9canisme de transfert international approuv\u00e9 par les lois applicables.<\/p><p><strong>Liens vers des sites Web tiers et utilisation des m\u00e9dias sociaux<\/strong><\/p><p>Nous invitons les utilisateurs \u00e0 noter que le site peut contenir des liens vers d\u2019autres sites qui ne sont pas couverts par la pr\u00e9sente politique de confidentialit\u00e9, ou vers des plateformes de m\u00e9dias sociaux menant \u00e0 des serveurs install\u00e9s par des tiers ou des organisations sur lesquels les co-responsables n\u2019ont aucun contr\u00f4le. Les co-responsables ne font aucune d\u00e9claration et n\u2019assument aucune responsabilit\u00e9 concernant l\u2019exactitude ou tout autre aspect des informations disponibles sur ces sites. Un lien vers un site tiers ne doit pas \u00eatre interpr\u00e9t\u00e9 comme une validation des produits et services offerts par un tiers par les co-responsables. Uvet Hotels ne fait aucune d\u00e9claration ou garantie concernant l\u2019utilisation ou le stockage des donn\u00e9es des utilisateurs sur des sites tiers.<br \/>Les utilisateurs sont invit\u00e9s \u00e0 examiner attentivement la politique de confidentialit\u00e9 des sites web tiers li\u00e9s \u00e0 notre site web pour comprendre pleinement comment leurs donn\u00e9es personnelles peuvent \u00eatre utilis\u00e9es.<\/p><p><strong>Conservation des donn\u00e9es<\/strong><\/p><p>Les donn\u00e9es personnelles fournies par les utilisateurs via ce site sont conserv\u00e9es pendant la dur\u00e9e n\u00e9cessaire pour r\u00e9pondre \u00e0 leur demande. Les donn\u00e9es fournies \u00e0 des fins publicitaires sont conserv\u00e9es pendant une p\u00e9riode correspondant \u00e0 l\u2019objectif poursuivi, et ne d\u00e9passant pas 5 ans \u00e0 compter de la derni\u00e8re interaction de l\u2019utilisateur avec Uvet Hotels, sous r\u00e9serve du droit de l\u2019utilisateur de retirer son consentement \u00e0 tout moment.<\/p><p><strong>Droits des personnes concern\u00e9es<\/strong><\/p><p>Conform\u00e9ment au r\u00e8glement europ\u00e9en, les personnes concern\u00e9es ont le droit de demander au responsable du traitement l\u2019acc\u00e8s \u00e0 leurs donn\u00e9es personnelles (Art. 15), la rectification de celles-ci (Art. 16), leur suppression ou effacement (Art. 17), la limitation du traitement (Art. 18), la portabilit\u00e9 des donn\u00e9es (Art. 20) ou de s\u2019opposer au traitement (Art. 21), ainsi que de ne pas \u00eatre soumises \u00e0 une d\u00e9cision automatis\u00e9e bas\u00e9e uniquement sur le traitement automatis\u00e9, y compris la cr\u00e9ation de profils, qui aurait des effets juridiques sur elles ou qui les affecterait de mani\u00e8re significative (Art. 22).<br \/>Si le traitement est fond\u00e9 sur le consentement de la personne concern\u00e9e, celle-ci a le droit, conform\u00e9ment \u00e0 l\u2019article 7, paragraphe 3 du r\u00e8glement (UE), de retirer son consentement \u00e0 tout moment.<br \/>La personne concern\u00e9e a \u00e9galement le droit de d\u00e9poser une plainte aupr\u00e8s de l\u2019autorit\u00e9 de protection des donn\u00e9es si elle estime que le traitement de ses donn\u00e9es personnelles ne respecte pas les exigences du r\u00e8glement (UE).<br \/>Les demandes peuvent \u00eatre envoy\u00e9es au responsable du traitement :<\/p><ul><li>Par lettre recommand\u00e9e \u00e0 l\u2019adresse suivante : Bastioni di Porta Volta 10, 20121 Milan.<\/li><li>Par e-mail \u00e0 :\u00a0<a rel=\"noopener\">privacy@uvet.com<\/a><\/li><li>En contactant le D\u00e9l\u00e9gu\u00e9 \u00e0 la Protection des Donn\u00e9es.<\/li><\/ul><p><strong>D\u00e9l\u00e9gu\u00e9 \u00e0 la protection des donn\u00e9es<\/strong><\/p><p>Adresse : Bastioni di Porta Volta 10, 20121 Milan, Italie.<br \/>T\u00e9l\u00e9phone : +39 02 818381<br \/>E-mail :\u00a0<a rel=\"noopener\">dpo@uvet.com<\/a><\/p><p><strong>Modifications de cette politique<\/strong><\/p><p>Uvet Hotels se r\u00e9serve le droit de modifier cette d\u00e9claration \u00e0 tout moment.<br \/>Nous conseillons aux utilisateurs de consulter r\u00e9guli\u00e8rement cette page pour rester inform\u00e9s.<\/p>\t\t\t\t\t\t\t\t<\/div>\n\t\t\t\t<\/div>\n\t\t\t\t\t<\/div>\n\t\t\t\t<\/div>\n\t\t\t\t<\/div>\n\t\t","protected":false},"excerpt":{"rendered":"<p>Privacy Policy Informations conform\u00e9ment aux articles 12 et 13 du r\u00e8glement europ\u00e9en sur la protection des donn\u00e9es personnelles n\u00b0 2016\/679 Conform\u00e9ment \u00e0 l\u2019article 4, paragraphe 7, et 26 du RGPD, les co-responsables du traitement des donn\u00e9es personnelles sont : Uvet Hotel Company S.r.l. et Uvet Dyoniso S.r.l. (collectivement appel\u00e9es \u00ab\u00a0Uvet Hotels\u00a0\u00bb ou les \u00ab\u00a0Co-responsables\u00a0\u00bb), toutes [&hellip;]<\/p>\n","protected":false},"author":1,"featured_media":0,"parent":0,"menu_order":0,"comment_status":"closed","ping_status":"closed","template":"elementor_header_footer","meta":{"_acf_changed":false,"footnotes":""},"class_list":["post-5255","page","type-page","status-publish","hentry"],"acf":[],"yoast_head":"<!-- This site is optimized with the Yoast SEO plugin v27.0 - https:\/\/yoast.com\/product\/yoast-seo-wordpress\/ -->\n<title>Privacy Policy - Piccolo Hotel - Uvet Hotels<\/title>\n<meta name=\"robots\" content=\"noindex, nofollow\" \/>\n<meta property=\"og:locale\" content=\"it_IT\" \/>\n<meta property=\"og:type\" content=\"article\" \/>\n<meta property=\"og:title\" content=\"Privacy Policy - Piccolo Hotel - Uvet Hotels\" \/>\n<meta property=\"og:description\" content=\"Privacy Policy Informations conform\u00e9ment aux articles 12 et 13 du r\u00e8glement europ\u00e9en sur la protection des donn\u00e9es personnelles n\u00b0 2016\/679 Conform\u00e9ment \u00e0 l\u2019article 4, paragraphe 7, et 26 du RGPD, les co-responsables du traitement des donn\u00e9es personnelles sont : Uvet Hotel Company S.r.l. et Uvet Dyoniso S.r.l. (collectivement appel\u00e9es \u00ab\u00a0Uvet Hotels\u00a0\u00bb ou les \u00ab\u00a0Co-responsables\u00a0\u00bb), toutes [&hellip;]\" \/>\n<meta property=\"og:url\" content=\"https:\/\/uvethotels.com\/piccolohotel\/fr\/privacy-policy-3\/\" \/>\n<meta property=\"og:site_name\" content=\"Piccolo Hotel - Uvet Hotels\" \/>\n<meta property=\"article:publisher\" content=\"https:\/\/www.facebook.com\/hotelpiccoloportofino\/\" \/>\n<meta property=\"article:modified_time\" content=\"2025-03-04T16:38:28+00:00\" \/>\n<meta name=\"twitter:card\" content=\"summary_large_image\" \/>\n<meta name=\"twitter:label1\" content=\"Tempo di lettura stimato\" \/>\n\t<meta name=\"twitter:data1\" content=\"9 minuti\" \/>\n<script type=\"application\/ld+json\" class=\"yoast-schema-graph\">{\"@context\":\"https:\/\/schema.org\",\"@graph\":[{\"@type\":\"WebPage\",\"@id\":\"https:\/\/uvethotels.com\/piccolohotel\/fr\/privacy-policy-3\/\",\"url\":\"https:\/\/uvethotels.com\/piccolohotel\/fr\/privacy-policy-3\/\",\"name\":\"Privacy Policy - Piccolo Hotel - Uvet Hotels\",\"isPartOf\":{\"@id\":\"https:\/\/uvethotels.com\/piccolohotel\/#website\"},\"datePublished\":\"2024-12-06T13:49:22+00:00\",\"dateModified\":\"2025-03-04T16:38:28+00:00\",\"breadcrumb\":{\"@id\":\"https:\/\/uvethotels.com\/piccolohotel\/fr\/privacy-policy-3\/#breadcrumb\"},\"inLanguage\":\"it-IT\",\"potentialAction\":[{\"@type\":\"ReadAction\",\"target\":[\"https:\/\/uvethotels.com\/piccolohotel\/fr\/privacy-policy-3\/\"]}]},{\"@type\":\"BreadcrumbList\",\"@id\":\"https:\/\/uvethotels.com\/piccolohotel\/fr\/privacy-policy-3\/#breadcrumb\",\"itemListElement\":[{\"@type\":\"ListItem\",\"position\":1,\"name\":\"Home\",\"item\":\"https:\/\/uvethotels.com\/piccolohotel\/\"},{\"@type\":\"ListItem\",\"position\":2,\"name\":\"Privacy Policy\"}]},{\"@type\":\"WebSite\",\"@id\":\"https:\/\/uvethotels.com\/piccolohotel\/#website\",\"url\":\"https:\/\/uvethotels.com\/piccolohotel\/\",\"name\":\"Piccolo Hotel - Uvet Hotels\",\"description\":\"\",\"publisher\":{\"@id\":\"https:\/\/uvethotels.com\/piccolohotel\/#organization\"},\"potentialAction\":[{\"@type\":\"SearchAction\",\"target\":{\"@type\":\"EntryPoint\",\"urlTemplate\":\"https:\/\/uvethotels.com\/piccolohotel\/?s={search_term_string}\"},\"query-input\":{\"@type\":\"PropertyValueSpecification\",\"valueRequired\":true,\"valueName\":\"search_term_string\"}}],\"inLanguage\":\"it-IT\"},{\"@type\":\"Organization\",\"@id\":\"https:\/\/uvethotels.com\/piccolohotel\/#organization\",\"name\":\"Piccolo Hotel - Uvet Hotels\",\"url\":\"https:\/\/uvethotels.com\/piccolohotel\/\",\"logo\":{\"@type\":\"ImageObject\",\"inLanguage\":\"it-IT\",\"@id\":\"https:\/\/uvethotels.com\/piccolohotel\/#\/schema\/logo\/image\/\",\"url\":\"https:\/\/uvethotels.com\/piccolohotel\/wp-content\/uploads\/sites\/5\/2025\/03\/UHC_logo_verticale_1200x1200.jpg\",\"contentUrl\":\"https:\/\/uvethotels.com\/piccolohotel\/wp-content\/uploads\/sites\/5\/2025\/03\/UHC_logo_verticale_1200x1200.jpg\",\"width\":1200,\"height\":1200,\"caption\":\"Piccolo Hotel - Uvet Hotels\"},\"image\":{\"@id\":\"https:\/\/uvethotels.com\/piccolohotel\/#\/schema\/logo\/image\/\"},\"sameAs\":[\"https:\/\/www.facebook.com\/hotelpiccoloportofino\/\",\"https:\/\/www.instagram.com\/hotel_piccolo_\/\"]}]}<\/script>\n<!-- \/ Yoast SEO plugin. -->","yoast_head_json":{"title":"Privacy Policy - Piccolo Hotel - Uvet Hotels","robots":{"index":"noindex","follow":"nofollow"},"og_locale":"it_IT","og_type":"article","og_title":"Privacy Policy - Piccolo Hotel - Uvet Hotels","og_description":"Privacy Policy Informations conform\u00e9ment aux articles 12 et 13 du r\u00e8glement europ\u00e9en sur la protection des donn\u00e9es personnelles n\u00b0 2016\/679 Conform\u00e9ment \u00e0 l\u2019article 4, paragraphe 7, et 26 du RGPD, les co-responsables du traitement des donn\u00e9es personnelles sont : Uvet Hotel Company S.r.l. et Uvet Dyoniso S.r.l. (collectivement appel\u00e9es \u00ab\u00a0Uvet Hotels\u00a0\u00bb ou les \u00ab\u00a0Co-responsables\u00a0\u00bb), toutes [&hellip;]","og_url":"https:\/\/uvethotels.com\/piccolohotel\/fr\/privacy-policy-3\/","og_site_name":"Piccolo Hotel - Uvet Hotels","article_publisher":"https:\/\/www.facebook.com\/hotelpiccoloportofino\/","article_modified_time":"2025-03-04T16:38:28+00:00","twitter_card":"summary_large_image","twitter_misc":{"Tempo di lettura stimato":"9 minuti"},"schema":{"@context":"https:\/\/schema.org","@graph":[{"@type":"WebPage","@id":"https:\/\/uvethotels.com\/piccolohotel\/fr\/privacy-policy-3\/","url":"https:\/\/uvethotels.com\/piccolohotel\/fr\/privacy-policy-3\/","name":"Privacy Policy - Piccolo Hotel - Uvet Hotels","isPartOf":{"@id":"https:\/\/uvethotels.com\/piccolohotel\/#website"},"datePublished":"2024-12-06T13:49:22+00:00","dateModified":"2025-03-04T16:38:28+00:00","breadcrumb":{"@id":"https:\/\/uvethotels.com\/piccolohotel\/fr\/privacy-policy-3\/#breadcrumb"},"inLanguage":"it-IT","potentialAction":[{"@type":"ReadAction","target":["https:\/\/uvethotels.com\/piccolohotel\/fr\/privacy-policy-3\/"]}]},{"@type":"BreadcrumbList","@id":"https:\/\/uvethotels.com\/piccolohotel\/fr\/privacy-policy-3\/#breadcrumb","itemListElement":[{"@type":"ListItem","position":1,"name":"Home","item":"https:\/\/uvethotels.com\/piccolohotel\/"},{"@type":"ListItem","position":2,"name":"Privacy Policy"}]},{"@type":"WebSite","@id":"https:\/\/uvethotels.com\/piccolohotel\/#website","url":"https:\/\/uvethotels.com\/piccolohotel\/","name":"Piccolo Hotel - Uvet Hotels","description":"","publisher":{"@id":"https:\/\/uvethotels.com\/piccolohotel\/#organization"},"potentialAction":[{"@type":"SearchAction","target":{"@type":"EntryPoint","urlTemplate":"https:\/\/uvethotels.com\/piccolohotel\/?s={search_term_string}"},"query-input":{"@type":"PropertyValueSpecification","valueRequired":true,"valueName":"search_term_string"}}],"inLanguage":"it-IT"},{"@type":"Organization","@id":"https:\/\/uvethotels.com\/piccolohotel\/#organization","name":"Piccolo Hotel - Uvet Hotels","url":"https:\/\/uvethotels.com\/piccolohotel\/","logo":{"@type":"ImageObject","inLanguage":"it-IT","@id":"https:\/\/uvethotels.com\/piccolohotel\/#\/schema\/logo\/image\/","url":"https:\/\/uvethotels.com\/piccolohotel\/wp-content\/uploads\/sites\/5\/2025\/03\/UHC_logo_verticale_1200x1200.jpg","contentUrl":"https:\/\/uvethotels.com\/piccolohotel\/wp-content\/uploads\/sites\/5\/2025\/03\/UHC_logo_verticale_1200x1200.jpg","width":1200,"height":1200,"caption":"Piccolo Hotel - Uvet Hotels"},"image":{"@id":"https:\/\/uvethotels.com\/piccolohotel\/#\/schema\/logo\/image\/"},"sameAs":["https:\/\/www.facebook.com\/hotelpiccoloportofino\/","https:\/\/www.instagram.com\/hotel_piccolo_\/"]}]}},"_links":{"self":[{"href":"https:\/\/uvethotels.com\/piccolohotel\/wp-json\/wp\/v2\/pages\/5255","targetHints":{"allow":["GET"]}}],"collection":[{"href":"https:\/\/uvethotels.com\/piccolohotel\/wp-json\/wp\/v2\/pages"}],"about":[{"href":"https:\/\/uvethotels.com\/piccolohotel\/wp-json\/wp\/v2\/types\/page"}],"author":[{"embeddable":true,"href":"https:\/\/uvethotels.com\/piccolohotel\/wp-json\/wp\/v2\/users\/1"}],"replies":[{"embeddable":true,"href":"https:\/\/uvethotels.com\/piccolohotel\/wp-json\/wp\/v2\/comments?post=5255"}],"version-history":[{"count":8,"href":"https:\/\/uvethotels.com\/piccolohotel\/wp-json\/wp\/v2\/pages\/5255\/revisions"}],"predecessor-version":[{"id":5638,"href":"https:\/\/uvethotels.com\/piccolohotel\/wp-json\/wp\/v2\/pages\/5255\/revisions\/5638"}],"wp:attachment":[{"href":"https:\/\/uvethotels.com\/piccolohotel\/wp-json\/wp\/v2\/media?parent=5255"}],"curies":[{"name":"wp","href":"https:\/\/api.w.org\/{rel}","templated":true}]}}