{"id":5260,"date":"2024-12-06T14:50:20","date_gmt":"2024-12-06T13:50:20","guid":{"rendered":"https:\/\/uvethc.com\/piccolohotel\/?page_id=5260"},"modified":"2025-03-04T17:38:37","modified_gmt":"2025-03-04T16:38:37","slug":"privacy-policy-4","status":"publish","type":"page","link":"https:\/\/uvethotels.com\/piccolohotel\/de\/privacy-policy-4\/","title":{"rendered":"Privacy Policy"},"content":{"rendered":"\t\t<div data-elementor-type=\"wp-page\" data-elementor-id=\"5260\" class=\"elementor elementor-5260\" data-elementor-post-type=\"page\">\n\t\t\t\t<div class=\"elementor-element elementor-element-ea04e82 e-flex e-con-boxed e-con e-parent\" data-id=\"ea04e82\" data-element_type=\"container\" data-e-type=\"container\" data-settings=\"{&quot;background_background&quot;:&quot;classic&quot;}\">\n\t\t\t\t\t<div class=\"e-con-inner\">\n\t\t\t\t<div class=\"elementor-element elementor-element-c93775d elementor-widget elementor-widget-heading\" data-id=\"c93775d\" data-element_type=\"widget\" data-e-type=\"widget\" data-widget_type=\"heading.default\">\n\t\t\t\t<div class=\"elementor-widget-container\">\n\t\t\t\t\t<h2 class=\"elementor-heading-title elementor-size-default\">Datenschutzerkl\u00e4rung<\/h2>\t\t\t\t<\/div>\n\t\t\t\t<\/div>\n\t\t\t\t<div class=\"elementor-element elementor-element-5116c76 elementor-widget elementor-widget-heading\" data-id=\"5116c76\" data-element_type=\"widget\" data-e-type=\"widget\" data-widget_type=\"heading.default\">\n\t\t\t\t<div class=\"elementor-widget-container\">\n\t\t\t\t\t<h2 class=\"elementor-heading-title elementor-size-default\">\nInformation gem\u00e4\u00df Artikel 12 und 13 der Europ\u00e4ischen Verordnung zum Schutz personenbezogener Daten Nr. 2016\/679<\/h2>\t\t\t\t<\/div>\n\t\t\t\t<\/div>\n\t\t\t\t\t<\/div>\n\t\t\t\t<\/div>\n\t\t<div class=\"elementor-element elementor-element-2d19d579 e-flex e-con-boxed e-con e-parent\" data-id=\"2d19d579\" data-element_type=\"container\" data-e-type=\"container\">\n\t\t\t\t\t<div class=\"e-con-inner\">\n\t\t\t\t<div class=\"elementor-element elementor-element-4b6a81d5 elementor-widget elementor-widget-text-editor\" data-id=\"4b6a81d5\" data-element_type=\"widget\" data-e-type=\"widget\" data-widget_type=\"text-editor.default\">\n\t\t\t\t<div class=\"elementor-widget-container\">\n\t\t\t\t\t\t\t\t\t<p>Gem\u00e4\u00df Artikel 4 Absatz 7 und Artikel 26 der DSGVO sind die gemeinsam Verantwortlichen f\u00fcr die Verarbeitung personenbezogener Daten: Uvet Hotel Company S.r.l. und Uvet Dyoniso S.r.l. (gemeinsam auch \u201eUvet Hotels\u201c oder die \u201eGemeinsam Verantwortlichen\u201c), beide mit dem Sitz in Bastioni di Porta Volta 10, 20121 Mailand, Italien.<br \/>Die gemeinsam Verantwortlichen haben gemeinsam die Zwecke und Mittel der Verarbeitung festgelegt und ihre jeweiligen Verantwortlichkeiten hinsichtlich der Einhaltung der DSGVO durch eine interne Vereinbarung transparent definiert, deren Inhalt den betroffenen Personen wie folgt mitgeteilt wird.<\/p><p><strong>Zwecke der Verarbeitung<\/strong><\/p><p>Uvet Hotels informiert dar\u00fcber, dass die Verarbeitung personenbezogener Daten, die direkt von der Website gesammelt werden, darauf abzielt:<\/p><ol><li><p>Die spezifische Anfrage des Nutzers zu erf\u00fcllen, indem eine Nachricht \u00fcber das Kontaktformular gesendet wird. Dies kann die anschlie\u00dfende Erfassung der Absenderadresse umfassen, die f\u00fcr die Beantwortung der Anfragen erforderlich ist, sowie alle anderen im Nachrichtentext enthaltenen personenbezogenen Daten.<\/p><\/li><li><p>Die Anmeldung, mit der Zustimmung des Nutzers, f\u00fcr den Uvet Hotels-Newsletter, um Informationen, Werbeaktionen und Sonderangebote zu den Einrichtungen und Initiativen der Marke Uvet Hotels zu erhalten.<\/p><\/li><li><p>Die Verwaltung interner Kontroll- und Verwaltungsaktivit\u00e4ten, durch die \u00dcbermittlung relevanter Daten innerhalb der Uvet-Gruppe, zu der die gemeinsam Verantwortlichen geh\u00f6ren.<\/p><\/li><li><p>Mit vorheriger Zustimmung, die Nutzung der E-Mail-Adresse zum Versenden von kommerziellen Mitteilungen, Werbung f\u00fcr Veranstaltungen und F\u00f6rderung von Aktivit\u00e4ten und Projekten im Bereich Reisen und Tourismus, die von anderen Unternehmen der Uvet-Gruppe, zu der die gemeinsam Verantwortlichen geh\u00f6ren, gef\u00f6rdert werden.<\/p><\/li><\/ol><p><strong>Rechtsgrundlage f\u00fcr die Verarbeitung und Bereitstellung der Daten<\/strong><\/p><p>Gem\u00e4\u00df Artikel 6 der Verordnung (EU) ist die Verarbeitung rechtm\u00e4\u00dfig, da sie f\u00fcr die ordnungsgem\u00e4\u00dfe und vollst\u00e4ndige Ausf\u00fchrung der gestellten Anfrage erforderlich ist oder f\u00fcr die ordnungsgem\u00e4\u00dfe und vollst\u00e4ndige Erf\u00fcllung der vertraglichen oder vorvertraglichen Verpflichtungen erforderlich ist, die gegen\u00fcber der betroffenen Person eingegangen wurden. In diesem Fall ist keine Zustimmung zur Datenverarbeitung erforderlich. Die Bereitstellung der Daten ist notwendig, um der vom Betroffenen angesto\u00dfenen Anfrage nachzukommen.<br \/>Gem\u00e4\u00df Artikel 6 Absatz 1 lit. f) der Verordnung (EU) beruht die Verarbeitung im Hinblick auf Zweck 3 auf dem berechtigten Interesse des Verantwortlichen, der in \u00dcbereinstimmung mit Erw\u00e4gungsgrund 47 der Verordnung (EU) sorgf\u00e4ltig eine Abw\u00e4gung seiner Interessen mit den Rechten und Freiheiten der betroffenen Personen vorgenommen hat. Insbesondere wird die Verarbeitung auch in \u00dcbereinstimmung mit Erw\u00e4gungsgrund 48 der Verordnung (EU) in Bezug auf die Zugeh\u00f6rigkeit des Verantwortlichen zu einer Unternehmensgruppe durchgef\u00fchrt.<\/p><p>Bez\u00fcglich der Zwecke in den Punkten 2 und 4 beruht die Verarbeitung gem\u00e4\u00df Artikel 6 Absatz 1 lit. a) der Verordnung (EU) auf der Zustimmung des Betroffenen. Die Bereitstellung der Daten f\u00fcr Marketingzwecke ist freiwillig, eine Ablehnung hat keine Konsequenzen, au\u00dfer der Unm\u00f6glichkeit, Werbemitteilungen zu erhalten. Die Zustimmung kann jederzeit f\u00fcr Werbezwecke widerrufen werden.<\/p><p><strong>Art der gesammelten personenbezogenen Daten<\/strong><\/p><p>Die \u00fcber die Website gesammelten personenbezogenen Daten umfassen genau Identifikationsdaten (Vor- und Nachname), Kontaktdaten (E-Mail-Adresse und Telefonnummer, die vom Nutzer freiwillig angegeben werden) sowie alle anderen personenbezogenen Daten, die im Freitextfeld \u201eNachricht\u201c eingegeben werden und vom Nutzer im Kontaktformular angegeben werden.<br \/>Neben den von den Nutzern direkt und absichtlich bereitgestellten Daten erheben die Computersysteme und Softwareverfahren, die f\u00fcr den Betrieb dieser Website zust\u00e4ndig sind, w\u00e4hrend ihrer normalen Funktion einige Navigationsdaten, deren \u00dcbertragung im Rahmen der Nutzung der Kommunikationsprotokolle des Internets implizit ist.<br \/>Diese Informationen werden nicht zum Zweck der Identifikation der betroffenen Person gesammelt, k\u00f6nnten jedoch durch ihre Natur und durch Verarbeitung und Zuordnung mit Daten Dritter eine Identifizierung der Nutzer erm\u00f6glichen. Zu dieser Datengruppe geh\u00f6ren IP-Adressen oder Domainnamen der Computer, die von den Nutzern verwendet werden, die sich mit der Website verbinden, sowie andere Parameter in Bezug auf das Betriebssystem und die IT-Umgebung des Nutzers. Diese Daten werden nur verwendet, um anonyme statistische Informationen \u00fcber die Nutzung der Website zu erhalten und deren ordnungsgem\u00e4\u00dfe Funktion zu \u00fcberpr\u00fcfen. Die Daten k\u00f6nnen zur Feststellung der Verantwortlichkeit im Falle von hypothetischen Cyberkriminalit\u00e4t gegen die Website verwendet werden.<br \/>Weitere Informationen finden Sie in der entsprechenden Cookie-Richtlinie.<br \/>Die gemeinsam Verantwortlichen sammeln absichtlich keine besonderen Daten \u00fcber diese Website.<\/p><p><strong>Verarbeitungsmethoden<\/strong><\/p><p>Unter Verarbeitung personenbezogener Daten versteht man deren Sammlung, Registrierung, Organisation, Speicherung, Verarbeitung, Modifikation, Auswahl, Extraktion, Vergleich, Nutzung, Verkn\u00fcpfung, Sperrung, Kommunikation, Verbreitung, L\u00f6schung und Vernichtung oder die Kombination von zwei oder mehr dieser Vorg\u00e4nge, auch durch automatisierte Werkzeuge, die zur Speicherung, Verwaltung und \u00dcbertragung der Daten verwendet werden, mit Methoden, die Sicherheit und Vertraulichkeit gew\u00e4hrleisten.<br \/>Hinsichtlich der Sicherheit informieren wir Sie, dass die Datenbank nur vom Personal des Verantwortlichen zug\u00e4nglich ist, das mit den oben beschriebenen T\u00e4tigkeiten betraut ist, und dass die Verarbeitung Ihrer Daten mit Methoden und Instrumenten durchgef\u00fchrt wird, die die Vertraulichkeit gew\u00e4hrleisten. Die Verarbeitung kann sowohl mit elektronischen oder automatisierten Mitteln als auch mit nicht automatisierten Mitteln (Papierarchive) erfolgen, die jeweils mit geeigneten Sicherheitsma\u00dfnahmen ausgestattet sind, wie sie in der Verordnung (EU) 2016\/679 zum Schutz personenbezogener Daten vorgesehen sind, um Datenverlust, illegale oder unrechtm\u00e4\u00dfige Verwendung und unbefugten Zugriff zu verhindern.<\/p><p><strong>Empf\u00e4nger der Daten<\/strong><\/p><p>Personen, die von den personenbezogenen Daten Kenntnis erlangen k\u00f6nnen, in dem Umfang, der unbedingt notwendig ist, um die oben genannten Zwecke zu erf\u00fcllen, sind Personen, die von Uvet Hotels zum Umgang mit den personenbezogenen Daten autorisiert wurden.<br \/>Zur Durchf\u00fchrung der genannten Zwecke sowie zur Ausf\u00fchrung bestimmter Funktionen im Zusammenhang mit der Unternehmensverwaltung wenden sich die gemeinsam Verantwortlichen an externe Stellen und\/oder Unternehmen, denen sie die notwendigen Daten \u00fcbermitteln, insbesondere:<\/p><ul><li>Dritte Unternehmen, die mit der Verwaltung der ICT-Infrastruktur des Verantwortlichen betraut sind.<\/li><li>Hotelliegenschaften, wie vom Nutzer im Kontaktformular angefordert.<\/li><li>Unternehmen der Uvet-Gruppe f\u00fcr Aktivit\u00e4ten im Zusammenhang mit der Kontrolle des organisatorischen Managementsystems oder der technologischen Infrastruktur.<br \/>Eine Liste der benannten externen Auftragsverarbeiter kann beim Verantwortlichen eingesehen werden.<\/li><\/ul><p><strong>\u00dcbertragung personenbezogener Daten an Drittl\u00e4nder oder internationale Organisationen<\/strong><\/p><p>Die gemeinsam Verantwortlichen \u00fcbertragen keine personenbezogenen Daten an Drittl\u00e4nder oder internationale Organisationen. Uvet Hotels stellt jedoch sicher, dass die erforderlichen Garantien eingehalten werden, wie z.B.: \u00dcbertragung von Daten in L\u00e4nder, die von der EU-Kommission als angemessen anerkannt sind; Abschluss von Standardvertragsklauseln f\u00fcr die \u00dcbertragung von Daten au\u00dferhalb der EU, wie von der Europ\u00e4ischen Kommission definiert, um eine sichere und rechtm\u00e4\u00dfige \u00dcbertragung und Verarbeitung von Daten au\u00dferhalb der EU zu gew\u00e4hrleisten; oder ein anderes von den geltenden Gesetzen genehmigtes internationales \u00dcbertragungsmechanismus.<\/p><p><strong>Links zu Drittwebsites und Nutzung von sozialen Medien<\/strong><\/p><p>Wir laden die Nutzer ein, zu beachten, dass die Website Links zu anderen Websites enthalten kann, die nicht durch diese Datenschutzerkl\u00e4rung abgedeckt sind, oder zu sozialen Medienplattformen, die zu Servern f\u00fchren, die von Einzelpersonen oder Organisationen betrieben werden, auf die die gemeinsam Verantwortlichen keinen Einfluss haben. Die gemeinsam Verantwortlichen \u00fcbernehmen keine Garantie und Verantwortung hinsichtlich der Richtigkeit oder anderer Aspekte der Informationen, die auf diesen Websites verf\u00fcgbar sind. Ein Link zu einer Drittwebsite darf nicht als Best\u00e4tigung durch den Verantwortlichen oder Dritten der Produkte und Dienstleistungen Dritter verstanden werden. Uvet Hotels \u00fcbernimmt keine Verantwortung oder Garantie in Bezug auf die Nutzung oder Speicherung der Nutzerdaten auf Drittwebsites.<br \/>Die Nutzer werden gebeten, die Datenschutzerkl\u00e4rung der Drittwebsites, die mit unserer Website verlinkt sind, sorgf\u00e4ltig zu \u00fcberpr\u00fcfen, um eine vollst\u00e4ndige Einsicht in die m\u00f6gliche Verwendung ihrer personenbezogenen Daten zu erhalten.<\/p><p><strong>Aufbewahrung der Daten<\/strong><\/p><p>Die \u00fcber diese Website bereitgestellten personenbezogenen Daten werden f\u00fcr den Zeitraum aufbewahrt, der zur Erf\u00fcllung der Anfrage des Nutzers erforderlich ist. Die f\u00fcr Werbezwecke bereitgestellten Daten werden f\u00fcr einen Zeitraum aufbewahrt, der im Einklang mit dem Zweck steht und 5 Jahre ab dem Datum der letzten Interaktion des Nutzers mit Uvet Hotels nicht \u00fcberschreiten darf, vorbehaltlich des Rechts des Nutzers, die Zustimmung jederzeit zu widerrufen.<\/p><p><strong>Rechte der betroffenen Personen<\/strong><\/p><p>Nach der Europ\u00e4ischen Verordnung haben betroffene Personen das Recht, beim Verantwortlichen auf ihre personenbezogenen Daten zuzugreifen (Art. 15), sie zu berichtigen (Art. 16), zu l\u00f6schen oder zu vergessen (Art. 17), die Verarbeitung der sie betreffenden personenbezogenen Daten zu beschr\u00e4nken (Art. 18), das Recht auf Daten\u00fcbertragbarkeit (Art. 20) oder sich der Verarbeitung zu widersetzen (Art. 21), sowie das Recht, nicht einer ausschlie\u00dflich auf automatisierter Verarbeitung beruhenden Entscheidung zu unterliegen, die rechtliche Auswirkungen auf sie hat oder sie in \u00e4hnlicher Weise erheblich betrifft (Art. 22).<br \/>Sofern die Verarbeitung auf der Zustimmung der betroffenen Person beruht, hat die betroffene Person gem\u00e4\u00df Artikel 7 Absatz 3 der Verordnung das Recht, die Zustimmung jederzeit zu widerrufen.<br \/>Die betroffene Person hat auch das Recht, bei der Aufsichtsbeh\u00f6rde eine Beschwerde einzureichen (Artikel 77 der Verordnung), wenn sie der Ansicht ist, dass die Verarbeitung ihrer Daten durch den Verantwortlichen nicht den Vorgaben entspricht.<br \/>Anfragen k\u00f6nnen an den Verantwortlichen gesendet werden:<\/p><ul><li>Per Einschreiben an die Adresse: Bastioni di Porta Volta 10, 20121 Mailand.<\/li><li>Per E-Mail an:\u00a0<a rel=\"noopener\">privacy@uvet.com<\/a><\/li><li>Kontaktaufnahme mit dem Datenschutzbeauftragten.<\/li><\/ul><p><strong>Datenschutzbeauftragter<\/strong><\/p><p>Adresse: Bastioni di Porta Volta 10, 20121 Mailand, Italien.<br \/>Telefon: +39 02 818381<br \/>E-Mail:\u00a0<a rel=\"noopener\">dpo@uvet.com<\/a><\/p><p><strong>\u00c4nderungen dieser Richtlinie<\/strong><\/p><p>Uvet Hotels beh\u00e4lt sich das Recht vor, diese Erkl\u00e4rung nach Bedarf zu \u00e4ndern.<br \/>Wir empfehlen den Nutzern, diese Seite regelm\u00e4\u00dfig zu \u00fcberpr\u00fcfen, um auf dem Laufenden zu bleiben.<\/p>\t\t\t\t\t\t\t\t<\/div>\n\t\t\t\t<\/div>\n\t\t\t\t\t<\/div>\n\t\t\t\t<\/div>\n\t\t\t\t<\/div>\n\t\t","protected":false},"excerpt":{"rendered":"<p>Datenschutzerkl\u00e4rung Information gem\u00e4\u00df Artikel 12 und 13 der Europ\u00e4ischen Verordnung zum Schutz personenbezogener Daten Nr. 2016\/679 Gem\u00e4\u00df Artikel 4 Absatz 7 und Artikel 26 der DSGVO sind die gemeinsam Verantwortlichen f\u00fcr die Verarbeitung personenbezogener Daten: Uvet Hotel Company S.r.l. und Uvet Dyoniso S.r.l. (gemeinsam auch \u201eUvet Hotels\u201c oder die \u201eGemeinsam Verantwortlichen\u201c), beide mit dem Sitz [&hellip;]<\/p>\n","protected":false},"author":1,"featured_media":0,"parent":0,"menu_order":0,"comment_status":"closed","ping_status":"closed","template":"elementor_header_footer","meta":{"_acf_changed":false,"footnotes":""},"class_list":["post-5260","page","type-page","status-publish","hentry"],"acf":[],"yoast_head":"<!-- This site is optimized with the Yoast SEO plugin v27.0 - https:\/\/yoast.com\/product\/yoast-seo-wordpress\/ -->\n<title>Privacy Policy - Piccolo Hotel - Uvet Hotels<\/title>\n<meta name=\"robots\" content=\"noindex, nofollow\" \/>\n<meta property=\"og:locale\" content=\"it_IT\" \/>\n<meta property=\"og:type\" content=\"article\" \/>\n<meta property=\"og:title\" content=\"Privacy Policy - Piccolo Hotel - Uvet Hotels\" \/>\n<meta property=\"og:description\" content=\"Datenschutzerkl\u00e4rung Information gem\u00e4\u00df Artikel 12 und 13 der Europ\u00e4ischen Verordnung zum Schutz personenbezogener Daten Nr. 2016\/679 Gem\u00e4\u00df Artikel 4 Absatz 7 und Artikel 26 der DSGVO sind die gemeinsam Verantwortlichen f\u00fcr die Verarbeitung personenbezogener Daten: Uvet Hotel Company S.r.l. und Uvet Dyoniso S.r.l. (gemeinsam auch \u201eUvet Hotels\u201c oder die \u201eGemeinsam Verantwortlichen\u201c), beide mit dem Sitz [&hellip;]\" \/>\n<meta property=\"og:url\" content=\"https:\/\/uvethotels.com\/piccolohotel\/de\/privacy-policy-4\/\" \/>\n<meta property=\"og:site_name\" content=\"Piccolo Hotel - Uvet Hotels\" \/>\n<meta property=\"article:publisher\" content=\"https:\/\/www.facebook.com\/hotelpiccoloportofino\/\" \/>\n<meta property=\"article:modified_time\" content=\"2025-03-04T16:38:37+00:00\" \/>\n<meta name=\"twitter:card\" content=\"summary_large_image\" \/>\n<meta name=\"twitter:label1\" content=\"Tempo di lettura stimato\" \/>\n\t<meta name=\"twitter:data1\" content=\"8 minuti\" \/>\n<script type=\"application\/ld+json\" class=\"yoast-schema-graph\">{\"@context\":\"https:\/\/schema.org\",\"@graph\":[{\"@type\":\"WebPage\",\"@id\":\"https:\/\/uvethotels.com\/piccolohotel\/de\/privacy-policy-4\/\",\"url\":\"https:\/\/uvethotels.com\/piccolohotel\/de\/privacy-policy-4\/\",\"name\":\"Privacy Policy - Piccolo Hotel - Uvet Hotels\",\"isPartOf\":{\"@id\":\"https:\/\/uvethotels.com\/piccolohotel\/#website\"},\"datePublished\":\"2024-12-06T13:50:20+00:00\",\"dateModified\":\"2025-03-04T16:38:37+00:00\",\"breadcrumb\":{\"@id\":\"https:\/\/uvethotels.com\/piccolohotel\/de\/privacy-policy-4\/#breadcrumb\"},\"inLanguage\":\"it-IT\",\"potentialAction\":[{\"@type\":\"ReadAction\",\"target\":[\"https:\/\/uvethotels.com\/piccolohotel\/de\/privacy-policy-4\/\"]}]},{\"@type\":\"BreadcrumbList\",\"@id\":\"https:\/\/uvethotels.com\/piccolohotel\/de\/privacy-policy-4\/#breadcrumb\",\"itemListElement\":[{\"@type\":\"ListItem\",\"position\":1,\"name\":\"Home\",\"item\":\"https:\/\/uvethotels.com\/piccolohotel\/\"},{\"@type\":\"ListItem\",\"position\":2,\"name\":\"Privacy Policy\"}]},{\"@type\":\"WebSite\",\"@id\":\"https:\/\/uvethotels.com\/piccolohotel\/#website\",\"url\":\"https:\/\/uvethotels.com\/piccolohotel\/\",\"name\":\"Piccolo Hotel - Uvet Hotels\",\"description\":\"\",\"publisher\":{\"@id\":\"https:\/\/uvethotels.com\/piccolohotel\/#organization\"},\"potentialAction\":[{\"@type\":\"SearchAction\",\"target\":{\"@type\":\"EntryPoint\",\"urlTemplate\":\"https:\/\/uvethotels.com\/piccolohotel\/?s={search_term_string}\"},\"query-input\":{\"@type\":\"PropertyValueSpecification\",\"valueRequired\":true,\"valueName\":\"search_term_string\"}}],\"inLanguage\":\"it-IT\"},{\"@type\":\"Organization\",\"@id\":\"https:\/\/uvethotels.com\/piccolohotel\/#organization\",\"name\":\"Piccolo Hotel - Uvet Hotels\",\"url\":\"https:\/\/uvethotels.com\/piccolohotel\/\",\"logo\":{\"@type\":\"ImageObject\",\"inLanguage\":\"it-IT\",\"@id\":\"https:\/\/uvethotels.com\/piccolohotel\/#\/schema\/logo\/image\/\",\"url\":\"https:\/\/uvethotels.com\/piccolohotel\/wp-content\/uploads\/sites\/5\/2025\/03\/UHC_logo_verticale_1200x1200.jpg\",\"contentUrl\":\"https:\/\/uvethotels.com\/piccolohotel\/wp-content\/uploads\/sites\/5\/2025\/03\/UHC_logo_verticale_1200x1200.jpg\",\"width\":1200,\"height\":1200,\"caption\":\"Piccolo Hotel - Uvet Hotels\"},\"image\":{\"@id\":\"https:\/\/uvethotels.com\/piccolohotel\/#\/schema\/logo\/image\/\"},\"sameAs\":[\"https:\/\/www.facebook.com\/hotelpiccoloportofino\/\",\"https:\/\/www.instagram.com\/hotel_piccolo_\/\"]}]}<\/script>\n<!-- \/ Yoast SEO plugin. -->","yoast_head_json":{"title":"Privacy Policy - Piccolo Hotel - Uvet Hotels","robots":{"index":"noindex","follow":"nofollow"},"og_locale":"it_IT","og_type":"article","og_title":"Privacy Policy - Piccolo Hotel - Uvet Hotels","og_description":"Datenschutzerkl\u00e4rung Information gem\u00e4\u00df Artikel 12 und 13 der Europ\u00e4ischen Verordnung zum Schutz personenbezogener Daten Nr. 2016\/679 Gem\u00e4\u00df Artikel 4 Absatz 7 und Artikel 26 der DSGVO sind die gemeinsam Verantwortlichen f\u00fcr die Verarbeitung personenbezogener Daten: Uvet Hotel Company S.r.l. und Uvet Dyoniso S.r.l. (gemeinsam auch \u201eUvet Hotels\u201c oder die \u201eGemeinsam Verantwortlichen\u201c), beide mit dem Sitz [&hellip;]","og_url":"https:\/\/uvethotels.com\/piccolohotel\/de\/privacy-policy-4\/","og_site_name":"Piccolo Hotel - Uvet Hotels","article_publisher":"https:\/\/www.facebook.com\/hotelpiccoloportofino\/","article_modified_time":"2025-03-04T16:38:37+00:00","twitter_card":"summary_large_image","twitter_misc":{"Tempo di lettura stimato":"8 minuti"},"schema":{"@context":"https:\/\/schema.org","@graph":[{"@type":"WebPage","@id":"https:\/\/uvethotels.com\/piccolohotel\/de\/privacy-policy-4\/","url":"https:\/\/uvethotels.com\/piccolohotel\/de\/privacy-policy-4\/","name":"Privacy Policy - Piccolo Hotel - Uvet Hotels","isPartOf":{"@id":"https:\/\/uvethotels.com\/piccolohotel\/#website"},"datePublished":"2024-12-06T13:50:20+00:00","dateModified":"2025-03-04T16:38:37+00:00","breadcrumb":{"@id":"https:\/\/uvethotels.com\/piccolohotel\/de\/privacy-policy-4\/#breadcrumb"},"inLanguage":"it-IT","potentialAction":[{"@type":"ReadAction","target":["https:\/\/uvethotels.com\/piccolohotel\/de\/privacy-policy-4\/"]}]},{"@type":"BreadcrumbList","@id":"https:\/\/uvethotels.com\/piccolohotel\/de\/privacy-policy-4\/#breadcrumb","itemListElement":[{"@type":"ListItem","position":1,"name":"Home","item":"https:\/\/uvethotels.com\/piccolohotel\/"},{"@type":"ListItem","position":2,"name":"Privacy Policy"}]},{"@type":"WebSite","@id":"https:\/\/uvethotels.com\/piccolohotel\/#website","url":"https:\/\/uvethotels.com\/piccolohotel\/","name":"Piccolo Hotel - Uvet Hotels","description":"","publisher":{"@id":"https:\/\/uvethotels.com\/piccolohotel\/#organization"},"potentialAction":[{"@type":"SearchAction","target":{"@type":"EntryPoint","urlTemplate":"https:\/\/uvethotels.com\/piccolohotel\/?s={search_term_string}"},"query-input":{"@type":"PropertyValueSpecification","valueRequired":true,"valueName":"search_term_string"}}],"inLanguage":"it-IT"},{"@type":"Organization","@id":"https:\/\/uvethotels.com\/piccolohotel\/#organization","name":"Piccolo Hotel - Uvet Hotels","url":"https:\/\/uvethotels.com\/piccolohotel\/","logo":{"@type":"ImageObject","inLanguage":"it-IT","@id":"https:\/\/uvethotels.com\/piccolohotel\/#\/schema\/logo\/image\/","url":"https:\/\/uvethotels.com\/piccolohotel\/wp-content\/uploads\/sites\/5\/2025\/03\/UHC_logo_verticale_1200x1200.jpg","contentUrl":"https:\/\/uvethotels.com\/piccolohotel\/wp-content\/uploads\/sites\/5\/2025\/03\/UHC_logo_verticale_1200x1200.jpg","width":1200,"height":1200,"caption":"Piccolo Hotel - Uvet Hotels"},"image":{"@id":"https:\/\/uvethotels.com\/piccolohotel\/#\/schema\/logo\/image\/"},"sameAs":["https:\/\/www.facebook.com\/hotelpiccoloportofino\/","https:\/\/www.instagram.com\/hotel_piccolo_\/"]}]}},"_links":{"self":[{"href":"https:\/\/uvethotels.com\/piccolohotel\/wp-json\/wp\/v2\/pages\/5260","targetHints":{"allow":["GET"]}}],"collection":[{"href":"https:\/\/uvethotels.com\/piccolohotel\/wp-json\/wp\/v2\/pages"}],"about":[{"href":"https:\/\/uvethotels.com\/piccolohotel\/wp-json\/wp\/v2\/types\/page"}],"author":[{"embeddable":true,"href":"https:\/\/uvethotels.com\/piccolohotel\/wp-json\/wp\/v2\/users\/1"}],"replies":[{"embeddable":true,"href":"https:\/\/uvethotels.com\/piccolohotel\/wp-json\/wp\/v2\/comments?post=5260"}],"version-history":[{"count":8,"href":"https:\/\/uvethotels.com\/piccolohotel\/wp-json\/wp\/v2\/pages\/5260\/revisions"}],"predecessor-version":[{"id":5639,"href":"https:\/\/uvethotels.com\/piccolohotel\/wp-json\/wp\/v2\/pages\/5260\/revisions\/5639"}],"wp:attachment":[{"href":"https:\/\/uvethotels.com\/piccolohotel\/wp-json\/wp\/v2\/media?parent=5260"}],"curies":[{"name":"wp","href":"https:\/\/api.w.org\/{rel}","templated":true}]}}