{"id":3323,"date":"2024-11-14T16:36:30","date_gmt":"2024-11-14T15:36:30","guid":{"rendered":"https:\/\/uvethc.com\/royalhotel\/?page_id=3323"},"modified":"2025-03-04T17:35:30","modified_gmt":"2025-03-04T16:35:30","slug":"privacy-policy","status":"publish","type":"page","link":"https:\/\/uvethotels.com\/royalhotel\/privacy-policy\/","title":{"rendered":"Privacy Policy"},"content":{"rendered":"\t\t<div data-elementor-type=\"wp-page\" data-elementor-id=\"3323\" class=\"elementor elementor-3323\" data-elementor-post-type=\"page\">\n\t\t\t\t<div class=\"elementor-element elementor-element-ea04e82 e-flex e-con-boxed e-con e-parent\" data-id=\"ea04e82\" data-element_type=\"container\" data-e-type=\"container\" data-settings=\"{&quot;background_background&quot;:&quot;classic&quot;}\">\n\t\t\t\t\t<div class=\"e-con-inner\">\n\t\t\t\t<div class=\"elementor-element elementor-element-c93775d elementor-widget elementor-widget-heading\" data-id=\"c93775d\" data-element_type=\"widget\" data-e-type=\"widget\" data-widget_type=\"heading.default\">\n\t\t\t\t<div class=\"elementor-widget-container\">\n\t\t\t\t\t<h2 class=\"elementor-heading-title elementor-size-default\">Privacy Policy<\/h2>\t\t\t\t<\/div>\n\t\t\t\t<\/div>\n\t\t\t\t<div class=\"elementor-element elementor-element-5116c76 elementor-widget elementor-widget-heading\" data-id=\"5116c76\" data-element_type=\"widget\" data-e-type=\"widget\" data-widget_type=\"heading.default\">\n\t\t\t\t<div class=\"elementor-widget-container\">\n\t\t\t\t\t<h2 class=\"elementor-heading-title elementor-size-default\">Informativa ai sensi degli artt. 12 e 13 del Regolamento Europeo in materia di protezione dei dati personali n.2016\/679<\/h2>\t\t\t\t<\/div>\n\t\t\t\t<\/div>\n\t\t\t\t\t<\/div>\n\t\t\t\t<\/div>\n\t\t<div class=\"elementor-element elementor-element-2d19d579 e-flex e-con-boxed e-con e-parent\" data-id=\"2d19d579\" data-element_type=\"container\" data-e-type=\"container\">\n\t\t\t\t\t<div class=\"e-con-inner\">\n\t\t\t\t<div class=\"elementor-element elementor-element-4b6a81d5 elementor-widget elementor-widget-text-editor\" data-id=\"4b6a81d5\" data-element_type=\"widget\" data-e-type=\"widget\" data-widget_type=\"text-editor.default\">\n\t\t\t\t<div class=\"elementor-widget-container\">\n\t\t\t\t\t\t\t\t\t<p>Ai sensi dell\u2019art. 4, comma 7 e 26 GDPR, i Co-Titolari del trattamento dei dati personali sono: <strong>Uvet Hotel Company S.r.l. e Uvet Dyoniso S.r.l.<\/strong> (congiuntamente anche \u201cUvet Hotels\u201d o i \u201cCo-Titolari\u201d) entrambi con sede legale in: Bastioni di Porta Volta 10, 20121 Milano, Italia.<br \/>I Co-Titolari hanno determinano congiuntamente le finalit\u00e0 e i mezzi del trattamento ed hanno determinato in modo trasparente, mediante un accordo interno, le rispettive responsabilit\u00e0 in merito all\u2019osservanza degli obblighi derivanti dal GDPR, il cui contenuto viene comunicato agli interessati come segue.<\/p><p><strong>Finalit\u00e0 del trattamento<\/strong><\/p><p>Uvet Hotels rende noto che il trattamento dei dati personali raccolti direttamente dal sito web \u00e8 finalizzato a:<br \/>1. Soddisfare la specifica richiesta sottoposta dall\u2019Utente, tramite l\u2019invio di un messaggio, utilizzando il form Contatti. Ci\u00f2 pu\u00f2 comportare la successiva acquisizione dell&#8217;indirizzo del mittente, necessario per rispondere alle richieste, nonch\u00e9 degli eventuali altri dati personali, inseriti nel messaggio.<\/p><p>2. Iscriverla, previo suo consenso, alla Newsletter dedicata al programma Uvet Hotels e per poter cos\u00ec ricevere informazioni, promozioni e offerte speciali attinenti alle strutture e alle iniziative a marchio Uvet Hotels.<br \/>3. Gestione delle attivit\u00e0 di controllo interno e di gestione, tramite trasmissione dei dati a ci\u00f2 attinenti all\u2019interno del Gruppo Uvet, di cui i Co-Titolari sono parte.<\/p><p>4. Previo consenso, utilizzo dell\u2019indirizzo di posta elettronica per invio di comunicazioni commerciali, pubblicizzazione di eventi e promozione di attivit\u00e0 e progetti attinenti al mondo dei viaggi e del turismo, promossi dalle altre societ\u00e0 del Gruppo Uvet, di cui i Co-Titolari fanno parte.<\/p><p><strong>Base Giuridica del Trattamento e conferimento dei dati<\/strong><\/p><p>Ai sensi dell\u2019art. 6 del Regolamento (UE), il trattamento \u00e8 lecito in quanto necessario alla corretta e completa esecuzione della richiesta sottoposta, ovvero in quanto necessario alla corretta e completa esecuzione degli obblighi contrattuali o pre-contrattuali assunti nei Suoi confronti e in quanto tale, non necessita del consenso al trattamento dei dati. Il conferimento dei dati risulta necessario per dare esecuzione alla richiesta promossa dall\u2019interessato.<br \/>Ai sensi dell\u2019Art. 6, comma 1, lett. f) del Regolamento (UE), il trattamento di cui alla finalit\u00e0 3 si fonda sull\u2019interesse legittimo del Titolare, il quale in conformit\u00e0 altres\u00ec al Considerando 47 del Regolamento (UE), ha attentamente effettuato una valutazione relativa al bilanciamento dei propri interessi con i diritti e le libert\u00e0 fondamentali dei soggetti interessati sottoposti alle attivit\u00e0 di trattamento, tenuto conto inoltre del rapporto intercorrente tra l\u2019interessato ed i Co-Titolari medesimi. In particolare il trattamento \u00e8 effettuato altres\u00ec in conformit\u00e0 al considerando 48 del Regolamento (UE), relativamente all\u2019appartenenza del Titolare a gruppo imprenditoriale.<\/p><p>In merito alle finalit\u00e0 di cui ai punti 2 e 4, ai sensi dell\u2019art. 6, comma 1, lett. a) del Regolamento (UE), il trattamento si fonda sul consenso dell\u2019interessato. Il conferimento dei dati per finalit\u00e0 di marketing \u00e8 facoltativo, il rifiuto non comporta alcuna conseguenza, salvo l\u2019impossibilit\u00e0 di ricevere comunicazioni promozionali. Potr\u00e0 in ogni tempo revocare il suo consenso per finalit\u00e0 promozionali.<\/p><p><strong>Tipologia dei dati personali raccolti<\/strong><\/p><p>I dati personali raccolti tramite il sito internet riguardano precisamente i dati identificativi (nome e cognome), di contatto (indirizzo e-mail e numero di telefono, fornito facoltativamente dall\u2019Utente) ed eventuali altri dati personali, inseriti nel campo libero \u201cMessaggio\u201d, conferiti dall\u2019Utente all\u2019interno del form Contatti.<br \/>Oltre ai dati comuni forniti direttamente e intenzionalmente dall\u2019Utente, i sistemi informatici e le procedure software preposte al funzionamento di questo sito web acquisiscono, nel corso del loro normale funzionamento, alcuni dati personali di navigazione la cui trasmissione \u00e8 implicita nell&#8217;uso dei protocolli di comunicazione della rete Internet.<br \/>Si tratta di informazioni che non vengono raccolte con la finalit\u00e0 di associazione all\u2019identit\u00e0 dell\u2019interessato, ma che per loro stessa natura permetterebbero, tramite procedure di elaborazioni ed associazioni con dati detenuti da terzi, di identificare gli utenti. In questa categoria di dati rientrano gli indirizzi IP o i nomi a dominio dei computer utilizzati dagli utenti che si connettono al sito ed altri parametri relativi al sistema operativo e all&#8217;ambiente informatico dell&#8217;Utente. Questi dati vengono utilizzati al solo fine di ricavare informazioni statistiche anonime sull&#8217;uso del sito e per controllarne il corretto funzionamento. I dati potrebbero essere utilizzati per l&#8217;accertamento di responsabilit\u00e0 in caso di ipotetici reati informatici ai danni del sito.<br \/>Per maggiori informazioni a riguardo si rimanda alla Cookie Policy dedicata.<br \/>I Co-Titolari non raccolgono deliberatamente alcun dato di natura particolare attraverso questo sito web.<\/p><p><strong>Modalit\u00e0 di trattamento<\/strong><\/p><p>Per trattamento di dati personali si intende la loro raccolta, registrazione, organizzazione, conservazione, elaborazione, modificazione, selezione, estrazione, raffronto, utilizzo, interconnessione, blocco, comunicazione, diffusione, cancellazione e distruzione, ovvero la combinazione di due o pi\u00f9 di tali operazioni, anche attraverso strumenti automatizzati atti a memorizzare, gestire e trasmettere i dati stessi, utilizzando strumenti idonei a garantire la sicurezza e la riservatezza.<br \/>Per quanto attiene alla sicurezza, Vi comunichiamo che la banca dati \u00e8 accessibile solo da parte del personale a ci\u00f2 incaricato dal Titolare, cos\u00ec come le relative operazioni sopra descritte e che il trattamento dei Vostri dati avverr\u00e0 mediante modalit\u00e0 e strumenti idonei a garantirne la riservatezza e potr\u00e0 essere effettuato attraverso mezzi elettronici o automatizzati ed attraverso mezzi non automatizzati (archivi cartacei), forniti entrambi di adeguate misure di sicurezza, cos\u00ec come previste dal Regolamento (UE) 2016\/679 sulla Protezione dei Dati Personali, per prevenire la perdita dei dati, gli usi illeciti o non corretti e gli accessi non autorizzati.<\/p><p><strong>Destinatari dei dati<\/strong><\/p><p>I soggetti che possono venire a conoscenza dei dati personali, nei limiti strettamente necessari per adempiere alle finalit\u00e0 sopra esposte, sono soggetti autorizzati al trattamento dei dati personali da Uvet Hotels.<br \/>Per lo svolgimento delle finalit\u00e0 predette nonch\u00e8 per l\u2019esecuzione di alcune funzioni inerenti alla gestione societaria, i Co-Titolari si rivolgono a soggetti e\/o societ\u00e0 esterne ai quali fanno pervenire i dati necessari e in particolare:<br \/>\u2022 Societ\u00e0 terze che si occupano della gestione dell\u2019infrastruttura ICT del Titolare.<br \/>\u2022 Strutture alberghiere, secondo quanto richiesto all\u2019interno della richiesta di contatto da parte dell\u2019Utente.<br \/>\u2022 Societ\u00e0 del Gruppo Uvet per attivit\u00e0 legate al controllo del sistema di gestione organizzativa aziendale ovvero dell\u2019infrastruttura tecnologica.<br \/>Un elenco dei Responsabili esterni nominati \u00e8 consultabile presso la Sede del Titolare.<\/p><p><strong>Trasferimento di dati personali verso paesi terzi o organizzazioni internazionali<\/strong><\/p><p>I Co-Titolari del Trattamento non effettuano un trasferimento di dati personali verso paesi terzi o organizzazioni internazionali. Uvet Hotels assicura ad ogni modo il rispetto delle idonee garanzie previste, quali: trasferimento di dati verso Paesi considerati adeguati dalla Commissione EU; sottoscrizione di clausole contrattuali standard per il trasferimento di dati extra UE, cos\u00ec come definito dalla Commissione Europea, al fine di garantire un trasferimento e conseguente trattamento di dati sicuro e legittimo al di fuori dell\u2019UE; o altro meccanismo di trasferimento internazionale approvato ai sensi delle Leggi di applicabili.<\/p><p><strong>Collegamenti a siti di terzi e utilizzo dei Social Media<\/strong><\/p><p>Invitiamo gli Utenti a considerare che il sito pu\u00f2 fornire collegamenti (link) ad altri siti che non sono coperti da questa informativa privacy, o a piattaforme di social media che conducono a server installati da individui o organizzazioni su cui i Co-Titolari non hanno alcun controllo. I Co-Titolari non forniscono alcuna rappresentazione, n\u00e9 assumono alcuna responsabilit\u00e0 riguardo l\u2019accuratezza o qualunque altro aspetto delle informazioni disponibili presso tali siti. Il collegamento (link) ad un sito di un terzo non pu\u00f2 essere inteso come una validazione, n\u00e9 da parte del Titolare n\u00e9 di tale terzo, dei prodotti e servizi di altri o tale terzo. Uvet Hotels non rilascia dichiarazioni o garanzie riguardo l\u2019uso o l\u2019archiviazione dei dati dell\u2019utente presso i siti di terzi.<br \/>Si invitano i Signori Utenti ad esaminare attentamente la policy sulla privacy che regola i siti di terzi collegati al nostro sito web per avere una visione completa del possibile utilizzo dei Vostri dati personali.<br \/>Conservazione dei dati<br \/>I dati personali conferiti tramite il presente sito internet saranno conservati per la durata necessaria all\u2019espletamento della sua richiesta. I dati conferiti per la finalit\u00e0 promozionale saranno conservati per un periodo di tempo congruo rispetto alla finalit\u00e0, non superiore ai 5 anni dalla data di sua ultima interazione con Uvet Hotels, fatto salvo il diritto dell\u2019interessato di revocare il consenso in ogni momento.<\/p><p><strong>Diritti degli Interessati<\/strong><\/p><p>Ai sensi del Regolamento Europeo, gli interessati hanno il diritto di chiedere al Titolare del trattamento l&#8217;accesso ai dati personali (art. 15), la rettifica (art. 16), la cancellazione degli stessi o l\u2019oblio (art. 17), la limitazione del trattamento dei dati personali che lo riguardano (art. 18), il diritto alla portabilit\u00e0 dei dati (art. 20) o di opporsi al loro trattamento (art. 21), oltre al diritto di non essere sottoposto a una decisione basata unicamente sul trattamento automatizzato, compresa la profilazione, che produca effetti giuridici che lo riguardano o che incida allo stesso modo significativamente sulla sua persona (art. 22). Qualora il trattamento dei dati personali si basi sul consenso espresso dell\u2019interessato, ai sensi dell\u2019art. 7 paragrafo 3 del Regolamento, il soggetto ha la possibilit\u00e0 di revocare i propri consensi in qualsiasi momento.<br \/>L\u2019interessato ha, altres\u00ec, il diritto di proporre reclamo all&#8217;Autorit\u00e0 di controllo preposta (art. 77 del Regolamento) qualora ritenga che il trattamento effettuato da parte del Titolare non sia conforme.<br \/>Le richieste potranno essere esercitate nei confronti del Titolare del trattamento tramite le seguenti modalit\u00e0:<br \/>&#8211; Invio di raccomandata all\u2019indirizzo: Bastioni di Porta Volta 10, 20121 Milano.<\/p><p>&#8211; E-mail all\u2019indirizzo di posta elettronica: <a href=\"mailto:privacy@uvet.com\">privacy@uvet.com<\/a><\/p><p>&#8211; contattando il Data Protection Officer.<br \/>Data Protection Officer<br \/>Indirizzo: Bastioni di Porta Volta 10, 20121 Milano (Italia).<br \/>Telefono: +39 02 818381<br \/>E-mail: <a href=\"mailto:dpo@uvet.com\">dpo@uvet.com<\/a><br \/>Modifiche a questa policy<br \/>Uvet Hotels si riserva la facolt\u00e0 di modificare questa informativa secondo quanto si render\u00e0 necessario.<\/p><p><strong><em>Invitiamo i Signori Utenti a controllare questa pagina periodicamente, per tenere sotto controllo gli eventuali aggiornamenti.<\/em><\/strong><\/p>\t\t\t\t\t\t\t\t<\/div>\n\t\t\t\t<\/div>\n\t\t\t\t\t<\/div>\n\t\t\t\t<\/div>\n\t\t\t\t<\/div>\n\t\t","protected":false},"excerpt":{"rendered":"<p>Privacy Policy Informativa ai sensi degli artt. 12 e 13 del Regolamento Europeo in materia di protezione dei dati personali n.2016\/679 Ai sensi dell\u2019art. 4, comma 7 e 26 GDPR, i Co-Titolari del trattamento dei dati personali sono: Uvet Hotel Company S.r.l. e Uvet Dyoniso S.r.l. (congiuntamente anche \u201cUvet Hotels\u201d o i \u201cCo-Titolari\u201d) entrambi con [&hellip;]<\/p>\n","protected":false},"author":1,"featured_media":0,"parent":0,"menu_order":0,"comment_status":"closed","ping_status":"closed","template":"elementor_header_footer","meta":{"_acf_changed":false,"footnotes":""},"class_list":["post-3323","page","type-page","status-publish","hentry"],"acf":[],"yoast_head":"<!-- This site is optimized with the Yoast SEO plugin v27.0 - https:\/\/yoast.com\/product\/yoast-seo-wordpress\/ -->\n<title>Privacy Policy - Hotel Royal - Uvet Hotels<\/title>\n<meta name=\"robots\" content=\"noindex, nofollow\" \/>\n<meta property=\"og:locale\" content=\"it_IT\" \/>\n<meta property=\"og:type\" content=\"article\" \/>\n<meta property=\"og:title\" content=\"Privacy Policy - Hotel Royal - Uvet Hotels\" \/>\n<meta property=\"og:description\" content=\"Privacy Policy Informativa ai sensi degli artt. 12 e 13 del Regolamento Europeo in materia di protezione dei dati personali n.2016\/679 Ai sensi dell\u2019art. 4, comma 7 e 26 GDPR, i Co-Titolari del trattamento dei dati personali sono: Uvet Hotel Company S.r.l. e Uvet Dyoniso S.r.l. (congiuntamente anche \u201cUvet Hotels\u201d o i \u201cCo-Titolari\u201d) entrambi con [&hellip;]\" \/>\n<meta property=\"og:url\" content=\"https:\/\/uvethotels.com\/royalhotel\/privacy-policy\/\" \/>\n<meta property=\"og:site_name\" content=\"Hotel Royal - Uvet Hotels\" \/>\n<meta property=\"article:publisher\" content=\"https:\/\/www.facebook.com\/hotelroyalpositano\/\" \/>\n<meta property=\"article:modified_time\" content=\"2025-03-04T16:35:30+00:00\" \/>\n<meta name=\"twitter:card\" content=\"summary_large_image\" \/>\n<meta name=\"twitter:label1\" content=\"Tempo di lettura stimato\" \/>\n\t<meta name=\"twitter:data1\" content=\"9 minuti\" \/>\n<script type=\"application\/ld+json\" class=\"yoast-schema-graph\">{\"@context\":\"https:\/\/schema.org\",\"@graph\":[{\"@type\":\"WebPage\",\"@id\":\"https:\/\/uvethotels.com\/royalhotel\/privacy-policy\/\",\"url\":\"https:\/\/uvethotels.com\/royalhotel\/privacy-policy\/\",\"name\":\"Privacy Policy - Hotel Royal - Uvet Hotels\",\"isPartOf\":{\"@id\":\"https:\/\/uvethotels.com\/royalhotel\/#website\"},\"datePublished\":\"2024-11-14T15:36:30+00:00\",\"dateModified\":\"2025-03-04T16:35:30+00:00\",\"breadcrumb\":{\"@id\":\"https:\/\/uvethotels.com\/royalhotel\/privacy-policy\/#breadcrumb\"},\"inLanguage\":\"it-IT\",\"potentialAction\":[{\"@type\":\"ReadAction\",\"target\":[\"https:\/\/uvethotels.com\/royalhotel\/privacy-policy\/\"]}]},{\"@type\":\"BreadcrumbList\",\"@id\":\"https:\/\/uvethotels.com\/royalhotel\/privacy-policy\/#breadcrumb\",\"itemListElement\":[{\"@type\":\"ListItem\",\"position\":1,\"name\":\"Home\",\"item\":\"https:\/\/uvethotels.com\/royalhotel\/\"},{\"@type\":\"ListItem\",\"position\":2,\"name\":\"Privacy Policy\"}]},{\"@type\":\"WebSite\",\"@id\":\"https:\/\/uvethotels.com\/royalhotel\/#website\",\"url\":\"https:\/\/uvethotels.com\/royalhotel\/\",\"name\":\"Hotel Royal - Uvet Hotels\",\"description\":\"\",\"publisher\":{\"@id\":\"https:\/\/uvethotels.com\/royalhotel\/#organization\"},\"potentialAction\":[{\"@type\":\"SearchAction\",\"target\":{\"@type\":\"EntryPoint\",\"urlTemplate\":\"https:\/\/uvethotels.com\/royalhotel\/?s={search_term_string}\"},\"query-input\":{\"@type\":\"PropertyValueSpecification\",\"valueRequired\":true,\"valueName\":\"search_term_string\"}}],\"inLanguage\":\"it-IT\"},{\"@type\":\"Organization\",\"@id\":\"https:\/\/uvethotels.com\/royalhotel\/#organization\",\"name\":\"Hotel Royal - Uvet Hotels\",\"url\":\"https:\/\/uvethotels.com\/royalhotel\/\",\"logo\":{\"@type\":\"ImageObject\",\"inLanguage\":\"it-IT\",\"@id\":\"https:\/\/uvethotels.com\/royalhotel\/#\/schema\/logo\/image\/\",\"url\":\"https:\/\/uvethotels.com\/royalhotel\/wp-content\/uploads\/sites\/4\/2025\/03\/UHC_logo_verticale_1200x1200.jpg\",\"contentUrl\":\"https:\/\/uvethotels.com\/royalhotel\/wp-content\/uploads\/sites\/4\/2025\/03\/UHC_logo_verticale_1200x1200.jpg\",\"width\":1200,\"height\":1200,\"caption\":\"Hotel Royal - Uvet Hotels\"},\"image\":{\"@id\":\"https:\/\/uvethotels.com\/royalhotel\/#\/schema\/logo\/image\/\"},\"sameAs\":[\"https:\/\/www.facebook.com\/hotelroyalpositano\/\",\"https:\/\/www.instagram.com\/hotel.royalpositano\/\"]}]}<\/script>\n<!-- \/ Yoast SEO plugin. -->","yoast_head_json":{"title":"Privacy Policy - Hotel Royal - Uvet Hotels","robots":{"index":"noindex","follow":"nofollow"},"og_locale":"it_IT","og_type":"article","og_title":"Privacy Policy - Hotel Royal - Uvet Hotels","og_description":"Privacy Policy Informativa ai sensi degli artt. 12 e 13 del Regolamento Europeo in materia di protezione dei dati personali n.2016\/679 Ai sensi dell\u2019art. 4, comma 7 e 26 GDPR, i Co-Titolari del trattamento dei dati personali sono: Uvet Hotel Company S.r.l. e Uvet Dyoniso S.r.l. (congiuntamente anche \u201cUvet Hotels\u201d o i \u201cCo-Titolari\u201d) entrambi con [&hellip;]","og_url":"https:\/\/uvethotels.com\/royalhotel\/privacy-policy\/","og_site_name":"Hotel Royal - Uvet Hotels","article_publisher":"https:\/\/www.facebook.com\/hotelroyalpositano\/","article_modified_time":"2025-03-04T16:35:30+00:00","twitter_card":"summary_large_image","twitter_misc":{"Tempo di lettura stimato":"9 minuti"},"schema":{"@context":"https:\/\/schema.org","@graph":[{"@type":"WebPage","@id":"https:\/\/uvethotels.com\/royalhotel\/privacy-policy\/","url":"https:\/\/uvethotels.com\/royalhotel\/privacy-policy\/","name":"Privacy Policy - Hotel Royal - Uvet Hotels","isPartOf":{"@id":"https:\/\/uvethotels.com\/royalhotel\/#website"},"datePublished":"2024-11-14T15:36:30+00:00","dateModified":"2025-03-04T16:35:30+00:00","breadcrumb":{"@id":"https:\/\/uvethotels.com\/royalhotel\/privacy-policy\/#breadcrumb"},"inLanguage":"it-IT","potentialAction":[{"@type":"ReadAction","target":["https:\/\/uvethotels.com\/royalhotel\/privacy-policy\/"]}]},{"@type":"BreadcrumbList","@id":"https:\/\/uvethotels.com\/royalhotel\/privacy-policy\/#breadcrumb","itemListElement":[{"@type":"ListItem","position":1,"name":"Home","item":"https:\/\/uvethotels.com\/royalhotel\/"},{"@type":"ListItem","position":2,"name":"Privacy Policy"}]},{"@type":"WebSite","@id":"https:\/\/uvethotels.com\/royalhotel\/#website","url":"https:\/\/uvethotels.com\/royalhotel\/","name":"Hotel Royal - Uvet Hotels","description":"","publisher":{"@id":"https:\/\/uvethotels.com\/royalhotel\/#organization"},"potentialAction":[{"@type":"SearchAction","target":{"@type":"EntryPoint","urlTemplate":"https:\/\/uvethotels.com\/royalhotel\/?s={search_term_string}"},"query-input":{"@type":"PropertyValueSpecification","valueRequired":true,"valueName":"search_term_string"}}],"inLanguage":"it-IT"},{"@type":"Organization","@id":"https:\/\/uvethotels.com\/royalhotel\/#organization","name":"Hotel Royal - Uvet Hotels","url":"https:\/\/uvethotels.com\/royalhotel\/","logo":{"@type":"ImageObject","inLanguage":"it-IT","@id":"https:\/\/uvethotels.com\/royalhotel\/#\/schema\/logo\/image\/","url":"https:\/\/uvethotels.com\/royalhotel\/wp-content\/uploads\/sites\/4\/2025\/03\/UHC_logo_verticale_1200x1200.jpg","contentUrl":"https:\/\/uvethotels.com\/royalhotel\/wp-content\/uploads\/sites\/4\/2025\/03\/UHC_logo_verticale_1200x1200.jpg","width":1200,"height":1200,"caption":"Hotel Royal - Uvet Hotels"},"image":{"@id":"https:\/\/uvethotels.com\/royalhotel\/#\/schema\/logo\/image\/"},"sameAs":["https:\/\/www.facebook.com\/hotelroyalpositano\/","https:\/\/www.instagram.com\/hotel.royalpositano\/"]}]}},"_links":{"self":[{"href":"https:\/\/uvethotels.com\/royalhotel\/wp-json\/wp\/v2\/pages\/3323","targetHints":{"allow":["GET"]}}],"collection":[{"href":"https:\/\/uvethotels.com\/royalhotel\/wp-json\/wp\/v2\/pages"}],"about":[{"href":"https:\/\/uvethotels.com\/royalhotel\/wp-json\/wp\/v2\/types\/page"}],"author":[{"embeddable":true,"href":"https:\/\/uvethotels.com\/royalhotel\/wp-json\/wp\/v2\/users\/1"}],"replies":[{"embeddable":true,"href":"https:\/\/uvethotels.com\/royalhotel\/wp-json\/wp\/v2\/comments?post=3323"}],"version-history":[{"count":17,"href":"https:\/\/uvethotels.com\/royalhotel\/wp-json\/wp\/v2\/pages\/3323\/revisions"}],"predecessor-version":[{"id":5795,"href":"https:\/\/uvethotels.com\/royalhotel\/wp-json\/wp\/v2\/pages\/3323\/revisions\/5795"}],"wp:attachment":[{"href":"https:\/\/uvethotels.com\/royalhotel\/wp-json\/wp\/v2\/media?parent=3323"}],"curies":[{"name":"wp","href":"https:\/\/api.w.org\/{rel}","templated":true}]}}