{"id":5357,"date":"2024-12-06T15:38:36","date_gmt":"2024-12-06T14:38:36","guid":{"rendered":"https:\/\/uvethc.com\/royalhotel\/?page_id=5357"},"modified":"2025-08-20T12:57:46","modified_gmt":"2025-08-20T10:57:46","slug":"services-exclusifs","status":"publish","type":"page","link":"https:\/\/uvethotels.com\/royalhotel\/fr\/services-exclusifs\/","title":{"rendered":"Services"},"content":{"rendered":"\t\t<div data-elementor-type=\"wp-page\" data-elementor-id=\"5357\" class=\"elementor elementor-5357\" data-elementor-post-type=\"page\">\n\t\t\t\t<div class=\"elementor-element elementor-element-61ab61ed e-flex e-con-boxed e-con e-parent\" data-id=\"61ab61ed\" data-element_type=\"container\" data-e-type=\"container\" data-settings=\"{&quot;background_background&quot;:&quot;classic&quot;}\">\n\t\t\t\t\t<div class=\"e-con-inner\">\n\t\t\t\t<div class=\"elementor-element elementor-element-73b29bd elementor-widget elementor-widget-heading\" data-id=\"73b29bd\" data-element_type=\"widget\" data-e-type=\"widget\" data-widget_type=\"heading.default\">\n\t\t\t\t<div class=\"elementor-widget-container\">\n\t\t\t\t\t<h2 class=\"elementor-heading-title elementor-size-default\">D\u00e9couvrez nos\n<\/h2>\t\t\t\t<\/div>\n\t\t\t\t<\/div>\n\t\t\t\t<div class=\"elementor-element elementor-element-79a7c15 elementor-widget elementor-widget-heading\" data-id=\"79a7c15\" data-element_type=\"widget\" data-e-type=\"widget\" data-widget_type=\"heading.default\">\n\t\t\t\t<div class=\"elementor-widget-container\">\n\t\t\t\t\t<h2 class=\"elementor-heading-title elementor-size-default\">Services<\/h2>\t\t\t\t<\/div>\n\t\t\t\t<\/div>\n\t\t\t\t\t<\/div>\n\t\t\t\t<\/div>\n\t\t<div class=\"elementor-element elementor-element-133ff85 main-div e-flex e-con-boxed e-con e-parent\" data-id=\"133ff85\" data-element_type=\"container\" data-e-type=\"container\">\n\t\t\t\t\t<div class=\"e-con-inner\">\n\t\t<div class=\"elementor-element elementor-element-2b86b0b e-con-full e-flex e-con e-child\" data-id=\"2b86b0b\" data-element_type=\"container\" data-e-type=\"container\" data-settings=\"{&quot;background_background&quot;:&quot;classic&quot;}\">\n\t\t\t\t<\/div>\n\t\t<div class=\"elementor-element elementor-element-fa7c998 e-con-full e-transform e-flex e-con e-child\" data-id=\"fa7c998\" data-element_type=\"container\" data-e-type=\"container\" data-settings=\"{&quot;background_background&quot;:&quot;classic&quot;,&quot;_transform_translateX_effect_hover&quot;:{&quot;unit&quot;:&quot;px&quot;,&quot;size&quot;:5,&quot;sizes&quot;:[]},&quot;_transform_translateX_effect_hover_tablet&quot;:{&quot;unit&quot;:&quot;px&quot;,&quot;size&quot;:&quot;&quot;,&quot;sizes&quot;:[]},&quot;_transform_translateX_effect_hover_mobile&quot;:{&quot;unit&quot;:&quot;px&quot;,&quot;size&quot;:&quot;&quot;,&quot;sizes&quot;:[]},&quot;_transform_translateY_effect_hover&quot;:{&quot;unit&quot;:&quot;px&quot;,&quot;size&quot;:&quot;&quot;,&quot;sizes&quot;:[]},&quot;_transform_translateY_effect_hover_tablet&quot;:{&quot;unit&quot;:&quot;px&quot;,&quot;size&quot;:&quot;&quot;,&quot;sizes&quot;:[]},&quot;_transform_translateY_effect_hover_mobile&quot;:{&quot;unit&quot;:&quot;px&quot;,&quot;size&quot;:&quot;&quot;,&quot;sizes&quot;:[]}}\">\n\t\t\t\t<div class=\"elementor-element elementor-element-6dbd4d4 elementor-widget elementor-widget-heading\" data-id=\"6dbd4d4\" data-element_type=\"widget\" data-e-type=\"widget\" data-widget_type=\"heading.default\">\n\t\t\t\t<div class=\"elementor-widget-container\">\n\t\t\t\t\t<h2 class=\"elementor-heading-title elementor-size-default\">Pool bar<\/h2>\t\t\t\t<\/div>\n\t\t\t\t<\/div>\n\t\t\t\t<div class=\"elementor-element elementor-element-c4f787e elementor-widget-divider--view-line elementor-widget elementor-widget-divider\" data-id=\"c4f787e\" data-element_type=\"widget\" data-e-type=\"widget\" data-widget_type=\"divider.default\">\n\t\t\t\t<div class=\"elementor-widget-container\">\n\t\t\t\t\t\t\t<div class=\"elementor-divider\">\n\t\t\t<span class=\"elementor-divider-separator\">\n\t\t\t\t\t\t<\/span>\n\t\t<\/div>\n\t\t\t\t\t\t<\/div>\n\t\t\t\t<\/div>\n\t\t\t\t<div class=\"elementor-element elementor-element-3327b3a elementor-widget elementor-widget-text-editor\" data-id=\"3327b3a\" data-element_type=\"widget\" data-e-type=\"widget\" data-widget_type=\"text-editor.default\">\n\t\t\t\t<div class=\"elementor-widget-container\">\n\t\t\t\t\t\t\t\t\t<p>Le pool bar avec service au bord de la piscine vous fera passer des moments agr\u00e9able entre un plongeon et une pause sous le soleil de la costi\u00e8re, tandis que le piano bar accompagnera vos soir\u00e9es par des sonorit\u00e9s agr\u00e9ables et discr\u00e8tes.<\/p>\t\t\t\t\t\t\t\t<\/div>\n\t\t\t\t<\/div>\n\t\t\t\t<\/div>\n\t\t\t\t\t<\/div>\n\t\t\t\t<\/div>\n\t\t<div class=\"elementor-element elementor-element-9c9bfa2 main-div1 e-flex e-con-boxed e-con e-parent\" data-id=\"9c9bfa2\" data-element_type=\"container\" data-e-type=\"container\">\n\t\t\t\t\t<div class=\"e-con-inner\">\n\t\t<div class=\"elementor-element elementor-element-dc615e6 e-con-full e-transform e-flex e-con e-child\" data-id=\"dc615e6\" data-element_type=\"container\" data-e-type=\"container\" data-settings=\"{&quot;background_background&quot;:&quot;classic&quot;,&quot;_transform_translateX_effect_hover&quot;:{&quot;unit&quot;:&quot;px&quot;,&quot;size&quot;:5,&quot;sizes&quot;:[]},&quot;_transform_translateX_effect_hover_tablet&quot;:{&quot;unit&quot;:&quot;px&quot;,&quot;size&quot;:&quot;&quot;,&quot;sizes&quot;:[]},&quot;_transform_translateX_effect_hover_mobile&quot;:{&quot;unit&quot;:&quot;px&quot;,&quot;size&quot;:&quot;&quot;,&quot;sizes&quot;:[]},&quot;_transform_translateY_effect_hover&quot;:{&quot;unit&quot;:&quot;px&quot;,&quot;size&quot;:&quot;&quot;,&quot;sizes&quot;:[]},&quot;_transform_translateY_effect_hover_tablet&quot;:{&quot;unit&quot;:&quot;px&quot;,&quot;size&quot;:&quot;&quot;,&quot;sizes&quot;:[]},&quot;_transform_translateY_effect_hover_mobile&quot;:{&quot;unit&quot;:&quot;px&quot;,&quot;size&quot;:&quot;&quot;,&quot;sizes&quot;:[]}}\">\n\t\t\t\t<div class=\"elementor-element elementor-element-09e3c74 elementor-widget elementor-widget-heading\" data-id=\"09e3c74\" data-element_type=\"widget\" data-e-type=\"widget\" data-widget_type=\"heading.default\">\n\t\t\t\t<div class=\"elementor-widget-container\">\n\t\t\t\t\t<h2 class=\"elementor-heading-title elementor-size-default\"><span style=\"color: var( --e-global-color-primary );font-size: 2rem;background-color: var( --e-global-color-secondary );text-align: var(--text-align)\">Piscine panoramique sur la C\u00f4te d'Amalfi<\/span><\/h2>\t\t\t\t<\/div>\n\t\t\t\t<\/div>\n\t\t\t\t<div class=\"elementor-element elementor-element-f0c0ec4 elementor-widget-divider--view-line elementor-widget elementor-widget-divider\" data-id=\"f0c0ec4\" data-element_type=\"widget\" data-e-type=\"widget\" data-widget_type=\"divider.default\">\n\t\t\t\t<div class=\"elementor-widget-container\">\n\t\t\t\t\t\t\t<div class=\"elementor-divider\">\n\t\t\t<span class=\"elementor-divider-separator\">\n\t\t\t\t\t\t<\/span>\n\t\t<\/div>\n\t\t\t\t\t\t<\/div>\n\t\t\t\t<\/div>\n\t\t\t\t<div class=\"elementor-element elementor-element-cfe74c6 elementor-widget elementor-widget-text-editor\" data-id=\"cfe74c6\" data-element_type=\"widget\" data-e-type=\"widget\" data-widget_type=\"text-editor.default\">\n\t\t\t\t<div class=\"elementor-widget-container\">\n\t\t\t\t\t\t\t\t\t<p>Une <strong>vue unique sur la c\u00f4te amalfitaine<\/strong>, un lieu exclusif r\u00e9put\u00e9 pour son tourisme de qualit\u00e9, un h\u00f4tel perch\u00e9 sur les pentes caract\u00e9ristiques de Positano, surplombant la mer, immerg\u00e9 dans le silence et la nature, o\u00f9 vous pourrez vous allonger au bord de la piscine ou simplement prendre le soleil sur la splendide terrasse panoramique.<\/p><p>Un <strong>terrain de football et de tennis polyvalent<\/strong> est \u00e9galement disponible pour ceux qui souhaitent combiner la d\u00e9tente et l&#8217;activit\u00e9 physique en plein air.<\/p>\t\t\t\t\t\t\t\t<\/div>\n\t\t\t\t<\/div>\n\t\t\t\t<\/div>\n\t\t<div class=\"elementor-element elementor-element-7329fdc e-con-full e-flex e-con e-child\" data-id=\"7329fdc\" data-element_type=\"container\" data-e-type=\"container\" data-settings=\"{&quot;background_background&quot;:&quot;classic&quot;}\">\n\t\t\t\t<\/div>\n\t\t\t\t\t<\/div>\n\t\t\t\t<\/div>\n\t\t<div class=\"elementor-element elementor-element-bb8f793 main-div2 e-flex e-con-boxed e-con e-parent\" data-id=\"bb8f793\" data-element_type=\"container\" data-e-type=\"container\">\n\t\t\t\t\t<div class=\"e-con-inner\">\n\t\t<div class=\"elementor-element elementor-element-3f87a4d e-con-full e-flex e-con e-child\" data-id=\"3f87a4d\" data-element_type=\"container\" data-e-type=\"container\" data-settings=\"{&quot;background_background&quot;:&quot;classic&quot;}\">\n\t\t\t\t<\/div>\n\t\t<div class=\"elementor-element elementor-element-1e04c33 e-con-full e-transform e-flex e-con e-child\" data-id=\"1e04c33\" data-element_type=\"container\" data-e-type=\"container\" data-settings=\"{&quot;background_background&quot;:&quot;classic&quot;,&quot;_transform_translateX_effect_hover&quot;:{&quot;unit&quot;:&quot;px&quot;,&quot;size&quot;:5,&quot;sizes&quot;:[]},&quot;_transform_translateX_effect_hover_tablet&quot;:{&quot;unit&quot;:&quot;px&quot;,&quot;size&quot;:&quot;&quot;,&quot;sizes&quot;:[]},&quot;_transform_translateX_effect_hover_mobile&quot;:{&quot;unit&quot;:&quot;px&quot;,&quot;size&quot;:&quot;&quot;,&quot;sizes&quot;:[]},&quot;_transform_translateY_effect_hover&quot;:{&quot;unit&quot;:&quot;px&quot;,&quot;size&quot;:&quot;&quot;,&quot;sizes&quot;:[]},&quot;_transform_translateY_effect_hover_tablet&quot;:{&quot;unit&quot;:&quot;px&quot;,&quot;size&quot;:&quot;&quot;,&quot;sizes&quot;:[]},&quot;_transform_translateY_effect_hover_mobile&quot;:{&quot;unit&quot;:&quot;px&quot;,&quot;size&quot;:&quot;&quot;,&quot;sizes&quot;:[]}}\">\n\t\t\t\t<div class=\"elementor-element elementor-element-7dfc3eb elementor-widget elementor-widget-heading\" data-id=\"7dfc3eb\" data-element_type=\"widget\" data-e-type=\"widget\" data-widget_type=\"heading.default\">\n\t\t\t\t<div class=\"elementor-widget-container\">\n\t\t\t\t\t<h2 class=\"elementor-heading-title elementor-size-default\">Petits animaux accept\u00e9s<\/h2>\t\t\t\t<\/div>\n\t\t\t\t<\/div>\n\t\t\t\t<div class=\"elementor-element elementor-element-e3c4850 elementor-widget-divider--view-line elementor-widget elementor-widget-divider\" data-id=\"e3c4850\" data-element_type=\"widget\" data-e-type=\"widget\" data-widget_type=\"divider.default\">\n\t\t\t\t<div class=\"elementor-widget-container\">\n\t\t\t\t\t\t\t<div class=\"elementor-divider\">\n\t\t\t<span class=\"elementor-divider-separator\">\n\t\t\t\t\t\t<\/span>\n\t\t<\/div>\n\t\t\t\t\t\t<\/div>\n\t\t\t\t<\/div>\n\t\t\t\t<div class=\"elementor-element elementor-element-7a4203c elementor-widget elementor-widget-text-editor\" data-id=\"7a4203c\" data-element_type=\"widget\" data-e-type=\"widget\" data-widget_type=\"text-editor.default\">\n\t\t\t\t<div class=\"elementor-widget-container\">\n\t\t\t\t\t\t\t\t\t<p>Si vous voyagez avec des animaux de compagnie, veuillez noter qu\u2019il y a un suppl\u00e9ment de 21 euros par animal et par nuit. Un maximum de 1 animal domestique est autoris\u00e9.<br \/>L\u2019h\u00f4tel ne peut admettre que les animaux domestiques d\u2019un poids maximum de 10 kilos.<\/p>\t\t\t\t\t\t\t\t<\/div>\n\t\t\t\t<\/div>\n\t\t\t\t<\/div>\n\t\t\t\t\t<\/div>\n\t\t\t\t<\/div>\n\t\t<div class=\"elementor-element elementor-element-6dbdf1e e-flex e-con-boxed e-con e-parent\" data-id=\"6dbdf1e\" data-element_type=\"container\" data-e-type=\"container\" data-settings=\"{&quot;background_background&quot;:&quot;classic&quot;}\">\n\t\t\t\t\t<div class=\"e-con-inner\">\n\t\t\t\t<div class=\"elementor-element elementor-element-0f8ebd8 elementor-align-center prenota elementor-widget elementor-widget-button\" data-id=\"0f8ebd8\" data-element_type=\"widget\" data-e-type=\"widget\" data-widget_type=\"button.default\">\n\t\t\t\t<div class=\"elementor-widget-container\">\n\t\t\t\t\t\t\t\t\t<div class=\"elementor-button-wrapper\">\n\t\t\t\t\t<a class=\"elementor-button elementor-button-link elementor-size-sm elementor-animation-sink\" href=\"https:\/\/reservations.verticalbooking.com\/premium\/index.html?id_albergo=28388&#038;dc=9929&#038;id_stile=21246&#038;lingua_int=fra\" target=\"_blank\">\n\t\t\t\t\t\t<span class=\"elementor-button-content-wrapper\">\n\t\t\t\t\t\t\t\t\t<span class=\"elementor-button-text\">V\u00c9RIFIER LA DISPONIBILIT\u00c9<\/span>\n\t\t\t\t\t<\/span>\n\t\t\t\t\t<\/a>\n\t\t\t\t<\/div>\n\t\t\t\t\t\t\t\t<\/div>\n\t\t\t\t<\/div>\n\t\t\t\t\t<\/div>\n\t\t\t\t<\/div>\n\t\t\t\t<\/div>\n\t\t","protected":false},"excerpt":{"rendered":"<p>D\u00e9couvrez nos Services Pool bar Le pool bar avec service au bord de la piscine vous fera passer des moments agr\u00e9able entre un plongeon et une pause sous le soleil de la costi\u00e8re, tandis que le piano bar accompagnera vos soir\u00e9es par des sonorit\u00e9s agr\u00e9ables et discr\u00e8tes. Piscine panoramique sur la C\u00f4te d&#8217;Amalfi Une vue [&hellip;]<\/p>\n","protected":false},"author":1,"featured_media":0,"parent":0,"menu_order":0,"comment_status":"closed","ping_status":"closed","template":"","meta":{"_acf_changed":false,"footnotes":""},"class_list":["post-5357","page","type-page","status-publish","hentry"],"acf":[],"yoast_head":"<!-- This site is optimized with the Yoast SEO plugin v27.0 - https:\/\/yoast.com\/product\/yoast-seo-wordpress\/ -->\n<title>Services - Hotel Royal - Uvet Hotels<\/title>\n<meta name=\"description\" content=\"D\u00e9couvrez les services exclusifs de l&#039;H\u00f4tel Royal \u00e0 Positano : piscine panoramique et bar de piscine, service de taxi, petits animaux admis.\" \/>\n<meta name=\"robots\" content=\"index, follow, max-snippet:-1, max-image-preview:large, max-video-preview:-1\" \/>\n<link rel=\"canonical\" href=\"https:\/\/uvethotels.com\/royalhotel\/fr\/services-exclusifs\/\" \/>\n<meta property=\"og:locale\" content=\"it_IT\" \/>\n<meta property=\"og:type\" content=\"article\" \/>\n<meta property=\"og:title\" content=\"Services - Hotel Royal - Uvet Hotels\" \/>\n<meta property=\"og:description\" content=\"D\u00e9couvrez les services exclusifs de l&#039;H\u00f4tel Royal \u00e0 Positano : piscine panoramique et bar de piscine, service de taxi, petits animaux admis.\" \/>\n<meta property=\"og:url\" content=\"https:\/\/uvethotels.com\/royalhotel\/fr\/services-exclusifs\/\" \/>\n<meta property=\"og:site_name\" content=\"Hotel Royal - Uvet Hotels\" \/>\n<meta property=\"article:publisher\" content=\"https:\/\/www.facebook.com\/hotelroyalpositano\/\" \/>\n<meta property=\"article:modified_time\" content=\"2025-08-20T10:57:46+00:00\" \/>\n<meta name=\"twitter:card\" content=\"summary_large_image\" \/>\n<meta name=\"twitter:label1\" content=\"Tempo di lettura stimato\" \/>\n\t<meta name=\"twitter:data1\" content=\"1 minuto\" \/>\n<script type=\"application\/ld+json\" class=\"yoast-schema-graph\">{\"@context\":\"https:\/\/schema.org\",\"@graph\":[{\"@type\":\"WebPage\",\"@id\":\"https:\/\/uvethotels.com\/royalhotel\/fr\/services-exclusifs\/\",\"url\":\"https:\/\/uvethotels.com\/royalhotel\/fr\/services-exclusifs\/\",\"name\":\"Services - Hotel Royal - Uvet Hotels\",\"isPartOf\":{\"@id\":\"https:\/\/uvethotels.com\/royalhotel\/#website\"},\"datePublished\":\"2024-12-06T14:38:36+00:00\",\"dateModified\":\"2025-08-20T10:57:46+00:00\",\"description\":\"D\u00e9couvrez les services exclusifs de l'H\u00f4tel Royal \u00e0 Positano : piscine panoramique et bar de piscine, service de taxi, petits animaux admis.\",\"breadcrumb\":{\"@id\":\"https:\/\/uvethotels.com\/royalhotel\/fr\/services-exclusifs\/#breadcrumb\"},\"inLanguage\":\"it-IT\",\"potentialAction\":[{\"@type\":\"ReadAction\",\"target\":[\"https:\/\/uvethotels.com\/royalhotel\/fr\/services-exclusifs\/\"]}]},{\"@type\":\"BreadcrumbList\",\"@id\":\"https:\/\/uvethotels.com\/royalhotel\/fr\/services-exclusifs\/#breadcrumb\",\"itemListElement\":[{\"@type\":\"ListItem\",\"position\":1,\"name\":\"Home\",\"item\":\"https:\/\/uvethotels.com\/royalhotel\/\"},{\"@type\":\"ListItem\",\"position\":2,\"name\":\"Services\"}]},{\"@type\":\"WebSite\",\"@id\":\"https:\/\/uvethotels.com\/royalhotel\/#website\",\"url\":\"https:\/\/uvethotels.com\/royalhotel\/\",\"name\":\"Hotel Royal - Uvet Hotels\",\"description\":\"\",\"publisher\":{\"@id\":\"https:\/\/uvethotels.com\/royalhotel\/#organization\"},\"potentialAction\":[{\"@type\":\"SearchAction\",\"target\":{\"@type\":\"EntryPoint\",\"urlTemplate\":\"https:\/\/uvethotels.com\/royalhotel\/?s={search_term_string}\"},\"query-input\":{\"@type\":\"PropertyValueSpecification\",\"valueRequired\":true,\"valueName\":\"search_term_string\"}}],\"inLanguage\":\"it-IT\"},{\"@type\":\"Organization\",\"@id\":\"https:\/\/uvethotels.com\/royalhotel\/#organization\",\"name\":\"Hotel Royal - Uvet Hotels\",\"url\":\"https:\/\/uvethotels.com\/royalhotel\/\",\"logo\":{\"@type\":\"ImageObject\",\"inLanguage\":\"it-IT\",\"@id\":\"https:\/\/uvethotels.com\/royalhotel\/#\/schema\/logo\/image\/\",\"url\":\"https:\/\/uvethotels.com\/royalhotel\/wp-content\/uploads\/sites\/4\/2025\/03\/UHC_logo_verticale_1200x1200.jpg\",\"contentUrl\":\"https:\/\/uvethotels.com\/royalhotel\/wp-content\/uploads\/sites\/4\/2025\/03\/UHC_logo_verticale_1200x1200.jpg\",\"width\":1200,\"height\":1200,\"caption\":\"Hotel Royal - Uvet Hotels\"},\"image\":{\"@id\":\"https:\/\/uvethotels.com\/royalhotel\/#\/schema\/logo\/image\/\"},\"sameAs\":[\"https:\/\/www.facebook.com\/hotelroyalpositano\/\",\"https:\/\/www.instagram.com\/hotel.royalpositano\/\"]}]}<\/script>\n<!-- \/ Yoast SEO plugin. -->","yoast_head_json":{"title":"Services - Hotel Royal - Uvet Hotels","description":"D\u00e9couvrez les services exclusifs de l'H\u00f4tel Royal \u00e0 Positano : piscine panoramique et bar de piscine, service de taxi, petits animaux admis.","robots":{"index":"index","follow":"follow","max-snippet":"max-snippet:-1","max-image-preview":"max-image-preview:large","max-video-preview":"max-video-preview:-1"},"canonical":"https:\/\/uvethotels.com\/royalhotel\/fr\/services-exclusifs\/","og_locale":"it_IT","og_type":"article","og_title":"Services - Hotel Royal - Uvet Hotels","og_description":"D\u00e9couvrez les services exclusifs de l'H\u00f4tel Royal \u00e0 Positano : piscine panoramique et bar de piscine, service de taxi, petits animaux admis.","og_url":"https:\/\/uvethotels.com\/royalhotel\/fr\/services-exclusifs\/","og_site_name":"Hotel Royal - Uvet Hotels","article_publisher":"https:\/\/www.facebook.com\/hotelroyalpositano\/","article_modified_time":"2025-08-20T10:57:46+00:00","twitter_card":"summary_large_image","twitter_misc":{"Tempo di lettura stimato":"1 minuto"},"schema":{"@context":"https:\/\/schema.org","@graph":[{"@type":"WebPage","@id":"https:\/\/uvethotels.com\/royalhotel\/fr\/services-exclusifs\/","url":"https:\/\/uvethotels.com\/royalhotel\/fr\/services-exclusifs\/","name":"Services - Hotel Royal - Uvet Hotels","isPartOf":{"@id":"https:\/\/uvethotels.com\/royalhotel\/#website"},"datePublished":"2024-12-06T14:38:36+00:00","dateModified":"2025-08-20T10:57:46+00:00","description":"D\u00e9couvrez les services exclusifs de l'H\u00f4tel Royal \u00e0 Positano : piscine panoramique et bar de piscine, service de taxi, petits animaux admis.","breadcrumb":{"@id":"https:\/\/uvethotels.com\/royalhotel\/fr\/services-exclusifs\/#breadcrumb"},"inLanguage":"it-IT","potentialAction":[{"@type":"ReadAction","target":["https:\/\/uvethotels.com\/royalhotel\/fr\/services-exclusifs\/"]}]},{"@type":"BreadcrumbList","@id":"https:\/\/uvethotels.com\/royalhotel\/fr\/services-exclusifs\/#breadcrumb","itemListElement":[{"@type":"ListItem","position":1,"name":"Home","item":"https:\/\/uvethotels.com\/royalhotel\/"},{"@type":"ListItem","position":2,"name":"Services"}]},{"@type":"WebSite","@id":"https:\/\/uvethotels.com\/royalhotel\/#website","url":"https:\/\/uvethotels.com\/royalhotel\/","name":"Hotel Royal - Uvet Hotels","description":"","publisher":{"@id":"https:\/\/uvethotels.com\/royalhotel\/#organization"},"potentialAction":[{"@type":"SearchAction","target":{"@type":"EntryPoint","urlTemplate":"https:\/\/uvethotels.com\/royalhotel\/?s={search_term_string}"},"query-input":{"@type":"PropertyValueSpecification","valueRequired":true,"valueName":"search_term_string"}}],"inLanguage":"it-IT"},{"@type":"Organization","@id":"https:\/\/uvethotels.com\/royalhotel\/#organization","name":"Hotel Royal - Uvet Hotels","url":"https:\/\/uvethotels.com\/royalhotel\/","logo":{"@type":"ImageObject","inLanguage":"it-IT","@id":"https:\/\/uvethotels.com\/royalhotel\/#\/schema\/logo\/image\/","url":"https:\/\/uvethotels.com\/royalhotel\/wp-content\/uploads\/sites\/4\/2025\/03\/UHC_logo_verticale_1200x1200.jpg","contentUrl":"https:\/\/uvethotels.com\/royalhotel\/wp-content\/uploads\/sites\/4\/2025\/03\/UHC_logo_verticale_1200x1200.jpg","width":1200,"height":1200,"caption":"Hotel Royal - Uvet Hotels"},"image":{"@id":"https:\/\/uvethotels.com\/royalhotel\/#\/schema\/logo\/image\/"},"sameAs":["https:\/\/www.facebook.com\/hotelroyalpositano\/","https:\/\/www.instagram.com\/hotel.royalpositano\/"]}]}},"_links":{"self":[{"href":"https:\/\/uvethotels.com\/royalhotel\/wp-json\/wp\/v2\/pages\/5357","targetHints":{"allow":["GET"]}}],"collection":[{"href":"https:\/\/uvethotels.com\/royalhotel\/wp-json\/wp\/v2\/pages"}],"about":[{"href":"https:\/\/uvethotels.com\/royalhotel\/wp-json\/wp\/v2\/types\/page"}],"author":[{"embeddable":true,"href":"https:\/\/uvethotels.com\/royalhotel\/wp-json\/wp\/v2\/users\/1"}],"replies":[{"embeddable":true,"href":"https:\/\/uvethotels.com\/royalhotel\/wp-json\/wp\/v2\/comments?post=5357"}],"version-history":[{"count":23,"href":"https:\/\/uvethotels.com\/royalhotel\/wp-json\/wp\/v2\/pages\/5357\/revisions"}],"predecessor-version":[{"id":5899,"href":"https:\/\/uvethotels.com\/royalhotel\/wp-json\/wp\/v2\/pages\/5357\/revisions\/5899"}],"wp:attachment":[{"href":"https:\/\/uvethotels.com\/royalhotel\/wp-json\/wp\/v2\/media?parent=5357"}],"curies":[{"name":"wp","href":"https:\/\/api.w.org\/{rel}","templated":true}]}}