{"id":5440,"date":"2024-12-06T16:59:20","date_gmt":"2024-12-06T15:59:20","guid":{"rendered":"https:\/\/uvethc.com\/royalhotel\/?page_id=5440"},"modified":"2025-08-20T13:00:07","modified_gmt":"2025-08-20T11:00:07","slug":"dienstleistungen","status":"publish","type":"page","link":"https:\/\/uvethotels.com\/royalhotel\/de\/dienstleistungen\/","title":{"rendered":"Service"},"content":{"rendered":"\t\t<div data-elementor-type=\"wp-page\" data-elementor-id=\"5440\" class=\"elementor elementor-5440\" data-elementor-post-type=\"page\">\n\t\t\t\t<div class=\"elementor-element elementor-element-61ab61ed e-flex e-con-boxed e-con e-parent\" data-id=\"61ab61ed\" data-element_type=\"container\" data-e-type=\"container\" data-settings=\"{&quot;background_background&quot;:&quot;classic&quot;}\">\n\t\t\t\t\t<div class=\"e-con-inner\">\n\t\t\t\t<div class=\"elementor-element elementor-element-73b29bd elementor-widget elementor-widget-heading\" data-id=\"73b29bd\" data-element_type=\"widget\" data-e-type=\"widget\" data-widget_type=\"heading.default\">\n\t\t\t\t<div class=\"elementor-widget-container\">\n\t\t\t\t\t<h2 class=\"elementor-heading-title elementor-size-default\">Entdecken Sie unsere\n<\/h2>\t\t\t\t<\/div>\n\t\t\t\t<\/div>\n\t\t\t\t<div class=\"elementor-element elementor-element-79a7c15 elementor-widget elementor-widget-heading\" data-id=\"79a7c15\" data-element_type=\"widget\" data-e-type=\"widget\" data-widget_type=\"heading.default\">\n\t\t\t\t<div class=\"elementor-widget-container\">\n\t\t\t\t\t<h2 class=\"elementor-heading-title elementor-size-default\">Service<\/h2>\t\t\t\t<\/div>\n\t\t\t\t<\/div>\n\t\t\t\t\t<\/div>\n\t\t\t\t<\/div>\n\t\t<div class=\"elementor-element elementor-element-133ff85 main-div e-flex e-con-boxed e-con e-parent\" data-id=\"133ff85\" data-element_type=\"container\" data-e-type=\"container\">\n\t\t\t\t\t<div class=\"e-con-inner\">\n\t\t<div class=\"elementor-element elementor-element-2b86b0b e-con-full e-flex e-con e-child\" data-id=\"2b86b0b\" data-element_type=\"container\" data-e-type=\"container\" data-settings=\"{&quot;background_background&quot;:&quot;classic&quot;}\">\n\t\t\t\t<\/div>\n\t\t<div class=\"elementor-element elementor-element-fa7c998 e-con-full e-transform e-flex e-con e-child\" data-id=\"fa7c998\" data-element_type=\"container\" data-e-type=\"container\" data-settings=\"{&quot;background_background&quot;:&quot;classic&quot;,&quot;_transform_translateX_effect_hover&quot;:{&quot;unit&quot;:&quot;px&quot;,&quot;size&quot;:5,&quot;sizes&quot;:[]},&quot;_transform_translateX_effect_hover_tablet&quot;:{&quot;unit&quot;:&quot;px&quot;,&quot;size&quot;:&quot;&quot;,&quot;sizes&quot;:[]},&quot;_transform_translateX_effect_hover_mobile&quot;:{&quot;unit&quot;:&quot;px&quot;,&quot;size&quot;:&quot;&quot;,&quot;sizes&quot;:[]},&quot;_transform_translateY_effect_hover&quot;:{&quot;unit&quot;:&quot;px&quot;,&quot;size&quot;:&quot;&quot;,&quot;sizes&quot;:[]},&quot;_transform_translateY_effect_hover_tablet&quot;:{&quot;unit&quot;:&quot;px&quot;,&quot;size&quot;:&quot;&quot;,&quot;sizes&quot;:[]},&quot;_transform_translateY_effect_hover_mobile&quot;:{&quot;unit&quot;:&quot;px&quot;,&quot;size&quot;:&quot;&quot;,&quot;sizes&quot;:[]}}\">\n\t\t\t\t<div class=\"elementor-element elementor-element-6dbd4d4 elementor-widget elementor-widget-heading\" data-id=\"6dbd4d4\" data-element_type=\"widget\" data-e-type=\"widget\" data-widget_type=\"heading.default\">\n\t\t\t\t<div class=\"elementor-widget-container\">\n\t\t\t\t\t<h2 class=\"elementor-heading-title elementor-size-default\">Pool bar<\/h2>\t\t\t\t<\/div>\n\t\t\t\t<\/div>\n\t\t\t\t<div class=\"elementor-element elementor-element-c4f787e elementor-widget-divider--view-line elementor-widget elementor-widget-divider\" data-id=\"c4f787e\" data-element_type=\"widget\" data-e-type=\"widget\" data-widget_type=\"divider.default\">\n\t\t\t\t<div class=\"elementor-widget-container\">\n\t\t\t\t\t\t\t<div class=\"elementor-divider\">\n\t\t\t<span class=\"elementor-divider-separator\">\n\t\t\t\t\t\t<\/span>\n\t\t<\/div>\n\t\t\t\t\t\t<\/div>\n\t\t\t\t<\/div>\n\t\t\t\t<div class=\"elementor-element elementor-element-3327b3a elementor-widget elementor-widget-text-editor\" data-id=\"3327b3a\" data-element_type=\"widget\" data-e-type=\"widget\" data-widget_type=\"text-editor.default\">\n\t\t\t\t<div class=\"elementor-widget-container\">\n\t\t\t\t\t\t\t\t\t<p>In der Pool Bar mit service am rande des schwimmbeckens werden sie ihre zeit angenehm verbringen zwischen einem sprung ins wasser und einer pause an der sonne der Costiera.<\/p>\t\t\t\t\t\t\t\t<\/div>\n\t\t\t\t<\/div>\n\t\t\t\t<\/div>\n\t\t\t\t\t<\/div>\n\t\t\t\t<\/div>\n\t\t<div class=\"elementor-element elementor-element-9c9bfa2 main-div1 e-flex e-con-boxed e-con e-parent\" data-id=\"9c9bfa2\" data-element_type=\"container\" data-e-type=\"container\">\n\t\t\t\t\t<div class=\"e-con-inner\">\n\t\t<div class=\"elementor-element elementor-element-dc615e6 e-con-full e-transform e-flex e-con e-child\" data-id=\"dc615e6\" data-element_type=\"container\" data-e-type=\"container\" data-settings=\"{&quot;background_background&quot;:&quot;classic&quot;,&quot;_transform_translateX_effect_hover&quot;:{&quot;unit&quot;:&quot;px&quot;,&quot;size&quot;:5,&quot;sizes&quot;:[]},&quot;_transform_translateX_effect_hover_tablet&quot;:{&quot;unit&quot;:&quot;px&quot;,&quot;size&quot;:&quot;&quot;,&quot;sizes&quot;:[]},&quot;_transform_translateX_effect_hover_mobile&quot;:{&quot;unit&quot;:&quot;px&quot;,&quot;size&quot;:&quot;&quot;,&quot;sizes&quot;:[]},&quot;_transform_translateY_effect_hover&quot;:{&quot;unit&quot;:&quot;px&quot;,&quot;size&quot;:&quot;&quot;,&quot;sizes&quot;:[]},&quot;_transform_translateY_effect_hover_tablet&quot;:{&quot;unit&quot;:&quot;px&quot;,&quot;size&quot;:&quot;&quot;,&quot;sizes&quot;:[]},&quot;_transform_translateY_effect_hover_mobile&quot;:{&quot;unit&quot;:&quot;px&quot;,&quot;size&quot;:&quot;&quot;,&quot;sizes&quot;:[]}}\">\n\t\t\t\t<div class=\"elementor-element elementor-element-09e3c74 elementor-widget elementor-widget-heading\" data-id=\"09e3c74\" data-element_type=\"widget\" data-e-type=\"widget\" data-widget_type=\"heading.default\">\n\t\t\t\t<div class=\"elementor-widget-container\">\n\t\t\t\t\t<h2 class=\"elementor-heading-title elementor-size-default\"><span style=\"color: var( --e-global-color-primary );font-size: 2rem;background-color: var( --e-global-color-secondary );text-align: var(--text-align)\">Pool mit Panoramablick auf die Amalfik\u00fcste<\/span><\/h2>\t\t\t\t<\/div>\n\t\t\t\t<\/div>\n\t\t\t\t<div class=\"elementor-element elementor-element-f0c0ec4 elementor-widget-divider--view-line elementor-widget elementor-widget-divider\" data-id=\"f0c0ec4\" data-element_type=\"widget\" data-e-type=\"widget\" data-widget_type=\"divider.default\">\n\t\t\t\t<div class=\"elementor-widget-container\">\n\t\t\t\t\t\t\t<div class=\"elementor-divider\">\n\t\t\t<span class=\"elementor-divider-separator\">\n\t\t\t\t\t\t<\/span>\n\t\t<\/div>\n\t\t\t\t\t\t<\/div>\n\t\t\t\t<\/div>\n\t\t\t\t<div class=\"elementor-element elementor-element-cfe74c6 elementor-widget elementor-widget-text-editor\" data-id=\"cfe74c6\" data-element_type=\"widget\" data-e-type=\"widget\" data-widget_type=\"text-editor.default\">\n\t\t\t\t<div class=\"elementor-widget-container\">\n\t\t\t\t\t\t\t\t\t<p>Ein einzigartiger Blick auf die <strong>Amalfik\u00fcste<\/strong>, ein exklusiver Ort, der f\u00fcr seinen Qualit\u00e4tstourismus bekannt ist, ein Hotel an den charakteristischen H\u00e4ngen von Positano, mit Blick auf das Meer, inmitten von Stille und Natur, wo Sie am Pool liegen oder einfach nur die Sonne auf der herrlichen Panoramaterrasse genie\u00dfen k\u00f6nnen.<\/p><p>Es gibt auch einen <strong>Mehrzweckplatz f\u00fcr Fu\u00dfball und Tennis<\/strong>, f\u00fcr diejenigen, die Entspannung mit k\u00f6rperlicher Aktivit\u00e4t an der frischen Luft verbinden m\u00f6chten.<\/p>\t\t\t\t\t\t\t\t<\/div>\n\t\t\t\t<\/div>\n\t\t\t\t<\/div>\n\t\t<div class=\"elementor-element elementor-element-7329fdc e-con-full e-flex e-con e-child\" data-id=\"7329fdc\" data-element_type=\"container\" data-e-type=\"container\" data-settings=\"{&quot;background_background&quot;:&quot;classic&quot;}\">\n\t\t\t\t<\/div>\n\t\t\t\t\t<\/div>\n\t\t\t\t<\/div>\n\t\t<div class=\"elementor-element elementor-element-bb8f793 main-div2 e-flex e-con-boxed e-con e-parent\" data-id=\"bb8f793\" data-element_type=\"container\" data-e-type=\"container\">\n\t\t\t\t\t<div class=\"e-con-inner\">\n\t\t<div class=\"elementor-element elementor-element-3f87a4d e-con-full e-flex e-con e-child\" data-id=\"3f87a4d\" data-element_type=\"container\" data-e-type=\"container\" data-settings=\"{&quot;background_background&quot;:&quot;classic&quot;}\">\n\t\t\t\t<\/div>\n\t\t<div class=\"elementor-element elementor-element-1e04c33 e-con-full e-transform e-flex e-con e-child\" data-id=\"1e04c33\" data-element_type=\"container\" data-e-type=\"container\" data-settings=\"{&quot;background_background&quot;:&quot;classic&quot;,&quot;_transform_translateX_effect_hover&quot;:{&quot;unit&quot;:&quot;px&quot;,&quot;size&quot;:5,&quot;sizes&quot;:[]},&quot;_transform_translateX_effect_hover_tablet&quot;:{&quot;unit&quot;:&quot;px&quot;,&quot;size&quot;:&quot;&quot;,&quot;sizes&quot;:[]},&quot;_transform_translateX_effect_hover_mobile&quot;:{&quot;unit&quot;:&quot;px&quot;,&quot;size&quot;:&quot;&quot;,&quot;sizes&quot;:[]},&quot;_transform_translateY_effect_hover&quot;:{&quot;unit&quot;:&quot;px&quot;,&quot;size&quot;:&quot;&quot;,&quot;sizes&quot;:[]},&quot;_transform_translateY_effect_hover_tablet&quot;:{&quot;unit&quot;:&quot;px&quot;,&quot;size&quot;:&quot;&quot;,&quot;sizes&quot;:[]},&quot;_transform_translateY_effect_hover_mobile&quot;:{&quot;unit&quot;:&quot;px&quot;,&quot;size&quot;:&quot;&quot;,&quot;sizes&quot;:[]}}\">\n\t\t\t\t<div class=\"elementor-element elementor-element-7dfc3eb elementor-widget elementor-widget-heading\" data-id=\"7dfc3eb\" data-element_type=\"widget\" data-e-type=\"widget\" data-widget_type=\"heading.default\">\n\t\t\t\t<div class=\"elementor-widget-container\">\n\t\t\t\t\t<h2 class=\"elementor-heading-title elementor-size-default\">Kleintiere erlaubt<\/h2>\t\t\t\t<\/div>\n\t\t\t\t<\/div>\n\t\t\t\t<div class=\"elementor-element elementor-element-e3c4850 elementor-widget-divider--view-line elementor-widget elementor-widget-divider\" data-id=\"e3c4850\" data-element_type=\"widget\" data-e-type=\"widget\" data-widget_type=\"divider.default\">\n\t\t\t\t<div class=\"elementor-widget-container\">\n\t\t\t\t\t\t\t<div class=\"elementor-divider\">\n\t\t\t<span class=\"elementor-divider-separator\">\n\t\t\t\t\t\t<\/span>\n\t\t<\/div>\n\t\t\t\t\t\t<\/div>\n\t\t\t\t<\/div>\n\t\t\t\t<div class=\"elementor-element elementor-element-7a4203c elementor-widget elementor-widget-text-editor\" data-id=\"7a4203c\" data-element_type=\"widget\" data-e-type=\"widget\" data-widget_type=\"text-editor.default\">\n\t\t\t\t<div class=\"elementor-widget-container\">\n\t\t\t\t\t\t\t\t\t<p>Wenn sie mit haustieren reisen, beachten sie bitte, dass pro tier undnNacht ein aufpreis von 21euro anf\u00e4llt. Es ist maximal 1 haustier erlaubt.<br \/>Das Hotel kann nur haustiere mit einem h\u00f6chstgewicht von 10 kg zulassen.<\/p>\t\t\t\t\t\t\t\t<\/div>\n\t\t\t\t<\/div>\n\t\t\t\t<\/div>\n\t\t\t\t\t<\/div>\n\t\t\t\t<\/div>\n\t\t<div class=\"elementor-element elementor-element-6dbdf1e e-flex e-con-boxed e-con e-parent\" data-id=\"6dbdf1e\" data-element_type=\"container\" data-e-type=\"container\" data-settings=\"{&quot;background_background&quot;:&quot;classic&quot;}\">\n\t\t\t\t\t<div class=\"e-con-inner\">\n\t\t\t\t<div class=\"elementor-element elementor-element-0f8ebd8 elementor-align-center prenota elementor-widget elementor-widget-button\" data-id=\"0f8ebd8\" data-element_type=\"widget\" data-e-type=\"widget\" data-widget_type=\"button.default\">\n\t\t\t\t<div class=\"elementor-widget-container\">\n\t\t\t\t\t\t\t\t\t<div class=\"elementor-button-wrapper\">\n\t\t\t\t\t<a class=\"elementor-button elementor-button-link elementor-size-sm elementor-animation-sink\" href=\"https:\/\/reservations.verticalbooking.com\/premium\/index.html?id_albergo=28388&#038;dc=9929&#038;id_stile=21246&#038;lingua_int=deu\" target=\"_blank\">\n\t\t\t\t\t\t<span class=\"elementor-button-content-wrapper\">\n\t\t\t\t\t\t\t\t\t<span class=\"elementor-button-text\">jetzt buchen<\/span>\n\t\t\t\t\t<\/span>\n\t\t\t\t\t<\/a>\n\t\t\t\t<\/div>\n\t\t\t\t\t\t\t\t<\/div>\n\t\t\t\t<\/div>\n\t\t\t\t\t<\/div>\n\t\t\t\t<\/div>\n\t\t\t\t<\/div>\n\t\t","protected":false},"excerpt":{"rendered":"<p>Entdecken Sie unsere Service Pool bar In der Pool Bar mit service am rande des schwimmbeckens werden sie ihre zeit angenehm verbringen zwischen einem sprung ins wasser und einer pause an der sonne der Costiera. Pool mit Panoramablick auf die Amalfik\u00fcste Ein einzigartiger Blick auf die Amalfik\u00fcste, ein exklusiver Ort, der f\u00fcr seinen Qualit\u00e4tstourismus bekannt [&hellip;]<\/p>\n","protected":false},"author":1,"featured_media":0,"parent":0,"menu_order":0,"comment_status":"closed","ping_status":"closed","template":"","meta":{"_acf_changed":false,"footnotes":""},"class_list":["post-5440","page","type-page","status-publish","hentry"],"acf":[],"yoast_head":"<!-- This site is optimized with the Yoast SEO plugin v27.5 - https:\/\/yoast.com\/product\/yoast-seo-wordpress\/ -->\n<title>Dienstleistungen - Hotel Royal Positano - Amalfik\u00fcste<\/title>\n<meta name=\"description\" content=\"Entdecken Sie die exklusiven Serviceleistungen des Hotels Royal in Positano: Panorama-Pool und Poolbar, Taxiservice, kleine Haustiere erlaubt.\" \/>\n<meta name=\"robots\" content=\"index, follow, max-snippet:-1, max-image-preview:large, max-video-preview:-1\" \/>\n<link rel=\"canonical\" href=\"https:\/\/uvethotels.com\/royalhotel\/de\/dienstleistungen\/\" \/>\n<meta property=\"og:locale\" content=\"it_IT\" \/>\n<meta property=\"og:type\" content=\"article\" \/>\n<meta property=\"og:title\" content=\"Dienstleistungen - Hotel Royal Positano - Amalfik\u00fcste\" \/>\n<meta property=\"og:description\" content=\"Entdecken Sie die exklusiven Serviceleistungen des Hotels Royal in Positano: Panorama-Pool und Poolbar, Taxiservice, kleine Haustiere erlaubt.\" \/>\n<meta property=\"og:url\" content=\"https:\/\/uvethotels.com\/royalhotel\/de\/dienstleistungen\/\" \/>\n<meta property=\"og:site_name\" content=\"Hotel Royal - Uvet Hotels\" \/>\n<meta property=\"article:publisher\" content=\"https:\/\/www.facebook.com\/hotelroyalpositano\/\" \/>\n<meta property=\"article:modified_time\" content=\"2025-08-20T11:00:07+00:00\" \/>\n<meta name=\"twitter:card\" content=\"summary_large_image\" \/>\n<meta name=\"twitter:label1\" content=\"Tempo di lettura stimato\" \/>\n\t<meta name=\"twitter:data1\" content=\"1 minuto\" \/>\n<script type=\"application\/ld+json\" class=\"yoast-schema-graph\">{\"@context\":\"https:\\\/\\\/schema.org\",\"@graph\":[{\"@type\":\"WebPage\",\"@id\":\"https:\\\/\\\/uvethotels.com\\\/royalhotel\\\/de\\\/dienstleistungen\\\/\",\"url\":\"https:\\\/\\\/uvethotels.com\\\/royalhotel\\\/de\\\/dienstleistungen\\\/\",\"name\":\"Dienstleistungen - Hotel Royal Positano - Amalfik\u00fcste\",\"isPartOf\":{\"@id\":\"https:\\\/\\\/uvethotels.com\\\/royalhotel\\\/#website\"},\"datePublished\":\"2024-12-06T15:59:20+00:00\",\"dateModified\":\"2025-08-20T11:00:07+00:00\",\"description\":\"Entdecken Sie die exklusiven Serviceleistungen des Hotels Royal in Positano: Panorama-Pool und Poolbar, Taxiservice, kleine Haustiere erlaubt.\",\"breadcrumb\":{\"@id\":\"https:\\\/\\\/uvethotels.com\\\/royalhotel\\\/de\\\/dienstleistungen\\\/#breadcrumb\"},\"inLanguage\":\"it-IT\",\"potentialAction\":[{\"@type\":\"ReadAction\",\"target\":[\"https:\\\/\\\/uvethotels.com\\\/royalhotel\\\/de\\\/dienstleistungen\\\/\"]}]},{\"@type\":\"BreadcrumbList\",\"@id\":\"https:\\\/\\\/uvethotels.com\\\/royalhotel\\\/de\\\/dienstleistungen\\\/#breadcrumb\",\"itemListElement\":[{\"@type\":\"ListItem\",\"position\":1,\"name\":\"Home\",\"item\":\"https:\\\/\\\/uvethotels.com\\\/royalhotel\\\/\"},{\"@type\":\"ListItem\",\"position\":2,\"name\":\"Service\"}]},{\"@type\":\"WebSite\",\"@id\":\"https:\\\/\\\/uvethotels.com\\\/royalhotel\\\/#website\",\"url\":\"https:\\\/\\\/uvethotels.com\\\/royalhotel\\\/\",\"name\":\"Hotel Royal - Uvet Hotels\",\"description\":\"\",\"publisher\":{\"@id\":\"https:\\\/\\\/uvethotels.com\\\/royalhotel\\\/#organization\"},\"potentialAction\":[{\"@type\":\"SearchAction\",\"target\":{\"@type\":\"EntryPoint\",\"urlTemplate\":\"https:\\\/\\\/uvethotels.com\\\/royalhotel\\\/?s={search_term_string}\"},\"query-input\":{\"@type\":\"PropertyValueSpecification\",\"valueRequired\":true,\"valueName\":\"search_term_string\"}}],\"inLanguage\":\"it-IT\"},{\"@type\":\"Organization\",\"@id\":\"https:\\\/\\\/uvethotels.com\\\/royalhotel\\\/#organization\",\"name\":\"Hotel Royal - Uvet Hotels\",\"url\":\"https:\\\/\\\/uvethotels.com\\\/royalhotel\\\/\",\"logo\":{\"@type\":\"ImageObject\",\"inLanguage\":\"it-IT\",\"@id\":\"https:\\\/\\\/uvethotels.com\\\/royalhotel\\\/#\\\/schema\\\/logo\\\/image\\\/\",\"url\":\"https:\\\/\\\/uvethotels.com\\\/royalhotel\\\/wp-content\\\/uploads\\\/sites\\\/4\\\/2025\\\/03\\\/UHC_logo_verticale_1200x1200.jpg\",\"contentUrl\":\"https:\\\/\\\/uvethotels.com\\\/royalhotel\\\/wp-content\\\/uploads\\\/sites\\\/4\\\/2025\\\/03\\\/UHC_logo_verticale_1200x1200.jpg\",\"width\":1200,\"height\":1200,\"caption\":\"Hotel Royal - Uvet Hotels\"},\"image\":{\"@id\":\"https:\\\/\\\/uvethotels.com\\\/royalhotel\\\/#\\\/schema\\\/logo\\\/image\\\/\"},\"sameAs\":[\"https:\\\/\\\/www.facebook.com\\\/hotelroyalpositano\\\/\",\"https:\\\/\\\/www.instagram.com\\\/hotel.royalpositano\\\/\"]}]}<\/script>\n<!-- \/ Yoast SEO plugin. -->","yoast_head_json":{"title":"Dienstleistungen - Hotel Royal Positano - Amalfik\u00fcste","description":"Entdecken Sie die exklusiven Serviceleistungen des Hotels Royal in Positano: Panorama-Pool und Poolbar, Taxiservice, kleine Haustiere erlaubt.","robots":{"index":"index","follow":"follow","max-snippet":"max-snippet:-1","max-image-preview":"max-image-preview:large","max-video-preview":"max-video-preview:-1"},"canonical":"https:\/\/uvethotels.com\/royalhotel\/de\/dienstleistungen\/","og_locale":"it_IT","og_type":"article","og_title":"Dienstleistungen - Hotel Royal Positano - Amalfik\u00fcste","og_description":"Entdecken Sie die exklusiven Serviceleistungen des Hotels Royal in Positano: Panorama-Pool und Poolbar, Taxiservice, kleine Haustiere erlaubt.","og_url":"https:\/\/uvethotels.com\/royalhotel\/de\/dienstleistungen\/","og_site_name":"Hotel Royal - Uvet Hotels","article_publisher":"https:\/\/www.facebook.com\/hotelroyalpositano\/","article_modified_time":"2025-08-20T11:00:07+00:00","twitter_card":"summary_large_image","twitter_misc":{"Tempo di lettura stimato":"1 minuto"},"schema":{"@context":"https:\/\/schema.org","@graph":[{"@type":"WebPage","@id":"https:\/\/uvethotels.com\/royalhotel\/de\/dienstleistungen\/","url":"https:\/\/uvethotels.com\/royalhotel\/de\/dienstleistungen\/","name":"Dienstleistungen - Hotel Royal Positano - Amalfik\u00fcste","isPartOf":{"@id":"https:\/\/uvethotels.com\/royalhotel\/#website"},"datePublished":"2024-12-06T15:59:20+00:00","dateModified":"2025-08-20T11:00:07+00:00","description":"Entdecken Sie die exklusiven Serviceleistungen des Hotels Royal in Positano: Panorama-Pool und Poolbar, Taxiservice, kleine Haustiere erlaubt.","breadcrumb":{"@id":"https:\/\/uvethotels.com\/royalhotel\/de\/dienstleistungen\/#breadcrumb"},"inLanguage":"it-IT","potentialAction":[{"@type":"ReadAction","target":["https:\/\/uvethotels.com\/royalhotel\/de\/dienstleistungen\/"]}]},{"@type":"BreadcrumbList","@id":"https:\/\/uvethotels.com\/royalhotel\/de\/dienstleistungen\/#breadcrumb","itemListElement":[{"@type":"ListItem","position":1,"name":"Home","item":"https:\/\/uvethotels.com\/royalhotel\/"},{"@type":"ListItem","position":2,"name":"Service"}]},{"@type":"WebSite","@id":"https:\/\/uvethotels.com\/royalhotel\/#website","url":"https:\/\/uvethotels.com\/royalhotel\/","name":"Hotel Royal - Uvet Hotels","description":"","publisher":{"@id":"https:\/\/uvethotels.com\/royalhotel\/#organization"},"potentialAction":[{"@type":"SearchAction","target":{"@type":"EntryPoint","urlTemplate":"https:\/\/uvethotels.com\/royalhotel\/?s={search_term_string}"},"query-input":{"@type":"PropertyValueSpecification","valueRequired":true,"valueName":"search_term_string"}}],"inLanguage":"it-IT"},{"@type":"Organization","@id":"https:\/\/uvethotels.com\/royalhotel\/#organization","name":"Hotel Royal - Uvet Hotels","url":"https:\/\/uvethotels.com\/royalhotel\/","logo":{"@type":"ImageObject","inLanguage":"it-IT","@id":"https:\/\/uvethotels.com\/royalhotel\/#\/schema\/logo\/image\/","url":"https:\/\/uvethotels.com\/royalhotel\/wp-content\/uploads\/sites\/4\/2025\/03\/UHC_logo_verticale_1200x1200.jpg","contentUrl":"https:\/\/uvethotels.com\/royalhotel\/wp-content\/uploads\/sites\/4\/2025\/03\/UHC_logo_verticale_1200x1200.jpg","width":1200,"height":1200,"caption":"Hotel Royal - Uvet Hotels"},"image":{"@id":"https:\/\/uvethotels.com\/royalhotel\/#\/schema\/logo\/image\/"},"sameAs":["https:\/\/www.facebook.com\/hotelroyalpositano\/","https:\/\/www.instagram.com\/hotel.royalpositano\/"]}]}},"_links":{"self":[{"href":"https:\/\/uvethotels.com\/royalhotel\/wp-json\/wp\/v2\/pages\/5440","targetHints":{"allow":["GET"]}}],"collection":[{"href":"https:\/\/uvethotels.com\/royalhotel\/wp-json\/wp\/v2\/pages"}],"about":[{"href":"https:\/\/uvethotels.com\/royalhotel\/wp-json\/wp\/v2\/types\/page"}],"author":[{"embeddable":true,"href":"https:\/\/uvethotels.com\/royalhotel\/wp-json\/wp\/v2\/users\/1"}],"replies":[{"embeddable":true,"href":"https:\/\/uvethotels.com\/royalhotel\/wp-json\/wp\/v2\/comments?post=5440"}],"version-history":[{"count":20,"href":"https:\/\/uvethotels.com\/royalhotel\/wp-json\/wp\/v2\/pages\/5440\/revisions"}],"predecessor-version":[{"id":5900,"href":"https:\/\/uvethotels.com\/royalhotel\/wp-json\/wp\/v2\/pages\/5440\/revisions\/5900"}],"wp:attachment":[{"href":"https:\/\/uvethotels.com\/royalhotel\/wp-json\/wp\/v2\/media?parent=5440"}],"curies":[{"name":"wp","href":"https:\/\/api.w.org\/{rel}","templated":true}]}}